{"id":6557,"date":"2021-09-01T12:53:35","date_gmt":"2021-09-01T12:53:35","guid":{"rendered":"https:\/\/woolskins.eu\/meditatiedeken-100-wol-grijs"},"modified":"2025-05-23T14:25:49","modified_gmt":"2025-05-23T14:25:49","slug":"meditasjonsteppe-100-ull-gra","status":"publish","type":"product","link":"https:\/\/woolskins.eu\/nb\/meditatiedeken-100-wol-grijs\/","title":{"rendered":"Meditasjonsteppe 100% ull Gr\u00e5"},"content":{"rendered":"<p>Disse meditasjonsteppene er egnet for \u00e5 holde deg godt varm under meditasjon eller mindfulness og gir en koselig og trygg f\u00f8lelse. Det er ogs\u00e5 et fint ekstra teppe til sengen eller sofaen. Ull varmer godt om vinteren, og den ventilerende egenskapen gj\u00f8r det ogs\u00e5 godt om sommeren. Ullens rehabiliterende og helbredende egenskaper har v\u00e6rt kjent i tusenvis av \u00e5r. Ull, et hundre \u00e5r gammelt, rent og trygt naturprodukt.<br \/>&nbsp;<\/p>\n<p>- 100% ren, ubehandlet jomfruull (Woolmark).<br \/>- Veldig myk og behagelig.<br \/>- St\u00f8rrelse: 150 x 200 cm.<br \/>- Fri for skadelige stoffer og kjemiske behandlinger.<br \/>- Europeisk produksjon.<br \/>- kan vaskes p\u00e5 30 \u00b0C ullvaskesyklus.<br \/>&nbsp;<\/p>\n<p>Dette produktet er blant annet merket med Safe for Children og Woolmark, og passer godt sammen med de andre produktene v\u00e5re.<\/p>","protected":false},"excerpt":{"rendered":"<p>Deze meditatiedekens zijn geschikt om tijdens&nbsp;meditatie&nbsp;of&nbsp;mindfullness\u200b&nbsp;comfortabel warm te blijven en geven een geborgen en veilig gevoel.&nbsp;Daarnaast is het een heerlijke extra&nbsp;deken voor op bed of voor op de bank.&nbsp;Wol&nbsp;zorgt voor warmte in de winter, en door de ventilerende eigenschap is het in de &nbsp;zomer ook prima te gebruiken. De revalidatie en helende eigenschappen van wol [&hellip;]<\/p>\n","protected":false},"featured_media":5895,"comment_status":"closed","ping_status":"closed","template":"","meta":{"_acf_changed":false},"product_brand":[],"product_cat":[358],"product_tag":[],"class_list":{"0":"post-6557","1":"product","2":"type-product","3":"status-publish","4":"has-post-thumbnail","6":"product_cat-wollen-yogamat","8":"first","9":"outofstock","10":"taxable","11":"shipping-taxable","12":"purchasable","13":"product-type-simple"},"acf":[],"_links":{"self":[{"href":"https:\/\/woolskins.eu\/nb\/wp-json\/wp\/v2\/product\/6557","targetHints":{"allow":["GET"]}}],"collection":[{"href":"https:\/\/woolskins.eu\/nb\/wp-json\/wp\/v2\/product"}],"about":[{"href":"https:\/\/woolskins.eu\/nb\/wp-json\/wp\/v2\/types\/product"}],"replies":[{"embeddable":true,"href":"https:\/\/woolskins.eu\/nb\/wp-json\/wp\/v2\/comments?post=6557"}],"wp:featuredmedia":[{"embeddable":true,"href":"https:\/\/woolskins.eu\/nb\/wp-json\/wp\/v2\/media\/5895"}],"wp:attachment":[{"href":"https:\/\/woolskins.eu\/nb\/wp-json\/wp\/v2\/media?parent=6557"}],"wp:term":[{"taxonomy":"product_brand","embeddable":true,"href":"https:\/\/woolskins.eu\/nb\/wp-json\/wp\/v2\/product_brand?post=6557"},{"taxonomy":"product_cat","embeddable":true,"href":"https:\/\/woolskins.eu\/nb\/wp-json\/wp\/v2\/product_cat?post=6557"},{"taxonomy":"product_tag","embeddable":true,"href":"https:\/\/woolskins.eu\/nb\/wp-json\/wp\/v2\/product_tag?post=6557"}],"curies":[{"name":"wp","href":"https:\/\/api.w.org\/{rel}","templated":true}]}}