{"id":6507,"date":"2021-09-01T12:52:50","date_gmt":"2021-09-01T12:52:50","guid":{"rendered":"https:\/\/woolskins.eu\/baby-mutsje-wol-zijde-ecru"},"modified":"2025-12-07T15:58:28","modified_gmt":"2025-12-07T15:58:28","slug":"baby-ull-silke-ecru-lue","status":"publish","type":"product","link":"https:\/\/woolskins.eu\/nb\/baby-mutsje-wol-zijde-ecru\/","title":{"rendered":"Engel Natur Babymuts Ull\/Silke | Ecru"},"content":{"rendered":"<p>Denne supermyke luen til babyen din er laget av en blanding av \u00f8kologisk ull og silke. De har en luksuri\u00f8s f\u00f8lelse og er ekstremt behagelige for babyen din. De har to snorer som gj\u00f8r det enkelt \u00e5 knyte luen.<\/p>\n<p>Ull regulerer kroppstemperaturen og holder barnet t\u00f8rt og komfortabelt. Merinoull er ekstremt fin og kl\u00f8r derfor ikke. Takket v\u00e6re lanolin som finnes naturlig i ull, er den smuss- og vannavvisende.<\/p>\n<p>Siden lanolin ogs\u00e5 er antibakterielt, er det ofte ikke n\u00f8dvendig \u00e5 vaske. Ofte er det nok \u00e5 henge ute i det fri.<\/p>\n<p>- Fantastisk myk<br \/>\n- F\u00f8les veldig lett og er fin og varm<br \/>\n- Ull puster godt<br \/>\n- Hjelper babyen din med \u00e5 regulere temperaturen<\/p>\n<p>De er \u00f8kologiske og er fri for tungmetaller og skadelige AZO-fargestoffer. GOTS-sertifisert.<\/p>\n<h5>Engel<\/h5>\n<p>Det familieeide selskapet har produsert undert\u00f8y og kl\u00e6r i 85 \u00e5r. I 1982 begynte et forbilledlig og konsekvent fokus p\u00e5 naturlige tekstiler med foredling av naturlig bomull.<\/p>\n<p>I dag omfatter kolleksjonen v\u00e5r spesialdesignede kl\u00e6r for for tidlig f\u00f8dte barn.<\/p>\n<p>I tillegg til bomull fra kontrollert \u00f8kologisk landbruk (kbA), bearbeider vi den fineste merinoullen fra kontrollert \u00f8kologisk landbruk (kbT) og naturlig merinoull (kbT) med silke. Alle fargestoffer som brukes er fri for tungmetaller og har alltid v\u00e6rt fri for skadelige AZO-fargestoffer. Til farging av ulltekstiler bruker vi kun reaktive fargestoffer som er spesielt stabile med fiberen og kjennetegnes av h\u00f8y autentisitet. N\u00e5r det gjelder etterbehandling av tekstilene, bruker vi ikke kjemisk etterbehandling.<\/p>\n<p>I prinsippet skal alle materialer som brukes v\u00e6re biologisk nedbrytbare og ikke forurense jord, luft eller vann. Alle metalldeler som brukes er nikkelfrie, og knappene v\u00e5re er laget av naturlige, fornybare r\u00e5materialer. For \u00e5 sikre v\u00e5r h\u00f8ye kvalitetsstandard stilles det tilsvarende krav til lysekthet, spytteekthet, svetteekthet, vaskeekthet og krymping.<\/p>\n<p>Disse egenskapene, sammen med grenseverdier for milj\u00f8- og helserisiko, blir regelmessig unders\u00f8kt av uavhengige og sertifiserte milj\u00f8laboratorier og -institutter.<\/p>","protected":false},"excerpt":{"rendered":"<p>Denne supermyke luen til babyen din er laget av en blanding av \u00f8kologisk ull og silke. De har to snorer som gj\u00f8r det enkelt \u00e5 knyte luen.<\/p>","protected":false},"featured_media":5833,"comment_status":"closed","ping_status":"closed","template":"","meta":{"_acf_changed":false},"product_brand":[],"product_cat":[345,361,360,362,248,200,346],"product_tag":[],"class_list":{"0":"post-6507","1":"product","2":"type-product","3":"status-publish","4":"has-post-thumbnail","6":"product_cat-accessoires","7":"product_cat-babyshower","8":"product_cat-cadeautips","9":"product_cat-cadeaus-tot-e-25","10":"product_cat-engel_natur","11":"product_cat-wollen-babykleding","12":"product_cat-mutsjesensjaaltjes","13":"pa_maat-50-56","14":"pa_maat-62-68","16":"first","17":"outofstock","18":"taxable","19":"shipping-taxable","20":"purchasable","21":"product-type-variable"},"acf":[],"_links":{"self":[{"href":"https:\/\/woolskins.eu\/nb\/wp-json\/wp\/v2\/product\/6507","targetHints":{"allow":["GET"]}}],"collection":[{"href":"https:\/\/woolskins.eu\/nb\/wp-json\/wp\/v2\/product"}],"about":[{"href":"https:\/\/woolskins.eu\/nb\/wp-json\/wp\/v2\/types\/product"}],"replies":[{"embeddable":true,"href":"https:\/\/woolskins.eu\/nb\/wp-json\/wp\/v2\/comments?post=6507"}],"wp:featuredmedia":[{"embeddable":true,"href":"https:\/\/woolskins.eu\/nb\/wp-json\/wp\/v2\/media\/5833"}],"wp:attachment":[{"href":"https:\/\/woolskins.eu\/nb\/wp-json\/wp\/v2\/media?parent=6507"}],"wp:term":[{"taxonomy":"product_brand","embeddable":true,"href":"https:\/\/woolskins.eu\/nb\/wp-json\/wp\/v2\/product_brand?post=6507"},{"taxonomy":"product_cat","embeddable":true,"href":"https:\/\/woolskins.eu\/nb\/wp-json\/wp\/v2\/product_cat?post=6507"},{"taxonomy":"product_tag","embeddable":true,"href":"https:\/\/woolskins.eu\/nb\/wp-json\/wp\/v2\/product_tag?post=6507"}],"curies":[{"name":"wp","href":"https:\/\/api.w.org\/{rel}","templated":true}]}}