{"id":6448,"date":"2021-09-01T12:52:12","date_gmt":"2021-09-01T12:52:12","guid":{"rendered":"https:\/\/woolskins.eu\/baby-deken-alpaca-ecru"},"modified":"2022-05-30T19:18:10","modified_gmt":"2022-05-30T19:18:10","slug":"babyteppe-alpakka-ecru","status":"publish","type":"product","link":"https:\/\/woolskins.eu\/nb\/baby-deken-alpaca-ecru\/","title":{"rendered":"Babyteppe Alpaca | Ecru"},"content":{"rendered":"<p>Dette strikkede pleddet er h\u00e5ndlaget av 100% babyalpakkaull. Alpakkaull er enda mykere enn merinoull, og den isolerer enda litt bedre enn vanlig ull. Den gj\u00f8r dette p\u00e5 en dynamisk m\u00e5te, noe som gj\u00f8r teppet herlig varmt om vinteren og kj\u00f8lig om sommeren. Den har en myk glans og ser derfor veldig luksuri\u00f8s ut. Babyalpakkaull er de fineste h\u00e5rene fra den voksne alpakkaen. Den er lett og veldig myk og regnes som Rolls-Royce blant ull.<\/p>\n<p>- 80 x 80 cm<br \/>\n- Er lett og veldig myk<br \/>\n- Termisk, s\u00e5 kj\u00f8lig om sommeren og varm og fin om vinteren<br \/>\n- 4 ganger mindre \u201cslitasjesensitiv\u201d enn merinoull<br \/>\n- Krymper ikke etter vask<br \/>\n- 100% babyalpakka<br \/>\n- 100% \u00f8kologisk i henhold til Oeko-Tex\u00ae Standard 100<\/p>\n<h5 class=\"Text1893342656__root Text1893342656---typography-11-runningText Text1893342656---priority-7-primary s8gg2 _2UIKs InfoSectionTitle3095652555__root\" aria-hidden=\"false\" data-hook=\"info-section-title\">Babyalpakkaull<\/h5>\n<div class=\"rah-static rah-static--height-auto\" aria-hidden=\"false\">\n<div>\n<div class=\"_1yvxJ fggS- cell\">\n<div class=\"WncCi\" data-hook=\"info-section-description\">\n<p>Fiberstrukturen i babyalpakkaull er sv\u00e6rt fin, og mykheten kan sammenlignes med kasjmirull, men er enda mykere. Alpakkaull er kjent for sin overlegne kvalitet, f\u00f8les veldig myk mot huden og er allergivennlig. Baby alpakkaull er den mykeste alpakkaullen fra f\u00f8rste varp. Babyalpakka betyr ikke at ullen kommer fra babyalpakkaer, men at det kun er den aller fineste ullen som er brukt. Denne har en diameter p\u00e5 rundt 20 mikrometer, noe som er utrolig tynt. 0,001 millimeter er en mikrometer. Jo tynnere ull, desto mykere er produktet.<\/p>\n<h5>Petit Kolibri<\/h5>\n<p class=\"\">PETIT KOLIBRI ble f\u00f8dt ut av en ubetinget kj\u00e6rlighet til autentiske, \u00f8kologiske og naturlige produkter. Produktene v\u00e5re er et resultat av et utrettelig engasjement for \u00e5 fremme milj\u00f8messig b\u00e6rekraft og bevisst forretningsvirksomhet i lokalsamfunnene i Latin-Amerika.<\/p>\n<p class=\"\">Alle v\u00e5re \u00f8kologiske alpakka- og babyalpakkakl\u00e6r er anskaffet med omhu og oppmerksomhet i et gjensidig fordelaktig og transparent forhold med leverand\u00f8rene v\u00e5re. De ferdige produktene blir til under rettferdige forhold av et kollektiv av h\u00e5ndverkere i Colombia og Peru. Fairtrade har blitt v\u00e5rt ledende prinsipp.<\/p>\n<p class=\"\">Barna er morgendagens befolkning. Den innvirkningen de vil ha p\u00e5 planeten v\u00e5r, p\u00e5virkes av prinsippene vi l\u00e6rer dem i dag. V\u00e5re minimalistiske strikkeplagg med organisk design er som skapt for alle sm\u00e5 eventyr!<\/p>\n<p>V\u00e5rt m\u00e5l er \u00e5 tilby trygge kl\u00e6r og tilbeh\u00f8r til barn, fordi vi mener at de produktene barna tar p\u00e5, skal v\u00e6re i sin reneste og ubehandlede tilstand. Vi er stolte av \u00e5 kunne tilby \u00f8kologiske produkter som er fri for skadelige stoffer, sertifisert etter Standard 100 by OEKO-TEX\u00ae. Ullen vi bruker hos PETIT KOLIBRI kommer fra Peru, et av de viktigste eksportlandene for alpakkaull.<\/p>\n<\/div>\n<\/div>\n<\/div>\n<\/div>","protected":false},"excerpt":{"rendered":"<p>Dette strikkede pleddet er h\u00e5ndlaget av 100% babyalpakkaull. Alpakkaull er enda mykere enn merinoull, og den isolerer enda litt bedre enn vanlig ull.<\/p>","protected":false},"featured_media":7684,"comment_status":"closed","ping_status":"closed","template":"","meta":{"_acf_changed":false},"product_brand":[],"product_cat":[361,360,364,232,196,318],"product_tag":[],"class_list":{"0":"post-6448","1":"product","2":"type-product","3":"status-publish","4":"has-post-thumbnail","6":"product_cat-babyshower","7":"product_cat-cadeautips","8":"product_cat-cadeaus-vanaf-e50","9":"product_cat-petit-kolibri","10":"product_cat-slaapkleding-baby","11":"product_cat-wollen-wiegdeken-ledikantdeken","13":"first","14":"outofstock","15":"taxable","16":"shipping-taxable","17":"purchasable","18":"product-type-simple"},"acf":[],"_links":{"self":[{"href":"https:\/\/woolskins.eu\/nb\/wp-json\/wp\/v2\/product\/6448","targetHints":{"allow":["GET"]}}],"collection":[{"href":"https:\/\/woolskins.eu\/nb\/wp-json\/wp\/v2\/product"}],"about":[{"href":"https:\/\/woolskins.eu\/nb\/wp-json\/wp\/v2\/types\/product"}],"replies":[{"embeddable":true,"href":"https:\/\/woolskins.eu\/nb\/wp-json\/wp\/v2\/comments?post=6448"}],"wp:featuredmedia":[{"embeddable":true,"href":"https:\/\/woolskins.eu\/nb\/wp-json\/wp\/v2\/media\/7684"}],"wp:attachment":[{"href":"https:\/\/woolskins.eu\/nb\/wp-json\/wp\/v2\/media?parent=6448"}],"wp:term":[{"taxonomy":"product_brand","embeddable":true,"href":"https:\/\/woolskins.eu\/nb\/wp-json\/wp\/v2\/product_brand?post=6448"},{"taxonomy":"product_cat","embeddable":true,"href":"https:\/\/woolskins.eu\/nb\/wp-json\/wp\/v2\/product_cat?post=6448"},{"taxonomy":"product_tag","embeddable":true,"href":"https:\/\/woolskins.eu\/nb\/wp-json\/wp\/v2\/product_tag?post=6448"}],"curies":[{"name":"wp","href":"https:\/\/api.w.org\/{rel}","templated":true}]}}