{"id":6407,"date":"2021-09-01T12:51:30","date_gmt":"2021-09-01T12:51:30","guid":{"rendered":"https:\/\/woolskins.eu\/baby-slaapzak-lammy-ecru"},"modified":"2026-05-06T12:31:49","modified_gmt":"2026-05-06T12:31:49","slug":"alwero-sovepose-lammy-ecru","status":"publish","type":"product","link":"https:\/\/woolskins.eu\/nb\/alwero-slaapzak-lammy-ecru\/","title":{"rendered":"Sovepose i ull til baby - Thumbled | Ecru"},"content":{"rendered":"<p>De doble trykknappene gj\u00f8r det mulig \u00e5 justere halsst\u00f8rrelsen, og den har en lang glidel\u00e5s som gj\u00f8r det enkelt \u00e5 \u00e5pne hele soveposen.<\/p>\n<p>- 100% jomfruull Thumbled med Woolmark-sertifisering.<br \/>\n- Glatt, myk og Teddy Plush-tekstur.<br \/>\n- Gode termiske egenskaper.<br \/>\n- For hjemme og p\u00e5 farten.<br \/>\n- St\u00f8rrelse: 0\/6 m\u00e5neder 67 cm, 6\/12 m\u00e5neder 82 cm.<br \/>\n- Europeisk produksjon.<br \/>\n- kan vaskes p\u00e5 30 \u00b0C ullvaskesyklus.<\/p>\n<p>V\u00e5re Eco Wool-soveposer er perfekte for de minste takket v\u00e6re ullfibrenes naturlige egenskaper. De puster og fungerer som en naturlig termostat som regulerer kroppstemperaturen? Dette hjelper babyen din med \u00e5 opprettholde en stabil temperatur og holder babyen t\u00f8rr og komfortabel. Dette skjer \u2018dynamisk\u2019, noe som betyr at det skjer n\u00e5r det er behov for det, og ikke n\u00e5r det ikke er behov for det.<\/p>\n<p>Dette produktet er blant annet merket med Safe for Children og Woolmark.<\/p>\n<h5>Woolskins Label<\/h5>\n<p>Etter flere \u00e5rs vellykket samarbeid med Alwero er vi stolte av \u00e5 kunne kunngj\u00f8re at vi n\u00e5 f\u00f8rer produktene v\u00e5re under v\u00e5rt eget Woolskins-merke.<\/p>\n<p>P\u00e5 denne m\u00e5ten f\u00e5r du fortsatt den beste kvaliteten, men kombinert med de s\u00f8teste og mest unike produktene og designene.<\/p>\n<p>Kvaliteten p\u00e5 stoffene og fargene er som den alltid har v\u00e6rt, men n\u00e5 er det bare et st\u00f8rre utvalg av hva Woolskins mener de kan skille seg ut med.<\/p>\n<p>V\u00e5r brede kolleksjon er s\u00e5 like at de er et flott tillegg til ethvert babyantrekk, laget av 100% europeisk ull som puster og passer til alle \u00e5rstider.<\/p>\n<p>Vi g\u00e5r entusiastisk sammen for \u00e5 skape et b\u00e6rekraftig, naturlig og s\u00e5 komfortabelt produkt som mulig for barnet ditt<\/p>","protected":false},"excerpt":{"rendered":"<p>Hvis du er p\u00e5 utkikk etter en komfortabel og varm sovepose til babyen din, er ull et utmerket valg. Ull har mange fordeler som vil hjelpe babyen din med \u00e5 sove godt, uansett \u00e5rstid.<\/p>\n<p>V\u00e5r lette, \u00f8kologiske babysovepose i ull puster og fungerer som en naturlig termostat som regulerer kroppstemperaturen, slik at barnet ditt kan hvile og sove godt. Denne soveposen er sv\u00e6rt godt egnet for sm\u00e5barn takket v\u00e6re de doble trykknappene som gj\u00f8r at du kan gj\u00f8re hals\u00e5pningen st\u00f8rre og mindre. Den lange glidel\u00e5sen \u00e5pner hele soveposen slik at det er enkelt \u00e5 skifte. Ullsoveposen hjelper babyen din med \u00e5 holde en stabil temperatur og holder babyen t\u00f8rr og komfortabel. Den gj\u00f8r dette \u2018dynamisk\u2019, noe som betyr at det skjer n\u00e5r det er behov for det, og ikke n\u00e5r det ikke er det. Disse ullsoveposene er derfor varme om vinteren og kj\u00f8lige om sommeren.<\/p>\n<p><strong>Merke: Woolskins<\/strong><br \/>\n<strong>Produksjon: Polen<\/strong><\/p>","protected":false},"featured_media":5699,"comment_status":"closed","ping_status":"closed","template":"","meta":{"_acf_changed":false},"product_brand":[],"product_cat":[361,360,364,196,370,194],"product_tag":[],"class_list":{"0":"post-6407","1":"product","2":"type-product","3":"status-publish","4":"has-post-thumbnail","6":"product_cat-babyshower","7":"product_cat-cadeautips","8":"product_cat-cadeaus-vanaf-e50","9":"product_cat-slaapkleding-baby","10":"product_cat-slaapzakken","11":"product_cat-wollen-babyproducten","12":"pa_maat-0-6-maanden","13":"pa_maat-6-12-maanden","15":"first","16":"outofstock","17":"taxable","18":"shipping-taxable","19":"purchasable","20":"product-type-variable"},"acf":[],"_links":{"self":[{"href":"https:\/\/woolskins.eu\/nb\/wp-json\/wp\/v2\/product\/6407","targetHints":{"allow":["GET"]}}],"collection":[{"href":"https:\/\/woolskins.eu\/nb\/wp-json\/wp\/v2\/product"}],"about":[{"href":"https:\/\/woolskins.eu\/nb\/wp-json\/wp\/v2\/types\/product"}],"replies":[{"embeddable":true,"href":"https:\/\/woolskins.eu\/nb\/wp-json\/wp\/v2\/comments?post=6407"}],"wp:featuredmedia":[{"embeddable":true,"href":"https:\/\/woolskins.eu\/nb\/wp-json\/wp\/v2\/media\/5699"}],"wp:attachment":[{"href":"https:\/\/woolskins.eu\/nb\/wp-json\/wp\/v2\/media?parent=6407"}],"wp:term":[{"taxonomy":"product_brand","embeddable":true,"href":"https:\/\/woolskins.eu\/nb\/wp-json\/wp\/v2\/product_brand?post=6407"},{"taxonomy":"product_cat","embeddable":true,"href":"https:\/\/woolskins.eu\/nb\/wp-json\/wp\/v2\/product_cat?post=6407"},{"taxonomy":"product_tag","embeddable":true,"href":"https:\/\/woolskins.eu\/nb\/wp-json\/wp\/v2\/product_tag?post=6407"}],"curies":[{"name":"wp","href":"https:\/\/api.w.org\/{rel}","templated":true}]}}