{"id":6385,"date":"2021-09-01T12:51:15","date_gmt":"2021-09-01T12:51:15","guid":{"rendered":"https:\/\/woolskins.eu\/babysjaaltje-lammy-camel"},"modified":"2026-04-09T13:10:01","modified_gmt":"2026-04-09T13:10:01","slug":"baby-skjerf-lammy-camel","status":"publish","type":"product","link":"https:\/\/woolskins.eu\/nb\/babysjaaltje-lammy-camel\/","title":{"rendered":"Babyskjerf i ull Thumbled | camel"},"content":{"rendered":"<p>Med dette babyskjerfet i ull fra Woolskins vil den lille ikke bare se supers\u00f8t ut, men ogs\u00e5 holde seg varm og fin i de kalde vinterdagene. En perfekt gave til alle foreldre som elsker kvalitet og stil! Produktet er blant annet merket med Safe for Children og Woolmark.<\/p>\n<p>- 100% jomfruull, Woolmark-merket.<br \/>\n- Veldig varmt for reiser.<br \/>\n- Praktisk lukking med trykknapper.<br \/>\n- Ulike farger tilgjengelig.<\/p>\n<h5>Woolskins Label<\/h5>\n<p>Etter flere \u00e5rs vellykket samarbeid med Alwero er vi stolte av \u00e5 kunne kunngj\u00f8re at vi n\u00e5 f\u00f8rer produktene v\u00e5re under v\u00e5rt eget Woolskins-merke.<\/p>\n<p>P\u00e5 denne m\u00e5ten f\u00e5r du fortsatt den beste kvaliteten, men kombinert med de s\u00f8teste og mest unike produktene og designene.<\/p>\n<p>Kvaliteten p\u00e5 stoffene og fargene er som den alltid har v\u00e6rt, men n\u00e5 er det bare et st\u00f8rre utvalg av hva Woolskins mener de kan skille seg ut med.<\/p>\n<p>V\u00e5r brede kolleksjon er s\u00e5 like at de er et flott tillegg til ethvert babyantrekk, laget av 100% europeisk ull som puster og passer til alle \u00e5rstider.<\/p>\n<p>Vi g\u00e5r entusiastisk sammen for \u00e5 skape et b\u00e6rekraftig, naturlig og komfortabelt produkt for babyen din.<\/p>","protected":false},"excerpt":{"rendered":"<p>Et ullskjerf til babyen er et must-have p\u00e5 de kaldere dagene. Det holder de sm\u00e5 godt varme og ser supers\u00f8tt ut i tillegg! Dette babyskjerfet fra Woolskins er laget av ull av h\u00f8y kvalitet og kommer i fire farger. Det passer perfekt sammen med andre ullprodukter fra Woolskins, som for eksempel en kroppsvarmer eller t\u00f8fler i ull.<\/p>\n<p>Dette skjerfet er ikke bare funksjonelt, men ogs\u00e5 stilig. Det har en praktisk trykknapplukking som gj\u00f8r det enkelt \u00e5 ta p\u00e5. Skjerfet er dessuten mykt og behagelig for babyens f\u00f8lsomme hud.<\/p>\n<p><strong>Merke: Woolskins<\/strong><br \/>\n<strong>Produksjon: Polen<\/strong><\/p>","protected":false},"featured_media":17479,"comment_status":"closed","ping_status":"closed","template":"","meta":{"_acf_changed":false},"product_brand":[],"product_cat":[345,361,360,362,200,346,194],"product_tag":[],"class_list":{"0":"post-6385","1":"product","2":"type-product","3":"status-publish","4":"has-post-thumbnail","6":"product_cat-accessoires","7":"product_cat-babyshower","8":"product_cat-cadeautips","9":"product_cat-cadeaus-tot-e-25","10":"product_cat-wollen-babykleding","11":"product_cat-mutsjesensjaaltjes","12":"product_cat-wollen-babyproducten","14":"first","15":"instock","16":"taxable","17":"shipping-taxable","18":"purchasable","19":"product-type-simple"},"acf":[],"_links":{"self":[{"href":"https:\/\/woolskins.eu\/nb\/wp-json\/wp\/v2\/product\/6385","targetHints":{"allow":["GET"]}}],"collection":[{"href":"https:\/\/woolskins.eu\/nb\/wp-json\/wp\/v2\/product"}],"about":[{"href":"https:\/\/woolskins.eu\/nb\/wp-json\/wp\/v2\/types\/product"}],"replies":[{"embeddable":true,"href":"https:\/\/woolskins.eu\/nb\/wp-json\/wp\/v2\/comments?post=6385"}],"wp:featuredmedia":[{"embeddable":true,"href":"https:\/\/woolskins.eu\/nb\/wp-json\/wp\/v2\/media\/17479"}],"wp:attachment":[{"href":"https:\/\/woolskins.eu\/nb\/wp-json\/wp\/v2\/media?parent=6385"}],"wp:term":[{"taxonomy":"product_brand","embeddable":true,"href":"https:\/\/woolskins.eu\/nb\/wp-json\/wp\/v2\/product_brand?post=6385"},{"taxonomy":"product_cat","embeddable":true,"href":"https:\/\/woolskins.eu\/nb\/wp-json\/wp\/v2\/product_cat?post=6385"},{"taxonomy":"product_tag","embeddable":true,"href":"https:\/\/woolskins.eu\/nb\/wp-json\/wp\/v2\/product_tag?post=6385"}],"curies":[{"name":"wp","href":"https:\/\/api.w.org\/{rel}","templated":true}]}}