{"id":6359,"date":"2021-09-01T12:50:56","date_gmt":"2021-09-01T12:50:56","guid":{"rendered":"https:\/\/woolskins.eu\/boxkleed-speelkleed-essential"},"modified":"2026-05-12T11:31:45","modified_gmt":"2026-05-12T11:31:45","slug":"viktig-lekegrindteppe","status":"publish","type":"product","link":"https:\/\/woolskins.eu\/nb\/boxkleed-speelkleed-essential\/","title":{"rendered":"Boxcloth\/leketeppe i saueskinn - Essential (Medisinsk)"},"content":{"rendered":"<p>Woolskins Eco Baby-Care lekegrindteppe har en kortere pels som gj\u00f8r dem babysikre. De egner seg fra f\u00f8dselen av, og fordi de er behandlet med tanke p\u00e5 milj\u00f8et, sk\u00e5ner de b\u00e5de de sm\u00e5 og planeten. Hjemme eller ute skaper du et komfortabelt milj\u00f8 der den lille f\u00f8ler seg glad og avslappet. Visste du at saueskinn ogs\u00e5 er sunt for barnet ditt?<\/p>\n<p>- Lengde 90 cm x bredde 90 cm \/ pels 3 cm.<br \/>\n- Medisinsk garvet.<br \/>\n- Myk og kompakt pels.<br \/>\n- Kan vaskes og t\u00f8rkes i maskin.<br \/>\n- Lett \u00e5 vedlikeholde.<\/p>\n<p>Bestill en vedlikeholdsb\u00f8rste med for \u00e5 holde pelsen vakker lenge og\/eller f\u00e5 pelsen personalisert med ditt\/deres barns f\u00f8dselsgaver. En vakker og unik gave, eksklusivt tilgjengelig fra Woolskins. Standard gavepakke med personlig hilsen.<\/p>\n<p><strong>Kjennetegn Essensiell pels<\/strong><\/p>\n<p>Dette saueskinnet fra Baby-Care kommer fra den engelske sauen. Det er et veldig mykt og kompakt skinn og v\u00e5r TIP! Som alle v\u00e5re andre ullfeller puster ullfibrene. Dette hjelper babyen din med \u00e5 opprettholde en stabil temperatur og holder babyen t\u00f8rr og komfortabel. Kj\u00f8lig om sommeren og varm om vinteren.<\/p>\n<p><strong>Milj\u00f8vennlig<\/strong><\/p>\n<p>Alle midler som brukes i garving og etterbehandling, er i samsvar med viktige EU-direktiver om bevaring og beskyttelse av milj\u00f8et.<\/p>\n<p>Frakkene v\u00e5re garves i henhold til REACH-regelverket, som er vedtatt for \u00e5 forbedre beskyttelsen av menneskers helse og milj\u00f8et mot risikoen som kjemikalier kan utgj\u00f8re, og samtidig \u00f8ke konkurranseevnen til EUs kjemiske industri. Ingen AZO-fargestoffer brukes i produksjonen.<\/p>\n<p>\u00d8KO-PRODUKTER - skinnene er milj\u00f8vennlige skinn, og behandlingen og behandlingen er trygg for voksne og barn. Skinnene er biologisk nedbrytbare og \u00f8kologiske.<\/p>\n<p>Woolskins selger ikke ull fra sauer som har blitt Mulesed! Mulesing brukes ikke p\u00e5 europeiske sauer fordi parasitten som gj\u00f8r at b\u00f8ndene bruker Mulesing, ikke finnes i Europa.<\/p>\n<p><strong>Magesovere ... v\u00e6r oppmerksom!<\/strong><\/p>\n<p>Sm\u00e5 barn som sover p\u00e5 magen de f\u00f8rste 12 m\u00e5nedene, b\u00f8r av sikkerhetsmessige \u00e5rsaker ikke sove p\u00e5 noe mykt, da dette kan v\u00e6re farlig. Vi anbefaler derfor \u00e5 bruke Woolskins-pelsen med omhu! V\u00e6r alltid oppmerksom n\u00e5r barnet ditt ligger eller sover p\u00e5 magen, og s\u00f8rg for at barnet er under oppsyn hele tiden.<\/p>","protected":false},"excerpt":{"rendered":"<p>P\u00e5 dette behagelige, myke lekegrindteppet kan babyen din leke og hvile. Takket v\u00e6re de naturlige \u2018superkreftene\u2019 er det varmt om vinteren og kj\u00f8lig om sommeren. Dette er fordi det tar kroppstemperaturen umiddelbart.<\/p>","protected":false},"featured_media":5629,"comment_status":"closed","ping_status":"closed","template":"","meta":{"_acf_changed":false},"product_brand":[],"product_cat":[216,527,354],"product_tag":[],"class_list":{"0":"post-6359","1":"product","2":"type-product","3":"status-publish","4":"has-post-thumbnail","6":"product_cat-schapenvacht-voor-baby","7":"product_cat-wollen-schapenvacht-boxkleed-speelkleed","8":"product_cat-woolskins","10":"first","11":"instock","12":"taxable","13":"shipping-taxable","14":"purchasable","15":"product-type-variable","16":"has-default-attributes"},"acf":[],"_links":{"self":[{"href":"https:\/\/woolskins.eu\/nb\/wp-json\/wp\/v2\/product\/6359","targetHints":{"allow":["GET"]}}],"collection":[{"href":"https:\/\/woolskins.eu\/nb\/wp-json\/wp\/v2\/product"}],"about":[{"href":"https:\/\/woolskins.eu\/nb\/wp-json\/wp\/v2\/types\/product"}],"replies":[{"embeddable":true,"href":"https:\/\/woolskins.eu\/nb\/wp-json\/wp\/v2\/comments?post=6359"}],"wp:featuredmedia":[{"embeddable":true,"href":"https:\/\/woolskins.eu\/nb\/wp-json\/wp\/v2\/media\/5629"}],"wp:attachment":[{"href":"https:\/\/woolskins.eu\/nb\/wp-json\/wp\/v2\/media?parent=6359"}],"wp:term":[{"taxonomy":"product_brand","embeddable":true,"href":"https:\/\/woolskins.eu\/nb\/wp-json\/wp\/v2\/product_brand?post=6359"},{"taxonomy":"product_cat","embeddable":true,"href":"https:\/\/woolskins.eu\/nb\/wp-json\/wp\/v2\/product_cat?post=6359"},{"taxonomy":"product_tag","embeddable":true,"href":"https:\/\/woolskins.eu\/nb\/wp-json\/wp\/v2\/product_tag?post=6359"}],"curies":[{"name":"wp","href":"https:\/\/api.w.org\/{rel}","templated":true}]}}