{"id":6358,"date":"2021-09-01T12:50:56","date_gmt":"2021-09-01T12:50:56","guid":{"rendered":"https:\/\/woolskins.eu\/alwero-voetenzak-wol-dekentje"},"modified":"2026-03-05T13:51:30","modified_gmt":"2026-03-05T13:51:30","slug":"alwero-fotsuff-ullteppe","status":"publish","type":"product","link":"https:\/\/woolskins.eu\/nb\/alwero-voetenzak-wol-dekentje\/","title":{"rendered":"Ull Footmuff - Sovepose for vogn og barnevogn | Bakigo ecru"},"content":{"rendered":"<p>V\u00e5re Eco Wool-fotposer for barnevogn og Maxi-Cosi er gode for de minste takket v\u00e6re ullfibrenes naturlige egenskaper. De puster og fungerer som en naturlig termostat som regulerer kroppstemperaturen? Dette hjelper barnet ditt med \u00e5 opprettholde en stabil temperatur og holder barnet t\u00f8rt og komfortabelt. Dette produktet er blant annet merket med Safe for Children og Woolmark.<\/p>\n<p>- 5 cm lengre, noe som gj\u00f8r den lengre \u00e5 bruke.<br \/>\n- 100% jomfruull, Woolmark-merket.<br \/>\n- For hjemme og p\u00e5 farten.<br \/>\n- \u00c5pninger for sikkerhetsstroppene (5-punkts).<br \/>\n- lengde 90 cm x bredde 45 cm.<br \/>\n- kan vaskes p\u00e5 30 \u00b0C ullvaskesyklus.<\/p>\n<h5>Woolskins Label<\/h5>\n<p>Etter flere \u00e5rs vellykket samarbeid med Alwero er vi stolte av \u00e5 kunne kunngj\u00f8re at vi n\u00e5 f\u00f8rer produktene v\u00e5re under v\u00e5rt eget Woolskins-merke.<\/p>\n<p>P\u00e5 denne m\u00e5ten f\u00e5r du fortsatt den beste kvaliteten, men kombinert med de s\u00f8teste og mest unike produktene og designene.<\/p>\n<p>Kvaliteten p\u00e5 stoffene og fargene er som den alltid har v\u00e6rt, men n\u00e5 er det bare et st\u00f8rre utvalg av hva Woolskins mener de kan skille seg ut med.<\/p>\n<p>V\u00e5r brede kolleksjon er s\u00e5 like at de er et flott tillegg til ethvert babyantrekk, laget av 100% europeisk ull som puster og passer til alle \u00e5rstider.<\/p>\n<p>Vi g\u00e5r entusiastisk sammen for \u00e5 skape et b\u00e6rekraftig, naturlig og komfortabelt produkt for babyen din.<\/p>","protected":false},"excerpt":{"rendered":"<p>Kose deg med barnet ditt i denne varme Woolskins-fotsengen i ull til barnevogn og vogn. Woolskins har gjort denne fotsuffen 5 cm lengre, slik at den kan brukes lenger, og den har ogs\u00e5 en ekstra stor \u00e5pning for sikkerhetshornet. Perfekt for barnevognen og h\u00f8rer hjemme i alle babypakker. Ull tar \u00f8yeblikkelig opp barnets temperatur og holder den uten at det blir svett. Takket v\u00e6re ullens gode egenskaper vil barnet ditt v\u00e6re varmt og komfortabelt. Woolskins fotsuff Bakigo kan brukes hele \u00e5ret, men er best \u00e5 bruke om v\u00e5ren, vinteren og h\u00f8sten. Du kan v\u00e6re sikker p\u00e5 at barnet ditt vil ha det varmt og godt i Woolskins-fotsengen.<\/p>\n<p><strong>Merke: Woolskins<\/strong><br \/>\n<strong>Produksjon: Polen<\/strong><\/p>","protected":false},"featured_media":17506,"comment_status":"closed","ping_status":"closed","template":"","meta":{"_acf_changed":false},"product_brand":[],"product_cat":[361,360,364,196,336,194],"product_tag":[],"class_list":{"0":"post-6358","1":"product","2":"type-product","3":"status-publish","4":"has-post-thumbnail","6":"product_cat-babyshower","7":"product_cat-cadeautips","8":"product_cat-cadeaus-vanaf-e50","9":"product_cat-slaapkleding-baby","10":"product_cat-voetenzakken","11":"product_cat-wollen-babyproducten","13":"first","14":"instock","15":"taxable","16":"shipping-taxable","17":"purchasable","18":"product-type-simple"},"acf":[],"_links":{"self":[{"href":"https:\/\/woolskins.eu\/nb\/wp-json\/wp\/v2\/product\/6358","targetHints":{"allow":["GET"]}}],"collection":[{"href":"https:\/\/woolskins.eu\/nb\/wp-json\/wp\/v2\/product"}],"about":[{"href":"https:\/\/woolskins.eu\/nb\/wp-json\/wp\/v2\/types\/product"}],"replies":[{"embeddable":true,"href":"https:\/\/woolskins.eu\/nb\/wp-json\/wp\/v2\/comments?post=6358"}],"wp:featuredmedia":[{"embeddable":true,"href":"https:\/\/woolskins.eu\/nb\/wp-json\/wp\/v2\/media\/17506"}],"wp:attachment":[{"href":"https:\/\/woolskins.eu\/nb\/wp-json\/wp\/v2\/media?parent=6358"}],"wp:term":[{"taxonomy":"product_brand","embeddable":true,"href":"https:\/\/woolskins.eu\/nb\/wp-json\/wp\/v2\/product_brand?post=6358"},{"taxonomy":"product_cat","embeddable":true,"href":"https:\/\/woolskins.eu\/nb\/wp-json\/wp\/v2\/product_cat?post=6358"},{"taxonomy":"product_tag","embeddable":true,"href":"https:\/\/woolskins.eu\/nb\/wp-json\/wp\/v2\/product_tag?post=6358"}],"curies":[{"name":"wp","href":"https:\/\/api.w.org\/{rel}","templated":true}]}}