{"id":6357,"date":"2021-09-01T12:50:56","date_gmt":"2021-09-01T12:50:56","guid":{"rendered":"https:\/\/woolskins.eu\/weer-windbalsem-lanoline-40ml-lanacare"},"modified":"2026-05-04T14:51:24","modified_gmt":"2026-05-04T14:51:24","slug":"weather-wind-balm-lanolin-40ml-lanacare","status":"publish","type":"product","link":"https:\/\/woolskins.eu\/nb\/weer-windbalsem-lanoline-40ml-lanacare\/","title":{"rendered":"LANACare Lanolin Balm - For baby, mor og sensitiv hud (40 ml)"},"content":{"rendered":"<p data-start=\"482\" data-end=\"790\">LANACare Lanolin Balm er en allsidig, naturlig pleiekrem basert p\u00e5 100% hypoallergenisk lanolin. Denne balsamen er egnet for b\u00e5de spedbarn og m\u00f8dre, og gir effektiv beskyttelse og gjenoppretting av sensitiv hud - fra sprukne kinn til s\u00e5re brystvorter under amming.<\/p>\n<p data-start=\"792\" data-end=\"1153\">Denne rikholdige balsamen danner en tynn, naturlig antibakteriell film som beskytter huden uten \u00e5 forsegle den. Ideell i kaldt og d\u00e5rlig v\u00e6r, samt ved bleieutslett, t\u00f8rre flekker eller sprukken hud. Lanolinet hjelper den naturlige s\u00e5rhelingsprosessen og st\u00f8tter en sunn hudbarriere hos b\u00e5de spedbarn og voksne.<\/p>\n<p data-start=\"1155\" data-end=\"1418\">For ammende m\u00f8dre virker balsamen beroligende og helbredende p\u00e5 t\u00f8rre, s\u00e5re eller sprukne brystvorter. Takket v\u00e6re de sikre ingrediensene trenger ikke balsamen fjernes f\u00f8r amming - helt trygt for b\u00e5de mor og barn.<\/p>\n<p data-start=\"1420\" data-end=\"1744\">LANACare-balsam inneholder kun \u00f8kologiske, hudvennlige ingredienser: rent lanolin og triglyserid av matkvalitet. Uten parfyme, fargestoffer eller konserveringsmidler. Den myke konsistensen gj\u00f8r balsamen lett \u00e5 p\u00e5f\u00f8re og absorberes godt uten \u00e5 etterlate en fet f\u00f8lelse.<\/p>\n<p data-start=\"1746\" data-end=\"2031\"><strong>Egnet for:<\/strong><br data-start=\"1762\" data-end=\"1765\" \/>- Beskyttelse av babyens hud (f.eks. i tilfelle kulde eller vind)<br data-start=\"1818\" data-end=\"1821\" \/>- Beroligende p\u00e5 sprukne, t\u00f8rre eller f\u00f8lsomme omr\u00e5der<br data-start=\"1874\" data-end=\"1877\" \/>- Behandling av bleieutslett<br data-start=\"1911\" data-end=\"1914\" \/>- Stell av brystvorten under amming<br data-start=\"1962\" data-end=\"1965\" \/>- Brukes av voksne med t\u00f8rr eller problemf\u00f8lsom hud<\/p>\n<p data-start=\"2033\" data-end=\"2241\">Denne lanolinkremen er A-merket av det danske Forbrukerr\u00e5det, som garanterer at den ikke inneholder problematiske kjemikalier. Et trygt valg for daglig bruk - fra dag \u00e9n.<\/p>\n<h5 class=\"font_2\">LANACares historie<\/h5>\n<p>LANACare ble grunnlagt av den danske sykepleieren Jeannette Almstr\u00f8m i Danmark i 1990. Som trebarnsmor utviklet Jeannette Almstr\u00f8m en serie produkter for m\u00f8dre og spedbarn i \u00f8kologisk, ren merinoull. Hennes bakgrunn som sykepleier og utdannelse innen tekstil og design viste seg \u00e5 v\u00e6re en perfekt kombinasjon av ferdigheter. Alle produktene fra LANACare er designet for \u00e5 fremme helse og velv\u00e6re for mor og barn, og gir den beroligende komforten og pustevarmen som bare ren ull kan gi.<\/p>\n<p><span class=\"wixGuard\">\u200b<\/span>I dag ledes alle LANACares aktiviteter av Jeannette Almtr\u00f8m selv, som brenner for \u00e5 finne nye og b\u00e6rekraftige materialer som kan brukes i nye produkter som ikke bare fremmer den enkeltes helse, men ogs\u00e5 v\u00e5r egen jord.<\/p>\n<p><span class=\"wixGuard\">\u200b<\/span>I \u00e5renes l\u00f8p har LANACares produksjons- og distribusjonsvolum utviklet seg enormt. Produktene selges n\u00e5 i 28 land over hele verden.<\/p>\n<p>&nbsp;<\/p>","protected":false},"excerpt":{"rendered":"<h3 data-start=\"171\" data-end=\"244\"><strong data-start=\"175\" data-end=\"242\">LANACare Lanolin Balm - 100% Naturlig og allsidig (40 ml)<\/strong><\/h3>\n<p data-start=\"245\" data-end=\"751\">En rikholdig, allergivennlig balsam basert p\u00e5 ren lanolin, egnet for b\u00e5de babyer og m\u00f8dre.<br data-start=\"337\" data-end=\"340\" \/>Beskytter sensitiv hud i kaldt v\u00e6r, lindrer bleieutslett og hjelper mot t\u00f8rre eller sprukne omr\u00e5der.<br data-start=\"452\" data-end=\"455\" \/>Ogs\u00e5 ideelt for m\u00f8dre med s\u00e5re brystvorter under amming - trygt, antibakterielt og trenger ikke fjernes f\u00f8r mating.<br data-start=\"601\" data-end=\"604\" \/>Uten parfyme eller konserveringsmidler.<\/p>\n<p data-start=\"245\" data-end=\"751\">\u2714 For baby, mor og sensitiv hud<br data-start=\"712\" data-end=\"715\" \/>\u2714 A-merket fra det danske forbrukerr\u00e5det<\/p>\n<p data-start=\"245\" data-end=\"751\"><strong>Merke: Lanacare<\/strong><br \/>\n<strong>Produksjon: Litauen<\/strong><\/p>","protected":false},"featured_media":5624,"comment_status":"closed","ping_status":"closed","template":"","meta":{"_acf_changed":false},"product_brand":[],"product_cat":[349,360,362,353,225],"product_tag":[],"class_list":{"0":"post-6357","1":"product","2":"type-product","3":"status-publish","4":"has-post-thumbnail","6":"product_cat-borstvoedingenvoedingskussens","7":"product_cat-cadeautips","8":"product_cat-cadeaus-tot-e-25","9":"product_cat-lanacare","10":"product_cat-tepelzalf-zoogcompressen","12":"first","13":"instock","14":"taxable","15":"shipping-taxable","16":"purchasable","17":"product-type-simple"},"acf":[],"_links":{"self":[{"href":"https:\/\/woolskins.eu\/nb\/wp-json\/wp\/v2\/product\/6357","targetHints":{"allow":["GET"]}}],"collection":[{"href":"https:\/\/woolskins.eu\/nb\/wp-json\/wp\/v2\/product"}],"about":[{"href":"https:\/\/woolskins.eu\/nb\/wp-json\/wp\/v2\/types\/product"}],"replies":[{"embeddable":true,"href":"https:\/\/woolskins.eu\/nb\/wp-json\/wp\/v2\/comments?post=6357"}],"wp:featuredmedia":[{"embeddable":true,"href":"https:\/\/woolskins.eu\/nb\/wp-json\/wp\/v2\/media\/5624"}],"wp:attachment":[{"href":"https:\/\/woolskins.eu\/nb\/wp-json\/wp\/v2\/media?parent=6357"}],"wp:term":[{"taxonomy":"product_brand","embeddable":true,"href":"https:\/\/woolskins.eu\/nb\/wp-json\/wp\/v2\/product_brand?post=6357"},{"taxonomy":"product_cat","embeddable":true,"href":"https:\/\/woolskins.eu\/nb\/wp-json\/wp\/v2\/product_cat?post=6357"},{"taxonomy":"product_tag","embeddable":true,"href":"https:\/\/woolskins.eu\/nb\/wp-json\/wp\/v2\/product_tag?post=6357"}],"curies":[{"name":"wp","href":"https:\/\/api.w.org\/{rel}","templated":true}]}}