{"id":6258,"date":"2021-09-01T12:49:19","date_gmt":"2021-09-01T12:49:19","guid":{"rendered":"https:\/\/woolskins.eu\/borstvoeding-starterset-lanacare-2"},"modified":"2026-04-16T13:40:17","modified_gmt":"2026-04-16T13:40:17","slug":"startpakke-for-amming-lanacare-2","status":"publish","type":"product","link":"https:\/\/woolskins.eu\/nb\/borstvoeding-starterset-lanacare-2\/","title":{"rendered":"Lanacare Startpakke for amming"},"content":{"rendered":"<p>V\u00e5r mange\u00e5rige erfaring viser at dette LANACare-startsettet er et godt valg for m\u00f8dre som skal begynne \u00e5 amme. Det inneholder alt en ammende mor trenger under hele ammeperioden.<\/p>\n<p>Startpakken inneholder 1 tube (40 ml.) lanolinbalsam, 2 par ammeinnlegg i ull og 1 flaske (150 ml.) lanolins\u00e5pe, pakket i en praktisk \u00f8kologisk bomullspose for reise.<\/p>\n<p>- LANACare lanolinbalsam (40 ml.) inneholder hypoallergenisk lanolin, trygt for mor og barn. Et flott produkt for s\u00e5re brystvorter, bleieutslett eller t\u00f8rr hud. Brystvortesalven har en trygg antibakteriell effekt og trenger ikke fjernes f\u00f8r mating.<\/p>\n<p>- LANACare ammeinnlegg (2 par) er laget av myk, \u00f8kologisk merinoull og f\u00f8les deilig myke mot huden. Kompressene holder brystene varme og stimulerer blodsirkulasjonen, noe som er bra for ammeprosessen.<\/p>\n<p>- LANACare lanolins\u00e5pe (150 ml.) er utviklet for sk\u00e5nsom pleie av merinoullprodukter. Den gir n\u00e6ring til ullen med lanolin.<\/p>\n<h5 class=\"font_8\">LANACare lanolin balsam<\/h5>\n<p class=\"font_8\">LANACare balsam er perfekt for ammende m\u00f8dre. Den allergivennlige 100%-kremen hjelper perfekt med s\u00e5re brystvorter under amming. Kremen gir n\u00e6ring og mykgj\u00f8r huden og hjelper til med \u00e5 helbrede t\u00f8rr og sprukken hud p\u00e5 brystvortene.<\/p>\n<p class=\"font_8\">I produksjonen av denne salven brukes kun \u00f8kologiske og trygge ingredienser, hypoallergenisk lanolin og triglyserin, som begge er trygge for mennesker. Brystvortesalven inneholder ingen parfyme, fargestoffer eller konserveringsmidler. Brystvortesalven trenger ikke fjernes f\u00f8r du begynner \u00e5 amme. Den er 100% trygg for mor og barn.<\/p>\n<p class=\"font_8\">LANACare lanolinsalve kan ogs\u00e5 brukes til andre hudproblemer. Den er ideell for \u00e5 reparere t\u00f8rr hud eller bleieutslett, for eksempel.<\/p>\n<h5 class=\"font_4\">LANACare ammeinnlegg<\/h5>\n<p class=\"font_8\">LANACare ammeputer i ull er utviklet av LANACare spesielt for ammende m\u00f8dre. De gir de beste forutsetninger for en vellykket og langvarig ammeperiode.<\/p>\n<p class=\"font_8\">Ullkompressene er ekstremt myke og behagelige, og holder brystene varme og komfortable. Ullens naturlige varme stimulerer blodsirkulasjonen og gir lindring under amming. Merinoullen absorberer fuktighet uten \u00e5 f\u00f8les v\u00e5t og kald.<\/p>\n<p class=\"font_8\">Ammeinnleggene fra LanaCare inneholder naturlig lanolin, som lindrer s\u00e5re brystvorter og har antibakterielle egenskaper. Det anbefales \u00e5 bruke en st\u00f8rrelse som dekker hele brystet. Ammeinnleggene kan brukes hele \u00e5ret. Selv om sommeren!<\/p>\n<div id=\"comp-knyogau5\" class=\"_1Q9if\" data-testid=\"richTextElement\">\n<h5 class=\"font_4\">Fordeler med ammeinnlegg i ull:<\/h5>\n<ul class=\"font_8\">\n<li>\n<p class=\"font_8\">De fleste kvinner trenger bare 2-3 par under hele ammeperioden. S\u00e5 dette er b\u00e5de \u00f8konomisk, b\u00e6rekraftig og milj\u00f8vennlig!<\/p>\n<\/li>\n<li>\n<p class=\"font_8\">Ull absorberer fuktighet og holder huden t\u00f8rr og behagelig, selv i varmt klima. Ammeinnleggene f\u00f8les t\u00f8rre n\u00e5r de er fuktige, og de blir ikke kalde som ammeinnlegg av bomull eller papir.<\/p>\n<\/li>\n<li>\n<p class=\"font_8\">Huden holdes t\u00f8rr og kan puste, slik at s\u00e5re brystvorter kan leges.<\/p>\n<\/li>\n<li>\n<p class=\"font_8\">Ettersom ammeinnleggene fra LANACare inneholder lanolin, er bruk av LanaCare brystvortesalve en perfekt kombinasjon for \u00e5 behandle \u00f8mme brystvorter.<\/p>\n<\/li>\n<li>\n<p class=\"font_8\">Skandinaviske f\u00f8dselsleger og jordm\u00f8dre har i \u00e5rhundrer r\u00e5det m\u00f8dre til \u00e5 holde brystene varme for \u00e5 forebygge tilstoppede melkeganger og mastitt (brystbetennelse).<\/p>\n<\/li>\n<li>\n<p class=\"font_8\">De st\u00f8rre st\u00f8rrelsene gir beskyttende dekning av hele brystet. Kanten p\u00e5 denne st\u00f8rrelsen brystbeskyttere faller lenger ned over brystet, slik at de blir usynlige under kl\u00e6rne.<\/p>\n<\/li>\n<\/ul>\n<\/div>\n<div id=\"comp-knyoktft\" class=\"_1Q9if\" data-testid=\"richTextElement\">\n<h5 class=\"font_2\">Kvalitet<\/h5>\n<p class=\"font_8\">Ullen som velges ut til LanaCare-produktene, behandles med spesiell forsiktighet. Vi bruker kun ull som oppfyller de h\u00f8yeste europeiske milj\u00f8kravene. Regelmessige tester beviser at ullen v\u00e5r er fri for skadelige stoffer. Beitemarkene der sauene beiter, er fri for kunstgj\u00f8dsel og spr\u00f8ytemidler, og det brukes ingen sterke kjemikalier til \u00e5 vaske ullen. Bare den mykeste merinoullen brukes til LANACare-produktene.<\/p>\n<h5><strong>Pleie av pleieputene<\/strong><\/h5>\n<h5><strong>Vask<\/strong><\/h5>\n<p>H\u00e5ndvask i lunkent vann med LANACare Lanolin Soap for \u00e5 fylle p\u00e5 ullens lanolininnhold. B\u00e5de kaldt og varmt vann kan skremme ullfibrene, slik at de filtrer og\/eller krymper. Varmt vann skyller ogs\u00e5 lanolinet ut av ullen. Bruk akkurat s\u00e5 mye lanolins\u00e5pe at vannet skummer litt. Flytt putene forsiktig ned i vannet, og la dem deretter ligge i vannet i 5-10 minutter.<\/p>\n<h5><strong>Spoler<\/strong><\/h5>\n<p>Skyll med lunkent vann. Bruk alltid lunkent vann n\u00e5r du vasker og skyller ull. Kaldt vann kan skremme ullfibrene og f\u00f8re til at ullen krymper og\/eller filtrer.<\/p>\n<h5><strong>T\u00f8rking<\/strong><\/h5>\n<p>Legg eller rull ammeinnleggene i et h\u00e5ndkle, og press ut overfl\u00f8dig vann. Rist ammeinnleggene raskt og kraftig for \u00e5 gjenvinne form og elastisitet. Legg ammeinnleggene til t\u00f8rk, gjerne over en mild varmekilde.<\/p>\n<h5 class=\"font_8\"><span class=\"wixGuard\">\u200b<\/span>Sertifikater<\/h5>\n<p class=\"font_8\">LanaCare bruker kun sertifisert, kjemisk ubehandlet \u00f8kologisk ull.<\/p>\n<p class=\"font_8\">LanaCare-ull har det internasjonale Oeko-Tex-sertifikatet utstedt av den sveitsiskbaserte International Association for Research and Testing in Textile Ecology (Oeko-Tex), og nylig ogs\u00e5 KbT-sertifikatet. Dette sertifikatet tildeles hvis beitemarkene der sauene beiter, er fri for kunstgj\u00f8dsel og spr\u00f8ytemidler, og hvis det ikke brukes sterke kjemikalier til \u00e5 vaske ullen. Ullen er like ren p\u00e5 sauene v\u00e5re som den senere vil v\u00e6re i kl\u00e6rne til babyen din.<\/p>\n<h5 class=\"font_8\"><span class=\"wixGuard\">\u200b<\/span>LANACares produkter har f\u00f8lgende internasjonale sertifikater:<\/h5>\n<p class=\"font_8\">- GOTS - Global Organic Textile Standard Global Organic Textile Standard (GOTS) er anerkjent som den ledende behandlingsstandarden for tekstiler laget av \u00f8kologiske fibre over hele verden. Standarden definerer milj\u00f8kriterier p\u00e5 h\u00f8yt niv\u00e5 langs hele forsyningskjeden for \u00f8kologiske tekstiler, og krever ogs\u00e5 at sosiale kriterier overholdes.<\/p>\n<p class=\"font_8\">- IVN BEST og KBT - Naturtextil IVN-sertifisert BEST Dette kvalitetsstempelet, som er velkjent i Europa, setter i dag den strengeste \u00f8kologiske standarden for tekstilproduksjon p\u00e5 det h\u00f8yeste tekniske niv\u00e5et som er mulig \u00e5 oppn\u00e5.<br \/>\nBEST gjenspeiler standardene for milj\u00f8vennlige tekstiler som er utviklet av International Association of Natural Textile Industry (IVN) siden 1990, og vurderer hele tekstilproduksjonskjeden med hensyn til b\u00e5de \u00f8kologiske standarder og sosialt ansvar.<\/p>\n<p class=\"font_8\">- IVN Best overg\u00e5r GOTS-standarden, som tillater opptil 30% ikke-\u00f8kologiske fibre. Produksjon under IVN oppfyller GOTS-standarden. Bruk av IVN-merket krever medlemskap og sertifisering i henhold til IVNs standarder.<\/p>\n<p class=\"font_8\">- Ullen i IVNs forsyningskjedeprogrammer kommer fra sertifiserte \u00f8kologiske husdyr (ogs\u00e5 kjent som kbT).<\/p>\n<p class=\"font_8\">- Sauene ble ikke muleset - en sv\u00e6rt kritisert m\u00e5te \u00e5 \u2018vaksinere\u2019 sauene p\u00e5 i Australia.<\/p>\n<p class=\"font_8\">- LANAcare Brystkrem har f\u00e5tt A-merket av den danske forbrukerorganisasjonen, da det ikke ble funnet noen problematiske kjemikalier i kremen.<\/p>\n<\/div>\n<div id=\"comp-knyoha3p\" class=\"_1Q9if\" data-testid=\"richTextElement\">\n<h5 class=\"font_2\">LANACares historie<\/h5>\n<p class=\"font_8\">LANACare ble grunnlagt av den danske sykepleieren Jeannette Almstr\u00f8m i Danmark i 1990. Som trebarnsmor utviklet Jeannette Almstr\u00f8m en serie produkter for m\u00f8dre og spedbarn i \u00f8kologisk, ren merinoull. Hennes bakgrunn som sykepleier og utdannelse innen tekstil og design viste seg \u00e5 v\u00e6re en perfekt kombinasjon av ferdigheter. Alle produktene fra LANACare er designet for \u00e5 fremme helse og velv\u00e6re for mor og barn, og gir den beroligende komforten og pustevarmen som bare ren ull kan gi.<\/p>\n<p class=\"font_8\"><span class=\"wixGuard\">\u200b<\/span>I dag ledes alle LANACares aktiviteter av Jeannette Almtr\u00f8m selv, som brenner for \u00e5 finne nye og b\u00e6rekraftige materialer som kan brukes i nye produkter som ikke bare fremmer den enkeltes helse, men ogs\u00e5 v\u00e5r egen jord.<\/p>\n<p class=\"font_8\"><span class=\"wixGuard\">\u200b<\/span>I \u00e5renes l\u00f8p har LANACares produksjons- og distribusjonsvolum utviklet seg enormt. Produktene selges n\u00e5 i 28 land over hele verden.<\/p>\n<\/div>","protected":false},"excerpt":{"rendered":"<p class=\"font_0\">Amming er den beste maten for barnet ditt. Det beskytter barnet ditt mot sykdommer og er ogs\u00e5 bra for helsen din. For eksempel hjelper det deg med \u00e5 komme raskt opp i vekt igjen.<\/p>","protected":false},"featured_media":5504,"comment_status":"closed","ping_status":"closed","template":"","meta":{"_acf_changed":false},"product_brand":[],"product_cat":[349,360,363,353,225],"product_tag":[372],"class_list":{"0":"post-6258","1":"product","2":"type-product","3":"status-publish","4":"has-post-thumbnail","6":"product_cat-borstvoedingenvoedingskussens","7":"product_cat-cadeautips","8":"product_cat-cadeaus-e25-e50","9":"product_cat-lanacare","10":"product_cat-tepelzalf-zoogcompressen","11":"product_tag-populair","12":"pa_maat-zoogcompres-l-22cm","13":"pa_maat-zoogcompres-m-18cm","14":"pa_maat-zoogcompres-mini-10cm","15":"pa_maat-zoogcompres-s-15cm","16":"pa_maat-zoogcompres-xs-12cm","18":"first","19":"instock","20":"taxable","21":"shipping-taxable","22":"purchasable","23":"product-type-variable"},"acf":[],"_links":{"self":[{"href":"https:\/\/woolskins.eu\/nb\/wp-json\/wp\/v2\/product\/6258","targetHints":{"allow":["GET"]}}],"collection":[{"href":"https:\/\/woolskins.eu\/nb\/wp-json\/wp\/v2\/product"}],"about":[{"href":"https:\/\/woolskins.eu\/nb\/wp-json\/wp\/v2\/types\/product"}],"replies":[{"embeddable":true,"href":"https:\/\/woolskins.eu\/nb\/wp-json\/wp\/v2\/comments?post=6258"}],"wp:featuredmedia":[{"embeddable":true,"href":"https:\/\/woolskins.eu\/nb\/wp-json\/wp\/v2\/media\/5504"}],"wp:attachment":[{"href":"https:\/\/woolskins.eu\/nb\/wp-json\/wp\/v2\/media?parent=6258"}],"wp:term":[{"taxonomy":"product_brand","embeddable":true,"href":"https:\/\/woolskins.eu\/nb\/wp-json\/wp\/v2\/product_brand?post=6258"},{"taxonomy":"product_cat","embeddable":true,"href":"https:\/\/woolskins.eu\/nb\/wp-json\/wp\/v2\/product_cat?post=6258"},{"taxonomy":"product_tag","embeddable":true,"href":"https:\/\/woolskins.eu\/nb\/wp-json\/wp\/v2\/product_tag?post=6258"}],"curies":[{"name":"wp","href":"https:\/\/api.w.org\/{rel}","templated":true}]}}