{"id":6242,"date":"2021-09-01T12:48:54","date_gmt":"2021-09-01T12:48:54","guid":{"rendered":"https:\/\/woolskins.eu\/eco-baby-care-essential-3"},"modified":"2026-05-15T11:01:44","modified_gmt":"2026-05-15T11:01:44","slug":"oko-babypleie-viktig-3","status":"publish","type":"product","link":"https:\/\/woolskins.eu\/nb\/eco-baby-care-essential-3\/","title":{"rendered":"Saueskinn til barnevogn - Essential (Medisinsk)"},"content":{"rendered":"<p>Dette Eco Baby-Care-lammeskinnet er spesialtilpasset for bruk i barnevognen, vuggen, bilstolen eller Moses-kurven. Veldig behagelig p\u00e5 farten og hjemme. Ideelt for lange ferieturer til varme land. Det er ekstremt behagelig fordi det puster og absorberer svette umiddelbart uten at babyen f\u00f8ler seg v\u00e5t\/klam.<\/p>\n<p>- St\u00f8rrelse 75 x 45 cm, pels 2 cm.<br \/>\n- Hakk for sikkerhetsstropper 3 og 5 punkt.<br \/>\n- Medisinsk garvet.<br \/>\n- Myk og kompakt pels.<br \/>\n- Kan vaskes og t\u00f8rkes i maskin.<br \/>\n- Lett \u00e5 vedlikeholde.<\/p>\n<h5 class=\"Text1234883549__root Text1234883549---typography-11-runningText Text1234883549---priority-7-primary s8gg2 _2UIKs InfoSectionTitle3095652555__root\" aria-hidden=\"false\" data-hook=\"info-section-title\">Komfortabel reise<\/h5>\n<div class=\"rah-static rah-static--height-auto\" aria-hidden=\"false\">\n<div>\n<div class=\"_1yvxJ fggS- cell\">\n<div class=\"WncCi NTPd3\" data-hook=\"info-section-description\">\n<p>Ullfibre puster og har evnen til \u00e5 fungere som en naturlig termostat som regulerer kroppstemperaturen? Dette hjelper babyen din med \u00e5 opprettholde en stabil temperatur og holder babyen t\u00f8rr og komfortabel. Dette skjer \u2018dynamisk\u2019, det vil si n\u00e5r det er behov for det, og ikke n\u00e5r det ikke er behov for det. Varm om vinteren og kj\u00f8lig om sommeren.<\/p>\n<\/div>\n<\/div>\n<\/div>\n<\/div>\n<p>Woolskins Baby-Care-frakker har en kortere pels som gj\u00f8r dem babysikre. De egner seg fra f\u00f8dselen av, og fordi de er behandlet p\u00e5 en milj\u00f8vennlig m\u00e5te, sk\u00e5ner de b\u00e5de de sm\u00e5 og planeten. Hjemme eller p\u00e5 farten skaper du et komfortabelt milj\u00f8 der den lille f\u00f8ler seg glad og avslappet. Pakket \u2018gaveklar\u2019 med personlig hilsen som standard.<\/p>\n<h5><b>Kjennetegn Essensiell pels<\/b><\/h5>\n<p><span style=\"font-weight: 400;\">Dette saueskinnet fra Baby-Care kommer fra den engelske sauen. Det er et veldig mykt og kompakt skinn og v\u00e5r TIP! Som alle v\u00e5re andre ullfeller puster ullfibrene. Dette hjelper babyen din med \u00e5 opprettholde en stabil temperatur og holder babyen t\u00f8rr og komfortabel. Kj\u00f8lig om sommeren og varm om vinteren.<\/span><\/p>\n<h5><b>Milj\u00f8vennlig<\/b><\/h5>\n<p><span style=\"font-weight: 400;\">Alle midler som brukes i garving og etterbehandling, er i samsvar med viktige EU-direktiver om bevaring og beskyttelse av milj\u00f8et.<\/span><\/p>\n<p><span style=\"font-weight: 400;\">Frakkene v\u00e5re garves i henhold til REACH-regelverket, som er vedtatt for \u00e5 forbedre beskyttelsen av menneskers helse og milj\u00f8et mot risikoen som kjemikalier kan utgj\u00f8re, og samtidig \u00f8ke konkurranseevnen til EUs kjemiske industri. Ingen AZO-fargestoffer brukes i produksjonen.<\/span><\/p>\n<p><span style=\"font-weight: 400;\">\u00d8KO-PRODUKTER - skinnene er milj\u00f8vennlige skinn, og behandlingen og behandlingen er trygg for voksne og barn. Skinnene er biologisk nedbrytbare og \u00f8kologiske.<\/span><\/p>\n<p><span style=\"font-weight: 400;\">Woolskins selger ikke ull fra sauer som har blitt Mulesed! Mulesing brukes ikke p\u00e5 europeiske sauer fordi parasitten som gj\u00f8r at b\u00f8ndene bruker Mulesing, ikke finnes i Europa.<\/span><\/p>\n<h5><b>Magesovere ... v\u00e6r oppmerksom!<\/b><\/h5>\n<p><span style=\"font-weight: 400;\">Sm\u00e5 barn som sover p\u00e5 magen de f\u00f8rste 12 m\u00e5nedene, b\u00f8r av sikkerhetsmessige \u00e5rsaker ikke sove p\u00e5 noe mykt, da dette kan v\u00e6re farlig. Vi anbefaler derfor \u00e5 bruke Woolskins-pelsen med omhu! V\u00e6r alltid oppmerksom n\u00e5r barnet ditt ligger eller sover p\u00e5 magen, og s\u00f8rg for at barnet er under oppsyn hele tiden.<\/span><\/p>\n<p>&nbsp;<\/p>","protected":false},"excerpt":{"rendered":"<p><strong>Mykt og naturlig saueskinn til babyer - Woolskins<br \/>\n<\/strong><br \/>\nGi babyen din det aller beste med denne europeiske saueskinnsfleecen av h\u00f8y kvalitet fra Woolskins. Fleece er spesielt kortklippet for babyens sikkerhet og er ideelt for bruk i for eksempel barnevogn, Maxi-Cosi eller Moses-kurv. Den har praktiske \u00e5pninger for 5-punktsselen, slik at du kan sikre babyen trygt uten \u00e5 miste komforten. Den naturlige ullen holder babyen komfortabel gjennom temperaturregulering, mens det allergivennlige materialet er sk\u00e5nsomt mot sensitiv hud. I tillegg har pelsen en beroligende effekt som gj\u00f8r at babyen f\u00f8ler seg avslappet p\u00e5 turen eller hjemme. Holdbar og lettstelt, slik at du kan ha glede av den i lang tid. Les mer i produktinformasjonen nedenfor.<\/p>\n<p><strong>Merke: Woolskins<\/strong><br \/>\n<strong>Land: Polen<\/strong><\/p>","protected":false},"featured_media":9647,"comment_status":"closed","ping_status":"closed","template":"","meta":{"_acf_changed":false},"product_brand":[],"product_cat":[222,354],"product_tag":[],"class_list":{"0":"post-6242","1":"product","2":"type-product","3":"status-publish","4":"has-post-thumbnail","6":"product_cat-buggy-schapenvachtjes","7":"product_cat-woolskins","9":"first","10":"instock","11":"sale","12":"taxable","13":"shipping-taxable","14":"purchasable","15":"product-type-variable","16":"has-default-attributes"},"acf":[],"_links":{"self":[{"href":"https:\/\/woolskins.eu\/nb\/wp-json\/wp\/v2\/product\/6242","targetHints":{"allow":["GET"]}}],"collection":[{"href":"https:\/\/woolskins.eu\/nb\/wp-json\/wp\/v2\/product"}],"about":[{"href":"https:\/\/woolskins.eu\/nb\/wp-json\/wp\/v2\/types\/product"}],"replies":[{"embeddable":true,"href":"https:\/\/woolskins.eu\/nb\/wp-json\/wp\/v2\/comments?post=6242"}],"wp:featuredmedia":[{"embeddable":true,"href":"https:\/\/woolskins.eu\/nb\/wp-json\/wp\/v2\/media\/9647"}],"wp:attachment":[{"href":"https:\/\/woolskins.eu\/nb\/wp-json\/wp\/v2\/media?parent=6242"}],"wp:term":[{"taxonomy":"product_brand","embeddable":true,"href":"https:\/\/woolskins.eu\/nb\/wp-json\/wp\/v2\/product_brand?post=6242"},{"taxonomy":"product_cat","embeddable":true,"href":"https:\/\/woolskins.eu\/nb\/wp-json\/wp\/v2\/product_cat?post=6242"},{"taxonomy":"product_tag","embeddable":true,"href":"https:\/\/woolskins.eu\/nb\/wp-json\/wp\/v2\/product_tag?post=6242"}],"curies":[{"name":"wp","href":"https:\/\/api.w.org\/{rel}","templated":true}]}}