{"id":6221,"date":"2021-09-01T12:48:54","date_gmt":"2021-09-01T12:48:54","guid":{"rendered":"https:\/\/woolskins.eu\/eco-baby-care-merino"},"modified":"2026-05-13T10:38:22","modified_gmt":"2026-05-13T10:38:22","slug":"saueskinn-for-baby-oko-babypleie-merino","status":"publish","type":"product","link":"https:\/\/woolskins.eu\/nb\/schapenvacht-voor-baby-eco-baby-care-merino\/","title":{"rendered":"Saueskinn til baby - Merino Extra Fine (Medisinsk)"},"content":{"rendered":"<p><strong>Beskrivelse<\/strong><\/p>\n<p>Woolskins Baby-Care saueskinn til baby har en kortere pels som gj\u00f8r dem babysikre. De egner seg fra f\u00f8dselen av, og fordi de er behandlet p\u00e5 en milj\u00f8vennlig m\u00e5te, sk\u00e5ner de b\u00e5de de sm\u00e5 og planeten. Hjemme eller p\u00e5 farten kan du skape et komfortabelt milj\u00f8 der den lille f\u00f8ler seg glad og avslappet. Visste du at saueskinn ogs\u00e5 er sunt for barnet ditt?<\/p>\n<p>- Lengde 90-100 cm \/ pels 3 cm.<br \/>\n- Medisinsk garvet.<br \/>\n- Ekstra myk og kompakt pels.<br \/>\n- Kan vaskes og t\u00f8rkes i maskin.<br \/>\n- Lett \u00e5 vedlikeholde.<\/p>\n<p>Bestill en vedlikeholdsb\u00f8rste med for \u00e5 holde pelsen vakker lenge og\/eller f\u00e5 pelsen personalisert med ditt\/deres barns f\u00f8dselsgaver. En vakker og unik gave, eksklusivt tilgjengelig fra Woolskins. Standard gavepakke med personlig hilsen.<\/p>\n<p><strong>Merinof\u00e5rskinnets egenskaper<\/strong><\/p>\n<p>Merinoull\/-pels er kjent for merinosauens finere h\u00e5r og f\u00f8les derfor litt mykere mot huden. H\u00e5rene er finere og tettere pakket sammen, noe som gj\u00f8r pelsen mer kompakt. Som alle v\u00e5re andre ulltyper puster ullfibrene. Dette hjelper babyen din med \u00e5 opprettholde en stabil temperatur og holder babyen t\u00f8rr og komfortabel. Kj\u00f8lig om sommeren og varm om vinteren.<\/p>\n<p><strong>Milj\u00f8vennlig<\/strong><\/p>\n<p>Alle midler som brukes i garving og etterbehandling, er i samsvar med viktige EU-direktiver om bevaring og beskyttelse av milj\u00f8et.<\/p>\n<p>V\u00e5re saueskinn til baby garves i henhold til REACH-regelverket, som er vedtatt for \u00e5 forbedre beskyttelsen av menneskers helse og milj\u00f8et mot risikoen som kjemikalier kan utgj\u00f8re, og samtidig \u00f8ke konkurranseevnen til EUs kjemiske industri. Ingen AZO-fargestoffer brukes i produksjonen.<\/p>\n<p>\u00d8KO-PRODUKTER - skinnene er milj\u00f8vennlige saueskinn, og bearbeiding og behandling er trygg for voksne og barn. Skinnene er biologisk nedbrytbare og \u00f8kologiske.<\/p>\n<p>Woolskins selger ikke saueskinn fra sauer som har blitt muleset! Mulesing brukes ikke p\u00e5 europeiske sauer fordi parasitten som gj\u00f8r at b\u00f8ndene bruker Mulesing, ikke finnes i Europa.<\/p>\n<p><strong>Magesovere ... v\u00e6r oppmerksom!<\/strong><\/p>\n<p>Sm\u00e5 barn som sover p\u00e5 magen de f\u00f8rste 12 m\u00e5nedene, b\u00f8r ikke sove p\u00e5 noe mykt av sikkerhetsmessige \u00e5rsaker, da dette kan v\u00e6re farlig. Derfor anbefaler vi \u00e5 bruke Woolskins saueskinn til baby med omhu! V\u00e6r alltid oppmerksom n\u00e5r barnet ditt ligger eller sover p\u00e5 magen, og s\u00f8rg for at barnet ditt alltid er under oppsyn.<\/p>","protected":false},"excerpt":{"rendered":"<p><strong>Mykt og naturlig saueskinn til babyer - Woolskins<br \/>\n<\/strong><br \/>\nGi babyen din det aller beste med dette europeiske saueskinnsteppet av h\u00f8y kvalitet fra Woolskins. Perfekt som et mykt og behagelig underlag i barnesengen, lekegrinden eller p\u00e5 gulvet. Fleece er laget av myk, naturlig ull som regulerer temperaturen og beskytter babyens f\u00f8lsomme hud. Det har ogs\u00e5 en beroligende effekt som f\u00e5r babyen til \u00e5 f\u00f8le seg avslappet under lek eller hvile. Den er slitesterk og lettstelt, slik at du kan ha glede av den i lang tid. Du finner mer informasjon under produktinformasjonen nedenfor.<\/p>\n<p><strong>Merke: Woolskins<\/strong><br \/>\n<strong>Land: Polen<\/strong><\/p>","protected":false},"featured_media":10531,"comment_status":"open","ping_status":"closed","template":"","meta":{"_acf_changed":false},"product_brand":[],"product_cat":[354,216],"product_tag":[503],"class_list":{"0":"post-6221","1":"product","2":"type-product","3":"status-publish","4":"has-post-thumbnail","6":"product_cat-woolskins","7":"product_cat-schapenvacht-voor-baby","8":"product_tag-schapenvacht-vor-baby","10":"first","11":"instock","12":"sale","13":"taxable","14":"shipping-taxable","15":"purchasable","16":"product-type-variable","17":"has-default-attributes"},"acf":[],"_links":{"self":[{"href":"https:\/\/woolskins.eu\/nb\/wp-json\/wp\/v2\/product\/6221","targetHints":{"allow":["GET"]}}],"collection":[{"href":"https:\/\/woolskins.eu\/nb\/wp-json\/wp\/v2\/product"}],"about":[{"href":"https:\/\/woolskins.eu\/nb\/wp-json\/wp\/v2\/types\/product"}],"replies":[{"embeddable":true,"href":"https:\/\/woolskins.eu\/nb\/wp-json\/wp\/v2\/comments?post=6221"}],"wp:featuredmedia":[{"embeddable":true,"href":"https:\/\/woolskins.eu\/nb\/wp-json\/wp\/v2\/media\/10531"}],"wp:attachment":[{"href":"https:\/\/woolskins.eu\/nb\/wp-json\/wp\/v2\/media?parent=6221"}],"wp:term":[{"taxonomy":"product_brand","embeddable":true,"href":"https:\/\/woolskins.eu\/nb\/wp-json\/wp\/v2\/product_brand?post=6221"},{"taxonomy":"product_cat","embeddable":true,"href":"https:\/\/woolskins.eu\/nb\/wp-json\/wp\/v2\/product_cat?post=6221"},{"taxonomy":"product_tag","embeddable":true,"href":"https:\/\/woolskins.eu\/nb\/wp-json\/wp\/v2\/product_tag?post=6221"}],"curies":[{"name":"wp","href":"https:\/\/api.w.org\/{rel}","templated":true}]}}