{"id":30015,"date":"2026-03-19T14:25:44","date_gmt":"2026-03-19T14:25:44","guid":{"rendered":"https:\/\/woolskins.eu\/?post_type=product&#038;p=30015"},"modified":"2026-03-20T12:44:56","modified_gmt":"2026-03-20T12:44:56","slug":"wollen-baby-winterpak-teddy-amandel","status":"publish","type":"product","link":"https:\/\/woolskins.eu\/nb\/wollen-baby-winterpak-teddy-amandel\/","title":{"rendered":"Wollen Baby Winterpak | Teddy Amandel"},"content":{"rendered":"<p>Dette produktet er blant annet merket med Safe for Children og Woolmark. Denne vinterdressen brukes utenp\u00e5 kl\u00e6rne, s\u00e5 husk det n\u00e5r det gjelder riktig st\u00f8rrelse.<\/p>\n<p>- 100% elastisk ny ull, Woolmark-merket.<br \/>\n- Integrerte votter og f\u00f8tter i erme og ben.<br \/>\n- \u00c5pningen strekker seg inn i r\u00f8ret.<br \/>\n- Se \u2018St\u00f8rrelser i centimeter\u2019 for riktig st\u00f8rrelse i cm.<\/p>\n<p>V\u00e5re Eco Wool-vinterdresser er perfekte for de minste takket v\u00e6re ullfibrenes naturlige egenskaper. De puster og har evnen til \u00e5 fungere som en naturlig termostat som regulerer kroppstemperaturen? Dette hjelper babyen din med \u00e5 opprettholde en stabil temperatur og holder babyen t\u00f8rr og komfortabel.<\/p>\n<p data-start=\"63\" data-end=\"427\"><strong data-start=\"63\" data-end=\"83\">Vaskeinstruksjoner<\/strong><\/p>\n<p data-start=\"63\" data-end=\"427\">For \u00e5 holde teddystoffet i ull fint og mykt, anbefaler vi h\u00e5ndvask ved maks. 30 \u00b0C. V\u00e6r forsiktig og bruk et mildt ullvaskemiddel. Unng\u00e5 blekemiddel, stryking, t\u00f8rketrommel og sentrifugering. La stoffet t\u00f8rke flatt for \u00e5 bevare formen. Renseri er ogs\u00e5 mulig.<\/p>\n<p data-start=\"429\" data-end=\"552\">\u2728 <strong data-start=\"431\" data-end=\"439\">Tips:<\/strong> Ull trenger ikke \u00e5 vaskes ofte. En rask lufting ute er ofte nok til \u00e5 holde stoffet friskt.<\/p>\n<p data-start=\"554\" data-end=\"817\">\ud83c\udf3f <strong data-start=\"557\" data-end=\"588\">Hvorfor ull er spesielt: <\/strong>Ull er naturlig selvrensende og smussavvisende. Lukt forsvinner bare ved \u00e5 lufte stoffet, og smuss fester seg ikke like lett som i andre materialer. Dermed holder ullstoffet seg friskt lenger, uten mye vedlikehold.<\/p>\n<h5 class=\"Text1893342656__root Text1893342656---typography-11-runningText Text1893342656---priority-7-primary s8gg2 _2UIKs InfoSectionTitle3095652555__root\" aria-hidden=\"false\" data-hook=\"info-section-title\">St\u00f8rrelser i centimeter<\/h5>\n<div class=\"rah-static rah-static--height-auto\" aria-hidden=\"false\">\n<div>\n<div class=\"_1yvxJ fggS- cell\">\n<div class=\"WncCi\" data-hook=\"info-section-description\">\n<p>St\u00f8rrelse: 0-6 m\u00e5neder Lengde: 60 cm (skulder til bunn) Bredde: 30 cm (ved armhulen).<br \/>\nSt\u00f8rrelse: 6-18 m\u00e5neder Lengde: 68 cm (fra skulder til bunn) Bredde: 33 cm (ved armhulen).<\/p>\n<\/div>\n<\/div>\n<\/div>\n<\/div>","protected":false},"excerpt":{"rendered":"<p>Denne elastiske vinterdressen i ull er veldig behagelig og varm. Laget av 100%-ull for en ekstra glad baby. Den s\u00f8rger for at babyen din er klar til \u00e5 g\u00e5 ut. \u00c5pningen g\u00e5r langt nok til at du enkelt kan f\u00e5 babyen inn og ut. Takket v\u00e6re de praktiske dekslene p\u00e5 hender og f\u00f8tter blir ikke barnet kaldt. Denne dressen passer b\u00e5de v\u00e5r, vinter og h\u00f8st. Takket v\u00e6re ullens absorberende egenskaper svetter ikke barnet ditt s\u00e5 lett. (Bildene er av den beige versjonen).<\/p>\n<p><strong>Merke: Woolskins<\/strong><br \/>\n<strong>Produksjon: Polen<\/strong><\/p>","protected":false},"featured_media":30021,"comment_status":"closed","ping_status":"closed","template":"","meta":{"_acf_changed":false},"product_brand":[],"product_cat":[200,499,196,344,319,463,194],"product_tag":[],"class_list":{"0":"post-30015","1":"product","2":"type-product","3":"status-publish","4":"has-post-thumbnail","6":"product_cat-wollen-babykleding","7":"product_cat-new-arrivals","8":"product_cat-slaapkleding-baby","9":"product_cat-kleertjes","10":"product_cat-pakjes-en-jasjes","11":"product_cat-winterpak","12":"product_cat-wollen-babyproducten","13":"pa_maat-0-6-maanden","14":"pa_maat-6-18-maanden","16":"first","17":"instock","18":"taxable","19":"shipping-taxable","20":"purchasable","21":"product-type-variable"},"acf":[],"_links":{"self":[{"href":"https:\/\/woolskins.eu\/nb\/wp-json\/wp\/v2\/product\/30015","targetHints":{"allow":["GET"]}}],"collection":[{"href":"https:\/\/woolskins.eu\/nb\/wp-json\/wp\/v2\/product"}],"about":[{"href":"https:\/\/woolskins.eu\/nb\/wp-json\/wp\/v2\/types\/product"}],"replies":[{"embeddable":true,"href":"https:\/\/woolskins.eu\/nb\/wp-json\/wp\/v2\/comments?post=30015"}],"wp:featuredmedia":[{"embeddable":true,"href":"https:\/\/woolskins.eu\/nb\/wp-json\/wp\/v2\/media\/30021"}],"wp:attachment":[{"href":"https:\/\/woolskins.eu\/nb\/wp-json\/wp\/v2\/media?parent=30015"}],"wp:term":[{"taxonomy":"product_brand","embeddable":true,"href":"https:\/\/woolskins.eu\/nb\/wp-json\/wp\/v2\/product_brand?post=30015"},{"taxonomy":"product_cat","embeddable":true,"href":"https:\/\/woolskins.eu\/nb\/wp-json\/wp\/v2\/product_cat?post=30015"},{"taxonomy":"product_tag","embeddable":true,"href":"https:\/\/woolskins.eu\/nb\/wp-json\/wp\/v2\/product_tag?post=30015"}],"curies":[{"name":"wp","href":"https:\/\/api.w.org\/{rel}","templated":true}]}}