{"id":29670,"date":"2026-02-19T14:59:30","date_gmt":"2026-02-19T14:59:30","guid":{"rendered":"https:\/\/woolskins.eu\/?post_type=product&#038;p=29670"},"modified":"2026-03-14T22:33:28","modified_gmt":"2026-03-14T22:33:28","slug":"wollen-wiegdeken-babydeken-rosebeige","status":"publish","type":"product","link":"https:\/\/woolskins.eu\/nb\/wollen-wiegdeken-babydeken-rosebeige\/","title":{"rendered":"Wollen Wiegdeken \/ Babydeken &#8211; Thumbled | Ros\u00e9beige"},"content":{"rendered":"<p>Onze Wollen Wiegdekens zijn zeer geschikt voor de allerkleinste dankzij de natuurlijke eigenschappen van wolvezels. Deze ademen en hebben de eigenschap op te treden als een natuurlijke thermostaat die de lichaamstemperatuur reguleert? Dit helpt je baby in het onderhouden van een stabiele temperatuur en houdt je baby droog en comfortabel. Het doet dit \u2018dynamisch\u2019, wat betekent dat het gebeurt als het nodig is, en niet als het niet nodig is.<\/p>\n<p>- 100% jomfruull (Tumbled) med Woolmark-sertifisering.<br \/>\n- For hjemme og p\u00e5 farten.<br \/>\n- St\u00f8rrelse: 75 x 100 cm og 90 x 130 cm.<br \/>\n- Europeisk produksjon.<br \/>\n- kan vaskes p\u00e5 30 \u00b0C ullvaskesyklus.<\/p>\n<p>Produkter av dunete ull kjennetegnes ved at ullfibrene er l\u00f8se. For \u00e5 minimere fluffighet er det best \u00e5 klappe produktet utenp\u00e5 f\u00f8r bruk.<\/p>\n<p>Dette produktet er blant annet merket med Safe for Children og Woolmark.<\/p>\n<h5>Woolskins Label<\/h5>\n<p>Etter flere \u00e5rs vellykket samarbeid med Alwero er vi stolte av \u00e5 kunne kunngj\u00f8re at vi n\u00e5 f\u00f8rer produktene v\u00e5re under v\u00e5rt eget Woolskins-merke.<\/p>\n<p>P\u00e5 denne m\u00e5ten f\u00e5r du fortsatt den beste kvaliteten, men kombinert med de s\u00f8teste og mest unike produktene og designene.<\/p>\n<p>Kvaliteten p\u00e5 stoffene og fargene er som den alltid har v\u00e6rt, men n\u00e5 er det bare et st\u00f8rre utvalg av hva Woolskins mener de kan skille seg ut med.<\/p>\n<p>V\u00e5r brede kolleksjon er s\u00e5 like at de er et flott tillegg til ethvert babyantrekk, laget av 100% europeisk ull som puster og passer til alle \u00e5rstider.<\/p>\n<p>Vi g\u00e5r entusiastisk sammen for \u00e5 skape et b\u00e6rekraftig, naturlig og s\u00e5 komfortabelt produkt som mulig for barnet ditt.<\/p>","protected":false},"excerpt":{"rendered":"<p>Barnet ditt vil sove og dr\u00f8mme under dette behagelige ullvuggeteppet laget av 100%-ull. Vuggeteppet i ull er smidig og veldig mykt og er avsluttet med en teppes\u00f8m. De har et vakkert og luksuri\u00f8st utseende og h\u00f8rer hjemme i ethvert babyantrekk. Ullpleddene puster og tilpasser seg babyens temperatur med en gang. De har den ideelle st\u00f8rrelsen og vekten for \u00e5 sove under eller leke p\u00e5. Bruk det hjemme eller p\u00e5 farten for \u00e5 holde barnet varmt. Teppet passer til alle \u00e5rstider og er en perfekt gave til babyshower eller barselsbes\u00f8k.<\/p>\n<p><strong>Merke: Woolskins<\/strong><br \/>\n<strong>Produksjon: Polen<\/strong><\/p>","protected":false},"featured_media":29673,"comment_status":"closed","ping_status":"closed","template":"","meta":{"_acf_changed":false},"product_brand":[],"product_cat":[361,360,363,364,499,196,318,194],"product_tag":[],"class_list":{"0":"post-29670","1":"product","2":"type-product","3":"status-publish","4":"has-post-thumbnail","6":"product_cat-babyshower","7":"product_cat-cadeautips","8":"product_cat-cadeaus-e25-e50","9":"product_cat-cadeaus-vanaf-e50","10":"product_cat-new-arrivals","11":"product_cat-slaapkleding-baby","12":"product_cat-wollen-wiegdeken-ledikantdeken","13":"product_cat-wollen-babyproducten","14":"pa_maat-75-x-100-cm","15":"pa_maat-90-x-130-cm","17":"first","18":"instock","19":"taxable","20":"shipping-taxable","21":"purchasable","22":"product-type-variable"},"acf":[],"_links":{"self":[{"href":"https:\/\/woolskins.eu\/nb\/wp-json\/wp\/v2\/product\/29670","targetHints":{"allow":["GET"]}}],"collection":[{"href":"https:\/\/woolskins.eu\/nb\/wp-json\/wp\/v2\/product"}],"about":[{"href":"https:\/\/woolskins.eu\/nb\/wp-json\/wp\/v2\/types\/product"}],"replies":[{"embeddable":true,"href":"https:\/\/woolskins.eu\/nb\/wp-json\/wp\/v2\/comments?post=29670"}],"wp:featuredmedia":[{"embeddable":true,"href":"https:\/\/woolskins.eu\/nb\/wp-json\/wp\/v2\/media\/29673"}],"wp:attachment":[{"href":"https:\/\/woolskins.eu\/nb\/wp-json\/wp\/v2\/media?parent=29670"}],"wp:term":[{"taxonomy":"product_brand","embeddable":true,"href":"https:\/\/woolskins.eu\/nb\/wp-json\/wp\/v2\/product_brand?post=29670"},{"taxonomy":"product_cat","embeddable":true,"href":"https:\/\/woolskins.eu\/nb\/wp-json\/wp\/v2\/product_cat?post=29670"},{"taxonomy":"product_tag","embeddable":true,"href":"https:\/\/woolskins.eu\/nb\/wp-json\/wp\/v2\/product_tag?post=29670"}],"curies":[{"name":"wp","href":"https:\/\/api.w.org\/{rel}","templated":true}]}}