{"id":28123,"date":"2025-12-16T11:59:00","date_gmt":"2025-12-16T11:59:00","guid":{"rendered":"https:\/\/woolskins.eu\/?post_type=product&#038;p=28123"},"modified":"2026-01-07T15:02:02","modified_gmt":"2026-01-07T15:02:02","slug":"lucky-heart-merenque-lemon","status":"publish","type":"product","link":"https:\/\/woolskins.eu\/nb\/lucky-heart-merenque-lemon\/","title":{"rendered":"Lucky Heart | Whisper"},"content":{"rendered":"<p><strong>Om Mischa Hendriksen<\/strong><\/p>\n<p>Mischa ble f\u00f8dt inn i en kunstnerisk familie. Fra tidlig alder var han omgitt av kunst. Faren malte, moren var skulpt\u00f8r og s\u00f8steren jobbet med grafikk. Det var derfor ingen overraskelse at Mischa selv ville satse p\u00e5 en kreativ karriere.<\/p>\n<p class=\"font_8\"><span class=\"wixGuard\">\u200b<\/span>Han startet sin karriere som profesjonell danser. Han reiste verden rundt med ulike dansekompanier og n\u00f8t adrenalinet og uttrykket i dansen. Etter 14 \u00e5r bestemte han seg imidlertid for at det var p\u00e5 tide med en ny utfordring.<\/p>\n<p class=\"font_8\"><span class=\"wixGuard\">\u200b<\/span>Mischa endte opp i den internasjonale kunstbransjen. Med base i Amsterdam jobbet han med gallerier og samlere over hele verden, og l\u00e6rte alt om kunstmarkedet og kunsten i seg selv. Han ble fascinert av kunstens evne til \u00e5 ber\u00f8re og inspirere mennesker.<\/p>\n<p class=\"font_8\"><span class=\"wixGuard\">\u200b<\/span>Etter \u00e5 ha v\u00e6rt aktiv i kunstbransjen i 20 \u00e5r, begynte han \u00e5 male. Han hadde alltid hatt en lidenskap for \u00e5 male, men aldri hatt tid til det. N\u00e5 som han fikk mer tid, kunne han endelig vie seg fullt og helt til kunsten sin.<\/p>\n<p class=\"font_8\">Maleriene hans er abstrakte og fargerike. De utstr\u00e5ler en f\u00f8lelse av fred og ro. Han bruker kunsten sin til \u00e5 hjelpe folk til \u00e5 flykte fra hverdagens kjas og mas. Han \u00f8nsker at folk skal finne et \u00f8yeblikk av fred og kontemplasjon i maleriene hans.<\/p>\n<p class=\"font_8\"><span class=\"wixGuard\">\u200b<\/span>Mischa er en unik kunstner med en interessant bakgrunn. Han har hatt en lang og vellykket karriere i danse- og kunstbransjen, og n\u00e5 fokuserer han fullt og helt p\u00e5 maleriet. Han skaper vakre, abstrakte malerier som utstr\u00e5ler en f\u00f8lelse av fred og ro.<\/p>\n<p><a href=\"https:\/\/woolskins.wixstudio.io\/mijnsite-1\" target=\"_blank\" rel=\"noopener\">Vis nettsted<\/a><\/p>\n<p>&nbsp;<\/p>","protected":false},"excerpt":{"rendered":"<div id=\"\" class=\"brz-css-f1nL7 brz-wrapper\">\n<div class=\"brz-rich-text brz-rich-text__custom brz-css-bQsg8\" data-brz-custom-id=\"huusIuGBka_T\">\n<div data-brz-translate-text=\"1\">\n<p>Met dit unieke Artwork Gift geef je een stukje van je hart, een tastbare uitdrukking van liefde, dankbaarheid en verbinding. Een Lucky Heart is speciaal ontworpen om momenten in het leven te markeren die er \u00e9cht toe doen, momenten die je voor altijd wilt koesteren.<\/p>\n<p>Dit kunstwerk wordt vaak gegeven ter viering van de geboorte van een kind, als symbool van bescherming, liefde en een prachtig begin. Maar een Lucky Heart is net zo waardevol wanneer het wordt gegeven aan iemand die jouw leven heeft geraakt, iemand van wie je houdt, iemand die jou heeft gesteund, of iemand die je gewoon vanuit je hart wilt bedanken.<\/p>\n<p>Elk Lucky Heart symboliseert een boodschap van liefde, bescherming en oprechte verbondenheid. Het draagt zacht de betekenis: je bent geliefd, je bent gekoesterd en je bent nooit alleen.<\/p>\n<p>Een tijdloos aandenken dat liefde en herinnering biedt, dag na dag.<\/p>\n<\/div>\n<\/div>\n<\/div>\n<div id=\"\" class=\"brz-css-f1nL7 brz-wrapper\">\n<div class=\"brz-rich-text brz-rich-text__custom brz-css-bQsg8\" data-brz-custom-id=\"hdkVgQoLd3go\">\n<div data-brz-translate-text=\"1\">\n<p data-uniq-id=\"dctDn\" data-generated-css=\"brz-css-uFYkb\">Kunstner: Mischa Hendriksen<br \/>\nTitel: &#8216;Whisper\u2019<br \/>\nMaat: 20 x 20 cm (7,8 x 7,8 inch)<br \/>\nMedia: 100% Handmade, 3-D art, acrylic on canvas<br \/>\nOplage: Original Artwork<br \/>\nPrice: \u20ac145,- (inclusief lijst)<\/p>\n<\/div>\n<\/div>\n<\/div>","protected":false},"featured_media":28119,"comment_status":"open","ping_status":"closed","template":"","meta":{"_acf_changed":false},"product_brand":[],"product_cat":[500,528],"product_tag":[],"class_list":{"0":"post-28123","1":"product","2":"type-product","3":"status-publish","4":"has-post-thumbnail","6":"product_cat-angel-heart","7":"product_cat-schapenvachten-voor-thuis","9":"first","10":"instock","11":"taxable","12":"shipping-taxable","13":"purchasable","14":"product-type-simple"},"acf":[],"_links":{"self":[{"href":"https:\/\/woolskins.eu\/nb\/wp-json\/wp\/v2\/product\/28123","targetHints":{"allow":["GET"]}}],"collection":[{"href":"https:\/\/woolskins.eu\/nb\/wp-json\/wp\/v2\/product"}],"about":[{"href":"https:\/\/woolskins.eu\/nb\/wp-json\/wp\/v2\/types\/product"}],"replies":[{"embeddable":true,"href":"https:\/\/woolskins.eu\/nb\/wp-json\/wp\/v2\/comments?post=28123"}],"wp:featuredmedia":[{"embeddable":true,"href":"https:\/\/woolskins.eu\/nb\/wp-json\/wp\/v2\/media\/28119"}],"wp:attachment":[{"href":"https:\/\/woolskins.eu\/nb\/wp-json\/wp\/v2\/media?parent=28123"}],"wp:term":[{"taxonomy":"product_brand","embeddable":true,"href":"https:\/\/woolskins.eu\/nb\/wp-json\/wp\/v2\/product_brand?post=28123"},{"taxonomy":"product_cat","embeddable":true,"href":"https:\/\/woolskins.eu\/nb\/wp-json\/wp\/v2\/product_cat?post=28123"},{"taxonomy":"product_tag","embeddable":true,"href":"https:\/\/woolskins.eu\/nb\/wp-json\/wp\/v2\/product_tag?post=28123"}],"curies":[{"name":"wp","href":"https:\/\/api.w.org\/{rel}","templated":true}]}}