{"id":27939,"date":"2025-12-05T11:47:31","date_gmt":"2025-12-05T11:47:31","guid":{"rendered":"https:\/\/woolskins.eu\/?post_type=product&#038;p=27939"},"modified":"2026-03-13T13:55:59","modified_gmt":"2026-03-13T13:55:59","slug":"schapenvacht-voor-baby-natural-spotted-special-edition","status":"publish","type":"product","link":"https:\/\/woolskins.eu\/nb\/schapenvacht-voor-baby-natural-spotted-special-edition\/","title":{"rendered":"Schapenvacht voor baby &#8211; Natural Spotted Special Edition"},"content":{"rendered":"<p>Woolskins Baby-Care saueskinn har en kortere pels som gj\u00f8r dem babysikre. De egner seg fra f\u00f8dselen av, og fordi de er behandlet p\u00e5 en milj\u00f8vennlig m\u00e5te, sk\u00e5ner de b\u00e5de de sm\u00e5 og planeten. Hjemme eller ute skaper du et komfortabelt milj\u00f8 der barnet ditt f\u00f8ler seg lykkelig og avslappet. Visste du at saueskinn ogs\u00e5 er sunt for barnet ditt?<\/p>\n<p>- Lengde 90-100 cm \/ pels 3 cm.<br \/>\n- Myk og kompakt pels.<br \/>\n&#8211; <span style=\"color: #000000;\"><strong>IKKE<\/strong> <\/span>kan vaskes og t\u00f8rkes i maskin.<br \/>\n- Lett \u00e5 vedlikeholde.<\/p>\n<p>Bestill en vedlikeholdsb\u00f8rste med for \u00e5 holde pelsen vakker lenge og\/eller f\u00e5 pelsen personalisert med ditt\/deres barns f\u00f8dselsgaver. En vakker og unik gave, eksklusivt tilgjengelig fra Woolskins. Standard gavepakke med personlig hilsen.<\/p>\n<p><strong>Utstyrt med komfortabelt saueskinn<\/strong><\/p>\n<p>Dette saueskinnet fra Baby-Care kommer fra den engelske sauen. Det er et veldig mykt og vakkert kompakt skinn. Denne Comfort-pelsen er \u2018det\u2019 saueskinnet vi kjenner fra f\u00f8r, vi har bare barbert det til en kort lengde. Det er mye tryggere. Som alle v\u00e5re andre skinn, puster ullfibrene. Dette hjelper babyen din med \u00e5 opprettholde en stabil temperatur og holder babyen t\u00f8rr og komfortabel. Kj\u00f8lig om sommeren og varm om vinteren.<\/p>\n<p><strong>Milj\u00f8vennlig<\/strong><\/p>\n<p>Alle midler som brukes i garving og etterbehandling, er i samsvar med viktige EU-direktiver om bevaring og beskyttelse av milj\u00f8et.<\/p>\n<p>Frakkene v\u00e5re garves i henhold til REACH-regelverket, som er vedtatt for \u00e5 forbedre beskyttelsen av menneskers helse og milj\u00f8et mot risikoen som kjemikalier kan utgj\u00f8re, og samtidig \u00f8ke konkurranseevnen til EUs kjemiske industri. Ingen AZO-fargestoffer brukes i produksjonen.<\/p>\n<p>\u00d8KO-PRODUKTER - skinnene er milj\u00f8vennlige skinn, og behandlingen og behandlingen er trygg for voksne og barn. Skinnene er biologisk nedbrytbare og \u00f8kologiske.<\/p>\n<p>Woolskins selger ikke ull fra sauer som har blitt Mulesed! Mulesing brukes ikke p\u00e5 europeiske sauer fordi parasitten som gj\u00f8r at b\u00f8ndene bruker Mulesing, ikke finnes i Europa.<\/p>\n<p><strong>Magesovere ... v\u00e6r oppmerksom!<\/strong><\/p>\n<p>Sm\u00e5 barn som sover p\u00e5 magen de f\u00f8rste 12 m\u00e5nedene, b\u00f8r av sikkerhetsmessige \u00e5rsaker ikke sove p\u00e5 noe mykt, da dette kan v\u00e6re farlig. Vi anbefaler derfor \u00e5 bruke Woolskins-pelsen med omhu! V\u00e6r alltid oppmerksom n\u00e5r barnet ditt ligger eller sover p\u00e5 magen, og s\u00f8rg for at barnet er under oppsyn hele tiden.<\/p>","protected":false},"excerpt":{"rendered":"<p data-start=\"88\" data-end=\"161\"><strong data-start=\"88\" data-end=\"161\">Zacht, natuurlijk en exclusief schapenvachtje voor baby\u2019s \u2013 Woolskins<\/strong><\/p>\n<p data-start=\"163\" data-end=\"496\">Geef je kindje het allerbeste met dit hoogwaardige schapenvachtje van Woolskins. Deze <strong data-start=\"249\" data-end=\"277\">zeer gelimiteerde oplage<\/strong> bestaat uit <strong data-start=\"290\" data-end=\"329\">puur natuurlijke, gevlekte vachtjes<\/strong> \u2013 volledig <strong data-start=\"341\" data-end=\"354\">ongeverfd<\/strong>, in tegenstelling tot wat je vaak ziet bij collega-merken. Door het natuurlijke patroon is <strong data-start=\"446\" data-end=\"474\">ieder vachtje \u00e9cht uniek<\/strong> in kleur en tekening.\u00a0De vachten zijn afkomstig van <strong data-start=\"528\" data-end=\"548\">Europese schapen<\/strong> en worden ook <strong data-start=\"563\" data-end=\"584\">in Europa gelooid<\/strong> volgens hoge ecologische normen. Het vachtje is perfect te gebruiken als zacht, comfortabel oppervlak in de wieg, box of op de vloer.\u00a0De natuurlijke wol werkt temperatuurregulerend, ondersteunt een gezonde lichaamstemperatuur en is zacht voor de gevoelige babyhuid. Bovendien heeft het een rustgevend en omhullend effect, waardoor je kindje zich ontspannen voelt tijdens zowel spel- als rustmomenten.\u00a0Duurzaam, onderhoudsvriendelijk en extra bijzonder dankzij het unieke, natuurlijke karakter van elke vacht. Meer informatie lees je bij <em data-start=\"1124\" data-end=\"1143\">productinformatie<\/em> hieronder.<\/p>\n<p><strong>Merke: Woolskins<\/strong><br \/>\n<strong>Land: Polen<\/strong><\/p>","protected":false},"featured_media":29949,"comment_status":"closed","ping_status":"closed","template":"","meta":{"_acf_changed":false},"product_brand":[],"product_cat":[361,360,364,499,216,354],"product_tag":[],"class_list":{"0":"post-27939","1":"product","2":"type-product","3":"status-publish","4":"has-post-thumbnail","6":"product_cat-babyshower","7":"product_cat-cadeautips","8":"product_cat-cadeaus-vanaf-e50","9":"product_cat-new-arrivals","10":"product_cat-schapenvacht-voor-baby","11":"product_cat-woolskins","13":"first","14":"instock","15":"taxable","16":"shipping-taxable","17":"purchasable","18":"product-type-variable","19":"has-default-attributes"},"acf":[],"_links":{"self":[{"href":"https:\/\/woolskins.eu\/nb\/wp-json\/wp\/v2\/product\/27939","targetHints":{"allow":["GET"]}}],"collection":[{"href":"https:\/\/woolskins.eu\/nb\/wp-json\/wp\/v2\/product"}],"about":[{"href":"https:\/\/woolskins.eu\/nb\/wp-json\/wp\/v2\/types\/product"}],"replies":[{"embeddable":true,"href":"https:\/\/woolskins.eu\/nb\/wp-json\/wp\/v2\/comments?post=27939"}],"wp:featuredmedia":[{"embeddable":true,"href":"https:\/\/woolskins.eu\/nb\/wp-json\/wp\/v2\/media\/29949"}],"wp:attachment":[{"href":"https:\/\/woolskins.eu\/nb\/wp-json\/wp\/v2\/media?parent=27939"}],"wp:term":[{"taxonomy":"product_brand","embeddable":true,"href":"https:\/\/woolskins.eu\/nb\/wp-json\/wp\/v2\/product_brand?post=27939"},{"taxonomy":"product_cat","embeddable":true,"href":"https:\/\/woolskins.eu\/nb\/wp-json\/wp\/v2\/product_cat?post=27939"},{"taxonomy":"product_tag","embeddable":true,"href":"https:\/\/woolskins.eu\/nb\/wp-json\/wp\/v2\/product_tag?post=27939"}],"curies":[{"name":"wp","href":"https:\/\/api.w.org\/{rel}","templated":true}]}}