{"id":27525,"date":"2025-11-17T13:39:51","date_gmt":"2025-11-17T13:39:51","guid":{"rendered":"https:\/\/woolskins.eu\/?post_type=product&#038;p=27525"},"modified":"2025-11-17T13:43:15","modified_gmt":"2025-11-17T13:43:15","slug":"refill-ullballer","status":"publish","type":"product","link":"https:\/\/woolskins.eu\/nb\/bijvulling-wolbolletjes\/","title":{"rendered":"Ullkuler refill Ammepute 300 gram"},"content":{"rendered":"","protected":false},"excerpt":{"rendered":"<p data-start=\"147\" data-end=\"234\"><strong data-start=\"147\" data-end=\"234\">Ekstra ullkuler med ekstra fyll - for en varig, perfekt st\u00f8ttende ammepute<\/strong><\/p>\n<p data-start=\"236\" data-end=\"521\">Gi nytt liv til din Woolskins-f\u00f4ringspute med v\u00e5rt ekstra fyll av 100% naturlige ullperler. Disse luftige, elastiske perlene av europeisk saueull gir optimal st\u00f8tte mens du spiser, hviler eller sover - akkurat som du forventer av Woolskins.<\/p>\n<p data-start=\"523\" data-end=\"788\">Ullballene er allergivennlige, temperaturregulerende og holder seg friske lenge takket v\u00e6re ullens selvrensende egenskaper. Ideell n\u00e5r mateputen din har blitt mykere med tiden, eller n\u00e5r du er ute etter litt ekstra fasthet.<\/p>\n<p data-start=\"790\" data-end=\"900\">Med denne 300 grams p\u00e5fyllingen kan du gj\u00f8re ammeputen akkurat slik du vil ha den: fyldigere, fastere og enda mer komfortabel.<\/p>\n<p data-start=\"902\" data-end=\"916\"><strong data-start=\"902\" data-end=\"916\">Fordeler:<\/strong><\/p>\n<ul data-start=\"917\" data-end=\"1132\">\n<li data-start=\"917\" data-end=\"958\">\n<p data-start=\"919\" data-end=\"958\">100% ullballer (\u00f8kologisk ull)<\/p>\n<\/li>\n<li data-start=\"959\" data-end=\"1010\">\n<p data-start=\"961\" data-end=\"1010\">Pustende, allergivennlig og temperaturregulerende<\/p>\n<\/li>\n<li data-start=\"1011\" data-end=\"1076\">\n<p data-start=\"1013\" data-end=\"1076\">Holder seg spenstig og frisk takket v\u00e6re selvrensende egenskaper<\/p>\n<\/li>\n<li data-start=\"1077\" data-end=\"1132\">\n<p data-start=\"1079\" data-end=\"1132\">Enkel \u00e5 fylle p\u00e5 for perfekt st\u00f8tte<\/p>\n<\/li>\n<\/ul>","protected":false},"featured_media":27526,"comment_status":"open","ping_status":"closed","template":"","meta":{"_acf_changed":false},"product_brand":[],"product_cat":[349,210],"product_tag":[],"class_list":{"0":"post-27525","1":"product","2":"type-product","3":"status-publish","4":"has-post-thumbnail","6":"product_cat-borstvoedingenvoedingskussens","7":"product_cat-wollen-voedingskussen","9":"first","10":"instock","11":"taxable","12":"shipping-taxable","13":"purchasable","14":"product-type-simple"},"acf":[],"_links":{"self":[{"href":"https:\/\/woolskins.eu\/nb\/wp-json\/wp\/v2\/product\/27525","targetHints":{"allow":["GET"]}}],"collection":[{"href":"https:\/\/woolskins.eu\/nb\/wp-json\/wp\/v2\/product"}],"about":[{"href":"https:\/\/woolskins.eu\/nb\/wp-json\/wp\/v2\/types\/product"}],"replies":[{"embeddable":true,"href":"https:\/\/woolskins.eu\/nb\/wp-json\/wp\/v2\/comments?post=27525"}],"wp:featuredmedia":[{"embeddable":true,"href":"https:\/\/woolskins.eu\/nb\/wp-json\/wp\/v2\/media\/27526"}],"wp:attachment":[{"href":"https:\/\/woolskins.eu\/nb\/wp-json\/wp\/v2\/media?parent=27525"}],"wp:term":[{"taxonomy":"product_brand","embeddable":true,"href":"https:\/\/woolskins.eu\/nb\/wp-json\/wp\/v2\/product_brand?post=27525"},{"taxonomy":"product_cat","embeddable":true,"href":"https:\/\/woolskins.eu\/nb\/wp-json\/wp\/v2\/product_cat?post=27525"},{"taxonomy":"product_tag","embeddable":true,"href":"https:\/\/woolskins.eu\/nb\/wp-json\/wp\/v2\/product_tag?post=27525"}],"curies":[{"name":"wp","href":"https:\/\/api.w.org\/{rel}","templated":true}]}}