{"id":27432,"date":"2025-11-14T10:51:41","date_gmt":"2025-11-14T10:51:41","guid":{"rendered":"https:\/\/woolskins.eu\/?post_type=product&#038;p=27432"},"modified":"2026-03-28T12:29:40","modified_gmt":"2026-03-28T12:29:40","slug":"ullsovepose","status":"publish","type":"product","link":"https:\/\/woolskins.eu\/nb\/wollen-slaapzak\/","title":{"rendered":"Sovepose i ull for baby og sm\u00e5barn - tovet beige"},"content":{"rendered":"<p data-start=\"126\" data-end=\"937\">Denne ullsoveposen med ben er designet for \u00e5 vokse i takt med barnets dagsrytme. Mens tradisjonelle soveposer hovedsakelig egner seg for bruk i sengen, gir denne modellen mye mer frihet. De l\u00f8se bena gj\u00f8r at barnet kan bevege seg fritt s\u00e5 snart det v\u00e5kner: Det er enkelt \u00e5 sitte, krype, g\u00e5 og leke, uten at det mister varmen. Dette gj\u00f8r soveposen ideell for lange, rolige morgener i helgen, for sm\u00e5barn som vil kose og leke om morgenen, for barn som kj\u00f8ler seg raskt ned s\u00e5 snart de st\u00e5r opp av sengen, for kosestunder p\u00e5 sofaen eller i stuen, og for barn som har vanskelig for \u00e5 sitte stille n\u00e5r de skal skiftes. Barnet ditt vil holde seg varmt og komfortabelt, men uten de begrensningene som en tradisjonell sovepose har.<\/p>\n<p data-start=\"126\" data-end=\"937\"><strong>100% Virgin Woolpile<\/strong><\/p>\n<p data-start=\"670\" data-end=\"706\"><strong>Dette gj\u00f8r soveposen ideell for:<\/strong><\/p>\n<ul data-start=\"707\" data-end=\"982\">\n<li data-start=\"707\" data-end=\"750\">\n<p data-start=\"709\" data-end=\"750\">lange, stille morgener i helgene<\/p>\n<\/li>\n<li data-start=\"751\" data-end=\"813\">\n<p data-start=\"753\" data-end=\"813\">sm\u00e5barn som liker \u00e5 kose og leke om morgenen<\/p>\n<\/li>\n<li data-start=\"814\" data-end=\"867\">\n<p data-start=\"816\" data-end=\"867\">barn som kj\u00f8ler seg raskt ned s\u00e5 snart de st\u00e5r opp av sengen<\/p>\n<\/li>\n<li data-start=\"868\" data-end=\"910\">\n<p data-start=\"870\" data-end=\"910\">stunder p\u00e5 sofaen eller i stuen<\/p>\n<\/li>\n<li data-start=\"911\" data-end=\"982\">\n<p data-start=\"913\" data-end=\"982\">barn som ikke sitter stille n\u00e5r de skifter eller skifter kl\u00e6r<\/p>\n<\/li>\n<\/ul>\n<p data-start=\"984\" data-end=\"1083\"><strong>Babyen din vil holde seg varm og komfortabel, men uten begrensningene til en tradisjonell sovepose.<\/strong><\/p>\n<p data-start=\"1085\" data-end=\"1347\"><strong>Dekk mansjettene for varme f\u00f8tter eller frie t\u00e6r.<\/strong><\/p>\n<p data-start=\"1085\" data-end=\"1347\">En ekstra fordel med denne modellen er de smarte mansjettene p\u00e5 bena. Disse gj\u00f8r at du kan holde f\u00f8ttene helt varme og godt innstoppet, eller la dem v\u00e6re \u00e5pne n\u00e5r barnet vil g\u00e5 tur, utforske eller leke.<\/p>\n<ul data-start=\"1348\" data-end=\"1494\">\n<li data-start=\"1348\" data-end=\"1416\">\n<p data-start=\"1350\" data-end=\"1416\">Tette f\u00f8tter holder p\u00e5 varmen mens du sover eller slapper av.<\/p>\n<\/li>\n<li data-start=\"1417\" data-end=\"1494\">\n<p data-start=\"1419\" data-end=\"1494\">\u00c5pne f\u00f8tter gir barnet frihet til \u00e5 g\u00e5 og leke trygt.<\/p>\n<\/li>\n<\/ul>\n<p data-start=\"1496\" data-end=\"1639\">For mange m\u00f8dre er dette l\u00f8sningen p\u00e5 morgener n\u00e5r babyen ikke trenger \u00e5 kle p\u00e5 seg enn\u00e5, men liker \u00e5 l\u00f8pe rundt og v\u00e6re aktiv.<\/p>\n<p data-start=\"1641\" data-end=\"1851\"><strong>Hvorfor ull er s\u00e5 bra for babyer og barn<\/strong><\/p>\n<p data-start=\"1641\" data-end=\"1851\">Ull er et eksepsjonelt materiale fra naturens side, b\u00e5de n\u00e5r barnet sover og n\u00e5r det er aktivt. Det regulerer temperaturen p\u00e5 en naturlig m\u00e5te.<\/p>\n<ul data-start=\"1852\" data-end=\"1967\">\n<li data-start=\"1852\" data-end=\"1898\">\n<p data-start=\"1854\" data-end=\"1898\">Ull holder p\u00e5 varmen n\u00e5r det er kaldt.<\/p>\n<\/li>\n<li data-start=\"1899\" data-end=\"1967\">\n<p data-start=\"1901\" data-end=\"1967\">Ull transporterer bort overskuddsvarme og fuktighet n\u00e5r det blir varmt.<\/p>\n<\/li>\n<\/ul>\n<p data-start=\"1969\" data-end=\"2212\">Dette bidrar til \u00e5 forhindre overoppheting, sikrer et mer avslappende s\u00f8vnm\u00f8nster og holder kroppstemperaturen bedre balansert. Dette er spesielt viktig for babyer og sm\u00e5barn som fortsatt har vanskelig for \u00e5 regulere temperaturen selv.<\/p>\n<p data-start=\"2214\" data-end=\"2368\">I tillegg er ullen som brukes medisinsk garvet, allergivennlig og fri for skadelige stoffer. Dette gj\u00f8r soveposen spesielt egnet for sm\u00e5 barn med:<\/p>\n<ul data-start=\"2369\" data-end=\"2438\">\n<li data-start=\"2369\" data-end=\"2379\">\n<p data-start=\"2371\" data-end=\"2379\">eksem<\/p>\n<\/li>\n<li data-start=\"2380\" data-end=\"2423\">\n<p data-start=\"2382\" data-end=\"2423\">sensitiv eller lett irritert hud<\/p>\n<\/li>\n<li data-start=\"2424\" data-end=\"2438\">\n<p data-start=\"2426\" data-end=\"2438\">allergier<\/p>\n<\/li>\n<\/ul>\n<p data-start=\"2440\" data-end=\"2554\">Ull er ogs\u00e5 bakteriebestandig og lite attraktivt for st\u00f8vmidd, noe som bidrar til et sunt sovemilj\u00f8.<\/p>\n<p data-start=\"2556\" data-end=\"2886\">Ull puster, er luktresistent og selvrensende. Den n\u00f8ytraliserer lukt, puster sv\u00e6rt godt og trenger sjelden \u00e5 vaskes; en rask lufting er ofte nok. Ullens myke, omsluttende struktur gj\u00f8r ogs\u00e5 at barn f\u00f8ler seg trygge og sikre, noe som ofte gj\u00f8r at de sover roligere, mindre urolig og dypere.<\/p>\n<p data-start=\"2888\" data-end=\"2982\"><strong>Ideell for barn som allerede er i gang med \u00e5 g\u00e5<\/strong><\/p>\n<p data-start=\"2888\" data-end=\"2982\">Bena og den fleksible passformen gj\u00f8r at barnet kan bevege seg:<\/p>\n<ul data-start=\"2983\" data-end=\"3125\">\n<li data-start=\"2983\" data-end=\"3022\">\n<p data-start=\"2985\" data-end=\"3022\">st\u00e5 opp av sengen uten \u00e5 kj\u00f8le seg ned<\/p>\n<\/li>\n<li data-start=\"3023\" data-end=\"3043\">\n<p data-start=\"3025\" data-end=\"3043\">g\u00e5 trygt rundt<\/p>\n<\/li>\n<li data-start=\"3044\" data-end=\"3066\">\n<p data-start=\"3046\" data-end=\"3066\">uavhengig lek<\/p>\n<\/li>\n<li data-start=\"3067\" data-end=\"3125\">\n<p data-start=\"3069\" data-end=\"3125\">spise en hyggelig frokost eller delta i morgenritualet<\/p>\n<\/li>\n<\/ul>\n<p data-start=\"3127\" data-end=\"3260\">Du trenger ikke lenger \u00e5 skynde deg \u00e5 skifte med en gang eller bekymre deg for kalde f\u00f8tter: soveposen blir rett og slett p\u00e5 og st\u00f8tter alle morgenritualene.<\/p>\n<p data-start=\"3262\" data-end=\"3539\"><strong>Perfekt for morgener og kvelder hjemme<\/strong><\/p>\n<p data-start=\"3262\" data-end=\"3539\">Mange m\u00f8dre kaller denne ullsoveposen for en ekte morgenhelt. Den er ideell for koselige helgemorgener n\u00e5r babyen fortsatt g\u00e5r rundt i rommet i sovepose, kryper opp i sofaen sammen med deg eller leker stille mens du starter dagen.<\/p>","protected":false},"excerpt":{"rendered":"<p>Mens tradisjonelle soveposer hovedsakelig er ment for bruk i sengen, byr denne ullsoveposen med r\u00f8r p\u00e5 mange flere muligheter. Takket v\u00e6re <strong data-start=\"1093\" data-end=\"1110\">l\u00f8se r\u00f8r<\/strong> med omsluttende mansjetter kan barnet bevege seg fritt s\u00e5 snart det v\u00e5kner: sitte, krype, g\u00e5 eller leke uten \u00e5 miste varmen. Denne unike soveposen er laget av <strong data-start=\"731\" data-end=\"765\">zuiver scheerwol met OekoTex keur<\/strong>, Det myke og allergivennlige materialet holder babyen trygg og varm og hjelper den \u00e5 sove bedre. Mange m\u00f8dre kaller denne ullsoveposen for en ekte morgenhelt. Den er ideell for koselige helgemorgener n\u00e5r barnet ditt fortsatt ligger i soveposen og g\u00e5r rundt i rommet, kryper opp i sofaen sammen med deg eller leker stille mens du starter dagen.<\/p>\n<p><strong>Merke: Woolskins<\/strong><br \/>\n<strong>Produksjon: Polen<br \/>\nKeur: Oeko-Tex Standard<\/strong><\/p>\n<p><img loading=\"lazy\" decoding=\"async\" class=\"alignnone wp-image-28173 entered lazyloaded\" src=\"https:\/\/woolskins.eu\/wp-content\/uploads\/2024\/05\/csm_OEKO-TEX_Logo_2022_rgb_c1aaeb5ceb-300x300.jpg\" alt=\"\" width=\"89\" height=\"89\" data-lazy-src=\"https:\/\/woolskins.eu\/wp-content\/uploads\/2024\/05\/csm_OEKO-TEX_Logo_2022_rgb_c1aaeb5ceb-300x300.jpg\" data-ll-status=\"loaded\" srcset=\"https:\/\/woolskins.eu\/wp-content\/uploads\/2024\/05\/csm_OEKO-TEX_Logo_2022_rgb_c1aaeb5ceb-300x300.jpg 300w, https:\/\/woolskins.eu\/wp-content\/uploads\/2024\/05\/csm_OEKO-TEX_Logo_2022_rgb_c1aaeb5ceb-150x150.jpg 150w, https:\/\/woolskins.eu\/wp-content\/uploads\/2024\/05\/csm_OEKO-TEX_Logo_2022_rgb_c1aaeb5ceb-768x769.jpg 768w, https:\/\/woolskins.eu\/wp-content\/uploads\/2024\/05\/csm_OEKO-TEX_Logo_2022_rgb_c1aaeb5ceb-12x12.jpg 12w, https:\/\/woolskins.eu\/wp-content\/uploads\/2024\/05\/csm_OEKO-TEX_Logo_2022_rgb_c1aaeb5ceb-600x601.jpg 600w, https:\/\/woolskins.eu\/wp-content\/uploads\/2024\/05\/csm_OEKO-TEX_Logo_2022_rgb_c1aaeb5ceb-100x100.jpg 100w, https:\/\/woolskins.eu\/wp-content\/uploads\/2024\/05\/csm_OEKO-TEX_Logo_2022_rgb_c1aaeb5ceb-64x64.jpg 64w, https:\/\/woolskins.eu\/wp-content\/uploads\/2024\/05\/csm_OEKO-TEX_Logo_2022_rgb_c1aaeb5ceb.jpg 885w\" sizes=\"auto, (max-width: 89px) 100vw, 89px\" \/><\/p>","protected":false},"featured_media":29923,"comment_status":"open","ping_status":"closed","template":"","meta":{"_acf_changed":false},"product_brand":[],"product_cat":[360,361,545,364,499,196,370,194],"product_tag":[],"class_list":{"0":"post-27432","1":"product","2":"type-product","3":"status-publish","4":"has-post-thumbnail","6":"product_cat-cadeautips","7":"product_cat-babyshower","8":"product_cat-best_verkocht","9":"product_cat-cadeaus-vanaf-e50","10":"product_cat-new-arrivals","11":"product_cat-slaapkleding-baby","12":"product_cat-slaapzakken","13":"product_cat-wollen-babyproducten","15":"first","16":"instock","17":"taxable","18":"shipping-taxable","19":"purchasable","20":"product-type-variable"},"acf":[],"_links":{"self":[{"href":"https:\/\/woolskins.eu\/nb\/wp-json\/wp\/v2\/product\/27432","targetHints":{"allow":["GET"]}}],"collection":[{"href":"https:\/\/woolskins.eu\/nb\/wp-json\/wp\/v2\/product"}],"about":[{"href":"https:\/\/woolskins.eu\/nb\/wp-json\/wp\/v2\/types\/product"}],"replies":[{"embeddable":true,"href":"https:\/\/woolskins.eu\/nb\/wp-json\/wp\/v2\/comments?post=27432"}],"wp:featuredmedia":[{"embeddable":true,"href":"https:\/\/woolskins.eu\/nb\/wp-json\/wp\/v2\/media\/29923"}],"wp:attachment":[{"href":"https:\/\/woolskins.eu\/nb\/wp-json\/wp\/v2\/media?parent=27432"}],"wp:term":[{"taxonomy":"product_brand","embeddable":true,"href":"https:\/\/woolskins.eu\/nb\/wp-json\/wp\/v2\/product_brand?post=27432"},{"taxonomy":"product_cat","embeddable":true,"href":"https:\/\/woolskins.eu\/nb\/wp-json\/wp\/v2\/product_cat?post=27432"},{"taxonomy":"product_tag","embeddable":true,"href":"https:\/\/woolskins.eu\/nb\/wp-json\/wp\/v2\/product_tag?post=27432"}],"curies":[{"name":"wp","href":"https:\/\/api.w.org\/{rel}","templated":true}]}}