{"id":26890,"date":"2025-10-17T12:58:42","date_gmt":"2025-10-17T12:58:42","guid":{"rendered":"https:\/\/woolskins.eu\/?post_type=product&#038;p=26890"},"modified":"2025-12-23T22:21:08","modified_gmt":"2025-12-23T22:21:08","slug":"ulltofler_damer","status":"publish","type":"product","link":"https:\/\/woolskins.eu\/nb\/wollen_sloffen_dames\/","title":{"rendered":"A Basic Brand - Ullt\u00f8fler for damer - 100% Ny ull | beige"},"content":{"rendered":"<h3 data-start=\"115\" data-end=\"164\"><strong data-start=\"119\" data-end=\"164\">A Basic Brand - Ullt\u00f8fler for damer<\/strong><\/h3>\n<p data-start=\"166\" data-end=\"475\">Supervarm og behagelig, men ogs\u00e5 helt naturlig og pustende. Denne <strong data-start=\"237\" data-end=\"273\">t\u00f8fler i ull fra A Basic Brand<\/strong> er laget for kvinner som elsker komfort, enkelhet og naturlige materialer. De tilbyr den perfekte balansen mellom varme, pusteevne og stil - ideelt for bruk hjemme \u00e5ret rundt.<\/p>\n<h4 data-start=\"477\" data-end=\"509\"><strong data-start=\"482\" data-end=\"509\">100% Pure New Wool Pile<\/strong><\/h4>\n<p data-start=\"510\" data-end=\"780\">Innsiden av t\u00f8flene er laget av <strong data-start=\"555\" data-end=\"578\">100% ren ny ull<\/strong>: nyutvunnet ull som ikke har blitt behandlet f\u00f8r. Dette gir et eksepsjonelt mykt, elastisk og pustende f\u00f4r som former seg etter f\u00f8ttene dine og holder en behagelig temperatur.<\/p>\n<h4 data-start=\"782\" data-end=\"811\"><strong data-start=\"787\" data-end=\"811\">Fordelene med ull<\/strong><\/h4>\n<p data-start=\"812\" data-end=\"919\">Ull er et av de mest funksjonelle naturfibrene som finnes. Takket v\u00e6re sine unike egenskaper:<\/p>\n<ul data-start=\"920\" data-end=\"1300\">\n<li data-start=\"920\" data-end=\"995\">\n<p data-start=\"922\" data-end=\"995\"><strong data-start=\"922\" data-end=\"954\">Ull regulerer temperaturen<\/strong> - varm om vinteren, kj\u00f8lig om sommeren.<\/p>\n<\/li>\n<li data-start=\"996\" data-end=\"1070\">\n<p data-start=\"998\" data-end=\"1070\"><strong data-start=\"998\" data-end=\"1035\">Puster godt og er fuktregulerende<\/strong> - holder f\u00f8ttene t\u00f8rre og friske.<\/p>\n<\/li>\n<li data-start=\"1071\" data-end=\"1147\">\n<p data-start=\"1073\" data-end=\"1147\"><strong data-start=\"1073\" data-end=\"1115\">Er selvrensende og antibakteriell<\/strong> - lukt har ingen sjanse.<\/p>\n<\/li>\n<li data-start=\"1148\" data-end=\"1214\">\n<p data-start=\"1150\" data-end=\"1214\"><strong data-start=\"1150\" data-end=\"1174\">Er det allergivennlig<\/strong> - Sk\u00e5nsom mot sensitiv hud.<\/p>\n<\/li>\n<li data-start=\"1215\" data-end=\"1300\">\n<p data-start=\"1217\" data-end=\"1300\"><strong data-start=\"1217\" data-end=\"1262\">Er det b\u00e6rekraftig og biologisk nedbrytbart<\/strong> - bra for deg og for planeten.<\/p>\n<\/li>\n<\/ul>\n<h4 data-start=\"1302\" data-end=\"1341\"><strong data-start=\"1307\" data-end=\"1341\">Varme og komfort i hvert skritt<\/strong><\/h4>\n<p data-start=\"1342\" data-end=\"1641\">A Basic Brands ullt\u00f8fler er lette, men gir likevel et godt grep og naturlig st\u00f8tte. Den myke ullen sv\u00f8per seg rundt f\u00f8ttene som en varm omfavnelse og gir en umiddelbar f\u00f8lelse av avslapping. Perfekt for kalde morgener, rolige kvelder eller lange dager p\u00e5 hjemmekontor.<\/p>\n<h4 data-start=\"1643\" data-end=\"1679\"><strong data-start=\"1648\" data-end=\"1679\">Enkel og tidl\u00f8s design<\/strong><\/h4>\n<p data-start=\"1680\" data-end=\"1913\">Som navnet antyder, st\u00e5r det <strong data-start=\"1709\" data-end=\"1726\">Et grunnleggende varemerke<\/strong> for ren enkelhet og naturlig kvalitet. Ingen un\u00f8dvendige detaljer - bare et tidl\u00f8st utseende og varig komfort. Den naturlige ullfargen passer til enhver stil og ethvert interi\u00f8r.<\/p>\n<h4 data-start=\"1915\" data-end=\"1950\"><strong data-start=\"1920\" data-end=\"1950\">Tilgjengelig i to st\u00f8rrelser<\/strong><\/h4>\n<p data-start=\"1951\" data-end=\"1985\">T\u00f8flene er tilgjengelige i :<\/p>\n<ul data-start=\"1986\" data-end=\"2023\">\n<li data-start=\"1986\" data-end=\"2004\">\n<p data-start=\"1988\" data-end=\"2004\"><strong data-start=\"1988\" data-end=\"2002\">St\u00f8rrelse 38\/39 (26 cm)<\/strong><\/p>\n<\/li>\n<li data-start=\"2005\" data-end=\"2023\">\n<p data-start=\"2007\" data-end=\"2023\"><strong data-start=\"2007\" data-end=\"2021\">St\u00f8rrelse 40\/41 (28 cm)<\/strong><\/p>\n<\/li>\n<\/ul>\n<p data-start=\"2025\" data-end=\"2167\">Takket v\u00e6re ullens naturlige elastisitet sitter de fint rundt foten uten \u00e5 klemme og beholder formen ved regelmessig bruk.<\/p>","protected":false},"excerpt":{"rendered":"<h3 data-start=\"115\" data-end=\"164\"><strong data-start=\"119\" data-end=\"164\">A Basic Brand - Ullt\u00f8fler for damer<\/strong><\/h3>\n<p>Opplev den ultimate komforten i hjemmet med <strong data-start=\"171\" data-end=\"218\">ullt\u00f8fler for kvinner fra A Basic Brand<\/strong>. De er laget av 100% ren ny ull i to lag, og er herlig varme, myke og pustende - perfekt for kalde dager og for deg som elsker naturmaterialer. Ullen regulerer temperaturen, transporterer bort fuktighet og holder f\u00f8ttene friske og t\u00f8rre, uten \u00e5 klemme. Tilgjengelig i st\u00f8rrelse <strong data-start=\"486\" data-end=\"495\">38\/39<\/strong> og <strong data-start=\"499\" data-end=\"508\">40\/41<\/strong> for perfekt passform og ren avslapning for hvert skritt. Disse t\u00f8flene er dessuten utstyrt med <strong data-start=\"594\" data-end=\"613\">sklisikre s\u00e5ler<\/strong>, slik at du kan g\u00e5 trygt og stabilt i alle etasjer.<\/p>\n<p><strong>Merkevare: A Basic Brand<\/strong><br \/>\n<strong>Land: Polen<\/strong><\/p>","protected":false},"featured_media":26895,"comment_status":"open","ping_status":"closed","template":"","meta":{"_acf_changed":false},"product_brand":[],"product_cat":[499,351,360,364,350,31],"product_tag":[],"class_list":{"0":"post-26890","1":"product","2":"type-product","3":"status-publish","4":"has-post-thumbnail","6":"product_cat-new-arrivals","7":"product_cat-accessoiresvoormama","8":"product_cat-cadeautips","9":"product_cat-cadeaus-vanaf-e50","10":"product_cat-fashion","11":"product_cat-yogamat-wol","13":"first","14":"instock","15":"taxable","16":"shipping-taxable","17":"purchasable","18":"product-type-variable"},"acf":[],"_links":{"self":[{"href":"https:\/\/woolskins.eu\/nb\/wp-json\/wp\/v2\/product\/26890","targetHints":{"allow":["GET"]}}],"collection":[{"href":"https:\/\/woolskins.eu\/nb\/wp-json\/wp\/v2\/product"}],"about":[{"href":"https:\/\/woolskins.eu\/nb\/wp-json\/wp\/v2\/types\/product"}],"replies":[{"embeddable":true,"href":"https:\/\/woolskins.eu\/nb\/wp-json\/wp\/v2\/comments?post=26890"}],"wp:featuredmedia":[{"embeddable":true,"href":"https:\/\/woolskins.eu\/nb\/wp-json\/wp\/v2\/media\/26895"}],"wp:attachment":[{"href":"https:\/\/woolskins.eu\/nb\/wp-json\/wp\/v2\/media?parent=26890"}],"wp:term":[{"taxonomy":"product_brand","embeddable":true,"href":"https:\/\/woolskins.eu\/nb\/wp-json\/wp\/v2\/product_brand?post=26890"},{"taxonomy":"product_cat","embeddable":true,"href":"https:\/\/woolskins.eu\/nb\/wp-json\/wp\/v2\/product_cat?post=26890"},{"taxonomy":"product_tag","embeddable":true,"href":"https:\/\/woolskins.eu\/nb\/wp-json\/wp\/v2\/product_tag?post=26890"}],"curies":[{"name":"wp","href":"https:\/\/api.w.org\/{rel}","templated":true}]}}