{"id":26844,"date":"2025-10-15T12:56:57","date_gmt":"2025-10-15T12:56:57","guid":{"rendered":"https:\/\/woolskins.eu\/?post_type=product&#038;p=26844"},"modified":"2026-03-29T12:57:05","modified_gmt":"2026-03-29T12:57:05","slug":"universal-baeresele-zaffiro-be-close-bomull-beige","status":"publish","type":"product","link":"https:\/\/woolskins.eu\/nb\/multifunctionele-draagdoek-voor-baby-zaffiro-be-close-katoen-beige\/","title":{"rendered":"Multifunksjonell b\u00e6resele - Zaffiro \u2018Be Close\u2019| Bomull Beige"},"content":{"rendered":"<h2 data-start=\"188\" data-end=\"260\"><strong data-start=\"191\" data-end=\"260\">Zaffiro Be Close - Multifunksjonell, vevd b\u00e6resele<\/strong><\/h2>\n<p data-start=\"262\" data-end=\"614\">Oppdag den perfekte <strong data-start=\"281\" data-end=\"302\">vevd slynge<\/strong> for babyen din: den <strong data-start=\"322\" data-end=\"352\">Zaffiro Be Close-slynge<\/strong> er en allsidig, trygg og komfortabel l\u00f8sning for foreldre som liker \u00e5 b\u00e6re babyen tett inntil seg. Den passer fra f\u00f8dselen til rundt 2 \u00e5r (3,5-13 kg) og kombinerer <strong data-start=\"539\" data-end=\"569\">multifunksjonell slynge<\/strong> brukervennlighet med ergonomisk design.<\/p>\n<h3 data-start=\"616\" data-end=\"659\"><strong data-start=\"623\" data-end=\"659\">Komfortabel, pustende og slitesterk<\/strong><\/h3>\n<p data-start=\"660\" data-end=\"957\">B\u00e6reselen er laget av 100% pustende, allergivennlig bomull. Takket v\u00e6re den robuste fiskebeinsvevingen f\u00f8les stoffet mykt, samtidig som det gir optimal st\u00f8tte for b\u00e5de deg og babyen din. Den naturlige bomullen s\u00f8rger for god ventilasjon, slik at b\u00e6ret\u00f8yet er behagelig \u00e5 ha p\u00e5 selv i varmt v\u00e6r.<\/p>\n<h3 data-start=\"959\" data-end=\"998\"><strong data-start=\"966\" data-end=\"998\">Ergonomisk og sikker b\u00e6ring<\/strong><\/h3>\n<p data-start=\"999\" data-end=\"1327\">Zaffiro Be Close-slyngen st\u00f8tter babyens naturlige C-formede rygg og fremmer en sunn hofteutvikling gjennom riktig bekkenposisjonering - den velkjente <strong data-start=\"1165\" data-end=\"1178\">Holdning<\/strong>, med kn\u00e6rne litt h\u00f8yere enn baken. Dette gj\u00f8r seilet ikke bare komfortabelt, men ogs\u00e5 trygt og ergonomisk forsvarlig.<\/p>\n<h3 data-start=\"1329\" data-end=\"1376\"><strong data-start=\"1336\" data-end=\"1376\">Lett \u00e5 knytte og justere<\/strong><\/h3>\n<p data-start=\"1377\" data-end=\"1699\">Med en lengde p\u00e5 <strong data-start=\"1396\" data-end=\"1406\">460 cm<\/strong> og en markert midtlinje er Be Close-slyngen enkel \u00e5 knyte og passer til alle posisjoner. Du kan bruke b\u00e6reselen i ulike b\u00e6restillinger: foran, p\u00e5 hoften eller p\u00e5 ryggen. Ryggb\u00e6ring anbefales s\u00e5 snart barnet kan sitte selv (vanligvis fra ca. 12 m\u00e5neder).<\/p>\n<h3 data-start=\"1701\" data-end=\"1741\"><strong data-start=\"1708\" data-end=\"1741\">Lettere \u00e5 b\u00e6re, mer frihet<\/strong><\/h3>\n<p data-start=\"1742\" data-end=\"1986\">Takket v\u00e6re den jevne vektfordelingen f\u00f8les babyen lettere i b\u00e6reselen. Det betyr mindre press p\u00e5 rygg og skuldre, slik at du kan b\u00e6re komfortabelt i lengre tid - ideelt for hverdagsbruk, turer eller p\u00e5 farten.<\/p>\n<h3 data-start=\"1988\" data-end=\"2033\"><strong data-start=\"1995\" data-end=\"2033\">Praktisk og lettstelt<\/strong><\/h3>\n<p data-start=\"2034\" data-end=\"2330\">Zaffiro Be Close-seilet tar liten plass n\u00e5r det er brettet sammen, og er lett \u00e5 b\u00e6re. Seilet leveres med tydelige bruksanvisninger og oppfyller europeiske sikkerhetsstandarder.<br data-start=\"2234\" data-end=\"2237\" \/>Du kan vaske kluten p\u00e5 40 \u00b0C p\u00e5 sk\u00e5neprogram, ikke bleke eller t\u00f8rke i t\u00f8rketrommel.<\/p>\n<h3 data-start=\"2332\" data-end=\"2392\"><strong data-start=\"2339\" data-end=\"2392\">Hvorfor velge Zaffiro Be Close-seilet?<\/strong><\/h3>\n<ul data-start=\"2393\" data-end=\"2745\">\n<li data-start=\"2393\" data-end=\"2443\">\n<p data-start=\"2395\" data-end=\"2443\">Passer fra f\u00f8dsel til 2 \u00e5r (3,5-13 kg)<\/p>\n<\/li>\n<li data-start=\"2444\" data-end=\"2485\">\n<p data-start=\"2446\" data-end=\"2485\">100% pustende og allergivennlig bomull<\/p>\n<\/li>\n<li data-start=\"2486\" data-end=\"2545\">\n<p data-start=\"2488\" data-end=\"2545\">Ergonomisk design med naturlig C-form og M-stilling<\/p>\n<\/li>\n<li data-start=\"2546\" data-end=\"2603\">\n<p data-start=\"2548\" data-end=\"2603\">Lengde: 460 cm - enkel \u00e5 knyte og justere<\/p>\n<\/li>\n<li data-start=\"2604\" data-end=\"2640\">\n<p data-start=\"2606\" data-end=\"2640\">B\u00e6restillinger: mage, hofte og rygg<\/p>\n<\/li>\n<li data-start=\"2641\" data-end=\"2686\">\n<p data-start=\"2643\" data-end=\"2686\">Slitesterk, kompakt og enkel \u00e5 bruke<\/p>\n<\/li>\n<li data-start=\"2687\" data-end=\"2745\">\n<p data-start=\"2689\" data-end=\"2745\">Designet og testet i henhold til europeiske sikkerhetsstandarder<\/p>\n<\/li>\n<\/ul>\n<p data-start=\"2747\" data-end=\"3004\">Den <strong data-start=\"2750\" data-end=\"2780\">Zaffiro Be Close-slynge<\/strong> er det ideelle valget for foreldre som setter pris p\u00e5 komfort, sikkerhet og tilknytning. Enten du er hjemme eller ute p\u00e5 farten, med denne <strong data-start=\"2913\" data-end=\"2939\">ergonomisk slynge<\/strong> har du alltid barnet ditt i n\u00e6rheten - varmt, trygt og avslappet.<\/p>","protected":false},"excerpt":{"rendered":"<p><strong data-start=\"122\" data-end=\"188\">Zaffiro Be Close-slynge - trygg, komfortabel og allsidig<br \/>\n<\/strong><br data-start=\"188\" data-end=\"191\" \/>Zaffiro Be Close er en <strong data-start=\"218\" data-end=\"239\">vevd slynge<\/strong> laget av 100% pustende, allergivennlig bomull. Seilet kan brukes p\u00e5 flere m\u00e5ter. Passer fra f\u00f8dsel til ca. 2 \u00e5r (3,5-13 kg). Den solide fiskebeinsvevingen gir optimal st\u00f8tte til babyen og en jevn vektfordeling, noe som gj\u00f8r b\u00e6reselen lettere og mer behagelig \u00e5 b\u00e6re. Med en lengde p\u00e5 460 cm og en markert midtlinje er duken enkel \u00e5 knyte og tilpasse til enhver statur. Et praktisk, stilig og trygt valg til hverdagsbruk. Les mer under produktinformasjon.<\/p>\n<p><strong>Merke: Zaffiro<\/strong><br \/>\n<strong>Land: Polen<\/strong><\/p>","protected":false},"featured_media":26845,"comment_status":"open","ping_status":"closed","template":"","meta":{"_acf_changed":false},"product_brand":[],"product_cat":[499,531,364,31,352,502],"product_tag":[],"class_list":{"0":"post-26844","1":"product","2":"type-product","3":"status-publish","4":"has-post-thumbnail","6":"product_cat-new-arrivals","7":"product_cat-babydraagdoeken","8":"product_cat-cadeaus-vanaf-e50","9":"product_cat-yogamat-wol","10":"product_cat-merken","11":"product_cat-zaffiro","13":"first","14":"outofstock","15":"taxable","16":"shipping-taxable","17":"purchasable","18":"product-type-simple"},"acf":[],"_links":{"self":[{"href":"https:\/\/woolskins.eu\/nb\/wp-json\/wp\/v2\/product\/26844","targetHints":{"allow":["GET"]}}],"collection":[{"href":"https:\/\/woolskins.eu\/nb\/wp-json\/wp\/v2\/product"}],"about":[{"href":"https:\/\/woolskins.eu\/nb\/wp-json\/wp\/v2\/types\/product"}],"replies":[{"embeddable":true,"href":"https:\/\/woolskins.eu\/nb\/wp-json\/wp\/v2\/comments?post=26844"}],"wp:featuredmedia":[{"embeddable":true,"href":"https:\/\/woolskins.eu\/nb\/wp-json\/wp\/v2\/media\/26845"}],"wp:attachment":[{"href":"https:\/\/woolskins.eu\/nb\/wp-json\/wp\/v2\/media?parent=26844"}],"wp:term":[{"taxonomy":"product_brand","embeddable":true,"href":"https:\/\/woolskins.eu\/nb\/wp-json\/wp\/v2\/product_brand?post=26844"},{"taxonomy":"product_cat","embeddable":true,"href":"https:\/\/woolskins.eu\/nb\/wp-json\/wp\/v2\/product_cat?post=26844"},{"taxonomy":"product_tag","embeddable":true,"href":"https:\/\/woolskins.eu\/nb\/wp-json\/wp\/v2\/product_tag?post=26844"}],"curies":[{"name":"wp","href":"https:\/\/api.w.org\/{rel}","templated":true}]}}