{"id":26466,"date":"2025-09-30T15:02:23","date_gmt":"2025-09-30T15:02:23","guid":{"rendered":"https:\/\/woolskins.eu\/?post_type=product&#038;p=26466"},"modified":"2025-12-18T10:47:13","modified_gmt":"2025-12-18T10:47:13","slug":"handvarmere-for-barnevogn-zaffiro-tovet-lysegra","status":"publish","type":"product","link":"https:\/\/woolskins.eu\/nb\/handwarmers-voor-kinderwagen-zaffiro-felted-lichtgrijs\/","title":{"rendered":"H\u00e5ndvarmere til barnevogn - Zaffiro | Filtet lysegr\u00e5"},"content":{"rendered":"<p>2-i-1 h\u00e5ndvarmere i barnevogn Premium ull. Disse h\u00e5ndvarmerne\/ermene er perfekte for alle som liker \u00e5 g\u00e5 lange turer med barna utend\u00f8rs. H\u00e5ndvarmerne er laget av naturlig, f\u00f8rsteklasses saueull som er veldig behagelig og varm \u00e5 ta p\u00e5. Takket v\u00e6re den varme og isolerende ullen blir du ikke s\u00e5 lett kald p\u00e5 hendene. H\u00e5ndvarmerne er enkle \u00e5 montere sammen eller hver for seg p\u00e5 barnevognen. De er sv\u00e6rt effektive \u00e5 bruke, ettersom du bare skyver hendene inn i dem og tar dem ut igjen n\u00e5r du har noe igjen.<\/p>\n<p>Funksjoner:<\/p>\n<p>- dimensjoner: 38x26cm<br \/>\n- 100% tovet ull av h\u00f8y kvalitet<br \/>\n- universell st\u00f8rrelse<br \/>\n- kan brukes som ett erme eller som to separate hansker<br \/>\n- passer til alle barnevognmodeller<\/p>\n<p>Premium ull<br \/>\nZaffiros h\u00e5ndvarmere for barnevogn og krybbe er laget av ullfibre av h\u00f8yeste kvalitet som er beriket med ytterligere spesialbehandling, noe som skaper h\u00e5rdekning p\u00e5 begge sider av stoffet. Takket v\u00e6re disse egenskapene er ullen i soveposene v\u00e5re hygroskopisk, absorberer fuktighet perfekt og beskytter mot varmetap. Ullen som brukes i barnevognh\u00e5ndvarmeren holder bedre p\u00e5 varmen enn vanlig ull, takket v\u00e6re to lag med ulvefleece.<\/p>\n<p>Den naturlige, myke PREMIUM-saueullen som er brukt til \u00e5 produsere soveposen, er perfekt for kalde vintre og varmere dager. Den gir enda bedre naturlig termoregulering, beskytter barnet effektivt selv i streng frost og s\u00f8rger for at barnet ikke blir overopphetet p\u00e5 varme dager. Saueull har ogs\u00e5 antiallergiske egenskaper og motvirker utvikling av midd. Den har hygieniske og selvrensende egenskaper. N\u00f8ytraliserer ubehagelig lukt og smuss.<\/p>\n<p>Sammensetning:<br \/>\n100% ulvefleece<\/p>","protected":false},"excerpt":{"rendered":"<p data-start=\"110\" data-end=\"193\"><strong data-start=\"110\" data-end=\"191\">Varme og komfort p\u00e5 hver tur - H\u00e5ndvarmere til barnevognen<\/strong><\/p>\n<p data-start=\"195\" data-end=\"488\">Nyt lange turer med barna, selv p\u00e5 de kaldeste dagene, med v\u00e5re luksuri\u00f8se h\u00e5ndvarmere laget av\u00a0 <strong>100%<\/strong> <strong data-start=\"305\" data-end=\"339\">naturlig premium ull<\/strong>. Disse myke og varme mansjettene holder hendene varme, mens <strong data-start=\"418\" data-end=\"453\">dobbelt lag med ull<\/strong> Beskytter hendene dine mot v\u00e6r og vind og holder dem herlig varme og komfortable. Denne h\u00e5ndvarmeren passer til alle Zaffiros tovede produkter.<\/p>\n<p data-start=\"490\" data-end=\"816\">Disse h\u00e5ndvarmerne er <strong data-start=\"512\" data-end=\"559\">enkel \u00e5 feste p\u00e5 alle barnevogner<\/strong>, De er b\u00e5de sammen og hver for seg, slik at du raskt kan stikke hendene inn n\u00e5r du trenger dem - og like enkelt ta dem ut igjen mens du er opptatt med den lille. Praktisk, stilig og effektiv: den perfekte f\u00f8lgesvenn for alle m\u00f8dre p\u00e5 tur.<\/p>\n<p><strong>Merke: Zaffiro<\/strong><br \/>\n<strong>Produksjon: Polen<br \/>\nKeur: Oeko-Tex Standard<\/strong><\/p>\n<p><img loading=\"lazy\" decoding=\"async\" class=\"alignnone wp-image-28173 entered lazyloaded\" src=\"https:\/\/woolskins.eu\/wp-content\/uploads\/2024\/05\/csm_OEKO-TEX_Logo_2022_rgb_c1aaeb5ceb-300x300.jpg\" alt=\"\" width=\"89\" height=\"89\" data-lazy-src=\"https:\/\/woolskins.eu\/wp-content\/uploads\/2024\/05\/csm_OEKO-TEX_Logo_2022_rgb_c1aaeb5ceb-300x300.jpg\" data-ll-status=\"loaded\" srcset=\"https:\/\/woolskins.eu\/wp-content\/uploads\/2024\/05\/csm_OEKO-TEX_Logo_2022_rgb_c1aaeb5ceb-300x300.jpg 300w, https:\/\/woolskins.eu\/wp-content\/uploads\/2024\/05\/csm_OEKO-TEX_Logo_2022_rgb_c1aaeb5ceb-150x150.jpg 150w, https:\/\/woolskins.eu\/wp-content\/uploads\/2024\/05\/csm_OEKO-TEX_Logo_2022_rgb_c1aaeb5ceb-768x769.jpg 768w, https:\/\/woolskins.eu\/wp-content\/uploads\/2024\/05\/csm_OEKO-TEX_Logo_2022_rgb_c1aaeb5ceb-12x12.jpg 12w, https:\/\/woolskins.eu\/wp-content\/uploads\/2024\/05\/csm_OEKO-TEX_Logo_2022_rgb_c1aaeb5ceb-600x601.jpg 600w, https:\/\/woolskins.eu\/wp-content\/uploads\/2024\/05\/csm_OEKO-TEX_Logo_2022_rgb_c1aaeb5ceb-100x100.jpg 100w, https:\/\/woolskins.eu\/wp-content\/uploads\/2024\/05\/csm_OEKO-TEX_Logo_2022_rgb_c1aaeb5ceb-64x64.jpg 64w, https:\/\/woolskins.eu\/wp-content\/uploads\/2024\/05\/csm_OEKO-TEX_Logo_2022_rgb_c1aaeb5ceb.jpg 885w\" sizes=\"auto, (max-width: 89px) 100vw, 89px\" \/><\/p>","protected":false},"featured_media":26467,"comment_status":"closed","ping_status":"closed","template":"","meta":{"_acf_changed":false},"product_brand":[],"product_cat":[352,363,336,502],"product_tag":[],"class_list":{"0":"post-26466","1":"product","2":"type-product","3":"status-publish","4":"has-post-thumbnail","6":"product_cat-merken","7":"product_cat-cadeaus-e25-e50","8":"product_cat-voetenzakken","9":"product_cat-zaffiro","11":"first","12":"instock","13":"taxable","14":"shipping-taxable","15":"purchasable","16":"product-type-simple"},"acf":[],"_links":{"self":[{"href":"https:\/\/woolskins.eu\/nb\/wp-json\/wp\/v2\/product\/26466","targetHints":{"allow":["GET"]}}],"collection":[{"href":"https:\/\/woolskins.eu\/nb\/wp-json\/wp\/v2\/product"}],"about":[{"href":"https:\/\/woolskins.eu\/nb\/wp-json\/wp\/v2\/types\/product"}],"replies":[{"embeddable":true,"href":"https:\/\/woolskins.eu\/nb\/wp-json\/wp\/v2\/comments?post=26466"}],"wp:featuredmedia":[{"embeddable":true,"href":"https:\/\/woolskins.eu\/nb\/wp-json\/wp\/v2\/media\/26467"}],"wp:attachment":[{"href":"https:\/\/woolskins.eu\/nb\/wp-json\/wp\/v2\/media?parent=26466"}],"wp:term":[{"taxonomy":"product_brand","embeddable":true,"href":"https:\/\/woolskins.eu\/nb\/wp-json\/wp\/v2\/product_brand?post=26466"},{"taxonomy":"product_cat","embeddable":true,"href":"https:\/\/woolskins.eu\/nb\/wp-json\/wp\/v2\/product_cat?post=26466"},{"taxonomy":"product_tag","embeddable":true,"href":"https:\/\/woolskins.eu\/nb\/wp-json\/wp\/v2\/product_tag?post=26466"}],"curies":[{"name":"wp","href":"https:\/\/api.w.org\/{rel}","templated":true}]}}