{"id":26020,"date":"2025-09-05T10:24:39","date_gmt":"2025-09-05T10:24:39","guid":{"rendered":"https:\/\/woolskins.eu\/?post_type=product&#038;p=26020"},"modified":"2026-03-02T10:53:44","modified_gmt":"2026-03-02T10:53:44","slug":"ullvotter-for-barn-1-3-ar-zaffiro-tovet-valnott","status":"publish","type":"product","link":"https:\/\/woolskins.eu\/nb\/wollen-wanten-voor-kind-1-3-jaar-zaffiro-felted-walnoot\/","title":{"rendered":"Ullvotter for barn 1-3 \u00e5r - Zaffiro | Filtet hasseln\u00f8tt"},"content":{"rendered":"<h5>Ullvotter for barn 1-3 \u00e5r - Zaffiro<\/h5>\n<p>Hold sm\u00e5 hender varme og komfortable med Zaffiros ullvotter. Disse s\u00f8te ullvottene er den perfekte m\u00e5ten \u00e5 holde de sm\u00e5 hendene varme p\u00e5 kalde dager. Barnevottene i ull har et praktisk elastisk b\u00e5nd som s\u00f8rger for at vottene holder seg p\u00e5 plass. De er laget av myk, naturlig tovet premiumull og er sk\u00e5nsomme mot barnets f\u00f8lsomme hud. Wool-vottene isolerer godt, og takket v\u00e6re den praktiske sn\u00f8ringen er det ikke s\u00e5 lett \u00e5 miste dem av syne.<\/p>\n<p>Noen funksjoner:<\/p>\n<ul>\n<li>Varme: Ull isolerer naturlig og holder babyens hender varme selv i det kaldeste v\u00e6ret.<\/li>\n<li>Mykhet: Vottene er laget av luksuri\u00f8st myk ull som ikke irriterer babyens hud.<\/li>\n<li>Pusteevne: Ull er naturlig pustende, noe som gj\u00f8r at babyens hender holdes komfortable og svettefrie.<\/li>\n<li>Enkle \u00e5 ta av og p\u00e5: Vottene har en mansjett som gj\u00f8r dem enkle \u00e5 ta av og p\u00e5, selv for de minste som er litt vinglete.<\/li>\n<li>Vottene passer godt sammen med alle de andre produktene i Felted-kolleksjonen.<\/li>\n<\/ul>\n<p data-sourcepos=\"5:1-5:57\">Maat: 1-3 jaar.<\/p>\n<h5>Zaffiro<\/h5>\n<p>Selskapet Zaffiro er en polsk familiedrevet bedrift. Siden starten i 1989 har vi spesialisert oss p\u00e5 produksjon av baby- og barneprodukter, og det meste av det vi produserer eksporteres til mer enn 40 land. Vi skapte varemerket Zaffiro for \u00e5 fremme produkter som st\u00f8tter foreldre som er bevisste p\u00e5 viktigheten av n\u00e6rhet og tilknytning til barnet sitt fra de f\u00f8rste timene etter f\u00f8dselen. Vi fremmer konseptet \u2018hjerte til hjerte\u2019 ved \u00e5 b\u00e6re barn i b\u00e6reseler og b\u00e6reseler, og gjeninnf\u00f8rer den kloke tradisjonen fra tidligere generasjoner, gjenoppdaget og utviklet med hensyn til moderne psykologisk forskning.<\/p>","protected":false},"excerpt":{"rendered":"<p>Hold sm\u00e5 hender varme og komfortable med Zaffiros ullvotter. Disse s\u00f8te ullvottene er den perfekte m\u00e5ten \u00e5 holde de sm\u00e5 hendene varme p\u00e5 kalde dager. Barnevottene i ull har et praktisk elastisk b\u00e5nd som s\u00f8rger for at vottene holder seg p\u00e5 plass. De er laget av myk, naturlig tovet premiumull og er sk\u00e5nsomme mot barnets f\u00f8lsomme hud. Ullvottene isolerer godt, og takket v\u00e6re den praktiske sn\u00f8ringen er det ikke s\u00e5 lett \u00e5 miste dem av syne. Passer for barn i alderen 1 til 3 \u00e5r.<\/p>\n<div class=\"woocommerce-product-details__short-description\">\n<p><strong>Merke: Zaffiro<\/strong><br \/>\n<strong>Produksjon: Polen<br \/>\nKeur: Oeko-Tex Standard<\/strong><\/p>\n<p><img loading=\"lazy\" decoding=\"async\" class=\"alignnone wp-image-28173 entered lazyloaded\" src=\"https:\/\/woolskins.eu\/wp-content\/uploads\/2024\/05\/csm_OEKO-TEX_Logo_2022_rgb_c1aaeb5ceb-300x300.jpg\" alt=\"\" width=\"89\" height=\"89\" data-lazy-src=\"https:\/\/woolskins.eu\/wp-content\/uploads\/2024\/05\/csm_OEKO-TEX_Logo_2022_rgb_c1aaeb5ceb-300x300.jpg\" data-ll-status=\"loaded\" srcset=\"https:\/\/woolskins.eu\/wp-content\/uploads\/2024\/05\/csm_OEKO-TEX_Logo_2022_rgb_c1aaeb5ceb-300x300.jpg 300w, https:\/\/woolskins.eu\/wp-content\/uploads\/2024\/05\/csm_OEKO-TEX_Logo_2022_rgb_c1aaeb5ceb-150x150.jpg 150w, https:\/\/woolskins.eu\/wp-content\/uploads\/2024\/05\/csm_OEKO-TEX_Logo_2022_rgb_c1aaeb5ceb-768x769.jpg 768w, https:\/\/woolskins.eu\/wp-content\/uploads\/2024\/05\/csm_OEKO-TEX_Logo_2022_rgb_c1aaeb5ceb-12x12.jpg 12w, https:\/\/woolskins.eu\/wp-content\/uploads\/2024\/05\/csm_OEKO-TEX_Logo_2022_rgb_c1aaeb5ceb-600x601.jpg 600w, https:\/\/woolskins.eu\/wp-content\/uploads\/2024\/05\/csm_OEKO-TEX_Logo_2022_rgb_c1aaeb5ceb-100x100.jpg 100w, https:\/\/woolskins.eu\/wp-content\/uploads\/2024\/05\/csm_OEKO-TEX_Logo_2022_rgb_c1aaeb5ceb-64x64.jpg 64w, https:\/\/woolskins.eu\/wp-content\/uploads\/2024\/05\/csm_OEKO-TEX_Logo_2022_rgb_c1aaeb5ceb.jpg 885w\" sizes=\"auto, (max-width: 89px) 100vw, 89px\" \/><\/p>\n<\/div>","protected":false},"featured_media":26022,"comment_status":"open","ping_status":"closed","template":"","meta":{"_acf_changed":false},"product_brand":[],"product_cat":[502,345,361,362,200,499,196,346],"product_tag":[],"class_list":{"0":"post-26020","1":"product","2":"type-product","3":"status-publish","4":"has-post-thumbnail","6":"product_cat-zaffiro","7":"product_cat-accessoires","8":"product_cat-babyshower","9":"product_cat-cadeaus-tot-e-25","10":"product_cat-wollen-babykleding","11":"product_cat-new-arrivals","12":"product_cat-slaapkleding-baby","13":"product_cat-mutsjesensjaaltjes","15":"first","16":"instock","17":"taxable","18":"shipping-taxable","19":"purchasable","20":"product-type-simple"},"acf":[],"_links":{"self":[{"href":"https:\/\/woolskins.eu\/nb\/wp-json\/wp\/v2\/product\/26020","targetHints":{"allow":["GET"]}}],"collection":[{"href":"https:\/\/woolskins.eu\/nb\/wp-json\/wp\/v2\/product"}],"about":[{"href":"https:\/\/woolskins.eu\/nb\/wp-json\/wp\/v2\/types\/product"}],"replies":[{"embeddable":true,"href":"https:\/\/woolskins.eu\/nb\/wp-json\/wp\/v2\/comments?post=26020"}],"wp:featuredmedia":[{"embeddable":true,"href":"https:\/\/woolskins.eu\/nb\/wp-json\/wp\/v2\/media\/26022"}],"wp:attachment":[{"href":"https:\/\/woolskins.eu\/nb\/wp-json\/wp\/v2\/media?parent=26020"}],"wp:term":[{"taxonomy":"product_brand","embeddable":true,"href":"https:\/\/woolskins.eu\/nb\/wp-json\/wp\/v2\/product_brand?post=26020"},{"taxonomy":"product_cat","embeddable":true,"href":"https:\/\/woolskins.eu\/nb\/wp-json\/wp\/v2\/product_cat?post=26020"},{"taxonomy":"product_tag","embeddable":true,"href":"https:\/\/woolskins.eu\/nb\/wp-json\/wp\/v2\/product_tag?post=26020"}],"curies":[{"name":"wp","href":"https:\/\/api.w.org\/{rel}","templated":true}]}}