{"id":25991,"date":"2025-09-03T09:53:41","date_gmt":"2025-09-03T09:53:41","guid":{"rendered":"https:\/\/woolskins.eu\/?post_type=product&#038;p=25991"},"modified":"2026-02-18T13:50:18","modified_gmt":"2026-02-18T13:50:18","slug":"zaffiro-ullsovepose-for-vogn-og-liggedel-teddy-beige","status":"publish","type":"product","link":"https:\/\/woolskins.eu\/nb\/zaffiro-wollen-voetenzak-slaapzak-voor-buggy-en-reiswieg-teddy-beige\/","title":{"rendered":"Zaffiro | Ullpose - sovepose for barnevogn og barneseng | Teddy Beige"},"content":{"rendered":"<h5>Sovepose i ull til barnevogn, liggedel og Moses-kurv.<\/h5>\n<p>Disse ullfotsuffene - sovepose for barnevogn og Maxi-Cosi er sv\u00e6rt godt egnet for de minste takket v\u00e6re ullfibrenes naturlige egenskaper. De puster og har evnen til \u00e5 fungere som en naturlig termostat som regulerer kroppstemperaturen? Dette hjelper babyen din med \u00e5 opprettholde en stabil temperatur og holder babyen t\u00f8rr og komfortabel. Saueull har ogs\u00e5 antiallergiske egenskaper og er antibakteriell, noe som gir den hygieniske og selvrensende egenskaper. Den n\u00f8ytraliserer ubehagelig lukt og smuss. Du kan v\u00e6re trygg p\u00e5 at barnet ditt vil ha det varmt og godt i denne ullfotsuffen fra Zaffiro. Takket v\u00e6re de spesielle \u00e5pningene passer alle typer sikkerhetsb\u00e5nd uten problemer i denne modellen.<\/p>\n<p>- 100% premium jomfruull, tovet.<br \/>\n- Passer for 0-18 m\u00e5neder.<br \/>\n- Sn\u00f8ring i kragen for \u00e5 beskytte barnets hode.<br \/>\n- Toppen er helt avtakbar fra bunnen.<br \/>\n- Praktiske \u00e5pninger for sikkerhetsstroppene (5-punkts).<br \/>\n- lengde 90 cm x bredde 40\/42 cm.<\/p>\n<p data-start=\"63\" data-end=\"427\"><strong data-start=\"63\" data-end=\"83\">Vaskeinstruksjoner<\/strong><\/p>\n<p data-start=\"63\" data-end=\"427\">For \u00e5 holde teddystoffet i ull fint og mykt, anbefaler vi h\u00e5ndvask ved maks. 30 \u00b0C. V\u00e6r forsiktig og bruk et mildt ullvaskemiddel. Unng\u00e5 blekemiddel, stryking, t\u00f8rketrommel og sentrifugering. La stoffet t\u00f8rke flatt for \u00e5 bevare formen. Renseri er ogs\u00e5 mulig.<\/p>\n<p data-start=\"429\" data-end=\"552\">\u2728 <strong data-start=\"431\" data-end=\"439\">Tips:<\/strong> Ull trenger ikke \u00e5 vaskes ofte. En rask lufting ute er ofte nok til \u00e5 holde stoffet friskt.<\/p>\n<p data-start=\"554\" data-end=\"817\">\ud83c\udf3f <strong data-start=\"557\" data-end=\"588\">Hvorfor ull er spesielt: <\/strong>Ull er naturlig selvrensende og smussavvisende. Lukt forsvinner bare ved \u00e5 lufte stoffet, og smuss fester seg ikke like lett som i andre materialer. Dermed holder ullstoffet seg friskt lenger, uten mye vedlikehold.<\/p>\n<h5>Zaffiro<\/h5>\n<p>Selskapet Zaffiro er en polsk familiedrevet bedrift. Siden starten i 1989 har vi spesialisert oss p\u00e5 produksjon av baby- og barneprodukter, og det meste av det vi produserer eksporteres til mer enn 40 land. Vi skapte varemerket Zaffiro for \u00e5 fremme produkter som st\u00f8tter foreldre som er bevisste p\u00e5 viktigheten av n\u00e6rhet og tilknytning til barnet sitt fra de f\u00f8rste timene etter f\u00f8dselen. Vi fremmer konseptet \u2018hjerte til hjerte\u2019 ved \u00e5 b\u00e6re barn i b\u00e6reseler og b\u00e6reseler, og gjeninnf\u00f8rer den kloke tradisjonen fra tidligere generasjoner, gjenoppdaget og utviklet med hensyn til moderne psykologisk forskning.<\/p>","protected":false},"excerpt":{"rendered":"<p>Ta gjerne med barnet ditt p\u00e5 tur i denne varme ullfotsvotten - sovepose fra Zaffiro til barnevognen, vognen, Moses-kurven eller hjemme. Fott\u00f8yposen er laget av 100%-ull og tilpasser seg barnets temperatur med en gang. Den smidige ullen beveger seg lett i takt med barnet. Den holder godt p\u00e5 varmen uten at barnet blir svett, siden ull puster. Takket v\u00e6re ullens unike egenskaper vil barnet ditt ha det varmt og behagelig. Takket v\u00e6re de praktiske belte\u00e5pningene er det raskt \u00e5 montere ullfotsvotten i barnevognen. Du kan trekke i snoren i kragen for \u00e5 beskytte barnets hode mot v\u00e6r og vind. Denne fotsuffen fra Zaffiro kan brukes hele \u00e5ret, men kommer godt med om v\u00e5ren, vinteren og h\u00f8sten.<\/p>\n<div class=\"woocommerce-product-details__short-description\">\n<p><strong>Merke: Zaffiro<\/strong><br \/>\n<strong>Produksjon: Polen<br \/>\nKeur: Oeko-Tex Standard<\/strong><\/p>\n<p><img loading=\"lazy\" decoding=\"async\" class=\"alignnone wp-image-28173 entered lazyloaded\" src=\"https:\/\/woolskins.eu\/wp-content\/uploads\/2024\/05\/csm_OEKO-TEX_Logo_2022_rgb_c1aaeb5ceb-300x300.jpg\" alt=\"\" width=\"89\" height=\"89\" data-lazy-src=\"https:\/\/woolskins.eu\/wp-content\/uploads\/2024\/05\/csm_OEKO-TEX_Logo_2022_rgb_c1aaeb5ceb-300x300.jpg\" data-ll-status=\"loaded\" srcset=\"https:\/\/woolskins.eu\/wp-content\/uploads\/2024\/05\/csm_OEKO-TEX_Logo_2022_rgb_c1aaeb5ceb-300x300.jpg 300w, https:\/\/woolskins.eu\/wp-content\/uploads\/2024\/05\/csm_OEKO-TEX_Logo_2022_rgb_c1aaeb5ceb-150x150.jpg 150w, https:\/\/woolskins.eu\/wp-content\/uploads\/2024\/05\/csm_OEKO-TEX_Logo_2022_rgb_c1aaeb5ceb-768x769.jpg 768w, https:\/\/woolskins.eu\/wp-content\/uploads\/2024\/05\/csm_OEKO-TEX_Logo_2022_rgb_c1aaeb5ceb-12x12.jpg 12w, https:\/\/woolskins.eu\/wp-content\/uploads\/2024\/05\/csm_OEKO-TEX_Logo_2022_rgb_c1aaeb5ceb-600x601.jpg 600w, https:\/\/woolskins.eu\/wp-content\/uploads\/2024\/05\/csm_OEKO-TEX_Logo_2022_rgb_c1aaeb5ceb-100x100.jpg 100w, https:\/\/woolskins.eu\/wp-content\/uploads\/2024\/05\/csm_OEKO-TEX_Logo_2022_rgb_c1aaeb5ceb-64x64.jpg 64w, https:\/\/woolskins.eu\/wp-content\/uploads\/2024\/05\/csm_OEKO-TEX_Logo_2022_rgb_c1aaeb5ceb.jpg 885w\" sizes=\"auto, (max-width: 89px) 100vw, 89px\" \/><\/p>\n<\/div>","protected":false},"featured_media":25997,"comment_status":"open","ping_status":"closed","template":"","meta":{"_acf_changed":false},"product_brand":[],"product_cat":[502,370,336],"product_tag":[],"class_list":{"0":"post-25991","1":"product","2":"type-product","3":"status-publish","4":"has-post-thumbnail","6":"product_cat-zaffiro","7":"product_cat-slaapzakken","8":"product_cat-voetenzakken","10":"first","11":"instock","12":"taxable","13":"shipping-taxable","14":"purchasable","15":"product-type-simple"},"acf":[],"_links":{"self":[{"href":"https:\/\/woolskins.eu\/nb\/wp-json\/wp\/v2\/product\/25991","targetHints":{"allow":["GET"]}}],"collection":[{"href":"https:\/\/woolskins.eu\/nb\/wp-json\/wp\/v2\/product"}],"about":[{"href":"https:\/\/woolskins.eu\/nb\/wp-json\/wp\/v2\/types\/product"}],"replies":[{"embeddable":true,"href":"https:\/\/woolskins.eu\/nb\/wp-json\/wp\/v2\/comments?post=25991"}],"wp:featuredmedia":[{"embeddable":true,"href":"https:\/\/woolskins.eu\/nb\/wp-json\/wp\/v2\/media\/25997"}],"wp:attachment":[{"href":"https:\/\/woolskins.eu\/nb\/wp-json\/wp\/v2\/media?parent=25991"}],"wp:term":[{"taxonomy":"product_brand","embeddable":true,"href":"https:\/\/woolskins.eu\/nb\/wp-json\/wp\/v2\/product_brand?post=25991"},{"taxonomy":"product_cat","embeddable":true,"href":"https:\/\/woolskins.eu\/nb\/wp-json\/wp\/v2\/product_cat?post=25991"},{"taxonomy":"product_tag","embeddable":true,"href":"https:\/\/woolskins.eu\/nb\/wp-json\/wp\/v2\/product_tag?post=25991"}],"curies":[{"name":"wp","href":"https:\/\/api.w.org\/{rel}","templated":true}]}}