{"id":25978,"date":"2025-09-02T13:06:34","date_gmt":"2025-09-02T13:06:34","guid":{"rendered":"https:\/\/woolskins.eu\/?post_type=product&#038;p=25978"},"modified":"2026-05-13T12:08:19","modified_gmt":"2026-05-13T12:08:19","slug":"ullskinn-myke-elastiske-tofler","status":"publish","type":"product","link":"https:\/\/woolskins.eu\/nb\/woolskins-wolknuffel-slofjes-zacht-elastisch\/","title":{"rendered":"Woolskins ullkose sko - Myke og elastiske"},"content":{"rendered":"<p data-start=\"0\" data-end=\"79\"><strong data-start=\"0\" data-end=\"77\">Woolskins Wool Baby Slippers - myke, elastiske og passer alltid perfekt<\/strong><\/p>\n<p data-start=\"81\" data-end=\"467\">Hold babyens sm\u00e5 f\u00f8tter varme og trygge med <strong data-start=\"140\" data-end=\"176\">babyt\u00f8fler i ull fra Woolskins<\/strong>. Laget av <strong data-start=\"190\" data-end=\"226\">elastisk, 100% naturlig ull<\/strong> Disse t\u00f8flene lukker seg alltid mykt og komfortabelt rundt f\u00f8ttene, uten \u00e5 klemme. Takket v\u00e6re den naturlige elastisiteten holder de seg <strong data-start=\"357\" data-end=\"375\">sitte perfekt<\/strong>, selv med de mest smidige babyene - og de er fortsatt enkle \u00e5 ta av og p\u00e5.<\/p>\n<p data-start=\"469\" data-end=\"743\">Denne s\u00f8te <strong data-start=\"484\" data-end=\"502\">ullt\u00f8fler<\/strong> Dessuten kan de b\u00e6res p\u00e5 to m\u00e5ter: med kanten <strong data-start=\"561\" data-end=\"575\">snudd<\/strong> For en klassisk og kortere modell, eller bare <strong data-start=\"620\" data-end=\"637\">uten deksel<\/strong> for en ekstra koselig, h\u00f8y t\u00f8ffel. S\u00e5 du kan enkelt justere dem, enten du koser deg hjemme eller er p\u00e5 farten.<\/p>\n<p data-start=\"745\" data-end=\"814\"><strong data-start=\"745\" data-end=\"812\">Hvorfor m\u00f8dre velger Woolskins babyt\u00f8fler i ull:<\/strong><\/p>\n<ul data-start=\"815\" data-end=\"1238\">\n<li data-start=\"815\" data-end=\"910\">\n<p data-start=\"817\" data-end=\"910\"><strong data-start=\"817\" data-end=\"835\">Elastisk ull<\/strong>: lett \u00e5 ta p\u00e5 og holder seg p\u00e5 selv med aktive f\u00f8tter<\/p>\n<\/li>\n<li data-start=\"911\" data-end=\"964\">\n<p data-start=\"913\" data-end=\"964\"><strong data-start=\"913\" data-end=\"940\">To m\u00e5ter \u00e5 bruke<\/strong>: med eller uten deksel<\/p>\n<\/li>\n<li data-start=\"965\" data-end=\"1041\">\n<p data-start=\"967\" data-end=\"1041\"><strong data-start=\"967\" data-end=\"1001\">100% naturlig, europeisk ull<\/strong> - holdbar, trygg og hudvennlig<\/p>\n<\/li>\n<li data-start=\"1042\" data-end=\"1143\">\n<p data-start=\"1044\" data-end=\"1143\"><strong data-start=\"1044\" data-end=\"1083\">Varm om vinteren, kj\u00f8lig om sommeren<\/strong> - takket v\u00e6re ullens temperaturregulerende egenskaper<\/p>\n<\/li>\n<li data-start=\"1144\" data-end=\"1238\">\n<p data-start=\"1146\" data-end=\"1238\"><strong data-start=\"1146\" data-end=\"1180\">Allergivennlig og selvrensende<\/strong> - ideell for f\u00f8lsomme babyf\u00f8tter og krever lite vedlikehold<\/p>\n<\/li>\n<\/ul>\n<p>St\u00f8rrelse: 3-6 m\u00e5neder (innvendig lengde 9 cm)<\/p>\n<p data-start=\"1240\" data-end=\"1487\">Ull har naturligvis en rekke fordeler: Det er <strong data-start=\"1287\" data-end=\"1298\">pustende<\/strong>, <strong data-start=\"1300\" data-end=\"1325\">temperaturregulerende<\/strong> og <strong data-start=\"1329\" data-end=\"1344\">ultramyk<\/strong> for babyens sarte hud. F\u00f8ttene holder alltid riktig temperatur og f\u00f8les t\u00f8rre og behagelige - uansett \u00e5rstid.<\/p>\n<p data-start=\"1489\" data-end=\"1672\">Med <strong data-start=\"1496\" data-end=\"1532\">babyt\u00f8fler i ull fra Woolskins<\/strong> gir ditt barn det beste fra to verdener: naturlig komfort og praktiske egenskaper, pakket inn i en tidl\u00f8s, stilig design.<\/p>","protected":false},"excerpt":{"rendered":"<p>Disse ullt\u00f8flene fra Woolskins er laget av myk, elastisk 100% naturull og holder seg perfekt p\u00e5 plass, selv med trykkende babyf\u00f8tter. Takket v\u00e6re den elastiske ullen er de enkle \u00e5 ta av og p\u00e5, og de er ideelle for de minste. Bruk t\u00f8flene med eller uten vikle for en klassisk eller ekstra varm look. Disse slitesterke babyt\u00f8flene er temperaturregulerende, pustende og allergivennlige, slik at babyens f\u00f8tter alltid er komfortable og beskyttet - perfekt til hverdagsbruk, hjemme eller p\u00e5 farten.<\/p>\n<p>St\u00f8rrelse: 3-6 m\u00e5neder (innvendig lengde 9 cm)<\/p>\n<p><strong>Merke: Woolskins<\/strong><br \/>\n<strong>Produksjon: Polen<\/strong><\/p>","protected":false},"featured_media":25982,"comment_status":"open","ping_status":"closed","template":"","meta":{"_acf_changed":false},"product_brand":[],"product_cat":[360,362,200,499,323,194],"product_tag":[],"class_list":{"0":"post-25978","1":"product","2":"type-product","3":"status-publish","4":"has-post-thumbnail","6":"product_cat-cadeautips","7":"product_cat-cadeaus-tot-e-25","8":"product_cat-wollen-babykleding","9":"product_cat-new-arrivals","10":"product_cat-slofjes","11":"product_cat-wollen-babyproducten","13":"first","14":"instock","15":"taxable","16":"shipping-taxable","17":"purchasable","18":"product-type-simple"},"acf":[],"_links":{"self":[{"href":"https:\/\/woolskins.eu\/nb\/wp-json\/wp\/v2\/product\/25978","targetHints":{"allow":["GET"]}}],"collection":[{"href":"https:\/\/woolskins.eu\/nb\/wp-json\/wp\/v2\/product"}],"about":[{"href":"https:\/\/woolskins.eu\/nb\/wp-json\/wp\/v2\/types\/product"}],"replies":[{"embeddable":true,"href":"https:\/\/woolskins.eu\/nb\/wp-json\/wp\/v2\/comments?post=25978"}],"wp:featuredmedia":[{"embeddable":true,"href":"https:\/\/woolskins.eu\/nb\/wp-json\/wp\/v2\/media\/25982"}],"wp:attachment":[{"href":"https:\/\/woolskins.eu\/nb\/wp-json\/wp\/v2\/media?parent=25978"}],"wp:term":[{"taxonomy":"product_brand","embeddable":true,"href":"https:\/\/woolskins.eu\/nb\/wp-json\/wp\/v2\/product_brand?post=25978"},{"taxonomy":"product_cat","embeddable":true,"href":"https:\/\/woolskins.eu\/nb\/wp-json\/wp\/v2\/product_cat?post=25978"},{"taxonomy":"product_tag","embeddable":true,"href":"https:\/\/woolskins.eu\/nb\/wp-json\/wp\/v2\/product_tag?post=25978"}],"curies":[{"name":"wp","href":"https:\/\/api.w.org\/{rel}","templated":true}]}}