{"id":25910,"date":"2025-08-29T13:49:43","date_gmt":"2025-08-29T13:49:43","guid":{"rendered":"https:\/\/woolskins.eu\/?post_type=product&#038;p=25910"},"modified":"2025-12-20T10:39:21","modified_gmt":"2025-12-20T10:39:21","slug":"woolskins-babyfrakk-kimonojakke-i-ull-tovet-beige","status":"publish","type":"product","link":"https:\/\/woolskins.eu\/nb\/woolskins-wollen-babyjas-kimonojas-felted-beige\/","title":{"rendered":"Woolskins Babyfrakk i ull - Kimonok\u00e5pe | Filtet beige"},"content":{"rendered":"<p data-start=\"0\" data-end=\"81\"><strong data-start=\"0\" data-end=\"79\">Woolskins Kimono-jakke i ull - myk, varm og ren komfort for den lille<\/strong><\/p>\n<p data-start=\"83\" data-end=\"355\">Pakk babyen din inn i varme og trygghet med <strong data-start=\"132\" data-end=\"168\">Woolskins kimonojakke i ull<\/strong>. Denne s\u00f8te <strong data-start=\"180\" data-end=\"200\">babyjakke i ull<\/strong> er spesialdesignet for m\u00f8dre som vil ha det aller beste: en jakke som er myk mot babyens f\u00f8lsomme hud, behagelig \u00e5 ha p\u00e5 og som ser flott ut.<\/p>\n<p data-start=\"357\" data-end=\"637\">Jakken har en <strong data-start=\"377\" data-end=\"397\">dobbel overlapping<\/strong> som du enkelt lukker med de myke sn\u00f8rene. P\u00e5 den m\u00e5ten holder den seg perfekt p\u00e5 plass, uansett om den lille ligger stille eller beveger seg lystig. Ideell som <strong data-start=\"536\" data-end=\"569\">koselig badek\u00e5pe etter bading<\/strong> eller hvis <strong data-start=\"577\" data-end=\"599\">stilig overfrakk<\/strong> for n\u00e5r du er p\u00e5 farten p\u00e5 kj\u00f8lige dager. Den lekne posen i form av en m\u00e5ne kan for eksempel romme barnets t\u00f8y, slik at det alltid er lett tilgjengelig.<\/p>\n<p data-start=\"639\" data-end=\"975\">Laget av <strong>zuivere scheerwol met Oeko-Tex keurmerk<\/strong>, biedt dit jasje meer dan alleen zachtheid. Wol <strong data-start=\"745\" data-end=\"754\">puster<\/strong>, er <strong data-start=\"759\" data-end=\"784\">temperaturregulerende<\/strong> og holder babyen varm om vinteren og kj\u00f8lig om sommeren. Dessuten er ull <strong data-start=\"858\" data-end=\"875\">allergivennlig<\/strong> og <strong data-start=\"879\" data-end=\"896\">selvrensende<\/strong> - perfekt for den sarte huden til den lille og praktisk for travle m\u00f8dre.<\/p>\n<p data-start=\"977\" data-end=\"1036\"><strong data-start=\"977\" data-end=\"1034\">Hvorfor m\u00f8dre elsker Woolskins kimonojakke:<\/strong><\/p>\n<ul data-start=\"1037\" data-end=\"1352\">\n<li data-start=\"1037\" data-end=\"1097\">\n<p data-start=\"1039\" data-end=\"1097\">Vakker design med dobbel klaff og myke snorer<\/p>\n<\/li>\n<li data-start=\"1098\" data-end=\"1156\">\n<p data-start=\"1100\" data-end=\"1156\">Herlig myk og varm, egnet for innend\u00f8rs og utend\u00f8rs bruk<\/p>\n<\/li>\n<li data-start=\"1157\" data-end=\"1219\">\n<p data-start=\"1159\" data-end=\"1219\">Zuivere scheerwol met Oeko-Tex keur, Europese wol &#8211; veilig en huidvriendelijk<\/p>\n<\/li>\n<li data-start=\"1220\" data-end=\"1286\">\n<p data-start=\"1222\" data-end=\"1286\">Holder babyen komfortabel: varm om vinteren, kj\u00f8lig om sommeren<\/p>\n<\/li>\n<li data-start=\"1287\" data-end=\"1352\">\n<p data-start=\"1289\" data-end=\"1352\">Allergivennlig og selvrensende - mindre vask, mer glede<\/p>\n<\/li>\n<li data-start=\"1287\" data-end=\"1352\">1 st\u00f8rrelse 12-24 m\u00e5neder (se m\u00e5lene nedenfor)<\/li>\n<\/ul>\n<p data-start=\"1354\" data-end=\"1551\">La den lille bli omsluttet av ullens naturlige luksus. Denne <strong data-start=\"1423\" data-end=\"1443\">babyjakke i ull<\/strong> er ikke bare et praktisk plagg, men ogs\u00e5 et tidl\u00f8st plagg som du elsker \u00e5 bruke hver dag.<\/p>\n<p data-start=\"1354\" data-end=\"1551\"><img loading=\"lazy\" decoding=\"async\" class=\"alignnone wp-image-25914\" src=\"https:\/\/woolskins.eu\/wp-content\/uploads\/2025\/08\/Afmetingen-Kimonojasje-Middel-300x300.png\" alt=\"Woolskins baby kimono jakke i ull\" width=\"339\" height=\"339\" srcset=\"https:\/\/woolskins.eu\/wp-content\/uploads\/2025\/08\/Afmetingen-Kimonojasje-Middel-300x300.png 300w, https:\/\/woolskins.eu\/wp-content\/uploads\/2025\/08\/Afmetingen-Kimonojasje-Middel-150x150.png 150w, https:\/\/woolskins.eu\/wp-content\/uploads\/2025\/08\/Afmetingen-Kimonojasje-Middel-768x765.png 768w, https:\/\/woolskins.eu\/wp-content\/uploads\/2025\/08\/Afmetingen-Kimonojasje-Middel-12x12.png 12w, https:\/\/woolskins.eu\/wp-content\/uploads\/2025\/08\/Afmetingen-Kimonojasje-Middel-600x598.png 600w, https:\/\/woolskins.eu\/wp-content\/uploads\/2025\/08\/Afmetingen-Kimonojasje-Middel-100x100.png 100w, https:\/\/woolskins.eu\/wp-content\/uploads\/2025\/08\/Afmetingen-Kimonojasje-Middel-64x64.png 64w, https:\/\/woolskins.eu\/wp-content\/uploads\/2025\/08\/Afmetingen-Kimonojasje-Middel.png 771w\" sizes=\"auto, (max-width: 339px) 100vw, 339px\" \/><\/p>","protected":false},"excerpt":{"rendered":"<p data-start=\"87\" data-end=\"443\">Dit wollen kimonojasje van Woolskins omhult je baby met natuurlijke warmte en geborgenheid. Dit zachte en stijlvolle jasje is perfect als wollen babyjas voor buiten of als knusse badjas voor binnen. Dankzij de dubbele overslag met zachte koortjes sluit het jasje altijd mooi aan en blijft het comfortabel zitten, of je kleintje nu rustig ligt of beweegt.<\/p>\n<p data-start=\"445\" data-end=\"828\" data-is-last-node=\"\" data-is-only-node=\"\">Laget av <strong>zuivere scheerwol<\/strong>\u00a0is het jasje ademend en temperatuurregulerend: warm in de winter en verkoelend in de zomer. De wol is bovendien hypoallergeen en zelfreinigend, waardoor het extra zacht is voor de gevoelige babyhuid \u00e9n praktisch voor dagelijks gebruik. Zo voelt je baby zich in elk seizoen veilig, comfortabel en geborgen.<\/p>\n<p>St\u00f8rrelse: 12-24 m\u00e5neder (se produktbeskrivelsen nedenfor)<\/p>\n<p>Nye ankomster! Flere detaljbilder f\u00f8lger. For sp\u00f8rsm\u00e5l eller mer informasjon om dette produktet, send oss en whatsapp p\u00e5 nummer +31202044557<\/p>\n<p><strong>Merke: Woolskins<\/strong><br \/>\n<strong>Produksjon: Polen<br \/>\n<\/strong><\/p>","protected":false},"featured_media":25915,"comment_status":"open","ping_status":"closed","template":"","meta":{"_acf_changed":false},"product_brand":[],"product_cat":[360,364,200,337,194],"product_tag":[],"class_list":{"0":"post-25910","1":"product","2":"type-product","3":"status-publish","4":"has-post-thumbnail","6":"product_cat-cadeautips","7":"product_cat-cadeaus-vanaf-e50","8":"product_cat-wollen-babykleding","9":"product_cat-vestjes","10":"product_cat-wollen-babyproducten","12":"first","13":"instock","14":"taxable","15":"shipping-taxable","16":"purchasable","17":"product-type-simple"},"acf":[],"_links":{"self":[{"href":"https:\/\/woolskins.eu\/nb\/wp-json\/wp\/v2\/product\/25910","targetHints":{"allow":["GET"]}}],"collection":[{"href":"https:\/\/woolskins.eu\/nb\/wp-json\/wp\/v2\/product"}],"about":[{"href":"https:\/\/woolskins.eu\/nb\/wp-json\/wp\/v2\/types\/product"}],"replies":[{"embeddable":true,"href":"https:\/\/woolskins.eu\/nb\/wp-json\/wp\/v2\/comments?post=25910"}],"wp:featuredmedia":[{"embeddable":true,"href":"https:\/\/woolskins.eu\/nb\/wp-json\/wp\/v2\/media\/25915"}],"wp:attachment":[{"href":"https:\/\/woolskins.eu\/nb\/wp-json\/wp\/v2\/media?parent=25910"}],"wp:term":[{"taxonomy":"product_brand","embeddable":true,"href":"https:\/\/woolskins.eu\/nb\/wp-json\/wp\/v2\/product_brand?post=25910"},{"taxonomy":"product_cat","embeddable":true,"href":"https:\/\/woolskins.eu\/nb\/wp-json\/wp\/v2\/product_cat?post=25910"},{"taxonomy":"product_tag","embeddable":true,"href":"https:\/\/woolskins.eu\/nb\/wp-json\/wp\/v2\/product_tag?post=25910"}],"curies":[{"name":"wp","href":"https:\/\/api.w.org\/{rel}","templated":true}]}}