{"id":25516,"date":"2025-07-09T09:48:05","date_gmt":"2025-07-09T09:48:05","guid":{"rendered":"https:\/\/woolskins.eu\/?post_type=product&#038;p=25516"},"modified":"2025-09-26T09:35:22","modified_gmt":"2025-09-26T09:35:22","slug":"babyullbukse-i-100-merinoull-lysegra","status":"publish","type":"product","link":"https:\/\/woolskins.eu\/nb\/wollen-babybroekje-100-merinowol-lichtgrijs\/","title":{"rendered":"Babyullbukse 100% Merinoull | Lysegr\u00e5"},"content":{"rendered":"<p data-start=\"261\" data-end=\"352\"><strong data-start=\"261\" data-end=\"352\">Myk, varm og naturlig - babybuksen i ull som vil gj\u00f8re b\u00e5de deg og babyen din lykkelig<\/strong><\/p>\n<p data-start=\"354\" data-end=\"626\">Forestill deg at babyen din ruller, kryper eller sover i fred, herlig varm og omsluttet av den mykeste ullen du kan tenke deg. Denne <em data-start=\"494\" data-end=\"515\">Babybukse i ull<\/em>, laget av 100% italiensk merinoull, f\u00f8les som en annen hud - myk, pustende og helt naturlig.<\/p>\n<p data-start=\"628\" data-end=\"924\">Til disse shortsene er det kun brukt Europas fineste merinoull, hentet fra Italia. Merinoull er ikke bare kjent for sin mykhet, men ogs\u00e5 for sine temperaturregulerende egenskaper: varm om vinteren, kj\u00f8lig om sommeren. S\u00e5 babyen din f\u00f8ler seg alltid komfortabel, uten \u00e5 svette eller bli avkj\u00f8lt.<\/p>\n<p data-start=\"926\" data-end=\"958\">Det som gj\u00f8r disse shortsene spesielle:<\/p>\n<ul data-start=\"959\" data-end=\"1402\">\n<li data-start=\"959\" data-end=\"1050\">\n<p data-start=\"961\" data-end=\"1050\"><strong data-start=\"961\" data-end=\"980\">Myk og smidig<\/strong> - ingen kiling, men ren mykhet for babyens sarte hud<\/p>\n<\/li>\n<li data-start=\"1051\" data-end=\"1142\">\n<p data-start=\"1053\" data-end=\"1142\"><strong data-start=\"1053\" data-end=\"1089\">Pustende og temperaturregulerende<\/strong> - babyen din holder seg t\u00f8rr og varm, dag og natt<\/p>\n<\/li>\n<li data-start=\"1143\" data-end=\"1223\">\n<p data-start=\"1145\" data-end=\"1223\"><strong data-start=\"1145\" data-end=\"1162\">Selvrensende<\/strong> - En rask lufting er ofte nok, ideelt for travle dager<\/p>\n<\/li>\n<li data-start=\"1224\" data-end=\"1312\">\n<p data-start=\"1226\" data-end=\"1312\"><strong data-start=\"1226\" data-end=\"1258\">Laget med kj\u00e6rlighet i Europa<\/strong> - b\u00e6rekraftig, dyrevennlig og rettferdig produsert<\/p>\n<\/li>\n<li data-start=\"1313\" data-end=\"1402\">\n<p data-start=\"1315\" data-end=\"1402\"><strong data-start=\"1315\" data-end=\"1341\">T\u00f8yelig og komfortabel<\/strong> - slik at barnet ditt kan bevege seg, oppdage og vokse fritt<\/p>\n<\/li>\n<\/ul>\n<p data-start=\"1404\" data-end=\"1573\">Enten du er p\u00e5 utkikk etter et f\u00f8rste antrekk til den nyf\u00f8dte eller en velkjent bukse til den som kryper og krabber: Disse babybuksene i ull tilpasser seg uanstrengt til alle stadier.<\/p>\n<p data-start=\"1575\" data-end=\"1885\"><strong data-start=\"1575\" data-end=\"1618\">Hvorfor velge babykl\u00e6r laget av ull?<\/strong><br data-start=\"1618\" data-end=\"1621\" \/>Ull er et av naturens underverk. Den er antibakteriell, stopper ubehagelig lukt og trenger nesten ikke vaskes. Og kanskje det beste av alt: Ull puster. Det betyr at babyen din alltid vil ha akkurat passe varme uten \u00e5 bli overopphetet.<\/p>\n<p data-start=\"1887\" data-end=\"2016\">Babybukser i ull er ikke un\u00f8dvendig luksus, men et bevisst valg for komfort, helse og bekvemmelighet - b\u00e5de for deg og babyen din.<\/p>\n<p data-start=\"2018\" data-end=\"2152\"><strong data-start=\"2018\" data-end=\"2045\">Tips fra andre m\u00f8dre:<\/strong> Kombiner shortsen med en ulltr\u00f8ye eller cardigan, og finn selv ut hvorfor ull er s\u00e5 popul\u00e6rt.<\/p>","protected":false},"excerpt":{"rendered":"<p><strong data-start=\"165\" data-end=\"238\">Babybukse i 100% merinoull - myk, pustende og naturlig<\/strong><br data-start=\"238\" data-end=\"241\" \/>Denne fine <em data-start=\"251\" data-end=\"272\">Babybukse i ull<\/em> er laget av supermyk merinoull fra Italia. Ullen puster, er temperaturregulerende og perfekt for babyens f\u00f8lsomme hud. Varm om vinteren, kj\u00f8lig om sommeren - ideell for alle \u00e5rstider. Takket v\u00e6re den naturlige elastisiteten sitter buksen godt uten \u00e5 klemme, slik at babyen kan bevege seg fritt. Laget i Europa med kj\u00e6rlighet og omtanke for mennesker, dyr og natur. Finnes i fire farger: ecru, beige, lysegr\u00e5 og blekrosa i st\u00f8rrelsene 2-6 mnd. 6-12 m\u00e5neder.<\/p>\n<p><strong>Merke: Woolskins<\/strong><br \/>\n<strong>Produsent: Polen<\/strong><\/p>","protected":false},"featured_media":25519,"comment_status":"open","ping_status":"closed","template":"","meta":{"_acf_changed":false},"product_brand":[],"product_cat":[360,364,200,499,322,344,194],"product_tag":[],"class_list":{"0":"post-25516","1":"product","2":"type-product","3":"status-publish","4":"has-post-thumbnail","6":"product_cat-cadeautips","7":"product_cat-cadeaus-vanaf-e50","8":"product_cat-wollen-babykleding","9":"product_cat-new-arrivals","10":"product_cat-broekjes","11":"product_cat-kleertjes","12":"product_cat-wollen-babyproducten","13":"pa_maat-2-6-maanden","14":"pa_maat-6-12-maanden","16":"first","17":"instock","18":"taxable","19":"shipping-taxable","20":"purchasable","21":"product-type-variable"},"acf":[],"_links":{"self":[{"href":"https:\/\/woolskins.eu\/nb\/wp-json\/wp\/v2\/product\/25516","targetHints":{"allow":["GET"]}}],"collection":[{"href":"https:\/\/woolskins.eu\/nb\/wp-json\/wp\/v2\/product"}],"about":[{"href":"https:\/\/woolskins.eu\/nb\/wp-json\/wp\/v2\/types\/product"}],"replies":[{"embeddable":true,"href":"https:\/\/woolskins.eu\/nb\/wp-json\/wp\/v2\/comments?post=25516"}],"wp:featuredmedia":[{"embeddable":true,"href":"https:\/\/woolskins.eu\/nb\/wp-json\/wp\/v2\/media\/25519"}],"wp:attachment":[{"href":"https:\/\/woolskins.eu\/nb\/wp-json\/wp\/v2\/media?parent=25516"}],"wp:term":[{"taxonomy":"product_brand","embeddable":true,"href":"https:\/\/woolskins.eu\/nb\/wp-json\/wp\/v2\/product_brand?post=25516"},{"taxonomy":"product_cat","embeddable":true,"href":"https:\/\/woolskins.eu\/nb\/wp-json\/wp\/v2\/product_cat?post=25516"},{"taxonomy":"product_tag","embeddable":true,"href":"https:\/\/woolskins.eu\/nb\/wp-json\/wp\/v2\/product_tag?post=25516"}],"curies":[{"name":"wp","href":"https:\/\/api.w.org\/{rel}","templated":true}]}}