{"id":25379,"date":"2025-06-24T10:49:29","date_gmt":"2025-06-24T10:49:29","guid":{"rendered":"https:\/\/woolskins.eu\/?post_type=product&#038;p=25379"},"modified":"2026-02-17T22:15:47","modified_gmt":"2026-02-17T22:15:47","slug":"zaffiro-ullfotsuff-0-3-ar-igrow-lysegra","status":"publish","type":"product","link":"https:\/\/woolskins.eu\/nb\/zaffiro-wollen-voetenzak-0-3-jaar-igrow-lichtgrijs\/","title":{"rendered":"Zaffiro | Ullfotsvott 0-3 \u00e5r - iGrow | Filtet lysegr\u00e5"},"content":{"rendered":"<p data-start=\"159\" data-end=\"496\"><strong data-start=\"159\" data-end=\"217\">Varmt, luksuri\u00f8st og naturlig komfortabelt - \u00e5ret rundt.<br \/>\n<\/strong><br data-start=\"217\" data-end=\"220\" \/>G\u00e5 bekymringsl\u00f8st p\u00e5 veien med babyen din i denne vakre fotsuffen i ull fra\u00a0<strong data-start=\"293\" data-end=\"304\">Zaffiro<\/strong>, Denne fotsuffen er laget av naturlig premiumull av h\u00f8y kvalitet. Denne fotsuffen gir ikke bare varme og komfort, men ogs\u00e5 en gjennomtenkt design som vokser med barnet ditt - opp til 3 \u00e5r.<\/p>\n<p data-start=\"498\" data-end=\"786\">Takket v\u00e6re det smarte forlengelsesstykket kan fotsuffen enkelt justeres i lengden. Den nederste delen kan \u00e5pnes med glidel\u00e5s, noe som skaper ekstra plass til voksende ben med en enkel operasjon. Dermed er denne fotsuken et slitesterkt og praktisk valg i flere sesonger.<\/p>\n<p data-start=\"788\" data-end=\"1048\">Fotbeskytteren har vertikale \u00e5pninger for sikkerhetsbelter og passer til nesten alle systemer: fra 3- og 5-punkts belter til barnevogner med p\u00e5monterte stropper. S\u00e5 du kan feste den enkelt og sikkert uansett hvor du g\u00e5r.<\/p>\n<p data-start=\"1050\" data-end=\"1369\">Det som gj\u00f8r denne fotsuffen helt spesiell, er det doble laget med myk ulvefleece. Denne naturlige ullen gir utmerket temperaturregulering: herlig varm om vinteren og overraskende kj\u00f8lig om sommeren. Toppen av fottasken er helt avtakbar, slik at du kan tilpasse den til temperaturen i alle \u00e5rstider.<\/p>\n<p data-start=\"1371\" data-end=\"1553\">Med sitt tidl\u00f8se utseende, materialer av h\u00f8y kvalitet og komfortable interi\u00f8r er denne Zaffiro-fotmatten et luksuri\u00f8st must-have for foreldre som bare vil ha det beste for barnet sitt.<\/p>\n<p data-start=\"1555\" data-end=\"1583\"><strong data-start=\"1555\" data-end=\"1583\">Oversikt over funksjonene:<\/strong><\/p>\n<ul data-start=\"1584\" data-end=\"1967\">\n<li data-start=\"1584\" data-end=\"1633\">\n<p data-start=\"1586\" data-end=\"1633\">100% zuiver scheerwolvezel, Felted.<\/p>\n<\/li>\n<li data-start=\"1584\" data-end=\"1633\">\n<p data-start=\"1586\" data-end=\"1633\">Heeft het Oeko-Tex Standard keurmerk.<\/p>\n<\/li>\n<li data-start=\"1584\" data-end=\"1633\">\n<p data-start=\"1586\" data-end=\"1633\">Egnet opp til ca. 3 \u00e5r takket v\u00e6re uttrekkbar design<\/p>\n<\/li>\n<li data-start=\"1584\" data-end=\"1633\">\n<p data-start=\"1586\" data-end=\"1633\">Justerbar lengde takket v\u00e6re avtakbar fotseksjon<\/p>\n<\/li>\n<li data-start=\"1584\" data-end=\"1633\">\n<p data-start=\"1586\" data-end=\"1633\">To lag med ull for ekstra varme og komfort<\/p>\n<\/li>\n<li data-start=\"1584\" data-end=\"1633\">\n<p data-start=\"1586\" data-end=\"1633\">Fullt avtakbar topp - ideell for alle \u00e5rstider<\/p>\n<\/li>\n<li data-start=\"1584\" data-end=\"1633\">\n<p data-start=\"1586\" data-end=\"1633\">Kompatibel med 3- og 5-punktsbelter samt modeller med faste stropper<\/p>\n<\/li>\n<li data-start=\"1584\" data-end=\"1633\">\n<p data-start=\"1586\" data-end=\"1633\">Tidl\u00f8s design, produsert p\u00e5 en b\u00e6rekraftig m\u00e5te<\/p>\n<\/li>\n<\/ul>\n<p data-start=\"1969\" data-end=\"2053\">Unn barnet ditt det beste fra naturen - varmt, trygt og alltid komfortabelt n\u00e5r du er p\u00e5 farten.<\/p>\n<h3 data-start=\"324\" data-end=\"388\"><strong data-start=\"328\" data-end=\"388\">Premium ullfotsuff laget av 100% naturlig saueull<\/strong><\/h3>\n<p data-start=\"390\" data-end=\"796\">Dette\u00a0<strong data-start=\"395\" data-end=\"438\">ullfotsuff for babyer og sm\u00e5barn<\/strong>\u00a0is gemaakt van\u00a0<strong data-start=\"459\" data-end=\"481\">premium scheerwol,<\/strong>\u00a0et naturmateriale som er kjent for sin eksepsjonelle varme, mykhet og pusteevne. Takket v\u00e6re en spesiell bearbeiding har stoffet en myk h\u00e5rstruktur p\u00e5 begge sider, noe som gir ekstra komfort og optimal isolasjon. Ideell for bruk b\u00e5de om vinteren og p\u00e5 kj\u00f8lige sommerdager.<\/p>\n<p data-start=\"798\" data-end=\"1067\">Det doble laget\u00a0<strong data-start=\"814\" data-end=\"827\">wolfleece<\/strong>\u00a0gir utmerket beskyttelse mot kulde og vind. Samtidig gir den naturlige\u00a0<strong data-start=\"907\" data-end=\"926\">termoregulering<\/strong>\u00a0av ull s\u00f8rger for at barnet ikke blir overopphetet p\u00e5 varmere dager. Denne\u00a0<strong data-start=\"1001\" data-end=\"1027\">fotsuff i babyull<\/strong>\u00a0Derfor er den perfekt for alle \u00e5rstider.<\/p>\n<p data-start=\"1069\" data-end=\"1106\"><strong data-start=\"1069\" data-end=\"1106\">Fordeler med f\u00f8rsteklasses saueull:<\/strong><\/p>\n<ul data-start=\"1107\" data-end=\"1464\">\n<li data-start=\"1107\" data-end=\"1184\">\n<p data-start=\"1109\" data-end=\"1184\"><strong data-start=\"1109\" data-end=\"1145\">Naturlig temperaturregulerende<\/strong>: varm om vinteren, kj\u00f8lig om sommeren<\/p>\n<\/li>\n<li data-start=\"1185\" data-end=\"1257\">\n<p data-start=\"1187\" data-end=\"1257\"><strong data-start=\"1187\" data-end=\"1204\">Hygroskopisk<\/strong>: absorberer fuktighet effektivt og holder babyen t\u00f8rr<\/p>\n<\/li>\n<li data-start=\"1258\" data-end=\"1333\">\n<p data-start=\"1260\" data-end=\"1333\"><strong data-start=\"1260\" data-end=\"1299\">Selvrensende og luktn\u00f8ytraliserende<\/strong>: Avviser smuss og ubehagelig lukt<\/p>\n<\/li>\n<li data-start=\"1334\" data-end=\"1402\">\n<p data-start=\"1336\" data-end=\"1402\"><strong data-start=\"1336\" data-end=\"1369\">Antiallergisk og middresistent<\/strong>: trygt for sensitiv hud<\/p>\n<\/li>\n<li data-start=\"1403\" data-end=\"1464\">\n<p data-start=\"1405\" data-end=\"1464\"><strong data-start=\"1405\" data-end=\"1431\">Holdbar og hygienisk<\/strong>: egnet for daglig bruk<\/p>\n<\/li>\n<\/ul>\n<p data-start=\"1466\" data-end=\"1687\">Denne luksuri\u00f8se\u00a0<strong data-start=\"1476\" data-end=\"1504\">fotsuff av saueull<\/strong>\u00a0er et must-have for foreldre som \u00f8nsker en \u00f8kologisk, komfortabel og funksjonell l\u00f8sning for \u00e5 v\u00e6re med p\u00e5 farten. Det perfekte valget for barnevognen, vognen eller bilsetet.<\/p>","protected":false},"excerpt":{"rendered":"<p data-start=\"133\" data-end=\"435\"><strong data-start=\"133\" data-end=\"211\">Kos deg med babyen din i denne varme ullfotsvotten fra Zaffiro.<br \/>\n<\/strong><br data-start=\"211\" data-end=\"214\" \/>Laget av naturlig, f\u00f8rsteklasses ulvefleece og egnet for bruk opp til 3 \u00e5r takket v\u00e6re det smarte forlengelsesstykket. Den nederste delen kan nemlig \u00e5pnes med glidel\u00e5s, slik at fotsuffen kan justeres i lengden. Takket v\u00e6re de langsg\u00e5ende belte\u00e5pningene er denne fotsuffen egnet for b\u00e5de 3-punkts- og 5-punkts beltesystemer, samt modeller med p\u00e5monterte stropper. Zaffiro-fotmatten i ull er luksuri\u00f8s, varm og komfortabel. Med to lag ulvefleece gir den ekstra varme om vinteren, mens toppen kan glidel\u00e5ses helt av for bruk i varmere \u00e5rstider. Slik kan du v\u00e6re sikker p\u00e5 at barnet ditt har det komfortabelt hele \u00e5ret. Se alle detaljer og spesifikasjoner nedenfor.<\/p>\n<p><strong>Merke: Zaffiro<\/strong><br \/>\n<strong>Produksjon: Polen<br \/>\nKeur: Oeko-Tex Standard<\/strong><\/p>\n<p><img loading=\"lazy\" decoding=\"async\" class=\"alignnone wp-image-28173 entered lazyloaded\" src=\"https:\/\/woolskins.eu\/wp-content\/uploads\/2024\/05\/csm_OEKO-TEX_Logo_2022_rgb_c1aaeb5ceb-300x300.jpg\" alt=\"\" width=\"89\" height=\"89\" data-lazy-src=\"https:\/\/woolskins.eu\/wp-content\/uploads\/2024\/05\/csm_OEKO-TEX_Logo_2022_rgb_c1aaeb5ceb-300x300.jpg\" data-ll-status=\"loaded\" srcset=\"https:\/\/woolskins.eu\/wp-content\/uploads\/2024\/05\/csm_OEKO-TEX_Logo_2022_rgb_c1aaeb5ceb-300x300.jpg 300w, https:\/\/woolskins.eu\/wp-content\/uploads\/2024\/05\/csm_OEKO-TEX_Logo_2022_rgb_c1aaeb5ceb-150x150.jpg 150w, https:\/\/woolskins.eu\/wp-content\/uploads\/2024\/05\/csm_OEKO-TEX_Logo_2022_rgb_c1aaeb5ceb-768x769.jpg 768w, https:\/\/woolskins.eu\/wp-content\/uploads\/2024\/05\/csm_OEKO-TEX_Logo_2022_rgb_c1aaeb5ceb-12x12.jpg 12w, https:\/\/woolskins.eu\/wp-content\/uploads\/2024\/05\/csm_OEKO-TEX_Logo_2022_rgb_c1aaeb5ceb-600x601.jpg 600w, https:\/\/woolskins.eu\/wp-content\/uploads\/2024\/05\/csm_OEKO-TEX_Logo_2022_rgb_c1aaeb5ceb-100x100.jpg 100w, https:\/\/woolskins.eu\/wp-content\/uploads\/2024\/05\/csm_OEKO-TEX_Logo_2022_rgb_c1aaeb5ceb-64x64.jpg 64w, https:\/\/woolskins.eu\/wp-content\/uploads\/2024\/05\/csm_OEKO-TEX_Logo_2022_rgb_c1aaeb5ceb.jpg 885w\" sizes=\"auto, (max-width: 89px) 100vw, 89px\" \/><\/p>","protected":false},"featured_media":25391,"comment_status":"closed","ping_status":"closed","template":"","meta":{"_acf_changed":false},"product_brand":[],"product_cat":[352,499,336,502],"product_tag":[],"class_list":{"0":"post-25379","1":"product","2":"type-product","3":"status-publish","4":"has-post-thumbnail","6":"product_cat-merken","7":"product_cat-new-arrivals","8":"product_cat-voetenzakken","9":"product_cat-zaffiro","11":"first","12":"instock","13":"taxable","14":"shipping-taxable","15":"purchasable","16":"product-type-simple"},"acf":[],"_links":{"self":[{"href":"https:\/\/woolskins.eu\/nb\/wp-json\/wp\/v2\/product\/25379","targetHints":{"allow":["GET"]}}],"collection":[{"href":"https:\/\/woolskins.eu\/nb\/wp-json\/wp\/v2\/product"}],"about":[{"href":"https:\/\/woolskins.eu\/nb\/wp-json\/wp\/v2\/types\/product"}],"replies":[{"embeddable":true,"href":"https:\/\/woolskins.eu\/nb\/wp-json\/wp\/v2\/comments?post=25379"}],"wp:featuredmedia":[{"embeddable":true,"href":"https:\/\/woolskins.eu\/nb\/wp-json\/wp\/v2\/media\/25391"}],"wp:attachment":[{"href":"https:\/\/woolskins.eu\/nb\/wp-json\/wp\/v2\/media?parent=25379"}],"wp:term":[{"taxonomy":"product_brand","embeddable":true,"href":"https:\/\/woolskins.eu\/nb\/wp-json\/wp\/v2\/product_brand?post=25379"},{"taxonomy":"product_cat","embeddable":true,"href":"https:\/\/woolskins.eu\/nb\/wp-json\/wp\/v2\/product_cat?post=25379"},{"taxonomy":"product_tag","embeddable":true,"href":"https:\/\/woolskins.eu\/nb\/wp-json\/wp\/v2\/product_tag?post=25379"}],"curies":[{"name":"wp","href":"https:\/\/api.w.org\/{rel}","templated":true}]}}