{"id":25313,"date":"2025-06-17T11:15:29","date_gmt":"2025-06-17T11:15:29","guid":{"rendered":"https:\/\/woolskins.eu\/?post_type=product&#038;p=25313"},"modified":"2026-03-03T14:09:49","modified_gmt":"2026-03-03T14:09:49","slug":"zaffiro-ullteppe-i-tovet-beige-med-mange-bruksomrader","status":"publish","type":"product","link":"https:\/\/woolskins.eu\/nb\/zaffiro-wollen-multifunctionele-wikkeldeken-felted-beige\/","title":{"rendered":"Zaffiro | Multifunksjonelt ullteppe | tovet hasseln\u00f8tt"},"content":{"rendered":"<p data-start=\"265\" data-end=\"343\"><strong>Ullteppe til babyer - naturlig varmt og trygt med Zaffiro<\/strong><\/p>\n<p data-start=\"345\" data-end=\"628\">Zaffiros ullteppe er det ideelle valget for foreldre som er ute etter et naturlig og pustende babyteppe. Dette allsidige babyteppet kan brukes i bilsetet, barnevognen, Moses-kurven eller bare hjemme. Dette teppet er laget av 100% naturlig saueull og gir utmerket temperaturregulering. Ullfibrene fungerer som en naturlig termostat: De holder babyen varm n\u00e5r det er kaldt og s\u00f8rger for at babyen ikke blir overopphetet. P\u00e5 den m\u00e5ten holder babyen seg alltid t\u00f8rr, komfortabel og i riktig temperatur, uansett \u00e5rstid. Ullen er naturlig allergivennlig, antibakteriell og selvrensende. Det betyr at teppet n\u00f8ytraliserer lukt, avviser smuss og holder seg hygienisk, uten behov for hyppig vask. Takket v\u00e6re de smarte belte\u00e5pningene passer vikleteppet til alle typer sikkerhetsbelter i bilseter og barnevogner - enkelt og trygt \u00e5 bruke.<\/p>\n<p>- 100% premium jomfruull, tovet dobbeltlag.<br \/>\n- Passer for 0-12 m\u00e5neder.<br \/>\n- Sn\u00f8ring i kragen for \u00e5 beskytte barnets hode.<br \/>\n- Praktiske \u00e5pninger for sikkerhetsstroppene (3- og 5-punkts).<br \/>\n- lengde 112<span style=\"color: #000000;\"> cm x bredde 112 cm.<\/span><br \/>\n- kan vaskes p\u00e5 30 \u00b0C ullvaskesyklus.<\/p>\n<p data-start=\"218\" data-end=\"276\"><strong>Om Zaffiro - H\u00e5ndverk og forbindelser siden 1989<\/strong><\/p>\n<p data-start=\"278\" data-end=\"558\">Zaffiro er et polsk familiedrevet selskap som siden 1989 har produsert baby- og barneprodukter av h\u00f8y kvalitet. Zaffiro eksporterer til mer enn 40 land over hele verden, og er kjent for produkter som setter tilknytning mellom foreldre og barn, komfort og sikkerhet i sentrum for virksomheten. Varemerket ble grunnlagt p\u00e5 troen p\u00e5 at de f\u00f8rste \u00f8yeblikkene med babyen din er avgj\u00f8rende for \u00e5 knytte b\u00e5nd. Derfor utvikler Zaffiro produkter som st\u00f8tter foreldre i denne spesielle perioden - fra ergonomiske b\u00e6reseler til naturlige ulltepper. Vi kombinerer eldgamle tradisjoner, som \u00e5 b\u00e6re babyen \u2018hjerte til hjerte\u2019, med innsikt fra moderne psykologisk forskning. Slik skaper vi praktiske, kj\u00e6rlige og trygge l\u00f8sninger for en varm start p\u00e5 livet.<\/p>","protected":false},"excerpt":{"rendered":"<p data-start=\"250\" data-end=\"343\"><strong data-start=\"254\" data-end=\"343\">Ullomslag til babyer - egnet for hjemmet, Maxi-Cosi, bilsete og barnevogn (0-12 m\u00e5neder)<\/strong><\/p>\n<p data-start=\"345\" data-end=\"573\">Dette h\u00f8ykvalitets og allsidige ullsjalet er perfekt til \u00e5 sv\u00f8pe nyf\u00f8dte eller babyer opp til 12 m\u00e5neder trygt og varmt, enten du er ute og g\u00e5r med Maxi-Cosi, barnevogn, b\u00e6resele eller bare er hjemme. Dette sv\u00f8pet er laget av 100% naturlig tovet saueull og er kjent for sine pustende, temperaturregulerende og allergivennlige egenskaper. Ull holder ekstremt godt p\u00e5 varmen uten \u00e5 overopphete babyen, og den absorberer lett svette slik at babyen din vil ha det ekstremt komfortabelt. Takket v\u00e6re de praktiske \u00e5pningene for 3- og 5-punkts seler kan duken enkelt festes til nesten alle bilseter og barnevogner. Slik kan du kombinere komfort med sikkerhet uansett hvor du er.<\/p>\n<p data-start=\"1058\" data-end=\"1268\">Ullsjalet er ideelt for v\u00e5r, h\u00f8st og vinter. Passer ogs\u00e5 godt som barselsgave eller til foreldre som setter pris p\u00e5 naturlige materialer og komfort for babyen sin.<\/p>\n<div class=\"woocommerce-product-details__short-description\">\n<p><strong>Merke: Zaffiro<\/strong><br \/>\n<strong>Produksjon: Polen<br \/>\nKeur: Oeko-Tex Standard<\/strong><\/p>\n<p><img loading=\"lazy\" decoding=\"async\" class=\"alignnone wp-image-28173 entered lazyloaded\" src=\"https:\/\/woolskins.eu\/wp-content\/uploads\/2024\/05\/csm_OEKO-TEX_Logo_2022_rgb_c1aaeb5ceb-300x300.jpg\" alt=\"\" width=\"89\" height=\"89\" data-lazy-src=\"https:\/\/woolskins.eu\/wp-content\/uploads\/2024\/05\/csm_OEKO-TEX_Logo_2022_rgb_c1aaeb5ceb-300x300.jpg\" data-ll-status=\"loaded\" srcset=\"https:\/\/woolskins.eu\/wp-content\/uploads\/2024\/05\/csm_OEKO-TEX_Logo_2022_rgb_c1aaeb5ceb-300x300.jpg 300w, https:\/\/woolskins.eu\/wp-content\/uploads\/2024\/05\/csm_OEKO-TEX_Logo_2022_rgb_c1aaeb5ceb-150x150.jpg 150w, https:\/\/woolskins.eu\/wp-content\/uploads\/2024\/05\/csm_OEKO-TEX_Logo_2022_rgb_c1aaeb5ceb-768x769.jpg 768w, https:\/\/woolskins.eu\/wp-content\/uploads\/2024\/05\/csm_OEKO-TEX_Logo_2022_rgb_c1aaeb5ceb-12x12.jpg 12w, https:\/\/woolskins.eu\/wp-content\/uploads\/2024\/05\/csm_OEKO-TEX_Logo_2022_rgb_c1aaeb5ceb-600x601.jpg 600w, https:\/\/woolskins.eu\/wp-content\/uploads\/2024\/05\/csm_OEKO-TEX_Logo_2022_rgb_c1aaeb5ceb-100x100.jpg 100w, https:\/\/woolskins.eu\/wp-content\/uploads\/2024\/05\/csm_OEKO-TEX_Logo_2022_rgb_c1aaeb5ceb-64x64.jpg 64w, https:\/\/woolskins.eu\/wp-content\/uploads\/2024\/05\/csm_OEKO-TEX_Logo_2022_rgb_c1aaeb5ceb.jpg 885w\" sizes=\"auto, (max-width: 89px) 100vw, 89px\" \/><\/p>\n<\/div>","protected":false},"featured_media":25316,"comment_status":"open","ping_status":"closed","template":"","meta":{"_acf_changed":false},"product_brand":[],"product_cat":[502,499,370,336,321],"product_tag":[],"class_list":{"0":"post-25313","1":"product","2":"type-product","3":"status-publish","4":"has-post-thumbnail","6":"product_cat-zaffiro","7":"product_cat-new-arrivals","8":"product_cat-slaapzakken","9":"product_cat-voetenzakken","10":"product_cat-wikkeldekens","12":"first","13":"instock","14":"taxable","15":"shipping-taxable","16":"purchasable","17":"product-type-simple"},"acf":[],"_links":{"self":[{"href":"https:\/\/woolskins.eu\/nb\/wp-json\/wp\/v2\/product\/25313","targetHints":{"allow":["GET"]}}],"collection":[{"href":"https:\/\/woolskins.eu\/nb\/wp-json\/wp\/v2\/product"}],"about":[{"href":"https:\/\/woolskins.eu\/nb\/wp-json\/wp\/v2\/types\/product"}],"replies":[{"embeddable":true,"href":"https:\/\/woolskins.eu\/nb\/wp-json\/wp\/v2\/comments?post=25313"}],"wp:featuredmedia":[{"embeddable":true,"href":"https:\/\/woolskins.eu\/nb\/wp-json\/wp\/v2\/media\/25316"}],"wp:attachment":[{"href":"https:\/\/woolskins.eu\/nb\/wp-json\/wp\/v2\/media?parent=25313"}],"wp:term":[{"taxonomy":"product_brand","embeddable":true,"href":"https:\/\/woolskins.eu\/nb\/wp-json\/wp\/v2\/product_brand?post=25313"},{"taxonomy":"product_cat","embeddable":true,"href":"https:\/\/woolskins.eu\/nb\/wp-json\/wp\/v2\/product_cat?post=25313"},{"taxonomy":"product_tag","embeddable":true,"href":"https:\/\/woolskins.eu\/nb\/wp-json\/wp\/v2\/product_tag?post=25313"}],"curies":[{"name":"wp","href":"https:\/\/api.w.org\/{rel}","templated":true}]}}