{"id":25293,"date":"2025-06-17T08:52:40","date_gmt":"2025-06-17T08:52:40","guid":{"rendered":"https:\/\/woolskins.eu\/?post_type=product&#038;p=25293"},"modified":"2026-04-11T10:09:38","modified_gmt":"2026-04-11T10:09:38","slug":"zaffiro-ullsovepose-for-barnevogn-og-liggedel-hasselnott","status":"publish","type":"product","link":"https:\/\/woolskins.eu\/nb\/zaffiro-wollen-voetenzak-slaapzak-voor-buggy-en-reiswieg-hazelnoot\/","title":{"rendered":"Zaffiro | Ullfotsoffa - sovepose til barnevogn og barneseng | tovet hasseln\u00f8tt"},"content":{"rendered":"<h5>Sovepose i ull til barnevogn, liggedel og Moses-kurv.<\/h5>\n<p>Deze Wollen voetenzakken \u2013 slaapzak voor buggy en Maxi-Cosi zijn zeer geschikt voor de allerkleinste dankzij de natuurlijke eigenschappen van wolvezels. Deze ademen en hebben de eigenschap op te treden als een natuurlijke thermostaat die de lichaamstemperatuur reguleert? Dit helpt je baby in het onderhouden van een stabiele temperatuur en houdt je baby droog en comfortabel. Schapenwol heeft bovendien anti-allergische eigenschappen en is anti bacterieel en heeft hierdoor hygi\u00ebnische en zelfreinigende eigenschappen. Het neutraliseert onaangename geuren en vuil. Je kan er van op aan dat je kindje het lekker warm &amp; comfortabel heeft in deze wollen voetenzak Zaffiro. Alle soorten veiligheidsriempjes passen zonder probleem in dit model door het gebruik van de speciale openingen<\/p>\n<p>\u2013 100% zuiver scheerwolvezel, Felted.<br \/>\n\u2013 Heeft het Oeko-Tex Standard keurmerk.<br \/>\n- Passer for 0-18 m\u00e5neder.<br \/>\n- Sn\u00f8ring i kragen for \u00e5 beskytte barnets hode.<br \/>\n\u2013 Bovenkant in z\u2019n geheel afritsbaar van de onderkant.<br \/>\n- Praktiske \u00e5pninger for sikkerhetsstroppene (5-punkts).<br \/>\n- lengde 90 cm x bredde 40\/42 cm.<br \/>\n- kan vaskes p\u00e5 30 \u00b0C ullvaskesyklus.<\/p>\n<h5 data-start=\"59\" data-end=\"101\">Samenstelling van dit product<\/h5>\n<p data-start=\"103\" data-end=\"453\" data-is-last-node=\"\" data-is-only-node=\"\">70% hoogwaardig premiumwol (voelbare wollen buitenlaag), 30% polyester (structurele vertserkende basis).<\/p>\n<p data-start=\"103\" data-end=\"453\" data-is-last-node=\"\" data-is-only-node=\"\">Bij Woolskins staat openheid en eerlijkheid voorop, daarom leggen we graag uit dat het gangbaar is dat\u00a0<strong data-start=\"204\" data-end=\"239\">bij alle geweven wollen stoffen<\/strong>\u00a0\u2013 zowel van Zaffiro als van andere merken \u2013 een verstevigende onderlaag van polyester wordt gebruikt. Deze laag is\u00a0<strong>niet zichtbaar en niet voelbaar<\/strong>, maar is noodzakelijk voor stevigheid en vormbehoud van het product. Zo weet je precies wat je koopt en waar je op kunt vertrouwen.<\/p>\n<p data-start=\"103\" data-end=\"453\" data-is-last-node=\"\" data-is-only-node=\"\"><strong data-start=\"60\" data-end=\"101\">Let op: wol kan in het begin pluizen.<\/strong>\u00a0Dit is normaal en verdwijnt grotendeels na verloop van tijd. Je kunt losse vezels in het begin voorzichtig verwijderen door het product uit te kloppen of met een wolkam te kammen.<\/p>\n<h5>Zaffiro<\/h5>\n<p>Selskapet Zaffiro er en polsk familiedrevet bedrift. Siden starten i 1989 har vi spesialisert oss p\u00e5 produksjon av baby- og barneprodukter, og det meste av det vi produserer eksporteres til mer enn 40 land. Vi skapte varemerket Zaffiro for \u00e5 fremme produkter som st\u00f8tter foreldre som er bevisste p\u00e5 viktigheten av n\u00e6rhet og tilknytning til barnet sitt fra de f\u00f8rste timene etter f\u00f8dselen. Vi fremmer konseptet \u2018hjerte til hjerte\u2019 ved \u00e5 b\u00e6re barn i b\u00e6reseler og b\u00e6reseler, og gjeninnf\u00f8rer den kloke tradisjonen fra tidligere generasjoner, gjenoppdaget og utviklet med hensyn til moderne psykologisk forskning.<\/p>","protected":false},"excerpt":{"rendered":"<p>Heerlijk op stap met je kindje in deze warme wollen voetenzak \u2013 slaapzak van Zaffiro voor in de kinderwagen, buggy, Moses mand of lekker thuis. Deze voetenzak is van zuiver premium scheerwol (Felted) en neemt direct de temperatuur aan van je kindje. Het houdt de warmte goed vast zonder dat je kindje gaat zweten omdat wol ademt. Dankzij deze unieke eigenschapen van wol zal je kindje het heerlijk warm en comfortabel hebben. Door de handige riemopeningen instaleer je deze wollen voetenzak razend snel in je kinderwagen of Buggy. Je kunt het koortje in de kraag aantrekken om zo het hoofdje te beschermen tegen de weersinvloeden. Deze voetenzak van Zaffiro kan het hele jaar door gebruikt worden maar komt het best van pas in het voorjaar, winter en najaar.<\/p>\n<div class=\"woocommerce-product-details__short-description\">\n<p><strong>Merke: Zaffiro<\/strong><br \/>\n<strong>Produksjon: Polen<br \/>\nKeur: Oeko-Tex Standard<\/strong><\/p>\n<p><img loading=\"lazy\" decoding=\"async\" class=\"alignnone wp-image-28173 entered lazyloaded\" src=\"https:\/\/woolskins.eu\/wp-content\/uploads\/2024\/05\/csm_OEKO-TEX_Logo_2022_rgb_c1aaeb5ceb-300x300.jpg\" alt=\"\" width=\"89\" height=\"89\" data-lazy-src=\"https:\/\/woolskins.eu\/wp-content\/uploads\/2024\/05\/csm_OEKO-TEX_Logo_2022_rgb_c1aaeb5ceb-300x300.jpg\" data-ll-status=\"loaded\" srcset=\"https:\/\/woolskins.eu\/wp-content\/uploads\/2024\/05\/csm_OEKO-TEX_Logo_2022_rgb_c1aaeb5ceb-300x300.jpg 300w, https:\/\/woolskins.eu\/wp-content\/uploads\/2024\/05\/csm_OEKO-TEX_Logo_2022_rgb_c1aaeb5ceb-150x150.jpg 150w, https:\/\/woolskins.eu\/wp-content\/uploads\/2024\/05\/csm_OEKO-TEX_Logo_2022_rgb_c1aaeb5ceb-768x769.jpg 768w, https:\/\/woolskins.eu\/wp-content\/uploads\/2024\/05\/csm_OEKO-TEX_Logo_2022_rgb_c1aaeb5ceb-12x12.jpg 12w, https:\/\/woolskins.eu\/wp-content\/uploads\/2024\/05\/csm_OEKO-TEX_Logo_2022_rgb_c1aaeb5ceb-600x601.jpg 600w, https:\/\/woolskins.eu\/wp-content\/uploads\/2024\/05\/csm_OEKO-TEX_Logo_2022_rgb_c1aaeb5ceb-100x100.jpg 100w, https:\/\/woolskins.eu\/wp-content\/uploads\/2024\/05\/csm_OEKO-TEX_Logo_2022_rgb_c1aaeb5ceb-64x64.jpg 64w, https:\/\/woolskins.eu\/wp-content\/uploads\/2024\/05\/csm_OEKO-TEX_Logo_2022_rgb_c1aaeb5ceb.jpg 885w\" sizes=\"auto, (max-width: 89px) 100vw, 89px\" \/><\/p>\n<\/div>","protected":false},"featured_media":25317,"comment_status":"open","ping_status":"closed","template":"","meta":{"_acf_changed":false},"product_brand":[],"product_cat":[502,499,370,336],"product_tag":[],"class_list":{"0":"post-25293","1":"product","2":"type-product","3":"status-publish","4":"has-post-thumbnail","6":"product_cat-zaffiro","7":"product_cat-new-arrivals","8":"product_cat-slaapzakken","9":"product_cat-voetenzakken","11":"first","12":"instock","13":"taxable","14":"shipping-taxable","15":"purchasable","16":"product-type-simple"},"acf":[],"_links":{"self":[{"href":"https:\/\/woolskins.eu\/nb\/wp-json\/wp\/v2\/product\/25293","targetHints":{"allow":["GET"]}}],"collection":[{"href":"https:\/\/woolskins.eu\/nb\/wp-json\/wp\/v2\/product"}],"about":[{"href":"https:\/\/woolskins.eu\/nb\/wp-json\/wp\/v2\/types\/product"}],"replies":[{"embeddable":true,"href":"https:\/\/woolskins.eu\/nb\/wp-json\/wp\/v2\/comments?post=25293"}],"wp:featuredmedia":[{"embeddable":true,"href":"https:\/\/woolskins.eu\/nb\/wp-json\/wp\/v2\/media\/25317"}],"wp:attachment":[{"href":"https:\/\/woolskins.eu\/nb\/wp-json\/wp\/v2\/media?parent=25293"}],"wp:term":[{"taxonomy":"product_brand","embeddable":true,"href":"https:\/\/woolskins.eu\/nb\/wp-json\/wp\/v2\/product_brand?post=25293"},{"taxonomy":"product_cat","embeddable":true,"href":"https:\/\/woolskins.eu\/nb\/wp-json\/wp\/v2\/product_cat?post=25293"},{"taxonomy":"product_tag","embeddable":true,"href":"https:\/\/woolskins.eu\/nb\/wp-json\/wp\/v2\/product_tag?post=25293"}],"curies":[{"name":"wp","href":"https:\/\/api.w.org\/{rel}","templated":true}]}}