{"id":24759,"date":"2025-04-02T10:41:34","date_gmt":"2025-04-02T10:41:34","guid":{"rendered":"https:\/\/woolskins.eu\/?post_type=product&#038;p=24759"},"modified":"2026-05-12T13:24:44","modified_gmt":"2026-05-12T13:24:44","slug":"lanacare-ullvaskemiddel-lanolinsape","status":"publish","type":"product","link":"https:\/\/woolskins.eu\/nb\/lanacare-wolwasmiddel-lanolinezeep\/","title":{"rendered":"Lanacare Ullvaskemiddel \/ Lanolins\u00e5pe"},"content":{"rendered":"<p>LANACare lanolins\u00e5pe\/ullvaskemiddel er 100% allergivennlig. Spesielt utviklet for optimal vask av ullprodukter. Den vasker og rengj\u00f8r ullprodukter og optimaliserer p\u00e5fyllingen av lanolin i ullfibrene, uten \u00e5 etterlate en fet film eller flekker. S\u00e5pen inneholder medisinsk lanolin og ingen parfyme eller fargestoffer. Denne lanolins\u00e5pen er spesielt utviklet for LANACare.<br \/>\nLANACare lanolins\u00e5pe er sv\u00e6rt gunstig for personer med hudproblemer, for eksempel sensitiv hud, utslett eller til og med psoriasis. Det allergivennlige lanolinet glatter ut huden. Det lindrer dermatitt ved \u00e5 tilf\u00f8re ekstra naturlig fett til huden. Det lindrer kl\u00f8e og har en beroligende effekt.<\/p>\n<p>Laboratorietestet \/ \u00e9n flaske inneholder 150 ml.<\/p>\n<p>Produsert i Sverige.<\/p>","protected":false},"excerpt":{"rendered":"<p>LANACare lanolins\u00e5pe\/ullvaskemiddel er 100% allergivennlig. Spesielt utviklet for optimal vask av ullprodukter. Den vasker og rengj\u00f8r ullprodukter og optimaliserer p\u00e5fyllingen av lanolin i ullfibrene, uten \u00e5 etterlate en fet film eller flekker. S\u00e5pen inneholder medisinsk lanolin og ingen parfyme eller fargestoffer. Denne lanolins\u00e5pen er spesielt utviklet for LANACare.<\/p>\n<p>Laboratorietestet \/ \u00e9n flaske inneholder 150 ml.<\/p>\n<p><strong>Merkevare:<\/strong> Lanacare<br \/>\n<strong>Produksjon:<\/strong> Sverige<\/p>","protected":false},"featured_media":24760,"comment_status":"open","ping_status":"closed","template":"","meta":{"_acf_changed":false},"product_brand":[],"product_cat":[357,353],"product_tag":[],"class_list":{"0":"post-24759","1":"product","2":"type-product","3":"status-publish","4":"has-post-thumbnail","6":"product_cat-onderhoud","7":"product_cat-lanacare","9":"first","10":"instock","11":"taxable","12":"shipping-taxable","13":"purchasable","14":"product-type-simple"},"acf":[],"_links":{"self":[{"href":"https:\/\/woolskins.eu\/nb\/wp-json\/wp\/v2\/product\/24759","targetHints":{"allow":["GET"]}}],"collection":[{"href":"https:\/\/woolskins.eu\/nb\/wp-json\/wp\/v2\/product"}],"about":[{"href":"https:\/\/woolskins.eu\/nb\/wp-json\/wp\/v2\/types\/product"}],"replies":[{"embeddable":true,"href":"https:\/\/woolskins.eu\/nb\/wp-json\/wp\/v2\/comments?post=24759"}],"wp:featuredmedia":[{"embeddable":true,"href":"https:\/\/woolskins.eu\/nb\/wp-json\/wp\/v2\/media\/24760"}],"wp:attachment":[{"href":"https:\/\/woolskins.eu\/nb\/wp-json\/wp\/v2\/media?parent=24759"}],"wp:term":[{"taxonomy":"product_brand","embeddable":true,"href":"https:\/\/woolskins.eu\/nb\/wp-json\/wp\/v2\/product_brand?post=24759"},{"taxonomy":"product_cat","embeddable":true,"href":"https:\/\/woolskins.eu\/nb\/wp-json\/wp\/v2\/product_cat?post=24759"},{"taxonomy":"product_tag","embeddable":true,"href":"https:\/\/woolskins.eu\/nb\/wp-json\/wp\/v2\/product_tag?post=24759"}],"curies":[{"name":"wp","href":"https:\/\/api.w.org\/{rel}","templated":true}]}}