{"id":24648,"date":"2025-03-18T14:14:01","date_gmt":"2025-03-18T14:14:01","guid":{"rendered":"https:\/\/woolskins.eu\/?post_type=product&#038;p=24648"},"modified":"2026-05-14T01:02:27","modified_gmt":"2026-05-14T01:02:27","slug":"ullmadrass-for-balansebrett","status":"publish","type":"product","link":"https:\/\/woolskins.eu\/nb\/wollen-matras-voor-balance-board\/","title":{"rendered":"Ullmadrass til balansebrett + gratis pute | Antracitt\/Sort"},"content":{"rendered":"<p>Gj\u00f8r Balance Board om til et koselig rede med v\u00e5r myke ullmadrass!<\/p>\n<p>Forvandle barnets balansebrett til en komfortabel leke- og hvileplass med v\u00e5r ullmadrass og pute. Denne myke og st\u00f8ttende madrassen er det perfekte supplementet til balansebrettet, og den har en myk polstring som gj\u00f8r at barnet f\u00e5r enda mer glede av dette allsidige leket\u00f8yet.<\/p>\n<p>M\u00e5l: 28 cm x 70 cm.<\/p>\n<p>Funksjoner:<\/p>\n<p>* Ekstra komfort: Den myke madrassen gir en behagelig overflate og absorberer \u00f8yeblikkelig kroppsvarme, ideell for \u00e5 ligge, sitte eller kose p\u00e5.<\/p>\n<p>* Sikker og st\u00f8ttende: Madrassen gir ekstra st\u00f8tte for babyens rygg og nakke, noe som gj\u00f8r den trygg og behagelig \u00e5 bruke.<\/p>\n<p>* Perfekt passform: Spesialdesignet for \u00e5 passe perfekt p\u00e5 Balance Board, med praktiske elastiske b\u00e5nd som holder madrassen sikkert p\u00e5 Balance Board....<\/p>\n<p>* Materialer av h\u00f8y kvalitet: Toppen er laget av myk, pustende og barnevennlig ull som er trygg og sunn for sensitiv hud.<\/p>\n<p>* Allsidig bruk: I tillegg til \u00e5 brukes p\u00e5 balansebrettet, kan madrassen ogs\u00e5 brukes som en lekematte.<\/p>\n<p>Fordeler for barnet ditt:<\/p>\n<p>* Stimulerer sanser og motorisk utvikling<\/p>\n<p>* Fremmer balanse og koordinasjon<\/p>\n<p>* Gir et trygt og komfortabelt lekeomr\u00e5de<\/p>\n<p>* Stimulerer fantasi og kreativitet<\/p>\n<p>Ideell for:<\/p>\n<p>* Babyer og sm\u00e5barn l\u00e6rer \u00e5 balansere<\/p>\n<p>* Barn som \u00f8nsker et komfortabelt lekeomr\u00e5de<\/p>\n<p>* Foreldre som \u00f8nsker \u00e5 skape et trygt og stimulerende milj\u00f8 for barna sine<\/p>\n<p>Kompletter balansebrettet med v\u00e5r myke ullmadrass og gi barnet ditt timevis med moro og komfort!<\/p>","protected":false},"excerpt":{"rendered":"<p>Gj\u00f8r balansebrettet ditt om til et koselig hvilested med v\u00e5r myke ullmadrass!<\/p>\n<p>Forvandle barnets balansebrett til en komfortabel leke- og hvileplass med v\u00e5r ullmadrass og pute. Denne myke og st\u00f8ttende madrassen er det perfekte supplementet til balansebrettet, og den har en myk polstring som gj\u00f8r at barnet f\u00e5r enda mer glede av dette allsidige leket\u00f8yet.<\/p>\n<p>Kompletter balansebrettet med v\u00e5r myke ullmadrass og gi barnet ditt timevis med moro og komfort!<\/p>\n<p>M\u00e5l: 28 cm x 70 cm (passer for eksempel til en Wobbel Starter)<\/p>","protected":false},"featured_media":24654,"comment_status":"open","ping_status":"closed","template":"","meta":{"_acf_changed":false},"product_brand":[],"product_cat":[363],"product_tag":[],"class_list":{"0":"post-24648","1":"product","2":"type-product","3":"status-publish","4":"has-post-thumbnail","6":"product_cat-cadeaus-e25-e50","8":"first","9":"outofstock","10":"taxable","11":"shipping-taxable","12":"purchasable","13":"product-type-simple"},"acf":[],"_links":{"self":[{"href":"https:\/\/woolskins.eu\/nb\/wp-json\/wp\/v2\/product\/24648","targetHints":{"allow":["GET"]}}],"collection":[{"href":"https:\/\/woolskins.eu\/nb\/wp-json\/wp\/v2\/product"}],"about":[{"href":"https:\/\/woolskins.eu\/nb\/wp-json\/wp\/v2\/types\/product"}],"replies":[{"embeddable":true,"href":"https:\/\/woolskins.eu\/nb\/wp-json\/wp\/v2\/comments?post=24648"}],"wp:featuredmedia":[{"embeddable":true,"href":"https:\/\/woolskins.eu\/nb\/wp-json\/wp\/v2\/media\/24654"}],"wp:attachment":[{"href":"https:\/\/woolskins.eu\/nb\/wp-json\/wp\/v2\/media?parent=24648"}],"wp:term":[{"taxonomy":"product_brand","embeddable":true,"href":"https:\/\/woolskins.eu\/nb\/wp-json\/wp\/v2\/product_brand?post=24648"},{"taxonomy":"product_cat","embeddable":true,"href":"https:\/\/woolskins.eu\/nb\/wp-json\/wp\/v2\/product_cat?post=24648"},{"taxonomy":"product_tag","embeddable":true,"href":"https:\/\/woolskins.eu\/nb\/wp-json\/wp\/v2\/product_tag?post=24648"}],"curies":[{"name":"wp","href":"https:\/\/api.w.org\/{rel}","templated":true}]}}