{"id":23749,"date":"2025-02-11T15:59:53","date_gmt":"2025-02-11T15:59:53","guid":{"rendered":"https:\/\/woolskins.eu\/?post_type=product&#038;p=23749"},"modified":"2026-05-11T10:02:33","modified_gmt":"2026-05-11T10:02:33","slug":"merino-baby-startpakke-gaveeske-hasselnott","status":"publish","type":"product","link":"https:\/\/woolskins.eu\/nb\/merino-baby-starterset-geschenkdoos-hazelnoot\/","title":{"rendered":"Merino Baby Starter Set + Gaveeske | Hasseln\u00f8tt"},"content":{"rendered":"<p data-start=\"187\" data-end=\"259\"><strong data-start=\"187\" data-end=\"259\">Det ultimate ullsettet for babyer - mykt, naturlig og laget med kj\u00e6rlighet<\/strong><\/p>\n<p data-start=\"261\" data-end=\"586\">Gi den lille den aller beste komforten med dette komplette babysettet i ull, som best\u00e5r av en supermyk\u00a0<em data-start=\"365\" data-end=\"386\">Babybukse i ull<\/em>, en fantastisk varm og\u00a0<em data-start=\"406\" data-end=\"427\">babygenser i ull<\/em>\u00a0og en koselig\u00a0<em data-start=\"440\" data-end=\"458\">vuggeteppe i ull<\/em>. Alle er laget av 100% myk merinoull fra Italia, med fokus p\u00e5 kvalitet, holdbarhet og barnets velv\u00e6re.<\/p>\n<p data-start=\"588\" data-end=\"947\">Dette settet er perfekt skreddersydd for \u00e5 holde babyen komfortabel og trygg hele \u00e5ret. Merinoullen fra Europa gir naturlig temperaturregulering, puster sv\u00e6rt godt og er sk\u00e5nsom mot babyens mest f\u00f8lsomme hud. Enten den lille sover, kryper eller leker, vil dette ullsettet alltid f\u00e5 ham eller henne til \u00e5 f\u00f8le seg herlig fri og varm.<\/p>\n<p data-start=\"949\" data-end=\"983\"><strong data-start=\"949\" data-end=\"981\">Hvorfor dette ullsettet til babyen?<\/strong><\/p>\n<ul data-start=\"984\" data-end=\"1560\">\n<li data-start=\"984\" data-end=\"1097\">\n<p data-start=\"986\" data-end=\"1097\"><strong data-start=\"986\" data-end=\"1019\">Supermyk og hudvennlig<\/strong>: fin italiensk merinoull svir ikke og f\u00f8les som en myk omfavnelse<\/p>\n<\/li>\n<li data-start=\"1098\" data-end=\"1196\">\n<p data-start=\"1100\" data-end=\"1196\"><strong data-start=\"1100\" data-end=\"1136\">Pustende og temperaturregulerende<\/strong>: holder babyen varm uten \u00e5 bli overopphetet, uansett \u00e5rstid<\/p>\n<\/li>\n<li data-start=\"1197\" data-end=\"1291\">\n<p data-start=\"1199\" data-end=\"1291\"><strong data-start=\"1199\" data-end=\"1232\">B\u00e6rekraftig og milj\u00f8vennlig<\/strong>: produsert i Europa med respekt for mennesker, dyr og natur<\/p>\n<\/li>\n<li data-start=\"1292\" data-end=\"1454\">\n<p data-start=\"1294\" data-end=\"1454\"><strong data-start=\"1294\" data-end=\"1325\">Allsidig og praktisk<\/strong>: vuggeteppet er lett og enkelt \u00e5 b\u00e6re, og underdelen og genseren passer perfekt til babyens bevegelser og vekst<\/p>\n<\/li>\n<li data-start=\"1455\" data-end=\"1560\">\n<p data-start=\"1457\" data-end=\"1560\"><strong data-start=\"1457\" data-end=\"1485\">Lett \u00e5 vedlikeholde<\/strong>: Ullen er selvrensende og luktresistent, slik at du trenger \u00e5 vaske den sjeldnere<\/p>\n<\/li>\n<\/ul>\n<p data-start=\"1562\" data-end=\"1761\"><strong data-start=\"1562\" data-end=\"1585\">Eksklusiv fordel:<\/strong>\u00a0Kj\u00f8p hele settet og f\u00e5 en attraktiv rabatt! P\u00e5 denne m\u00e5ten sparer du ikke bare p\u00e5 prisen, men gir ogs\u00e5 babyen din et vakkert, naturlig og b\u00e6rekraftig startsett.<\/p>\n<p data-start=\"1763\" data-end=\"1957\">Dette babysettet i ull er et kj\u00e6rlig og praktisk valg for foreldre som er opptatt av kvalitet, komfort og en sunn start for babyen sin. Kombiner stil, bekvemmelighet og ren natur i \u00e9n og samme pakke.<\/p>","protected":false},"excerpt":{"rendered":"<p><strong data-start=\"109\" data-end=\"195\">Komplett babysett i ull fra 100% italiensk merinoull - myk, varm og naturlig<\/strong><br data-start=\"195\" data-end=\"198\" \/>Dette settet best\u00e5r av ullunderdel, genser og vuggeteppe, alle laget av myk merinoull fra Italia. Pustende, temperaturregulerende og perfekt for sensitiv babyhud. Praktisk, allsidig og b\u00e6rekraftig produsert i Europa. Dra nytte av rabatten n\u00e5 n\u00e5r du kj\u00f8per hele settet!<br data-start=\"500\" data-end=\"503\" \/><em data-start=\"503\" data-end=\"587\">Pakket spesielt for deg i v\u00e5r vakre gaveeske - perfekt som gave.<\/em><\/p>\n<p><strong>Merke: Woolskins<\/strong><br \/>\n<strong>Produksjon: Polen<\/strong><\/p>","protected":false},"featured_media":23750,"comment_status":"open","ping_status":"closed","template":"","meta":{"_acf_changed":false},"product_brand":[],"product_cat":[499,360,364,200,196,322,337,344,194],"product_tag":[],"class_list":{"0":"post-23749","1":"product","2":"type-product","3":"status-publish","4":"has-post-thumbnail","6":"product_cat-new-arrivals","7":"product_cat-cadeautips","8":"product_cat-cadeaus-vanaf-e50","9":"product_cat-wollen-babykleding","10":"product_cat-slaapkleding-baby","11":"product_cat-broekjes","12":"product_cat-vestjes","13":"product_cat-kleertjes","14":"product_cat-wollen-babyproducten","15":"pa_maat-2-6-maanden","16":"pa_maat-6-12-maanden","18":"first","19":"outofstock","20":"sale","21":"taxable","22":"shipping-taxable","23":"purchasable","24":"product-type-variable"},"acf":[],"_links":{"self":[{"href":"https:\/\/woolskins.eu\/nb\/wp-json\/wp\/v2\/product\/23749","targetHints":{"allow":["GET"]}}],"collection":[{"href":"https:\/\/woolskins.eu\/nb\/wp-json\/wp\/v2\/product"}],"about":[{"href":"https:\/\/woolskins.eu\/nb\/wp-json\/wp\/v2\/types\/product"}],"replies":[{"embeddable":true,"href":"https:\/\/woolskins.eu\/nb\/wp-json\/wp\/v2\/comments?post=23749"}],"wp:featuredmedia":[{"embeddable":true,"href":"https:\/\/woolskins.eu\/nb\/wp-json\/wp\/v2\/media\/23750"}],"wp:attachment":[{"href":"https:\/\/woolskins.eu\/nb\/wp-json\/wp\/v2\/media?parent=23749"}],"wp:term":[{"taxonomy":"product_brand","embeddable":true,"href":"https:\/\/woolskins.eu\/nb\/wp-json\/wp\/v2\/product_brand?post=23749"},{"taxonomy":"product_cat","embeddable":true,"href":"https:\/\/woolskins.eu\/nb\/wp-json\/wp\/v2\/product_cat?post=23749"},{"taxonomy":"product_tag","embeddable":true,"href":"https:\/\/woolskins.eu\/nb\/wp-json\/wp\/v2\/product_tag?post=23749"}],"curies":[{"name":"wp","href":"https:\/\/api.w.org\/{rel}","templated":true}]}}