{"id":23459,"date":"2025-01-17T15:10:01","date_gmt":"2025-01-17T15:10:01","guid":{"rendered":"https:\/\/woolskins.eu\/?post_type=product&#038;p=23459"},"modified":"2026-04-16T09:16:06","modified_gmt":"2026-04-16T09:16:06","slug":"babyteppe-i-ull-100-merinoull-beige","status":"publish","type":"product","link":"https:\/\/woolskins.eu\/nb\/wollen-babydeken-100-merinowol-beige\/","title":{"rendered":"Gebreide Merinowollen Babydeken \u2013 100% merinowol | Hazelnoot"},"content":{"rendered":"<p data-start=\"233\" data-end=\"311\"><strong data-start=\"233\" data-end=\"311\">Koselig, varm og ren natur - ullvuggeteppet som babyen din vil dr\u00f8mme seg bort i<\/strong><\/p>\n<p data-start=\"313\" data-end=\"644\">Se for deg at den lille ligger mykt og trygt under et teppe som f\u00f8les som en kj\u00e6rlig omfavnelse. Dette <em data-start=\"423\" data-end=\"441\">vuggeteppe i ull<\/em> er laget av 100% myk italiensk merinoull, spesielt utvalgt for sin ultimate mykhet og pusteevne. Det er det ideelle teppet for de minste som fortjener komfort og varme.<\/p>\n<p data-start=\"646\" data-end=\"903\">Merinoull fra Europa er naturlig temperaturregulerende, s\u00e5 babyen din vil aldri ha det for varmt eller for kaldt. Ullvuggeteppet holder fuktighet borte fra huden og puster sv\u00e6rt godt, slik at babyen kan sove trygt uten \u00e5 svette eller bli klam.<\/p>\n<p data-start=\"905\" data-end=\"949\">Hva gj\u00f8r dette babyteppet i ull s\u00e5 spesielt:<\/p>\n<ul data-start=\"950\" data-end=\"1386\">\n<li data-start=\"950\" data-end=\"1034\">\n<p data-start=\"952\" data-end=\"1034\"><strong data-start=\"952\" data-end=\"985\">Supermyk og hudvennlig<\/strong> - egnet for babyers mest f\u00f8lsomme hud<\/p>\n<\/li>\n<li data-start=\"1035\" data-end=\"1117\">\n<p data-start=\"1037\" data-end=\"1117\"><strong data-start=\"1037\" data-end=\"1073\">Temperaturregulerende og pustende<\/strong> - holder babyen din varm i alle \u00e5rstider<\/p>\n<\/li>\n<li data-start=\"1118\" data-end=\"1195\">\n<p data-start=\"1120\" data-end=\"1195\"><strong data-start=\"1120\" data-end=\"1151\">Selvrensende og luktresistent<\/strong> - lett \u00e5 ta vare p\u00e5 og alltid frisk<\/p>\n<\/li>\n<li data-start=\"1196\" data-end=\"1293\">\n<p data-start=\"1198\" data-end=\"1293\"><strong data-start=\"1198\" data-end=\"1231\">B\u00e6rekraftig og milj\u00f8vennlig<\/strong> - rettferdig produsert i Europa med respekt for dyr og natur<\/p>\n<\/li>\n<li data-start=\"1294\" data-end=\"1386\">\n<p data-start=\"1296\" data-end=\"1386\"><strong data-start=\"1296\" data-end=\"1318\">Lett, men likevel varm<\/strong> - perfekt til \u00e5 sv\u00f8pe babyen i eller legge over vuggen<\/p>\n<\/li>\n<\/ul>\n<p data-start=\"1388\" data-end=\"1587\">Enten det er for en rolig natt, en ettermiddagslur eller for \u00e5 sv\u00f8pe barnet i under en spasertur, gir dette ullteppet varme og komfort p\u00e5 en naturlig og myk m\u00e5te.<\/p>\n<p data-start=\"1589\" data-end=\"1915\"><strong data-start=\"1589\" data-end=\"1633\">Hvorfor velge et babyteppe i ull?<\/strong><br data-start=\"1633\" data-end=\"1636\" \/>Ull er et av de smarteste valgene n\u00e5r det gjelder babytekstiler. Det er antibakterielt, stopper ubehagelig lukt og krever mye mindre hyppig vask enn syntetiske tepper. Takket v\u00e6re merinoullens elastisitet beholder den sin form og isolerende egenskaper selv etter hyppig bruk.<\/p>\n<p data-start=\"1917\" data-end=\"2050\"><strong data-start=\"1917\" data-end=\"1925\">Tips:<\/strong> Kombiner dette ullvuggeteppet med en matchende bukse eller genser i ull for \u00e5 f\u00e5 det ultimate myke, naturlige settet.<\/p>","protected":false},"excerpt":{"rendered":"<p><strong data-start=\"95\" data-end=\"170\">Vuggeteppe i ull fra 100% Italiensk merinoull - myk, varm og pustende<\/strong><br data-start=\"170\" data-end=\"173\" \/>Denne koselige\u00a0<em data-start=\"184\" data-end=\"202\">vuggeteppe i ull<\/em>\u00a0er laget av myk merinoull fra Italia. Den puster, er temperaturregulerende og ideell for sensitiv babyhud. Lett, praktisk og allsidig - perfekt for \u00e5 holde babyen trygg hele \u00e5ret, b\u00e5de hjemme og p\u00e5 farten. Holdbar og produsert med omhu i Europa. Tilgjengelig i st\u00f8rrelse 75 x 100 cm<\/p>\n<p><strong>Merke: Woolskins<\/strong><br \/>\n<strong>Produksjon: Polen<\/strong><\/p>","protected":false},"featured_media":23729,"comment_status":"open","ping_status":"closed","template":"","meta":{"_acf_changed":false},"product_brand":[],"product_cat":[360,364,499,196,318,194],"product_tag":[],"class_list":{"0":"post-23459","1":"product","2":"type-product","3":"status-publish","4":"has-post-thumbnail","6":"product_cat-cadeautips","7":"product_cat-cadeaus-vanaf-e50","8":"product_cat-new-arrivals","9":"product_cat-slaapkleding-baby","10":"product_cat-wollen-wiegdeken-ledikantdeken","11":"product_cat-wollen-babyproducten","12":"pa_maat-2-6-maanden","13":"pa_maat-6-12-maanden","15":"first","16":"outofstock","17":"taxable","18":"shipping-taxable","19":"purchasable","20":"product-type-simple"},"acf":[],"_links":{"self":[{"href":"https:\/\/woolskins.eu\/nb\/wp-json\/wp\/v2\/product\/23459","targetHints":{"allow":["GET"]}}],"collection":[{"href":"https:\/\/woolskins.eu\/nb\/wp-json\/wp\/v2\/product"}],"about":[{"href":"https:\/\/woolskins.eu\/nb\/wp-json\/wp\/v2\/types\/product"}],"replies":[{"embeddable":true,"href":"https:\/\/woolskins.eu\/nb\/wp-json\/wp\/v2\/comments?post=23459"}],"wp:featuredmedia":[{"embeddable":true,"href":"https:\/\/woolskins.eu\/nb\/wp-json\/wp\/v2\/media\/23729"}],"wp:attachment":[{"href":"https:\/\/woolskins.eu\/nb\/wp-json\/wp\/v2\/media?parent=23459"}],"wp:term":[{"taxonomy":"product_brand","embeddable":true,"href":"https:\/\/woolskins.eu\/nb\/wp-json\/wp\/v2\/product_brand?post=23459"},{"taxonomy":"product_cat","embeddable":true,"href":"https:\/\/woolskins.eu\/nb\/wp-json\/wp\/v2\/product_cat?post=23459"},{"taxonomy":"product_tag","embeddable":true,"href":"https:\/\/woolskins.eu\/nb\/wp-json\/wp\/v2\/product_tag?post=23459"}],"curies":[{"name":"wp","href":"https:\/\/api.w.org\/{rel}","templated":true}]}}