{"id":22605,"date":"2024-11-22T12:24:52","date_gmt":"2024-11-22T12:24:52","guid":{"rendered":"https:\/\/woolskins.eu\/?post_type=product&#038;p=22605"},"modified":"2026-04-08T13:55:26","modified_gmt":"2026-04-08T13:55:26","slug":"ullsovepose-med-fotpose-for-vogn-og-barnevogn-beige-tovet-mork-som","status":"publish","type":"product","link":"https:\/\/woolskins.eu\/nb\/wollen-voetenzak-slaapzak-voor-buggy-en-kinderwagen-buggy-beige-felted-donkere-stiksel\/","title":{"rendered":"Wollen Voetenzak Bakigo &#8211; Slaapzak voor Buggy en Kinderwagen | Beige Felted \/ donkere stiksel"},"content":{"rendered":"<p data-start=\"152\" data-end=\"216\"><strong data-start=\"152\" data-end=\"214\">Nydelig ullfotsuff til babyen din - Woolskins Bakigo<\/strong><\/p>\n<p data-start=\"218\" data-end=\"609\">G\u00e5 bekymringsl\u00f8st ut med den lille i det varme og myke <strong data-start=\"276\" data-end=\"308\">ullfotsuff til babyer<\/strong> fra Woolskins. Bakigo fotsuff er spesialdesignet for barnevognen og gir ultimat komfort i alle \u00e5rstider. Woolskins har forlenget fotsokkelen med 5 cm, slik at barnet ditt kan bruke den lenger, og utstyrt den med en ekstra stor \u00e5pning for sikkerhetsb\u00f8ylen.<\/p>\n<p data-start=\"611\" data-end=\"959\">Den nye versjonen har glidel\u00e5s i toppen, noe som gj\u00f8r det mulig \u00e5 bruke bare underdelen p\u00e5 litt varmere dager. Takket v\u00e6re de naturlige egenskapene til <strong data-start=\"778\" data-end=\"785\">ull<\/strong> fotsuffen tar \u00f8yeblikkelig barnets temperatur og opprettholder den, uten overoppheting eller svetting. P\u00e5 den m\u00e5ten f\u00e5r barnet konstant varme og optimal komfort.<\/p>\n<p data-start=\"961\" data-end=\"1195\">Perfekt for <strong data-start=\"978\" data-end=\"1008\">alle \u00e5rstider <\/strong>men kan brukes \u00e5ret rundt takket v\u00e6re den smarte glidel\u00e5sen p\u00e5 toppen. Et uunnv\u00e6rlig tilskudd til enhver <strong data-start=\"1119\" data-end=\"1133\">babysett<\/strong> For m\u00f8dre som bare vil ha det beste for sitt lille barn.<\/p>\n<p data-start=\"1197\" data-end=\"1368\">Med Woolskins Bakigo fotsuff kan du v\u00e6re sikker p\u00e5 at barnet ditt alltid vil ha det varmt og godt - en investering i varme, komfort og trygghet n\u00e5r du er p\u00e5 farten.<\/p>\n<p>- 5 cm lengre, noe som gj\u00f8r den lengre \u00e5 bruke.<br \/>\n- 100% jomfruull, Woolmark-merket.<br \/>\n- For hjemme og p\u00e5 farten.<br \/>\n- \u00c5pninger for sikkerhetsstroppene (5-punkts).<br \/>\n- lengde 90 cm x bredde 45 cm.<br \/>\n- kan vaskes p\u00e5 30 \u00b0C ullvaskesyklus.<\/p>\n<p data-start=\"162\" data-end=\"231\"><strong data-start=\"162\" data-end=\"229\">Woolskins label - varme, myke og slitesterke ullprodukter til babyen din<\/strong><\/p>\n<p data-start=\"233\" data-end=\"685\">Hos Woolskins mener vi at ditt barn kun fortjener det beste. Det er derfor vi lager h\u00f8ykvalitets <strong data-start=\"330\" data-end=\"358\">ullprodukter for babyer<\/strong>, Vi har et stort utvalg av produkter, som fott\u00f8y, saueskinn og ullkl\u00e6r, som utelukkende er laget av 100% europeisk ull. V\u00e5re produkter er myke, behagelige og trygge for babyens f\u00f8lsomme hud. P\u00e5 grunn av de naturlige egenskapene til <strong data-start=\"571\" data-end=\"578\">ull<\/strong> holder babyens hender, f\u00f8tter og kropp i perfekt temperatur, uten at den blir overopphetet eller svetter.<\/p>\n<p data-start=\"687\" data-end=\"1186\">Kolleksjonen v\u00e5r er designet med et \u00f8ye for detaljer og kvalitet. Hver enkelt <strong data-start=\"753\" data-end=\"775\">babyprodukt i ull<\/strong> by Woolskins er b\u00e6rekraftig produsert i Europa, med allergivennlig og pustende ull som varer i \u00e5revis. Enten du \u00f8nsker et mykt <strong data-start=\"906\" data-end=\"926\">fotpose i ull<\/strong>, Hos Woolskins finner du alt du trenger for en varm, trygg og behagelig start for babyen din, enten du er ute etter et koselig saueskinn eller et komfortabelt plagg. Oppdag v\u00e5rt <strong data-start=\"1101\" data-end=\"1137\">f\u00f8rsteklasses ullprodukter for babyer<\/strong> Og opplev hvorfor foreldre velger Woolskins.<\/p>","protected":false},"excerpt":{"rendered":"<p data-start=\"193\" data-end=\"585\">Hold babyen din herlig varm under hver tur med det myke <strong data-start=\"259\" data-end=\"291\">ullfotsuff til babyer<\/strong> fra Woolskins. Bakigo fotsuffen er ekstra lang, slik at du kan bruke den lenger, og har en bred \u00e5pning for sikkerhetsh\u00e5ndtaket, noe som gj\u00f8r den ideell for barnevognen. Den nye glidel\u00e5sen gj\u00f8r det ogs\u00e5 enkelt \u00e5 holde den lille komfortabel selv p\u00e5 varmere dager.<\/p>\n<p data-start=\"587\" data-end=\"965\">Takket v\u00e6re de naturlige egenskapene til <strong data-start=\"628\" data-end=\"635\">ull<\/strong> fotsuffen tilpasser seg og opprettholder babyens kroppstemperatur, uten at babyen blir svett. Perfekt for <strong data-start=\"769\" data-end=\"799\">v\u00e5r, h\u00f8st og vinter<\/strong>, og et uunnv\u00e6rlig tilskudd til enhver <strong data-start=\"839\" data-end=\"853\">babysett<\/strong>. Med Woolskins Bakigo kan du v\u00e6re sikker p\u00e5 at babyen din alltid vil v\u00e6re komfortabel og trygg p\u00e5 hver eneste utflukt.<\/p>\n<p><strong>Merke: Woolskins<\/strong><br \/>\n<strong>Produksjon: Polen<\/strong><\/p>\n<p>&nbsp;<\/p>","protected":false},"featured_media":22607,"comment_status":"closed","ping_status":"closed","template":"","meta":{"_acf_changed":false},"product_brand":[],"product_cat":[361,360,364,196,336,194],"product_tag":[],"class_list":{"0":"post-22605","1":"product","2":"type-product","3":"status-publish","4":"has-post-thumbnail","6":"product_cat-babyshower","7":"product_cat-cadeautips","8":"product_cat-cadeaus-vanaf-e50","9":"product_cat-slaapkleding-baby","10":"product_cat-voetenzakken","11":"product_cat-wollen-babyproducten","13":"first","14":"instock","15":"taxable","16":"shipping-taxable","17":"purchasable","18":"product-type-simple"},"acf":[],"_links":{"self":[{"href":"https:\/\/woolskins.eu\/nb\/wp-json\/wp\/v2\/product\/22605","targetHints":{"allow":["GET"]}}],"collection":[{"href":"https:\/\/woolskins.eu\/nb\/wp-json\/wp\/v2\/product"}],"about":[{"href":"https:\/\/woolskins.eu\/nb\/wp-json\/wp\/v2\/types\/product"}],"replies":[{"embeddable":true,"href":"https:\/\/woolskins.eu\/nb\/wp-json\/wp\/v2\/comments?post=22605"}],"wp:featuredmedia":[{"embeddable":true,"href":"https:\/\/woolskins.eu\/nb\/wp-json\/wp\/v2\/media\/22607"}],"wp:attachment":[{"href":"https:\/\/woolskins.eu\/nb\/wp-json\/wp\/v2\/media?parent=22605"}],"wp:term":[{"taxonomy":"product_brand","embeddable":true,"href":"https:\/\/woolskins.eu\/nb\/wp-json\/wp\/v2\/product_brand?post=22605"},{"taxonomy":"product_cat","embeddable":true,"href":"https:\/\/woolskins.eu\/nb\/wp-json\/wp\/v2\/product_cat?post=22605"},{"taxonomy":"product_tag","embeddable":true,"href":"https:\/\/woolskins.eu\/nb\/wp-json\/wp\/v2\/product_tag?post=22605"}],"curies":[{"name":"wp","href":"https:\/\/api.w.org\/{rel}","templated":true}]}}