{"id":22267,"date":"2024-11-06T11:12:23","date_gmt":"2024-11-06T11:12:23","guid":{"rendered":"https:\/\/woolskins.eu\/?post_type=product&#038;p=22267"},"modified":"2026-03-29T18:44:02","modified_gmt":"2026-03-29T18:44:02","slug":"ullteppe-babyteppe-nyfodt-beige","status":"publish","type":"product","link":"https:\/\/woolskins.eu\/nb\/wollen-wiegdeken-babydeken-newborn-beige\/","title":{"rendered":"Vuggeteppe i ull \/ Babyteppe Nyf\u00f8dt | Beige"},"content":{"rendered":"<p>Babyen din vil sove og dr\u00f8mme seg bort i dette behagelige ullteppet fra v\u00e5r \u2018Newborn\u2019-kolleksjon. Teppet er glatt og luftig, og er ideelt for varmere v\u00e6r. De har et vakkert og luksuri\u00f8st utseende og er sv\u00e6rt komfortable. Innsiden av teppet er laget helt og holdent av ull. Du kan enkelt ta det med deg p\u00e5 farten for \u00e5 holde babyen din godt varm.<\/p>\n<p>- Eksklusivt tilgjengelig hos Woolskins<br \/>\n- Tosidig, hvorav den ene siden (innsiden) er fullull.<br \/>\n- Woolblend 56% ren, r\u00e5 ny ull (Woolmark-merket) 44% syntetisk fiber.<br \/>\n- For hjemme og p\u00e5 farten.<br \/>\n- M\u00e5l: 65 x 90 cm og 90 x 130 cm<br \/>\n- Europeisk produksjon.<br \/>\n- kan vaskes p\u00e5 30 \u00b0C ullvaskesyklus.<\/p>\n<p>V\u00e5re Eco Woolblend-tepper er perfekte for de minste takket v\u00e6re ullfibrenes naturlige egenskaper. De puster og har evnen til \u00e5 fungere som en naturlig termostat som regulerer kroppstemperaturen? Dette hjelper babyen din med \u00e5 opprettholde en stabil temperatur og holder babyen t\u00f8rr og komfortabel.<\/p>\n<p>Dette produktet er blant annet merket med Safe for Children og Woolmark.<\/p>\n<h5>Woolskins Label<\/h5>\n<p>Etter flere \u00e5rs vellykket samarbeid med Alwero er vi stolte av \u00e5 kunne kunngj\u00f8re at vi n\u00e5 f\u00f8rer produktene v\u00e5re under v\u00e5rt eget Woolskins-merke.<\/p>\n<p>P\u00e5 denne m\u00e5ten f\u00e5r du fortsatt den beste kvaliteten, men kombinert med de s\u00f8teste og mest unike produktene og designene.<\/p>\n<p>Kvaliteten p\u00e5 stoffene og fargene er som den alltid har v\u00e6rt, men n\u00e5 er det bare et st\u00f8rre utvalg av hva Woolskins mener de kan skille seg ut med.<\/p>\n<p>V\u00e5r brede kolleksjon er s\u00e5 like at de er et flott tillegg til ethvert babyantrekk, laget av 100% europeisk ull som puster og passer til alle \u00e5rstider.<\/p>\n<p>Vi g\u00e5r entusiastisk sammen for \u00e5 skape et b\u00e6rekraftig, naturlig og komfortabelt produkt for babyen din.<\/p>","protected":false},"excerpt":{"rendered":"<p>Barnet ditt vil sove godt og dr\u00f8mme seg bort under dette behagelige ullvuggeteppet. Vuggeteppet i ull er smidig og veldig mykt og er avsluttet med en piping. De har et vakkert og luksuri\u00f8st utseende og h\u00f8rer hjemme i ethvert babyantrekk. Ullteppene puster og tilpasser seg barnets temperatur umiddelbart. De har den ideelle st\u00f8rrelsen og vekten for \u00e5 sove under eller leke p\u00e5. Bruk det hjemme eller p\u00e5 farten for \u00e5 holde barnet godt varmt. Teppet passer til alle \u00e5rstider og er en perfekt gave til babyshower eller barselsbes\u00f8k.<\/p>\n<p><strong>Merke: Woolskins<\/strong><br \/>\n<strong>Produksjon: Polen<\/strong><\/p>","protected":false},"featured_media":22270,"comment_status":"open","ping_status":"closed","template":"","meta":{"_acf_changed":false},"product_brand":[],"product_cat":[360,363,196,318,194],"product_tag":[],"class_list":{"0":"post-22267","1":"product","2":"type-product","3":"status-publish","4":"has-post-thumbnail","6":"product_cat-cadeautips","7":"product_cat-cadeaus-e25-e50","8":"product_cat-slaapkleding-baby","9":"product_cat-wollen-wiegdeken-ledikantdeken","10":"product_cat-wollen-babyproducten","11":"pa_maat-65-x-90-cm","12":"pa_maat-90-x-130-cm","14":"first","15":"instock","16":"taxable","17":"shipping-taxable","18":"purchasable","19":"product-type-variable"},"acf":[],"_links":{"self":[{"href":"https:\/\/woolskins.eu\/nb\/wp-json\/wp\/v2\/product\/22267","targetHints":{"allow":["GET"]}}],"collection":[{"href":"https:\/\/woolskins.eu\/nb\/wp-json\/wp\/v2\/product"}],"about":[{"href":"https:\/\/woolskins.eu\/nb\/wp-json\/wp\/v2\/types\/product"}],"replies":[{"embeddable":true,"href":"https:\/\/woolskins.eu\/nb\/wp-json\/wp\/v2\/comments?post=22267"}],"wp:featuredmedia":[{"embeddable":true,"href":"https:\/\/woolskins.eu\/nb\/wp-json\/wp\/v2\/media\/22270"}],"wp:attachment":[{"href":"https:\/\/woolskins.eu\/nb\/wp-json\/wp\/v2\/media?parent=22267"}],"wp:term":[{"taxonomy":"product_brand","embeddable":true,"href":"https:\/\/woolskins.eu\/nb\/wp-json\/wp\/v2\/product_brand?post=22267"},{"taxonomy":"product_cat","embeddable":true,"href":"https:\/\/woolskins.eu\/nb\/wp-json\/wp\/v2\/product_cat?post=22267"},{"taxonomy":"product_tag","embeddable":true,"href":"https:\/\/woolskins.eu\/nb\/wp-json\/wp\/v2\/product_tag?post=22267"}],"curies":[{"name":"wp","href":"https:\/\/api.w.org\/{rel}","templated":true}]}}