{"id":21955,"date":"2024-10-18T09:57:29","date_gmt":"2024-10-18T09:57:29","guid":{"rendered":"https:\/\/woolskins.eu\/?post_type=product&#038;p=21955"},"modified":"2025-10-14T18:39:50","modified_gmt":"2025-10-14T18:39:50","slug":"a-basic-bodywarmer-i-ull-for-barn-svart","status":"publish","type":"product","link":"https:\/\/woolskins.eu\/nb\/a-basic-brand-wollen-kinder-bodywarmer-zwart\/","title":{"rendered":"A Basic Brand - Bodywarmer i ull for barn - svart"},"content":{"rendered":"<h6><strong>Et babymerke<\/strong><\/h6>\n<p>Bodywarmer 100% i ull. Herlig varm og behagelig, helt naturlig, pustende og super hip. Vesten har sm\u00e5 lommer og lukkes med glidel\u00e5s. Bruk den over en genser p\u00e5 en vindfull dag eller under en jakke n\u00e5r det er skikkelig kaldt. Denne kofta er ogs\u00e5 tilgjengelig for mammaer.<\/p>\n<p>Sammensetning<br \/>\n100% ull.<\/p>\n<p>St\u00f8rrelser:<\/p>\n<p>6m - 70 cm<br \/>\n1 \u00e5r - 86 cm<br \/>\n2 \u00e5r - 92 cm<br \/>\n4 \u00e5r - 104 cm<br \/>\n6 \u00e5r - 116 cm<\/p>\n<p>Vaskeanvisning:<\/p>\n<p>Vi anbefaler at du vasker produktene v\u00e5re for h\u00e5nd i varmt vann og bruker et lanolinvaskemiddel.<\/p>","protected":false},"excerpt":{"rendered":"<h6><strong>Et babymerke<\/strong><\/h6>\n<p>Herlig varm og behagelig ullvest. Denne vesten har glidel\u00e5s og lommer og passer godt sammen med alle v\u00e5re andre produkter. Finnes ogs\u00e5 i st\u00f8rre st\u00f8rrelser for mammaer i ull 100%.<\/p>","protected":false},"featured_media":21969,"comment_status":"open","ping_status":"closed","template":"","meta":{"_acf_changed":false},"product_brand":[],"product_cat":[335,360,363,200,337,413,344],"product_tag":[423,424,420,421,422,425],"class_list":{"0":"post-21955","1":"product","2":"type-product","3":"status-publish","4":"has-post-thumbnail","6":"product_cat-a_baby_brand","7":"product_cat-cadeautips","8":"product_cat-cadeaus-e25-e50","9":"product_cat-wollen-babykleding","10":"product_cat-vestjes","11":"product_cat-alwero-bodywarmer","12":"product_cat-kleertjes","13":"product_tag-a-baby-brand","14":"product_tag-alwero-bodywarmer","15":"product_tag-bodywarmer-wol","16":"product_tag-wollen-bodywarmer","17":"product_tag-wool-vest","18":"product_tag-woolskins","19":"pa_maat-1-jaar","20":"pa_maat-2-jaar","21":"pa_maat-4-jaar","22":"pa_maat-6-jaar","23":"pa_maat-6-maanden","24":"pa_maat-8-jaar","26":"first","27":"instock","28":"taxable","29":"shipping-taxable","30":"purchasable","31":"product-type-variable"},"acf":[],"_links":{"self":[{"href":"https:\/\/woolskins.eu\/nb\/wp-json\/wp\/v2\/product\/21955","targetHints":{"allow":["GET"]}}],"collection":[{"href":"https:\/\/woolskins.eu\/nb\/wp-json\/wp\/v2\/product"}],"about":[{"href":"https:\/\/woolskins.eu\/nb\/wp-json\/wp\/v2\/types\/product"}],"replies":[{"embeddable":true,"href":"https:\/\/woolskins.eu\/nb\/wp-json\/wp\/v2\/comments?post=21955"}],"wp:featuredmedia":[{"embeddable":true,"href":"https:\/\/woolskins.eu\/nb\/wp-json\/wp\/v2\/media\/21969"}],"wp:attachment":[{"href":"https:\/\/woolskins.eu\/nb\/wp-json\/wp\/v2\/media?parent=21955"}],"wp:term":[{"taxonomy":"product_brand","embeddable":true,"href":"https:\/\/woolskins.eu\/nb\/wp-json\/wp\/v2\/product_brand?post=21955"},{"taxonomy":"product_cat","embeddable":true,"href":"https:\/\/woolskins.eu\/nb\/wp-json\/wp\/v2\/product_cat?post=21955"},{"taxonomy":"product_tag","embeddable":true,"href":"https:\/\/woolskins.eu\/nb\/wp-json\/wp\/v2\/product_tag?post=21955"}],"curies":[{"name":"wp","href":"https:\/\/api.w.org\/{rel}","templated":true}]}}