{"id":21871,"date":"2024-10-14T12:16:24","date_gmt":"2024-10-14T12:16:24","guid":{"rendered":"https:\/\/woolskins.eu\/?post_type=product&#038;p=21871"},"modified":"2026-04-29T19:47:53","modified_gmt":"2026-04-29T19:47:53","slug":"sovepose-i-ull-for-baby-tommelfinger-mocca","status":"publish","type":"product","link":"https:\/\/woolskins.eu\/nb\/wollen-slaapzak-voor-baby-thumbled-mocca\/","title":{"rendered":"Baby sovepose i ull | Teddy hasseln\u00f8tt"},"content":{"rendered":"<p>De doble trykknappene gj\u00f8r det mulig \u00e5 justere halsst\u00f8rrelsen, og den har en lang glidel\u00e5s som gj\u00f8r det enkelt \u00e5 \u00e5pne hele soveposen.<\/p>\n<p>- 100% jomfruull Thumbled med Woolmark-sertifisering.<br \/>\n- Glatt, myk og Teddy Plush-tekstur som beveger seg med deg.<br \/>\n- Lang glidel\u00e5s som gj\u00f8r at soveposen kan \u00e5pnes helt opp eller bare nederst.<br \/>\n- Gode termiske egenskaper.<br \/>\n- For hjemme og p\u00e5 farten.<br \/>\n- St\u00f8rrelse: 0\/6 m\u00e5neder 67 cm, 6\/12 m\u00e5neder 82 cm.<br \/>\n- Europeisk produksjon.<\/p>\n<p>V\u00e5re Eco Wool-soveposer er perfekte for de minste takket v\u00e6re ullfibrenes naturlige egenskaper. De puster og fungerer som en naturlig termostat som regulerer kroppstemperaturen? Dette hjelper babyen din med \u00e5 opprettholde en stabil temperatur og holder babyen t\u00f8rr og komfortabel. Dette skjer \u2018dynamisk\u2019, noe som betyr at det skjer n\u00e5r det er behov for det, og ikke n\u00e5r det ikke er behov for det.<\/p>\n<p data-start=\"63\" data-end=\"427\"><strong data-start=\"63\" data-end=\"83\">Vaskeinstruksjoner<\/strong><\/p>\n<p data-start=\"63\" data-end=\"427\">For \u00e5 holde teddystoffet i ull fint og mykt, anbefaler vi h\u00e5ndvask ved maks. 30 \u00b0C. V\u00e6r forsiktig og bruk et mildt ullvaskemiddel. Unng\u00e5 blekemiddel, stryking, t\u00f8rketrommel og sentrifugering. La stoffet t\u00f8rke flatt for \u00e5 bevare formen. Renseri er ogs\u00e5 mulig.<\/p>\n<p data-start=\"429\" data-end=\"552\">\u2728 <strong data-start=\"431\" data-end=\"439\">Tips:<\/strong> Ull trenger ikke \u00e5 vaskes ofte. En rask lufting ute er ofte nok til \u00e5 holde stoffet friskt.<\/p>\n<p data-start=\"554\" data-end=\"817\">\ud83c\udf3f <strong data-start=\"557\" data-end=\"588\">Hvorfor ull er spesielt: <\/strong>Ull er naturlig selvrensende og smussavvisende. Lukt forsvinner bare ved \u00e5 lufte stoffet, og smuss fester seg ikke like lett som i andre materialer. Dermed holder ullstoffet seg friskt lenger, uten mye vedlikehold.<\/p>\n<h5>Woolskins Label<\/h5>\n<p>Etter flere \u00e5rs vellykket samarbeid med Alwero er vi stolte av \u00e5 kunne kunngj\u00f8re at vi n\u00e5 f\u00f8rer produktene v\u00e5re under v\u00e5rt eget Woolskins-merke.<\/p>\n<p>P\u00e5 denne m\u00e5ten f\u00e5r du fortsatt den beste kvaliteten, men kombinert med de s\u00f8teste og mest unike produktene og designene.<\/p>\n<p>Kvaliteten p\u00e5 stoffene og fargene er som den alltid har v\u00e6rt, men n\u00e5 er det bare et st\u00f8rre utvalg av hva Woolskins mener de kan skille seg ut med.<\/p>\n<p>V\u00e5r brede kolleksjon er s\u00e5 like at de er et flott tillegg til ethvert babyantrekk, laget av 100% europeisk ull som puster og passer til alle \u00e5rstider.<\/p>\n<p>Vi g\u00e5r entusiastisk sammen for \u00e5 skape et b\u00e6rekraftig, naturlig og s\u00e5 komfortabelt produkt som mulig for barnet ditt.<\/p>","protected":false},"excerpt":{"rendered":"<p>Hvis du er p\u00e5 utkikk etter en komfortabel og varm sovepose til babyen din, er ull et utmerket valg. Ull har mange fordeler som vil hjelpe babyen din med \u00e5 sove godt, uansett \u00e5rstid.<\/p>\n<p>V\u00e5r lette, \u00f8kologiske babysovepose i ull puster og fungerer som en naturlig termostat som regulerer kroppstemperaturen, slik at barnet ditt kan hvile og sove godt. Denne soveposen er sv\u00e6rt godt egnet for sm\u00e5barn takket v\u00e6re de doble trykknappene som gj\u00f8r at du kan gj\u00f8re hals\u00e5pningen st\u00f8rre og mindre. Den lange glidel\u00e5sen kan \u00e5pnes p\u00e5 to sider, slik at soveposen kan \u00e5pnes helt eller bare nederst for \u00e5 skifte babyen. Ullsoveposen beveger seg med deg (elastisk) og hjelper babyen din med \u00e5 holde en stabil temperatur og holder babyen t\u00f8rr og komfortabel. Den gj\u00f8r dette \u2018dynamisk\u2019, noe som betyr at den beveger seg n\u00e5r det er behov for det, og ikke n\u00e5r det ikke er behov for det. Disse ullsoveposene er derfor varme om vinteren og kj\u00f8lige om sommeren.<\/p>\n<p><strong>Merke: Woolskins<\/strong><br \/>\n<strong>Produksjon: Polen<\/strong><\/p>","protected":false},"featured_media":21880,"comment_status":"closed","ping_status":"closed","template":"","meta":{"_acf_changed":false},"product_brand":[],"product_cat":[361,360,364,196,370,194],"product_tag":[414],"class_list":{"0":"post-21871","1":"product","2":"type-product","3":"status-publish","4":"has-post-thumbnail","6":"product_cat-babyshower","7":"product_cat-cadeautips","8":"product_cat-cadeaus-vanaf-e50","9":"product_cat-slaapkleding-baby","10":"product_cat-slaapzakken","11":"product_cat-wollen-babyproducten","12":"product_tag-alwero-slaapzak","13":"pa_maat-0-6-maanden","14":"pa_maat-6-12-maanden","16":"first","17":"instock","18":"taxable","19":"shipping-taxable","20":"purchasable","21":"product-type-variable"},"acf":[],"_links":{"self":[{"href":"https:\/\/woolskins.eu\/nb\/wp-json\/wp\/v2\/product\/21871","targetHints":{"allow":["GET"]}}],"collection":[{"href":"https:\/\/woolskins.eu\/nb\/wp-json\/wp\/v2\/product"}],"about":[{"href":"https:\/\/woolskins.eu\/nb\/wp-json\/wp\/v2\/types\/product"}],"replies":[{"embeddable":true,"href":"https:\/\/woolskins.eu\/nb\/wp-json\/wp\/v2\/comments?post=21871"}],"wp:featuredmedia":[{"embeddable":true,"href":"https:\/\/woolskins.eu\/nb\/wp-json\/wp\/v2\/media\/21880"}],"wp:attachment":[{"href":"https:\/\/woolskins.eu\/nb\/wp-json\/wp\/v2\/media?parent=21871"}],"wp:term":[{"taxonomy":"product_brand","embeddable":true,"href":"https:\/\/woolskins.eu\/nb\/wp-json\/wp\/v2\/product_brand?post=21871"},{"taxonomy":"product_cat","embeddable":true,"href":"https:\/\/woolskins.eu\/nb\/wp-json\/wp\/v2\/product_cat?post=21871"},{"taxonomy":"product_tag","embeddable":true,"href":"https:\/\/woolskins.eu\/nb\/wp-json\/wp\/v2\/product_tag?post=21871"}],"curies":[{"name":"wp","href":"https:\/\/api.w.org\/{rel}","templated":true}]}}