{"id":21523,"date":"2024-09-25T10:02:14","date_gmt":"2024-09-25T10:02:14","guid":{"rendered":"https:\/\/woolskins.eu\/?post_type=product&#038;p=21523"},"modified":"2025-12-17T12:01:37","modified_gmt":"2025-12-17T12:01:37","slug":"ullvotter-unisex-zaffiro-tovet-beige-kopi","status":"publish","type":"product","link":"https:\/\/woolskins.eu\/nb\/wollen-wanten-unisex-zaffiro-felted-beige-kopie\/","title":{"rendered":"Unisex ullvotter - Zaffiro | tovet lysegr\u00e5"},"content":{"rendered":"<h5>Ullvotter - Zaffiro<\/h5>\n<p>Hold hendene varme og komfortable med Zaffiros ullvotter. Disse varme ullvottene er den perfekte m\u00e5ten \u00e5 holde hendene varme p\u00e5 kalde dager. De er laget av myk, naturlig tovet premiumull som er sk\u00e5nsom mot sensitiv hud. Ullvottene isolerer godt n\u00e5r du er p\u00e5 farten med babyen din.<\/p>\n<p>Noen funksjoner:<\/p>\n<ul>\n<li>Varme: Ull isolerer naturlig og holder babyens hender varme selv i det kaldeste v\u00e6ret.<\/li>\n<li>Mykhet: Vottene er laget av luksuri\u00f8st myk ull som ikke irriterer babyens hud.<\/li>\n<li>Pusteevne: Ull er naturlig pustende, noe som gj\u00f8r at babyens hender holdes komfortable og svettefrie.<\/li>\n<li>Vottene passer godt sammen med alle de andre produktene i Felted-kolleksjonen.<\/li>\n<\/ul>\n<p data-sourcepos=\"5:1-5:57\">St\u00f8rrelse: One Size S\/M (lengde 27 cm x 10,5 cm)<\/p>\n<h5>Zaffiro<\/h5>\n<p>Selskapet Zaffiro er en polsk familiedrevet bedrift. Siden starten i 1989 har vi spesialisert oss p\u00e5 produksjon av baby- og barneprodukter, og det meste av det vi produserer eksporteres til mer enn 40 land. Vi skapte varemerket Zaffiro for \u00e5 fremme produkter som st\u00f8tter foreldre som er bevisste p\u00e5 viktigheten av n\u00e6rhet og tilknytning til barnet sitt fra de f\u00f8rste timene etter f\u00f8dselen. Vi fremmer konseptet \u2018hjerte til hjerte\u2019 ved \u00e5 b\u00e6re barn i b\u00e6reseler og b\u00e6reseler, og gjeninnf\u00f8rer den kloke tradisjonen fra tidligere generasjoner, gjenoppdaget og utviklet med hensyn til moderne psykologisk forskning.<\/p>","protected":false},"excerpt":{"rendered":"<p>Hold hendene varme og komfortable med Zaffiros ullvotter. Disse varme ullvottene er den perfekte m\u00e5ten \u00e5 holde hendene varme p\u00e5 kalde dager. De er laget av myk, naturlig tovet premiumull som er sk\u00e5nsom mot sensitiv hud. Ullvottene gir utmerket isolasjon n\u00e5r du er p\u00e5 farten p\u00e5 de litt kaldere dagene.<\/p>\n<p>St\u00f8rrelse: One Size S\/M (lengde 27 cm x 10,5 cm)<\/p>\n<div class=\"woocommerce-product-details__short-description\">\n<p><strong>Merke: Zaffiro<\/strong><br \/>\n<strong>Produksjon: Polen<br \/>\nKeur: Oeko-Tex Standard<\/strong><\/p>\n<p><img loading=\"lazy\" decoding=\"async\" class=\"alignnone wp-image-28173 entered lazyloaded\" src=\"https:\/\/woolskins.eu\/wp-content\/uploads\/2024\/05\/csm_OEKO-TEX_Logo_2022_rgb_c1aaeb5ceb-300x300.jpg\" alt=\"\" width=\"89\" height=\"89\" data-lazy-src=\"https:\/\/woolskins.eu\/wp-content\/uploads\/2024\/05\/csm_OEKO-TEX_Logo_2022_rgb_c1aaeb5ceb-300x300.jpg\" data-ll-status=\"loaded\" srcset=\"https:\/\/woolskins.eu\/wp-content\/uploads\/2024\/05\/csm_OEKO-TEX_Logo_2022_rgb_c1aaeb5ceb-300x300.jpg 300w, https:\/\/woolskins.eu\/wp-content\/uploads\/2024\/05\/csm_OEKO-TEX_Logo_2022_rgb_c1aaeb5ceb-150x150.jpg 150w, https:\/\/woolskins.eu\/wp-content\/uploads\/2024\/05\/csm_OEKO-TEX_Logo_2022_rgb_c1aaeb5ceb-768x769.jpg 768w, https:\/\/woolskins.eu\/wp-content\/uploads\/2024\/05\/csm_OEKO-TEX_Logo_2022_rgb_c1aaeb5ceb-12x12.jpg 12w, https:\/\/woolskins.eu\/wp-content\/uploads\/2024\/05\/csm_OEKO-TEX_Logo_2022_rgb_c1aaeb5ceb-600x601.jpg 600w, https:\/\/woolskins.eu\/wp-content\/uploads\/2024\/05\/csm_OEKO-TEX_Logo_2022_rgb_c1aaeb5ceb-100x100.jpg 100w, https:\/\/woolskins.eu\/wp-content\/uploads\/2024\/05\/csm_OEKO-TEX_Logo_2022_rgb_c1aaeb5ceb-64x64.jpg 64w, https:\/\/woolskins.eu\/wp-content\/uploads\/2024\/05\/csm_OEKO-TEX_Logo_2022_rgb_c1aaeb5ceb.jpg 885w\" sizes=\"auto, (max-width: 89px) 100vw, 89px\" \/><\/p>\n<\/div>","protected":false},"featured_media":21522,"comment_status":"open","ping_status":"closed","template":"","meta":{"_acf_changed":false},"product_brand":[],"product_cat":[502,351,363,350,31],"product_tag":[],"class_list":{"0":"post-21523","1":"product","2":"type-product","3":"status-publish","4":"has-post-thumbnail","6":"product_cat-zaffiro","7":"product_cat-accessoiresvoormama","8":"product_cat-cadeaus-e25-e50","9":"product_cat-fashion","10":"product_cat-yogamat-wol","12":"first","13":"instock","14":"taxable","15":"shipping-taxable","16":"purchasable","17":"product-type-simple"},"acf":[],"_links":{"self":[{"href":"https:\/\/woolskins.eu\/nb\/wp-json\/wp\/v2\/product\/21523","targetHints":{"allow":["GET"]}}],"collection":[{"href":"https:\/\/woolskins.eu\/nb\/wp-json\/wp\/v2\/product"}],"about":[{"href":"https:\/\/woolskins.eu\/nb\/wp-json\/wp\/v2\/types\/product"}],"replies":[{"embeddable":true,"href":"https:\/\/woolskins.eu\/nb\/wp-json\/wp\/v2\/comments?post=21523"}],"wp:featuredmedia":[{"embeddable":true,"href":"https:\/\/woolskins.eu\/nb\/wp-json\/wp\/v2\/media\/21522"}],"wp:attachment":[{"href":"https:\/\/woolskins.eu\/nb\/wp-json\/wp\/v2\/media?parent=21523"}],"wp:term":[{"taxonomy":"product_brand","embeddable":true,"href":"https:\/\/woolskins.eu\/nb\/wp-json\/wp\/v2\/product_brand?post=21523"},{"taxonomy":"product_cat","embeddable":true,"href":"https:\/\/woolskins.eu\/nb\/wp-json\/wp\/v2\/product_cat?post=21523"},{"taxonomy":"product_tag","embeddable":true,"href":"https:\/\/woolskins.eu\/nb\/wp-json\/wp\/v2\/product_tag?post=21523"}],"curies":[{"name":"wp","href":"https:\/\/api.w.org\/{rel}","templated":true}]}}