{"id":21443,"date":"2024-09-20T11:40:48","date_gmt":"2024-09-20T11:40:48","guid":{"rendered":"https:\/\/woolskins.eu\/?post_type=product&#038;p=21443"},"modified":"2025-12-17T12:12:33","modified_gmt":"2025-12-17T12:12:33","slug":"ull-bodywarmer-unisex-voksen-zaffiro-beige-tovet","status":"publish","type":"product","link":"https:\/\/woolskins.eu\/nb\/wollen-bodywarmer-unisex-adult-zaffiro-beige-felted\/","title":{"rendered":"Bodywarmer i ull Unisex Voksen - Zaffiro | Beige Filtet"},"content":{"rendered":"<p>Hold deg stilfullt varm med denne elegante Zaffiro Bodywarmer laget av 100% luksuri\u00f8s premiumull. Den myke og behagelige premiumullen holder kroppen varm og komfortabel n\u00e5r regnet blir litt kj\u00f8lig. Perfekt for bruk i flere lag, ideell for kalde dager og utend\u00f8rsopplevelser. Vesten har en h\u00f8y glidel\u00e5slukking og store lommer som holder hendene varme.<\/p>\n<p>Viktige funksjoner:<\/p>\n<ul>\n<li>Ull av h\u00f8y kvalitet: Gir overlegen varme og komfort.<\/li>\n<li>Stilig design: Kompletterer ethvert antrekk med sitt klassiske snitt.<\/li>\n<li>Praktiske lommer: Hold hendene varme og de viktigste tingene innen rekkevidde.<\/li>\n<li>Holdbar: Laget for \u00e5 vare i \u00e5revis.<\/li>\n<\/ul>\n<p>Opplev komforten og elegansen i Zaffiro.<\/p>\n<h5>Premium ull<\/h5>\n<p>Den naturlige, myke PREMIUM-saueullen som er brukt til \u00e5 produsere soveposen, er perfekt for kalde vintre og varmere dager. Den gir enda bedre naturlig termoregulering, beskytter barnet effektivt selv i streng frost og s\u00f8rger for at barnet ikke blir overopphetet p\u00e5 varme dager. Saueull har ogs\u00e5 antiallergiske egenskaper og motvirker utvikling av midd. Den har hygieniske og selvrensende egenskaper. N\u00f8ytraliserer ubehagelig lukt og smuss.<\/p>\n<h5>Zaffiro<\/h5>\n<p>Selskapet Zaffiro er en polsk familiedrevet bedrift. Siden starten i 1989 har vi spesialisert oss p\u00e5 produksjon av baby- og barneprodukter, og det meste av det vi produserer eksporteres til mer enn 40 land. Vi skapte varemerket Zaffiro for \u00e5 fremme produkter som st\u00f8tter foreldre som er bevisste p\u00e5 viktigheten av n\u00e6rhet og tilknytning til barnet sitt fra de f\u00f8rste timene etter f\u00f8dselen. Vi fremmer konseptet \u2018hjerte til hjerte\u2019 ved \u00e5 b\u00e6re barn i b\u00e6reseler og b\u00e6reseler, og gjeninnf\u00f8rer den kloke tradisjonen fra tidligere generasjoner, gjenoppdaget og utviklet med hensyn til moderne psykologisk forskning.<\/p>","protected":false},"excerpt":{"rendered":"<p>Hold deg stilfullt varm med denne elegante Zaffiro Bodywarmer laget av 100% luksuri\u00f8s premiumull. Den myke og behagelige premiumullen holder kroppen varm og komfortabel n\u00e5r regnet blir litt kj\u00f8lig. Perfekt for bruk i flere lag, ideell for kalde dager og utend\u00f8rsopplevelser. Vesten har en h\u00f8y glidel\u00e5slukking og store lommer som holder hendene varme.<\/p>\n<p><strong>Merke: Zaffiro<\/strong><br \/>\n<strong>Produksjon: Polen<br \/>\nKeur: Oeko-Tex Standard<\/strong><\/p>\n<p><img loading=\"lazy\" decoding=\"async\" class=\"alignnone wp-image-28173 entered lazyloaded\" src=\"https:\/\/woolskins.eu\/wp-content\/uploads\/2024\/05\/csm_OEKO-TEX_Logo_2022_rgb_c1aaeb5ceb-300x300.jpg\" alt=\"\" width=\"89\" height=\"89\" data-lazy-src=\"https:\/\/woolskins.eu\/wp-content\/uploads\/2024\/05\/csm_OEKO-TEX_Logo_2022_rgb_c1aaeb5ceb-300x300.jpg\" data-ll-status=\"loaded\" srcset=\"https:\/\/woolskins.eu\/wp-content\/uploads\/2024\/05\/csm_OEKO-TEX_Logo_2022_rgb_c1aaeb5ceb-300x300.jpg 300w, https:\/\/woolskins.eu\/wp-content\/uploads\/2024\/05\/csm_OEKO-TEX_Logo_2022_rgb_c1aaeb5ceb-150x150.jpg 150w, https:\/\/woolskins.eu\/wp-content\/uploads\/2024\/05\/csm_OEKO-TEX_Logo_2022_rgb_c1aaeb5ceb-768x769.jpg 768w, https:\/\/woolskins.eu\/wp-content\/uploads\/2024\/05\/csm_OEKO-TEX_Logo_2022_rgb_c1aaeb5ceb-12x12.jpg 12w, https:\/\/woolskins.eu\/wp-content\/uploads\/2024\/05\/csm_OEKO-TEX_Logo_2022_rgb_c1aaeb5ceb-600x601.jpg 600w, https:\/\/woolskins.eu\/wp-content\/uploads\/2024\/05\/csm_OEKO-TEX_Logo_2022_rgb_c1aaeb5ceb-100x100.jpg 100w, https:\/\/woolskins.eu\/wp-content\/uploads\/2024\/05\/csm_OEKO-TEX_Logo_2022_rgb_c1aaeb5ceb-64x64.jpg 64w, https:\/\/woolskins.eu\/wp-content\/uploads\/2024\/05\/csm_OEKO-TEX_Logo_2022_rgb_c1aaeb5ceb.jpg 885w\" sizes=\"auto, (max-width: 89px) 100vw, 89px\" \/><\/p>","protected":false},"featured_media":21447,"comment_status":"open","ping_status":"closed","template":"","meta":{"_acf_changed":false},"product_brand":[],"product_cat":[360,364,350,31,502],"product_tag":[424,420,421,422,425,507],"class_list":{"0":"post-21443","1":"product","2":"type-product","3":"status-publish","4":"has-post-thumbnail","6":"product_cat-cadeautips","7":"product_cat-cadeaus-vanaf-e50","8":"product_cat-fashion","9":"product_cat-yogamat-wol","10":"product_cat-zaffiro","11":"product_tag-alwero-bodywarmer","12":"product_tag-bodywarmer-wol","13":"product_tag-wollen-bodywarmer","14":"product_tag-wool-vest","15":"product_tag-woolskins","16":"product_tag-zaffiro","17":"pa_maat-adult-size-l","18":"pa_maat-adult-size-m","19":"pa_maat-adult-size-s","20":"pa_maat-adult-size-xl","22":"first","23":"outofstock","24":"taxable","25":"shipping-taxable","26":"purchasable","27":"product-type-variable"},"acf":[],"_links":{"self":[{"href":"https:\/\/woolskins.eu\/nb\/wp-json\/wp\/v2\/product\/21443","targetHints":{"allow":["GET"]}}],"collection":[{"href":"https:\/\/woolskins.eu\/nb\/wp-json\/wp\/v2\/product"}],"about":[{"href":"https:\/\/woolskins.eu\/nb\/wp-json\/wp\/v2\/types\/product"}],"replies":[{"embeddable":true,"href":"https:\/\/woolskins.eu\/nb\/wp-json\/wp\/v2\/comments?post=21443"}],"wp:featuredmedia":[{"embeddable":true,"href":"https:\/\/woolskins.eu\/nb\/wp-json\/wp\/v2\/media\/21447"}],"wp:attachment":[{"href":"https:\/\/woolskins.eu\/nb\/wp-json\/wp\/v2\/media?parent=21443"}],"wp:term":[{"taxonomy":"product_brand","embeddable":true,"href":"https:\/\/woolskins.eu\/nb\/wp-json\/wp\/v2\/product_brand?post=21443"},{"taxonomy":"product_cat","embeddable":true,"href":"https:\/\/woolskins.eu\/nb\/wp-json\/wp\/v2\/product_cat?post=21443"},{"taxonomy":"product_tag","embeddable":true,"href":"https:\/\/woolskins.eu\/nb\/wp-json\/wp\/v2\/product_tag?post=21443"}],"curies":[{"name":"wp","href":"https:\/\/api.w.org\/{rel}","templated":true}]}}