{"id":21426,"date":"2024-09-20T09:26:02","date_gmt":"2024-09-20T09:26:02","guid":{"rendered":"https:\/\/woolskins.eu\/?post_type=product&#038;p=21426"},"modified":"2026-02-04T14:47:52","modified_gmt":"2026-02-04T14:47:52","slug":"baby-ull-tulipan-nyfodt-zaffiro-teddy-mocca-100-ull","status":"publish","type":"product","link":"https:\/\/woolskins.eu\/nb\/babymuts-wol-tulip-newborn-zaffiro-teddy-mocca-100-wol\/","title":{"rendered":"Babyhatt Ull \u2018Tulip\u2019 Newborn - Zaffiro | Teddy hasseln\u00f8tt"},"content":{"rendered":"<p>Zaffiro Wool \u2018Tulip\u2019 Baby Hat vil holde babyen din fantastisk varm. Denne stilige babylua fra Zaffiro er laget av myk lammeull av h\u00f8y kvalitet og gir eksepsjonell komfort og varme. Den unike tulipanformen s\u00f8rger for en god passform og beskytter babyens sarte hode og \u00f8rer mot kulde og vind. Luen har snorer for knyting og har en s\u00f8t kant og pompong. H\u00e5ndlaget og laget av 100%-lammeull<\/p>\n<p>egenskaper:<\/p>\n<ul>\n<li>Premium lammeull: Gir optimal varme og mykhet for sensitiv hud.<\/li>\n<li>Klassisk tulipandesign: Gir en stilig og komfortabel passform.<\/li>\n<li>Slitesterk: Laget for \u00e5 vare, selv ved hyppig bruk.<\/li>\n<li>Lett \u00e5 vedlikeholde: Lett \u00e5 rengj\u00f8re og vedlikeholde.<\/li>\n<\/ul>\n<p>Perfekt for:<\/p>\n<ul>\n<li>Daglige utflukter og opplevelser.<\/li>\n<li>Vinterv\u00e6r og kalde kvelder.<\/li>\n<li>Gaver til nybakte foreldre.<\/li>\n<\/ul>\n<p>Velg Zaffiro Tulip Wool Baby Hat for et snev av eleganse og praktisk varme. Babyhatt i ull.<\/p>\n<p data-start=\"63\" data-end=\"427\"><strong data-start=\"63\" data-end=\"83\">Vaskeinstruksjoner<\/strong><\/p>\n<p data-start=\"63\" data-end=\"427\">For \u00e5 holde teddystoffet i ull fint og mykt, anbefaler vi h\u00e5ndvask ved maks. 30 \u00b0C. V\u00e6r forsiktig og bruk et mildt ullvaskemiddel. Unng\u00e5 blekemiddel, stryking, t\u00f8rketrommel og sentrifugering. La stoffet t\u00f8rke flatt for \u00e5 bevare formen. Renseri er ogs\u00e5 mulig.<\/p>\n<p data-start=\"429\" data-end=\"552\">\u2728 <strong data-start=\"431\" data-end=\"439\">Tips:<\/strong> Ull trenger ikke \u00e5 vaskes ofte. En rask lufting ute er ofte nok til \u00e5 holde stoffet friskt.<\/p>\n<p data-start=\"554\" data-end=\"817\">\ud83c\udf3f <strong data-start=\"557\" data-end=\"588\">Hvorfor ull er spesielt: <\/strong>Ull er naturlig selvrensende og smussavvisende. Lukt forsvinner bare ved \u00e5 lufte stoffet, og smuss fester seg ikke like lett som i andre materialer. Dermed holder ullstoffet seg friskt lenger, uten mye vedlikehold.<\/p>","protected":false},"excerpt":{"rendered":"<p>Zaffiro Wool \u2018Tulip\u2019 Baby Hat vil holde babyen din fantastisk varm. Denne stilige babylua fra Zaffiro er laget av myk lammeull av h\u00f8y kvalitet og gir eksepsjonell komfort og varme. Den unike tulipanformen s\u00f8rger for en god passform og beskytter babyens sarte hode og \u00f8rer mot kulde og vind. Luen har snorer for knyting og har en s\u00f8t kant og pompong. H\u00e5ndlaget og laget av 100%-lammeull. Lue i ull til baby<\/p>\n<p><strong>Merke: Zaffiro<\/strong><br \/>\n<strong>Produksjon: Polen<br \/>\nKeur: Oeko-Tex Standard<\/strong><\/p>\n<p><img loading=\"lazy\" decoding=\"async\" class=\"alignnone wp-image-28173 entered lazyloaded\" src=\"https:\/\/woolskins.eu\/wp-content\/uploads\/2024\/05\/csm_OEKO-TEX_Logo_2022_rgb_c1aaeb5ceb-300x300.jpg\" alt=\"\" width=\"89\" height=\"89\" data-lazy-src=\"https:\/\/woolskins.eu\/wp-content\/uploads\/2024\/05\/csm_OEKO-TEX_Logo_2022_rgb_c1aaeb5ceb-300x300.jpg\" data-ll-status=\"loaded\" srcset=\"https:\/\/woolskins.eu\/wp-content\/uploads\/2024\/05\/csm_OEKO-TEX_Logo_2022_rgb_c1aaeb5ceb-300x300.jpg 300w, https:\/\/woolskins.eu\/wp-content\/uploads\/2024\/05\/csm_OEKO-TEX_Logo_2022_rgb_c1aaeb5ceb-150x150.jpg 150w, https:\/\/woolskins.eu\/wp-content\/uploads\/2024\/05\/csm_OEKO-TEX_Logo_2022_rgb_c1aaeb5ceb-768x769.jpg 768w, https:\/\/woolskins.eu\/wp-content\/uploads\/2024\/05\/csm_OEKO-TEX_Logo_2022_rgb_c1aaeb5ceb-12x12.jpg 12w, https:\/\/woolskins.eu\/wp-content\/uploads\/2024\/05\/csm_OEKO-TEX_Logo_2022_rgb_c1aaeb5ceb-600x601.jpg 600w, https:\/\/woolskins.eu\/wp-content\/uploads\/2024\/05\/csm_OEKO-TEX_Logo_2022_rgb_c1aaeb5ceb-100x100.jpg 100w, https:\/\/woolskins.eu\/wp-content\/uploads\/2024\/05\/csm_OEKO-TEX_Logo_2022_rgb_c1aaeb5ceb-64x64.jpg 64w, https:\/\/woolskins.eu\/wp-content\/uploads\/2024\/05\/csm_OEKO-TEX_Logo_2022_rgb_c1aaeb5ceb.jpg 885w\" sizes=\"auto, (max-width: 89px) 100vw, 89px\" \/><\/p>","protected":false},"featured_media":21419,"comment_status":"open","ping_status":"closed","template":"","meta":{"_acf_changed":false},"product_brand":[],"product_cat":[361,363,200,352,499,196,346,502],"product_tag":[],"class_list":{"0":"post-21426","1":"product","2":"type-product","3":"status-publish","4":"has-post-thumbnail","6":"product_cat-babyshower","7":"product_cat-cadeaus-e25-e50","8":"product_cat-wollen-babykleding","9":"product_cat-merken","10":"product_cat-new-arrivals","11":"product_cat-slaapkleding-baby","12":"product_cat-mutsjesensjaaltjes","13":"product_cat-zaffiro","15":"first","16":"instock","17":"taxable","18":"shipping-taxable","19":"purchasable","20":"product-type-variable"},"acf":[],"_links":{"self":[{"href":"https:\/\/woolskins.eu\/nb\/wp-json\/wp\/v2\/product\/21426","targetHints":{"allow":["GET"]}}],"collection":[{"href":"https:\/\/woolskins.eu\/nb\/wp-json\/wp\/v2\/product"}],"about":[{"href":"https:\/\/woolskins.eu\/nb\/wp-json\/wp\/v2\/types\/product"}],"replies":[{"embeddable":true,"href":"https:\/\/woolskins.eu\/nb\/wp-json\/wp\/v2\/comments?post=21426"}],"wp:featuredmedia":[{"embeddable":true,"href":"https:\/\/woolskins.eu\/nb\/wp-json\/wp\/v2\/media\/21419"}],"wp:attachment":[{"href":"https:\/\/woolskins.eu\/nb\/wp-json\/wp\/v2\/media?parent=21426"}],"wp:term":[{"taxonomy":"product_brand","embeddable":true,"href":"https:\/\/woolskins.eu\/nb\/wp-json\/wp\/v2\/product_brand?post=21426"},{"taxonomy":"product_cat","embeddable":true,"href":"https:\/\/woolskins.eu\/nb\/wp-json\/wp\/v2\/product_cat?post=21426"},{"taxonomy":"product_tag","embeddable":true,"href":"https:\/\/woolskins.eu\/nb\/wp-json\/wp\/v2\/product_tag?post=21426"}],"curies":[{"name":"wp","href":"https:\/\/api.w.org\/{rel}","templated":true}]}}