{"id":21288,"date":"2024-09-12T10:40:50","date_gmt":"2024-09-12T10:40:50","guid":{"rendered":"https:\/\/woolskins.eu\/?post_type=product&#038;p=21288"},"modified":"2026-02-06T10:00:20","modified_gmt":"2026-02-06T10:00:20","slug":"saueskinn-til-baby-mimosa-bio-uraffinert","status":"publish","type":"product","link":"https:\/\/woolskins.eu\/nb\/schapenvacht-voor-baby-mimosa-bio-unrefined\/","title":{"rendered":"Saueskinn til baby - Raw Mimosa (vegetabilsk garvet med r\u00e5 mimosa)"},"content":{"rendered":"<p><strong>Beskrivelse<\/strong><\/p>\n<p>Woolskins Baby-Care saueskinn har en kortere pels som gj\u00f8r dem babysikre. De egner seg fra f\u00f8dselen av, og fordi de er behandlet p\u00e5 en milj\u00f8vennlig m\u00e5te, sk\u00e5ner de b\u00e5de de sm\u00e5 og planeten. Hjemme eller ute skaper du et komfortabelt milj\u00f8 der barnet ditt f\u00f8ler seg lykkelig og avslappet. Visste du at saueskinn ogs\u00e5 er sunt for barnet ditt?<\/p>\n<p>- Lengde 90-100 cm \/ pels 3 cm.<br \/>\n- 100% Flatgarvet med r\u00e5 mimosa tannin.<br \/>\n- Myk og kompakt pels.<br \/>\n- Kan IKKE vaskes og t\u00f8rkes i maskin.<br \/>\n- Lett \u00e5 vedlikeholde.<\/p>\n<p>Bestill en vedlikeholdsb\u00f8rste med for \u00e5 holde pelsen vakker lenge og\/eller f\u00e5 pelsen personalisert med ditt\/deres barns f\u00f8dselsgaver. En vakker og unik gave, eksklusivt tilgjengelig fra Woolskins. Standard gavepakke med personlig hilsen.<\/p>\n<p><strong>Utstyrt med Mimosa-f\u00e5rskinn<\/strong><\/p>\n<p>Til denne rent vegetabilsk garvede pelsen brukes r\u00e5 MIMOSA-tannin, som utvinnes fra barken p\u00e5 mimosatreet. Pelsen er ikke forbehandlet eller farget, noe som gj\u00f8r at den opprinnelige pigmenteringen bevares. Ved \u00e5 bruke r\u00e5 mimosatannin under garvingen f\u00e5r pelsen en vakker honningkremfarge, og skinnsiden er svakt rosa p\u00e5 grunn av tanninet.  Dette hjelper babyen din med \u00e5 opprettholde en stabil temperatur og holder babyen t\u00f8rr og komfortabel. Kj\u00f8lig om sommeren og varm om vinteren.<\/p>\n<p><strong>Milj\u00f8vennlig<\/strong><\/p>\n<p>Alle midler som brukes i garving og etterbehandling, er i samsvar med viktige EU-direktiver om bevaring og beskyttelse av milj\u00f8et.<\/p>\n<p>Frakkene v\u00e5re garves i henhold til REACH-regelverket, som er vedtatt for \u00e5 forbedre beskyttelsen av menneskers helse og milj\u00f8et mot risikoen som kjemikalier kan utgj\u00f8re, og samtidig \u00f8ke konkurranseevnen til EUs kjemiske industri. Ingen AZO-fargestoffer brukes i produksjonen.<\/p>\n<p>\u00d8KO-PRODUKTER - skinnene er milj\u00f8vennlige skinn, og behandlingen og behandlingen er trygg for voksne og barn. Skinnene er biologisk nedbrytbare og \u00f8kologiske.<\/p>\n<p>Woolskins selger ikke ull fra sauer som har blitt Mulesed! Mulesing brukes ikke p\u00e5 europeiske sauer fordi parasitten som gj\u00f8r at b\u00f8ndene bruker Mulesing, ikke finnes i Europa.<\/p>\n<p><strong>Magesovere ... v\u00e6r oppmerksom!<\/strong><\/p>\n<p>Sm\u00e5 barn som sover p\u00e5 magen de f\u00f8rste 12 m\u00e5nedene, b\u00f8r av sikkerhetsmessige \u00e5rsaker ikke sove p\u00e5 noe mykt, da dette kan v\u00e6re farlig. Vi anbefaler derfor \u00e5 bruke Woolskins-pelsen med omhu! V\u00e6r alltid oppmerksom n\u00e5r barnet ditt ligger eller sover p\u00e5 magen, og s\u00f8rg for at barnet er under oppsyn hele tiden.<\/p>","protected":false},"excerpt":{"rendered":"<p><strong>Mykt og naturlig saueskinn til babyer - Woolskins<br \/>\n<\/strong><br \/>\nGi babyen din det aller beste med dette europeiske saueskinnsteppet av h\u00f8y kvalitet fra Woolskins. Perfekt som et mykt og behagelig underlag i barnesengen, lekegrinden eller p\u00e5 gulvet. Fleece er laget av myk, naturlig ull som regulerer temperaturen og beskytter babyens f\u00f8lsomme hud. <span style=\"font-size: 16px;\">Ved \u00e5 bruke r\u00e5 mimosa-tannin under garvingen f\u00e5r pelsen en fin honningkremfarge, og skinnsiden er svakt rosa p\u00e5 grunn av tanninet. <\/span>Det har ogs\u00e5 en beroligende effekt som gj\u00f8r at barnet f\u00f8ler seg avslappet under lek eller hvile. Holdbar og lettstelt, slik at du kan ha glede av den i lang tid. Du finner mer informasjon under produktinformasjonen nedenfor.<\/p>\n<p><strong>Merke: Woolskins<\/strong><br \/>\n<strong>Land: Polen<\/strong><\/p>\n<h6><\/h6>","protected":false},"featured_media":21304,"comment_status":"closed","ping_status":"closed","template":"","meta":{"_acf_changed":false},"product_brand":[],"product_cat":[216,354],"product_tag":[],"class_list":{"0":"post-21288","1":"product","2":"type-product","3":"status-publish","4":"has-post-thumbnail","6":"product_cat-schapenvacht-voor-baby","7":"product_cat-woolskins","9":"first","10":"outofstock","11":"taxable","12":"shipping-taxable","13":"purchasable","14":"product-type-variable","15":"has-default-attributes"},"acf":[],"_links":{"self":[{"href":"https:\/\/woolskins.eu\/nb\/wp-json\/wp\/v2\/product\/21288","targetHints":{"allow":["GET"]}}],"collection":[{"href":"https:\/\/woolskins.eu\/nb\/wp-json\/wp\/v2\/product"}],"about":[{"href":"https:\/\/woolskins.eu\/nb\/wp-json\/wp\/v2\/types\/product"}],"replies":[{"embeddable":true,"href":"https:\/\/woolskins.eu\/nb\/wp-json\/wp\/v2\/comments?post=21288"}],"wp:featuredmedia":[{"embeddable":true,"href":"https:\/\/woolskins.eu\/nb\/wp-json\/wp\/v2\/media\/21304"}],"wp:attachment":[{"href":"https:\/\/woolskins.eu\/nb\/wp-json\/wp\/v2\/media?parent=21288"}],"wp:term":[{"taxonomy":"product_brand","embeddable":true,"href":"https:\/\/woolskins.eu\/nb\/wp-json\/wp\/v2\/product_brand?post=21288"},{"taxonomy":"product_cat","embeddable":true,"href":"https:\/\/woolskins.eu\/nb\/wp-json\/wp\/v2\/product_cat?post=21288"},{"taxonomy":"product_tag","embeddable":true,"href":"https:\/\/woolskins.eu\/nb\/wp-json\/wp\/v2\/product_tag?post=21288"}],"curies":[{"name":"wp","href":"https:\/\/api.w.org\/{rel}","templated":true}]}}