{"id":20825,"date":"2024-07-10T09:03:01","date_gmt":"2024-07-10T09:03:01","guid":{"rendered":"https:\/\/woolskins.eu\/?post_type=product&#038;p=20825"},"modified":"2025-09-27T09:29:09","modified_gmt":"2025-09-27T09:29:09","slug":"klikk-klakk-baller-tre-oransje","status":"publish","type":"product","link":"https:\/\/woolskins.eu\/nb\/klik-klak-ballen-hout-oranje\/","title":{"rendered":"Click Clack Balls | Tre - Oransje"},"content":{"rendered":"<p>Klikk-klakk-lek g\u00e5r ut p\u00e5 \u00e5 ta tak i ringen og deretter gj\u00f8re kraftige h\u00e5ndbevegelser opp og ned, slik at trekulene spretter vekselvis over og under h\u00e5nden. N\u00e5r kulene spretter mot hverandre, lager de en karakteristisk \u201cklikk-klakk\u201d-lyd. Med denne leken kan barn trene opp reflekser og \u00f8ve opp h\u00e5ndferdigheter og \u00f8ye-h\u00e5nd-koordinasjon ... ja, ikke bare barn.<\/p>\n<p>Funksjoner:<\/p>\n<p>-Settet best\u00e5r av en b\u00f8yle som det er festet en snor til, og i enden av denne er det plassert to fargede baller<\/p>\n<p>-den er tilgjengelig i to farger<\/p>\n<p>- bl\u00e5 og orangelaget av l\u00f8vtre av h\u00f8yeste kvalitet fra FSC\u00ae-sertifiserte leverand\u00f8rer - malingen er utf\u00f8rt med \u00f8kologisk maling<\/p>\n<p>-behandlet med en trygg, giftfri lakk - omhyggelig polert, behagelig \u00e5 ta p\u00e5 for \u00e5 skape glede og s\u00f8rge for sikkerhet<\/p>\n<p>-\u00f8kologiske produktleker uten skadelige stoffer -egnet for barn fra 3 \u00e5r og oppover<\/p>\n<p>DimensjonerDiameter ball 4 cm, snor 20 cm<\/p>\n<p data-sourcepos=\"38:1-38:17\"><strong>Om Tarnawa<\/strong><\/p>\n<p><strong>Stol p\u00e5 familietradisjonen!<\/strong><\/p>\n<p>Vi vet hvordan vi skal gj\u00f8re alle barn glade fra de er sm\u00e5. Vi vet at deres utvikling og sikkerhet er like viktig som moro. Det har vi l\u00e6rt gjennom mer enn 80 \u00e5rs arbeid med \u00e5 lage leker og gjenstander av tre. Vi tilbyr kundene v\u00e5re h\u00f8ykvalitetsleker i tre som ikke bare er robuste, men ogs\u00e5 trygge. Kunnskap, erfaring, lidenskap og engasjement g\u00e5r i arv i huset v\u00e5rt fra generasjon til generasjon. Tarnawa er ikke bare et selskap, det er en familie!<\/p>\n<p><img loading=\"lazy\" decoding=\"async\" class=\"alignnone size-medium wp-image-20439\" src=\"https:\/\/woolskins.eu\/wp-content\/uploads\/2024\/06\/IMG_1333-scaled-Klein-225x300.jpg\" alt=\"G\u00e5and av tre Skyvepinne Treleker Ullskinn Tarnawa\" width=\"225\" height=\"300\" srcset=\"https:\/\/woolskins.eu\/wp-content\/uploads\/2024\/06\/IMG_1333-scaled-Klein-225x300.jpg 225w, https:\/\/woolskins.eu\/wp-content\/uploads\/2024\/06\/IMG_1333-scaled-Klein-64x85.jpg 64w, https:\/\/woolskins.eu\/wp-content\/uploads\/2024\/06\/IMG_1333-scaled-Klein-9x12.jpg 9w, https:\/\/woolskins.eu\/wp-content\/uploads\/2024\/06\/IMG_1333-scaled-Klein.jpg 480w\" sizes=\"auto, (max-width: 225px) 100vw, 225px\" \/><\/p>\n<p><strong>Leker av h\u00f8y kvalitet til dine og v\u00e5re barn!<br \/>\n<\/strong><br \/>\nVi tror at du som forelder \u00f8nsker at lekene du gir barnet ditt skal v\u00e6re vakre, n\u00f8ye laget, holdbare og trygge. Vi s\u00f8rger for at treproduktene v\u00e5re, takket v\u00e6re funksjonalitet, estetikk og presisjon i finishen, skal tjene barnet ditt s\u00e5 lenge og s\u00e5 godt som mulig. Vi lager dem for h\u00e5nd, med oppmerksomhet p\u00e5 de minste detaljene. Tarnawas treleker er ikke masseproduserte, de er sm\u00e5 kunstverk.<\/p>\n<p><strong>Vi skaper i takt med tiden!<br \/>\n<\/strong><br \/>\nVerden er i stadig utvikling, og det samme er barnet ditt og du selv. Utvikling er grunnlaget for tilv\u00e6relsen. Mange \u00e5rs erfaring har l\u00e6rt oss \u00e5 ikke st\u00e5 stille, og derfor pr\u00f8ver vi hele tiden \u00e5 gj\u00f8re noe nytt. Som produsent av treleker kombinerer vi en lidenskap for tradisjonelle leketeknikker med et moderne uttrykk. Vi n\u00e5r deg, kj\u00e6re forelder, takket v\u00e6re moderne medier, noe som gj\u00f8r det lettere for deg og barnet ditt \u00e5 f\u00e5 tilgang til v\u00e5re naturlige produkter.<\/p>\n<p>&nbsp;<\/p>\n<p><img loading=\"lazy\" decoding=\"async\" class=\"size-full wp-image-20440 aligncenter\" src=\"https:\/\/woolskins.eu\/wp-content\/uploads\/2024\/06\/Logo.black_-300x263-1.png\" alt=\"G\u00e5and av tre Skyvepinne Treleker Ullskinn Tarnawa\" width=\"300\" height=\"263\" srcset=\"https:\/\/woolskins.eu\/wp-content\/uploads\/2024\/06\/Logo.black_-300x263-1.png 300w, https:\/\/woolskins.eu\/wp-content\/uploads\/2024\/06\/Logo.black_-300x263-1-64x56.png 64w, https:\/\/woolskins.eu\/wp-content\/uploads\/2024\/06\/Logo.black_-300x263-1-14x12.png 14w\" sizes=\"auto, (max-width: 300px) 100vw, 300px\" \/><\/p>","protected":false},"excerpt":{"rendered":"<p data-sourcepos=\"1:1-1:55\"><strong>Klikk-klakk-kuler av tre<\/strong><\/p>\n<p data-sourcepos=\"3:1-3:54\">For de litt st\u00f8rre barna, eller foreldrene, er dette en super morsom gave! Klikk-klakk-moroa g\u00e5r ut p\u00e5 \u00e5 ta tak i ringen og deretter gj\u00f8re kraftige h\u00e5ndbevegelser opp og ned, slik at trekulene spretter vekselvis over og under h\u00e5nden. N\u00e5r kulene spretter mot hverandre, lager de en karakteristisk \u201cklikk-klakk\u201d-lyd. Med denne leken kan barn trene opp reflekser og \u00f8ve opp h\u00e5ndferdigheter og \u00f8ye-h\u00e5nd-koordinasjon ... ja, ikke bare barn.<\/p>\n<p><strong>Merke: Tarnawa<\/strong><br \/>\n<strong>Produksjon: Polen<\/strong><\/p>\n<p data-sourcepos=\"38:1-38:17\">","protected":false},"featured_media":20832,"comment_status":"open","ping_status":"closed","template":"","meta":{"_acf_changed":false},"product_brand":[],"product_cat":[504,505],"product_tag":[],"class_list":{"0":"post-20825","1":"product","2":"type-product","3":"status-publish","4":"has-post-thumbnail","6":"product_cat-houten-speelgoed","7":"product_cat-tarnawa","9":"first","10":"outofstock","11":"sale","12":"taxable","13":"shipping-taxable","14":"purchasable","15":"product-type-simple"},"acf":[],"_links":{"self":[{"href":"https:\/\/woolskins.eu\/nb\/wp-json\/wp\/v2\/product\/20825","targetHints":{"allow":["GET"]}}],"collection":[{"href":"https:\/\/woolskins.eu\/nb\/wp-json\/wp\/v2\/product"}],"about":[{"href":"https:\/\/woolskins.eu\/nb\/wp-json\/wp\/v2\/types\/product"}],"replies":[{"embeddable":true,"href":"https:\/\/woolskins.eu\/nb\/wp-json\/wp\/v2\/comments?post=20825"}],"wp:featuredmedia":[{"embeddable":true,"href":"https:\/\/woolskins.eu\/nb\/wp-json\/wp\/v2\/media\/20832"}],"wp:attachment":[{"href":"https:\/\/woolskins.eu\/nb\/wp-json\/wp\/v2\/media?parent=20825"}],"wp:term":[{"taxonomy":"product_brand","embeddable":true,"href":"https:\/\/woolskins.eu\/nb\/wp-json\/wp\/v2\/product_brand?post=20825"},{"taxonomy":"product_cat","embeddable":true,"href":"https:\/\/woolskins.eu\/nb\/wp-json\/wp\/v2\/product_cat?post=20825"},{"taxonomy":"product_tag","embeddable":true,"href":"https:\/\/woolskins.eu\/nb\/wp-json\/wp\/v2\/product_tag?post=20825"}],"curies":[{"name":"wp","href":"https:\/\/api.w.org\/{rel}","templated":true}]}}