{"id":20803,"date":"2024-07-09T12:38:35","date_gmt":"2024-07-09T12:38:35","guid":{"rendered":"https:\/\/woolskins.eu\/?post_type=product&#038;p=20803"},"modified":"2025-12-17T20:23:55","modified_gmt":"2025-12-17T20:23:55","slug":"trebuss","status":"publish","type":"product","link":"https:\/\/woolskins.eu\/nb\/houten-autobus\/","title":{"rendered":"Bilbuss i tre - naturlig"},"content":{"rendered":"<p data-sourcepos=\"19:1-19:18\"><strong>Spesifikasjoner:<\/strong><\/p>\n<ul data-sourcepos=\"21:1-24:0\">\n<li data-sourcepos=\"21:1-21:17\">Materiale: FSC\u00ae-sertifisert trevirke<\/li>\n<li data-sourcepos=\"22:1-22:35\">M\u00e5l: 13,5 x 5,5 x 5,5 cm<\/li>\n<li data-sourcepos=\"23:1-24:0\">Alder: Sm\u00e5barn<\/li>\n<\/ul>\n<p data-sourcepos=\"25:1-25:118\"><strong>Gj\u00f8r lekestunden til en tid for l\u00e6ring med dette balansespillet i tre! Bestill det i dag og la barnet ditt oppleve moroa!<\/strong><\/p>\n<p data-sourcepos=\"38:1-38:17\"><strong>Om Tarnawa<\/strong><\/p>\n<p><strong>Stol p\u00e5 familietradisjonen!<\/strong><\/p>\n<p>Vi vet hvordan vi skal gj\u00f8re alle barn glade fra de er sm\u00e5. Vi vet at deres utvikling og sikkerhet er like viktig som moro. Det har vi l\u00e6rt gjennom mer enn 80 \u00e5rs arbeid med \u00e5 lage leker og gjenstander av tre. Vi tilbyr kundene v\u00e5re h\u00f8ykvalitetsleker i tre som ikke bare er robuste, men ogs\u00e5 trygge. Kunnskap, erfaring, lidenskap og engasjement g\u00e5r i arv i huset v\u00e5rt fra generasjon til generasjon. Tarnawa er ikke bare et selskap, det er en familie!<\/p>\n<p><img loading=\"lazy\" decoding=\"async\" class=\"alignnone size-medium wp-image-20439 entered lazyloaded\" src=\"https:\/\/i0.wp.com\/woolskins.eu\/wp-content\/uploads\/2024\/06\/IMG_1333-scaled-Klein.jpg?resize=225%2C300&amp;ssl=1\" sizes=\"auto, (max-width: 225px) 100vw, 225px\" srcset=\"https:\/\/i0.wp.com\/woolskins.eu\/wp-content\/uploads\/2024\/06\/IMG_1333-scaled-Klein.jpg?resize=225%2C300&amp;ssl=1 225w, https:\/\/i0.wp.com\/woolskins.eu\/wp-content\/uploads\/2024\/06\/IMG_1333-scaled-Klein.jpg?resize=9%2C12&amp;ssl=1 9w, https:\/\/i0.wp.com\/woolskins.eu\/wp-content\/uploads\/2024\/06\/IMG_1333-scaled-Klein.jpg?resize=64%2C85&amp;ssl=1 64w, https:\/\/i0.wp.com\/woolskins.eu\/wp-content\/uploads\/2024\/06\/IMG_1333-scaled-Klein.jpg?w=480&amp;ssl=1 480w\" alt=\"G\u00e5and av tre Skyvepinne Treleker Ullskinn Tarnawa\" width=\"225\" height=\"300\" data-lazy-srcset=\"https:\/\/i0.wp.com\/woolskins.eu\/wp-content\/uploads\/2024\/06\/IMG_1333-scaled-Klein.jpg?resize=225%2C300&amp;ssl=1 225w, https:\/\/i0.wp.com\/woolskins.eu\/wp-content\/uploads\/2024\/06\/IMG_1333-scaled-Klein.jpg?resize=9%2C12&amp;ssl=1 9w, https:\/\/i0.wp.com\/woolskins.eu\/wp-content\/uploads\/2024\/06\/IMG_1333-scaled-Klein.jpg?resize=64%2C85&amp;ssl=1 64w, https:\/\/i0.wp.com\/woolskins.eu\/wp-content\/uploads\/2024\/06\/IMG_1333-scaled-Klein.jpg?w=480&amp;ssl=1 480w\" data-lazy-sizes=\"(max-width: 225px) 100vw, 225px\" data-recalc-dims=\"1\" data-lazy-src=\"https:\/\/i0.wp.com\/woolskins.eu\/wp-content\/uploads\/2024\/06\/IMG_1333-scaled-Klein.jpg?resize=225%2C300&amp;ssl=1\" data-ll-status=\"loaded\" \/><\/p>\n<p><strong>Leker av h\u00f8y kvalitet til dine og v\u00e5re barn!<br \/>\n<\/strong><br \/>\nVi tror at du som forelder \u00f8nsker at lekene du gir barnet ditt skal v\u00e6re vakre, n\u00f8ye laget, holdbare og trygge. Vi s\u00f8rger for at treproduktene v\u00e5re, takket v\u00e6re funksjonalitet, estetikk og presisjon i finishen, skal tjene barnet ditt s\u00e5 lenge og s\u00e5 godt som mulig. Vi lager dem for h\u00e5nd, med oppmerksomhet p\u00e5 de minste detaljene. Tarnawas treleker er ikke masseproduserte, de er sm\u00e5 kunstverk.<\/p>\n<p><strong>Vi skaper i takt med tiden!<br \/>\n<\/strong><br \/>\nVerden er i stadig utvikling, og det samme er barnet ditt og du selv. Utvikling er grunnlaget for tilv\u00e6relsen. Mange \u00e5rs erfaring har l\u00e6rt oss \u00e5 ikke st\u00e5 stille, og derfor pr\u00f8ver vi hele tiden \u00e5 gj\u00f8re noe nytt. Som produsent av treleker kombinerer vi en lidenskap for tradisjonelle leketeknikker med et moderne uttrykk. Vi n\u00e5r deg, kj\u00e6re forelder, takket v\u00e6re moderne medier, noe som gj\u00f8r det lettere for deg og barnet ditt \u00e5 f\u00e5 tilgang til v\u00e5re naturlige produkter.<\/p>\n<p>&nbsp;<\/p>\n<p><img loading=\"lazy\" decoding=\"async\" class=\"size-full wp-image-20440 aligncenter entered lazyloaded\" src=\"https:\/\/i0.wp.com\/woolskins.eu\/wp-content\/uploads\/2024\/06\/Logo.black_-300x263-1.png?resize=300%2C263&amp;ssl=1\" sizes=\"auto, (max-width: 300px) 100vw, 300px\" srcset=\"https:\/\/i0.wp.com\/woolskins.eu\/wp-content\/uploads\/2024\/06\/Logo.black_-300x263-1.png?w=300&amp;ssl=1 300w, https:\/\/i0.wp.com\/woolskins.eu\/wp-content\/uploads\/2024\/06\/Logo.black_-300x263-1.png?resize=14%2C12&amp;ssl=1 14w, https:\/\/i0.wp.com\/woolskins.eu\/wp-content\/uploads\/2024\/06\/Logo.black_-300x263-1.png?resize=64%2C56&amp;ssl=1 64w\" alt=\"G\u00e5and av tre Skyvepinne Treleker Ullskinn Tarnawa\" width=\"300\" height=\"263\" data-lazy-srcset=\"https:\/\/i0.wp.com\/woolskins.eu\/wp-content\/uploads\/2024\/06\/Logo.black_-300x263-1.png?w=300&amp;ssl=1 300w, https:\/\/i0.wp.com\/woolskins.eu\/wp-content\/uploads\/2024\/06\/Logo.black_-300x263-1.png?resize=14%2C12&amp;ssl=1 14w, https:\/\/i0.wp.com\/woolskins.eu\/wp-content\/uploads\/2024\/06\/Logo.black_-300x263-1.png?resize=64%2C56&amp;ssl=1 64w\" data-lazy-sizes=\"(max-width: 300px) 100vw, 300px\" data-recalc-dims=\"1\" data-lazy-src=\"https:\/\/i0.wp.com\/woolskins.eu\/wp-content\/uploads\/2024\/06\/Logo.black_-300x263-1.png?resize=300%2C263&amp;ssl=1\" data-ll-status=\"loaded\" \/><\/p>","protected":false},"excerpt":{"rendered":"<p>Denne trebilen er perfekt for sm\u00e5 hender \u00e5 gripe og suse rundt med. Den er laget av glatt, slitesterkt treverk og er trygg og holdbar for endel\u00f8se fantasifulle eventyr.<\/p>\n<p>Funksjoner:<\/p>\n<ul>\n<li>Laget av b\u00e6rekraftig trevirke.<\/li>\n<li>Glatt, lakkert overflate.<\/li>\n<li>Grovt format som gj\u00f8r det enkelt \u00e5 gripe.<\/li>\n<li>Slipp l\u00f8s barnets kreativitet med denne tidl\u00f8se treleken!<\/li>\n<\/ul>\n<p><strong>Merke: Tarnawa<\/strong><br \/>\n<strong>Produksjon: Polen<\/strong><\/p>","protected":false},"featured_media":20812,"comment_status":"open","ping_status":"closed","template":"","meta":{"_acf_changed":false},"product_brand":[],"product_cat":[504,505],"product_tag":[],"class_list":{"0":"post-20803","1":"product","2":"type-product","3":"status-publish","4":"has-post-thumbnail","6":"product_cat-houten-speelgoed","7":"product_cat-tarnawa","9":"first","10":"outofstock","11":"taxable","12":"shipping-taxable","13":"purchasable","14":"product-type-simple"},"acf":[],"_links":{"self":[{"href":"https:\/\/woolskins.eu\/nb\/wp-json\/wp\/v2\/product\/20803","targetHints":{"allow":["GET"]}}],"collection":[{"href":"https:\/\/woolskins.eu\/nb\/wp-json\/wp\/v2\/product"}],"about":[{"href":"https:\/\/woolskins.eu\/nb\/wp-json\/wp\/v2\/types\/product"}],"replies":[{"embeddable":true,"href":"https:\/\/woolskins.eu\/nb\/wp-json\/wp\/v2\/comments?post=20803"}],"wp:featuredmedia":[{"embeddable":true,"href":"https:\/\/woolskins.eu\/nb\/wp-json\/wp\/v2\/media\/20812"}],"wp:attachment":[{"href":"https:\/\/woolskins.eu\/nb\/wp-json\/wp\/v2\/media?parent=20803"}],"wp:term":[{"taxonomy":"product_brand","embeddable":true,"href":"https:\/\/woolskins.eu\/nb\/wp-json\/wp\/v2\/product_brand?post=20803"},{"taxonomy":"product_cat","embeddable":true,"href":"https:\/\/woolskins.eu\/nb\/wp-json\/wp\/v2\/product_cat?post=20803"},{"taxonomy":"product_tag","embeddable":true,"href":"https:\/\/woolskins.eu\/nb\/wp-json\/wp\/v2\/product_tag?post=20803"}],"curies":[{"name":"wp","href":"https:\/\/api.w.org\/{rel}","templated":true}]}}