{"id":20802,"date":"2024-07-09T12:35:11","date_gmt":"2024-07-09T12:35:11","guid":{"rendered":"https:\/\/woolskins.eu\/?post_type=product&#038;p=20802"},"modified":"2024-11-29T14:28:39","modified_gmt":"2024-11-29T14:28:39","slug":"stabletarn-i-tre-stablingsklosser-attekant","status":"publish","type":"product","link":"https:\/\/woolskins.eu\/nb\/houten-stapeltoren-stapelstenen-achthoek\/","title":{"rendered":"Stablet\u00e5rn i tre - Stabling av klosser | Oktagon"},"content":{"rendered":"<p data-sourcepos=\"5:1-5:42\"><strong>Hvorfor velge et stablet\u00e5rn i tre?<\/strong><\/p>\n<ul data-sourcepos=\"7:1-7:44\">\n<li data-sourcepos=\"7:1-7:44\"><strong>Stimulerer den motoriske utviklingen:<\/strong> Ved \u00e5 stable klossene trener barnet finmotorikk og koordinasjon.<\/li>\n<li data-sourcepos=\"8:1-8:13\"><b>H\u00e5nd-\u00f8ye-koordinasjon: <\/b>bidrar til evnen til \u00e5 utf\u00f8re handlinger som krever samtidig bruk av \u00f8yne og hender.<\/li>\n<li data-sourcepos=\"9:1-9:129\"><b>Kognitive ferdigheter:\u00a0<\/b>fremmet inteleganse og konsentrasjon.<\/li>\n<li data-sourcepos=\"10:1-10:134\"><strong>Laget av slitesterke materialer:<\/strong> Balansespillet er laget av FSC\u00ae-tre av h\u00f8y kvalitet, noe som gj\u00f8r at det holder lenge og t\u00e5ler en st\u00f8yt.<\/li>\n<li data-sourcepos=\"11:1-11:112\"><strong>Trygt for barn:<\/strong>\u00a0Skyvepinnen er lakkert med en trygg, giftfri maling og har en glatt overflate uten skarpe kanter, noe som gj\u00f8r den trygg for barn \u00e5 leke med.<\/li>\n<\/ul>\n<p data-sourcepos=\"13:1-13:40\"><strong>Dette balansespillet er perfekt for:<\/strong><\/p>\n<ul data-sourcepos=\"15:1-18:0\">\n<li data-sourcepos=\"15:1-15:25\">Sm\u00e5 barn som nettopp har l\u00e6rt \u00e5 leke.<\/li>\n<li data-sourcepos=\"16:1-16:44\">Barn som \u00f8nsker \u00e5 bruke fantasien sin<\/li>\n<li data-sourcepos=\"17:1-18:0\">Foreldre p\u00e5 jakt etter b\u00e6rekraftige og l\u00e6rerike leker<\/li>\n<\/ul>\n<p data-sourcepos=\"19:1-19:18\"><strong>Spesifikasjoner:<\/strong><\/p>\n<ul data-sourcepos=\"21:1-24:0\">\n<li data-sourcepos=\"21:1-21:17\">Materiale: FSC\u00ae-sertifisert trevirke<\/li>\n<li data-sourcepos=\"22:1-22:35\">M\u00e5l: 11,0 x 11,0 x 18,5 cm<\/li>\n<li data-sourcepos=\"23:1-24:0\">Alder: Sm\u00e5barn<\/li>\n<\/ul>\n<p data-sourcepos=\"25:1-25:118\"><strong>Gj\u00f8r lekestunden til en tid for l\u00e6ring med dette balansespillet i tre! Bestill det i dag og la barnet ditt oppleve moroa!<\/strong><\/p>\n<p data-sourcepos=\"32:1-32:9\"><strong>Tips:<\/strong><\/p>\n<ul data-sourcepos=\"34:1-37:0\">\n<li data-sourcepos=\"34:1-34:65\">Spill f\u00f8rst ved \u00e5 stable kubene i tur og orden.<\/li>\n<li data-sourcepos=\"35:1-35:70\">Lek sammen med barnet ditt mens du lar terningen bestemme hvilken blokk som skal stables.<\/li>\n<\/ul>\n<p data-sourcepos=\"38:1-38:17\"><strong>Med dette stablespillet fra Tarnawa er du og barnet ditt garantert mye moro.<\/strong><\/p>\n<p data-sourcepos=\"38:1-38:17\"><strong>Om Tarnawa<\/strong><\/p>\n<p><strong>Stol p\u00e5 familietradisjonen!<\/strong><\/p>\n<p>Vi vet hvordan vi skal gj\u00f8re alle barn glade fra de er sm\u00e5. Vi vet at deres utvikling og sikkerhet er like viktig som moro. Det har vi l\u00e6rt gjennom mer enn 80 \u00e5rs arbeid med \u00e5 lage leker og gjenstander av tre. Vi tilbyr kundene v\u00e5re h\u00f8ykvalitetsleker i tre som ikke bare er robuste, men ogs\u00e5 trygge. Kunnskap, erfaring, lidenskap og engasjement g\u00e5r i arv i huset v\u00e5rt fra generasjon til generasjon. Tarnawa er ikke bare et selskap, det er en familie!<\/p>\n<p><img loading=\"lazy\" decoding=\"async\" class=\"alignnone size-medium wp-image-20439 entered lazyloaded\" src=\"https:\/\/i0.wp.com\/woolskins.eu\/wp-content\/uploads\/2024\/06\/IMG_1333-scaled-Klein.jpg?resize=225%2C300&amp;ssl=1\" sizes=\"auto, (max-width: 225px) 100vw, 225px\" srcset=\"https:\/\/i0.wp.com\/woolskins.eu\/wp-content\/uploads\/2024\/06\/IMG_1333-scaled-Klein.jpg?resize=225%2C300&amp;ssl=1 225w, https:\/\/i0.wp.com\/woolskins.eu\/wp-content\/uploads\/2024\/06\/IMG_1333-scaled-Klein.jpg?resize=9%2C12&amp;ssl=1 9w, https:\/\/i0.wp.com\/woolskins.eu\/wp-content\/uploads\/2024\/06\/IMG_1333-scaled-Klein.jpg?resize=64%2C85&amp;ssl=1 64w, https:\/\/i0.wp.com\/woolskins.eu\/wp-content\/uploads\/2024\/06\/IMG_1333-scaled-Klein.jpg?w=480&amp;ssl=1 480w\" alt=\"G\u00e5and av tre Skyvepinne Treleker Ullskinn Tarnawa\" width=\"225\" height=\"300\" data-lazy-srcset=\"https:\/\/i0.wp.com\/woolskins.eu\/wp-content\/uploads\/2024\/06\/IMG_1333-scaled-Klein.jpg?resize=225%2C300&amp;ssl=1 225w, https:\/\/i0.wp.com\/woolskins.eu\/wp-content\/uploads\/2024\/06\/IMG_1333-scaled-Klein.jpg?resize=9%2C12&amp;ssl=1 9w, https:\/\/i0.wp.com\/woolskins.eu\/wp-content\/uploads\/2024\/06\/IMG_1333-scaled-Klein.jpg?resize=64%2C85&amp;ssl=1 64w, https:\/\/i0.wp.com\/woolskins.eu\/wp-content\/uploads\/2024\/06\/IMG_1333-scaled-Klein.jpg?w=480&amp;ssl=1 480w\" data-lazy-sizes=\"(max-width: 225px) 100vw, 225px\" data-recalc-dims=\"1\" data-lazy-src=\"https:\/\/i0.wp.com\/woolskins.eu\/wp-content\/uploads\/2024\/06\/IMG_1333-scaled-Klein.jpg?resize=225%2C300&amp;ssl=1\" data-ll-status=\"loaded\" \/><\/p>\n<p><strong>Leker av h\u00f8y kvalitet til dine og v\u00e5re barn!<br \/>\n<\/strong><br \/>\nVi tror at du som forelder \u00f8nsker at lekene du gir barnet ditt skal v\u00e6re vakre, n\u00f8ye laget, holdbare og trygge. Vi s\u00f8rger for at treproduktene v\u00e5re, takket v\u00e6re funksjonalitet, estetikk og presisjon i finishen, skal tjene barnet ditt s\u00e5 lenge og s\u00e5 godt som mulig. Vi lager dem for h\u00e5nd, med oppmerksomhet p\u00e5 de minste detaljene. Tarnawas treleker er ikke masseproduserte, de er sm\u00e5 kunstverk.<\/p>\n<p><strong>Vi skaper i takt med tiden!<br \/>\n<\/strong><br \/>\nVerden er i stadig utvikling, og det samme er barnet ditt og du selv. Utvikling er grunnlaget for tilv\u00e6relsen. Mange \u00e5rs erfaring har l\u00e6rt oss \u00e5 ikke st\u00e5 stille, og derfor pr\u00f8ver vi hele tiden \u00e5 gj\u00f8re noe nytt. Som produsent av treleker kombinerer vi en lidenskap for tradisjonelle leketeknikker med et moderne uttrykk. Vi n\u00e5r deg, kj\u00e6re forelder, takket v\u00e6re moderne medier, noe som gj\u00f8r det lettere for deg og barnet ditt \u00e5 f\u00e5 tilgang til v\u00e5re naturlige produkter.<\/p>\n<p>&nbsp;<\/p>\n<p><img loading=\"lazy\" decoding=\"async\" class=\"size-full wp-image-20440 aligncenter entered lazyloaded\" src=\"https:\/\/i0.wp.com\/woolskins.eu\/wp-content\/uploads\/2024\/06\/Logo.black_-300x263-1.png?resize=300%2C263&amp;ssl=1\" sizes=\"auto, (max-width: 300px) 100vw, 300px\" srcset=\"https:\/\/i0.wp.com\/woolskins.eu\/wp-content\/uploads\/2024\/06\/Logo.black_-300x263-1.png?w=300&amp;ssl=1 300w, https:\/\/i0.wp.com\/woolskins.eu\/wp-content\/uploads\/2024\/06\/Logo.black_-300x263-1.png?resize=14%2C12&amp;ssl=1 14w, https:\/\/i0.wp.com\/woolskins.eu\/wp-content\/uploads\/2024\/06\/Logo.black_-300x263-1.png?resize=64%2C56&amp;ssl=1 64w\" alt=\"G\u00e5and av tre Skyvepinne Treleker Ullskinn Tarnawa\" width=\"300\" height=\"263\" data-lazy-srcset=\"https:\/\/i0.wp.com\/woolskins.eu\/wp-content\/uploads\/2024\/06\/Logo.black_-300x263-1.png?w=300&amp;ssl=1 300w, https:\/\/i0.wp.com\/woolskins.eu\/wp-content\/uploads\/2024\/06\/Logo.black_-300x263-1.png?resize=14%2C12&amp;ssl=1 14w, https:\/\/i0.wp.com\/woolskins.eu\/wp-content\/uploads\/2024\/06\/Logo.black_-300x263-1.png?resize=64%2C56&amp;ssl=1 64w\" data-lazy-sizes=\"(max-width: 300px) 100vw, 300px\" data-recalc-dims=\"1\" data-lazy-src=\"https:\/\/i0.wp.com\/woolskins.eu\/wp-content\/uploads\/2024\/06\/Logo.black_-300x263-1.png?resize=300%2C263&amp;ssl=1\" data-ll-status=\"loaded\" \/><\/p>","protected":false},"excerpt":{"rendered":"<p>Ha det g\u00f8y sammen med barnet ditt n\u00e5r dere spiller dette stabelspillet i tret\u00e5rn fra Tarnawa! Dette stablespillet av tret\u00e5rn hjelper barnet ditt til \u00e5 tenke logisk og utvikler samtidig de kognitive ferdighetene og h\u00e5nd-\u00f8ye-koordinasjonen. Du kan bruke dette stablet\u00e5rnet p\u00e5 forskjellige m\u00e5ter. Sm\u00e5 barn kan bygge t\u00e5rnet rundt stativet, og eldre barn kan ogs\u00e5 pr\u00f8ve \u00e5 stable platene uten stativet. Basen og klossene har en glatt overflate uten skarpe kanter og er lakkert med en non-stick-lakk, noe som gj\u00f8r det trygt for barn \u00e5 leke med.<\/p>\n<p><strong>Merke: Tarnawa<\/strong><br \/>\n<strong>Produksjon: Polen<\/strong><\/p>","protected":false},"featured_media":20815,"comment_status":"open","ping_status":"closed","template":"","meta":{"_acf_changed":false},"product_brand":[],"product_cat":[504,505],"product_tag":[],"class_list":{"0":"post-20802","1":"product","2":"type-product","3":"status-publish","4":"has-post-thumbnail","6":"product_cat-houten-speelgoed","7":"product_cat-tarnawa","9":"first","10":"outofstock","11":"taxable","12":"shipping-taxable","13":"purchasable","14":"product-type-simple"},"acf":[],"_links":{"self":[{"href":"https:\/\/woolskins.eu\/nb\/wp-json\/wp\/v2\/product\/20802","targetHints":{"allow":["GET"]}}],"collection":[{"href":"https:\/\/woolskins.eu\/nb\/wp-json\/wp\/v2\/product"}],"about":[{"href":"https:\/\/woolskins.eu\/nb\/wp-json\/wp\/v2\/types\/product"}],"replies":[{"embeddable":true,"href":"https:\/\/woolskins.eu\/nb\/wp-json\/wp\/v2\/comments?post=20802"}],"wp:featuredmedia":[{"embeddable":true,"href":"https:\/\/woolskins.eu\/nb\/wp-json\/wp\/v2\/media\/20815"}],"wp:attachment":[{"href":"https:\/\/woolskins.eu\/nb\/wp-json\/wp\/v2\/media?parent=20802"}],"wp:term":[{"taxonomy":"product_brand","embeddable":true,"href":"https:\/\/woolskins.eu\/nb\/wp-json\/wp\/v2\/product_brand?post=20802"},{"taxonomy":"product_cat","embeddable":true,"href":"https:\/\/woolskins.eu\/nb\/wp-json\/wp\/v2\/product_cat?post=20802"},{"taxonomy":"product_tag","embeddable":true,"href":"https:\/\/woolskins.eu\/nb\/wp-json\/wp\/v2\/product_tag?post=20802"}],"curies":[{"name":"wp","href":"https:\/\/api.w.org\/{rel}","templated":true}]}}