{"id":20442,"date":"2024-06-27T11:04:09","date_gmt":"2024-06-27T11:04:09","guid":{"rendered":"https:\/\/woolskins.eu\/?post_type=product&#038;p=20442"},"modified":"2025-06-10T18:26:01","modified_gmt":"2025-06-10T18:26:01","slug":"ekorn-i-tre-som-skyver-spaserstokk","status":"publish","type":"product","link":"https:\/\/woolskins.eu\/nb\/houten-eekhoorn-duwstok-loopstok\/","title":{"rendered":"Ekorn i tre - spaserstokk - spaserstokk"},"content":{"rendered":"<p data-sourcepos=\"5:1-5:42\"><strong>Hvorfor velge en stokk i tre?<\/strong><\/p>\n<ul data-sourcepos=\"7:1-7:44\">\n<li data-sourcepos=\"7:1-7:44\"><strong>Stimulerer den motoriske utviklingen:<\/strong> Ved \u00e5 skyve eller trekke i pinnen trener barnet grovmotorikk og koordinasjon.<\/li>\n<li data-sourcepos=\"8:1-8:13\"><strong>Forbedrer balansen:<\/strong> \u00c5 g\u00e5 med stokken hjelper barnet med \u00e5 utvikle balansen og l\u00e6re seg \u00e5 st\u00e5 st\u00f8dig p\u00e5 beina.<\/li>\n<li data-sourcepos=\"9:1-9:129\"><strong>Oppmuntrer til fantasifull lek:<\/strong> Skyvepinnen kan brukes som et dyr, en bil eller hva som helst som barnet kan finne p\u00e5.<\/li>\n<li data-sourcepos=\"10:1-10:134\"><strong>Laget av slitesterke materialer:<\/strong> Skyvepinnen er laget av FSC\u00ae-tre av h\u00f8y kvalitet, noe som gj\u00f8r den slitesterk og t\u00e5ler litt av hvert.<\/li>\n<li data-sourcepos=\"11:1-11:112\"><strong>Trygt for barn:<\/strong> Skyvepinnen er lakkert med en trygg, giftfri maling og har en glatt overflate uten skarpe kanter, noe som gj\u00f8r den trygg for barn \u00e5 leke med.<\/li>\n<\/ul>\n<p data-sourcepos=\"13:1-13:40\"><strong>Denne skyvepinnen i tre er perfekt til:<\/strong><\/p>\n<ul data-sourcepos=\"15:1-18:0\">\n<li data-sourcepos=\"15:1-15:25\">Sm\u00e5 barn l\u00e6rer \u00e5 g\u00e5<\/li>\n<li data-sourcepos=\"16:1-16:44\">Barn som \u00f8nsker \u00e5 bruke fantasien sin<\/li>\n<li data-sourcepos=\"17:1-18:0\">Foreldre p\u00e5 jakt etter b\u00e6rekraftige og l\u00e6rerike leker<\/li>\n<\/ul>\n<p data-sourcepos=\"19:1-19:18\"><strong>Spesifikasjoner:<\/strong><\/p>\n<ul data-sourcepos=\"21:1-24:0\">\n<li data-sourcepos=\"21:1-21:17\">Materiale: FSC\u00ae-sertifisert trevirke<\/li>\n<li data-sourcepos=\"22:1-22:35\">M\u00e5l: 18 x 15,5 x 64 cm<\/li>\n<li data-sourcepos=\"23:1-24:0\">Alder: Sm\u00e5barn<\/li>\n<\/ul>\n<p data-sourcepos=\"25:1-25:118\"><strong>Gj\u00f8r lekestunden til en tid for l\u00e6ring med denne skyvepinnen i tre! Bestill den i dag og la barnet ditt oppleve moroa!<\/strong><\/p>\n<p data-sourcepos=\"32:1-32:9\"><strong>Tips:<\/strong><\/p>\n<ul data-sourcepos=\"34:1-37:0\">\n<li data-sourcepos=\"34:1-34:65\">La barnet ditt bruke skyvepinnen innend\u00f8rs eller utend\u00f8rs.<\/li>\n<li data-sourcepos=\"35:1-35:70\">Lek sammen med barnet ditt og finn p\u00e5 morsomme leker med skyvepinnen.<\/li>\n<\/ul>\n<p data-sourcepos=\"38:1-38:17\"><strong>Denne skyvepinnen i tre fra Tarnawa er garantert morsom for de minste.<\/strong><\/p>\n<p data-sourcepos=\"38:1-38:17\"><strong>Om Tarnawa<\/strong><\/p>\n<p><strong>Stol p\u00e5 familietradisjonen!<\/strong><\/p>\n<p>Vi vet hvordan vi skal gj\u00f8re alle barn glade fra de er sm\u00e5. Vi vet at deres utvikling og sikkerhet er like viktig som moro. Det har vi l\u00e6rt gjennom mer enn 80 \u00e5rs arbeid med \u00e5 lage leker og gjenstander av tre. Vi tilbyr kundene v\u00e5re h\u00f8ykvalitetsleker i tre som ikke bare er robuste, men ogs\u00e5 trygge. Kunnskap, erfaring, lidenskap og engasjement g\u00e5r i arv i huset v\u00e5rt fra generasjon til generasjon. Tarnawa er ikke bare et selskap, det er en familie!<\/p>\n<p><img loading=\"lazy\" decoding=\"async\" class=\"alignnone size-medium wp-image-20439\" src=\"https:\/\/woolskins.eu\/wp-content\/uploads\/2024\/06\/IMG_1333-scaled-Klein-225x300.jpg\" alt=\"G\u00e5and av tre Skyvepinne Treleker Ullskinn Tarnawa\" width=\"225\" height=\"300\" srcset=\"https:\/\/woolskins.eu\/wp-content\/uploads\/2024\/06\/IMG_1333-scaled-Klein-225x300.jpg 225w, https:\/\/woolskins.eu\/wp-content\/uploads\/2024\/06\/IMG_1333-scaled-Klein-64x85.jpg 64w, https:\/\/woolskins.eu\/wp-content\/uploads\/2024\/06\/IMG_1333-scaled-Klein-9x12.jpg 9w, https:\/\/woolskins.eu\/wp-content\/uploads\/2024\/06\/IMG_1333-scaled-Klein.jpg 480w\" sizes=\"auto, (max-width: 225px) 100vw, 225px\" \/><\/p>\n<p><strong>Leker av h\u00f8y kvalitet til dine og v\u00e5re barn!<br \/>\n<\/strong><br \/>\nVi tror at du som forelder \u00f8nsker at lekene du gir barnet ditt skal v\u00e6re vakre, n\u00f8ye laget, holdbare og trygge. Vi s\u00f8rger for at treproduktene v\u00e5re, takket v\u00e6re funksjonalitet, estetikk og presisjon i finishen, skal tjene barnet ditt s\u00e5 lenge og s\u00e5 godt som mulig. Vi lager dem for h\u00e5nd, med oppmerksomhet p\u00e5 de minste detaljene. Tarnawas treleker er ikke masseproduserte, de er sm\u00e5 kunstverk.<\/p>\n<p><strong>Vi skaper i takt med tiden!<br \/>\n<\/strong><br \/>\nVerden er i stadig utvikling, og det samme er barnet ditt og du selv. Utvikling er grunnlaget for tilv\u00e6relsen. Mange \u00e5rs erfaring har l\u00e6rt oss \u00e5 ikke st\u00e5 stille, og derfor pr\u00f8ver vi hele tiden \u00e5 gj\u00f8re noe nytt. Som produsent av treleker kombinerer vi en lidenskap for tradisjonelle leketeknikker med et moderne uttrykk. Vi n\u00e5r deg, kj\u00e6re forelder, takket v\u00e6re moderne medier, noe som gj\u00f8r det lettere for deg og barnet ditt \u00e5 f\u00e5 tilgang til v\u00e5re naturlige produkter.<\/p>\n<p>&nbsp;<\/p>\n<p><img loading=\"lazy\" decoding=\"async\" class=\"size-full wp-image-20440 aligncenter\" src=\"https:\/\/woolskins.eu\/wp-content\/uploads\/2024\/06\/Logo.black_-300x263-1.png\" alt=\"G\u00e5and av tre Skyvepinne Treleker Ullskinn Tarnawa\" width=\"300\" height=\"263\" srcset=\"https:\/\/woolskins.eu\/wp-content\/uploads\/2024\/06\/Logo.black_-300x263-1.png 300w, https:\/\/woolskins.eu\/wp-content\/uploads\/2024\/06\/Logo.black_-300x263-1-64x56.png 64w, https:\/\/woolskins.eu\/wp-content\/uploads\/2024\/06\/Logo.black_-300x263-1-14x12.png 14w\" sizes=\"auto, (max-width: 300px) 100vw, 300px\" \/><\/p>","protected":false},"excerpt":{"rendered":"<p data-sourcepos=\"1:1-1:55\"><strong>Dukkestokk i tre - Spaserstokk\u00a0<\/strong><\/p>\n<p data-sourcepos=\"3:1-3:54\">Leter du etter morsomme og l\u00e6rerike leker til den lille? Da er denne skyvepinnen i tre det perfekte valget! Denne pinnen er laget av FSC\u00ae-godkjent trevirke av h\u00f8y kvalitet og byr p\u00e5 timevis med moro samtidig som den stimulerer barnets motoriske utvikling. Skyvepinnen er lakkert med en trygg, giftfri maling og har en glatt overflate uten skarpe kanter, noe som gj\u00f8r den trygg for barn \u00e5 leke med.<\/p>\n<p><strong>Merke: Tarnawa<\/strong><br \/>\n<strong>Produksjon: Polen<\/strong><\/p>\n<p data-sourcepos=\"38:1-38:17\">","protected":false},"featured_media":20446,"comment_status":"open","ping_status":"closed","template":"","meta":{"_acf_changed":false},"product_brand":[],"product_cat":[504,505],"product_tag":[],"class_list":{"0":"post-20442","1":"product","2":"type-product","3":"status-publish","4":"has-post-thumbnail","6":"product_cat-houten-speelgoed","7":"product_cat-tarnawa","9":"first","10":"outofstock","11":"taxable","12":"shipping-taxable","13":"purchasable","14":"product-type-simple"},"acf":[],"_links":{"self":[{"href":"https:\/\/woolskins.eu\/nb\/wp-json\/wp\/v2\/product\/20442","targetHints":{"allow":["GET"]}}],"collection":[{"href":"https:\/\/woolskins.eu\/nb\/wp-json\/wp\/v2\/product"}],"about":[{"href":"https:\/\/woolskins.eu\/nb\/wp-json\/wp\/v2\/types\/product"}],"replies":[{"embeddable":true,"href":"https:\/\/woolskins.eu\/nb\/wp-json\/wp\/v2\/comments?post=20442"}],"wp:featuredmedia":[{"embeddable":true,"href":"https:\/\/woolskins.eu\/nb\/wp-json\/wp\/v2\/media\/20446"}],"wp:attachment":[{"href":"https:\/\/woolskins.eu\/nb\/wp-json\/wp\/v2\/media?parent=20442"}],"wp:term":[{"taxonomy":"product_brand","embeddable":true,"href":"https:\/\/woolskins.eu\/nb\/wp-json\/wp\/v2\/product_brand?post=20442"},{"taxonomy":"product_cat","embeddable":true,"href":"https:\/\/woolskins.eu\/nb\/wp-json\/wp\/v2\/product_cat?post=20442"},{"taxonomy":"product_tag","embeddable":true,"href":"https:\/\/woolskins.eu\/nb\/wp-json\/wp\/v2\/product_tag?post=20442"}],"curies":[{"name":"wp","href":"https:\/\/api.w.org\/{rel}","templated":true}]}}