{"id":20275,"date":"2024-06-04T13:52:13","date_gmt":"2024-06-04T13:52:13","guid":{"rendered":"https:\/\/woolskins.eu\/?post_type=product&#038;p=20275"},"modified":"2026-02-12T09:57:26","modified_gmt":"2026-02-12T09:57:26","slug":"ull-fotsuff-0-3-ar-zaffiro-igrow-4-0-zwar-beige","status":"publish","type":"product","link":"https:\/\/woolskins.eu\/nb\/wollen-voetenzak-0-3-jaar-zaffiro-igrow-4-0-zwar-beige\/","title":{"rendered":"Ullfotsvott 0-3 \u00e5r - Zaffiro iGrow 4.0 | Svart melange\/beige"},"content":{"rendered":"<p>iGrow 4.0 er en forbedret versjon av v\u00e5r bestselger og er tilgjengelig fra Woolskins i 4 farger. Denne fotsuken er laget av naturlig premiumull av h\u00f8y kvalitet som vokser med barnet ditt opp til 3 \u00e5r takket v\u00e6re to lengdejusteringsalternativer. Takket v\u00e6re de langsg\u00e5ende hullene for sikkerhetsbelter passer den til b\u00e5de modeller med 5- og 3-punkts belteinstallasjonssystem og modeller med festede seler som holder barnet fast. Den nedre forlengede delen av iGrow 4.0-modellen har et spesielt beskyttende W\/R-belegg, slik at h\u00f8yere barn kan sitte p\u00e5 med sko.<\/p>\n<p>Denne Zaffiro-fotvotten er luksuri\u00f8s, varm og komfortabel! Det spesielle ytterlaget er vann- og vindtett, slik at barnet ditt alltid er beskyttet mot kulde. P\u00e5 innsiden er det brukt to lag ullfleece for ekstra varme og komfort.<\/p>\n<p>Fotsuffen kan justeres i lengden ved \u00e5 \u00e5pne glidel\u00e5sen i den nederste delen. Dette avhenger av barnets alder og behov. Fotsokka har en sn\u00f8ring i kragen, noe som gj\u00f8r det enkelt \u00e5 tilpasse den til barnets hodeform.<\/p>\n<p>N\u00e5r den nederste delen er \u00e5pnet, er den egnet for barneseng og bilseter. N\u00e5r den nederste delen er \u00e5pnet, er den egnet for barnevogner.<\/p>\n<p>Funksjoner:<\/p>\n<p>- M\u00e5l: 84\/106 x 45 cm.<br \/>\n- Beregnet for barn fra f\u00f8dsel til minst 3 \u00e5r.<br \/>\n- Passer til alle barnevognmodeller.<br \/>\n- Flekkavvisende materiale som avviser smuss.<br \/>\n- Vind- og vanntett (beskytter mot regn og sn\u00f8).<br \/>\n- God isolasjon takket v\u00e6re varm saueull av h\u00f8y kvalitet.<br \/>\n- Antiallergisk, luftig fiberduk p\u00e5 300 g\/m2 p\u00e5 baksiden av soveposen og 450 g\/m2 p\u00e5 forsiden av dynen.<br \/>\n- Den \u00f8vre delen av soveposen kan strammes til med en l\u00f8pesnor for \u00e5 danne en varm hette.<br \/>\n- Trekket kan l\u00f8ftes opp, slik at barnets hode og nakke f\u00e5r enda bedre beskyttelse mot vind og frost.<br \/>\n- Toppen kan \u00e5pnes helt uten glidel\u00e5s.<br \/>\n- Glir ikke s\u00e5 lett ned i barnevognen eller kjelken.<\/p>\n<p>Premium ull<br \/>\niGrow 4.0-soveposen er laget av ullfibre av h\u00f8yeste kvalitet som er beriket med ytterligere spesialbehandling, noe som skaper h\u00e5rdekning p\u00e5 begge sider av stoffet. Takket v\u00e6re disse egenskapene er ullen i soveposene v\u00e5re hygroskopisk, absorberer fuktighet perfekt og beskytter mot varmetap. Ullen som brukes i iGrow 4.0-soveposen holder bedre p\u00e5 varmen enn vanlig ull, takket v\u00e6re to lag med ulvefleece.<\/p>\n<p>Den naturlige, myke PREMIUM-saueullen som er brukt til \u00e5 produsere soveposen, er perfekt for kalde vintre og varmere dager. Den gir enda bedre naturlig termoregulering, beskytter barnet effektivt selv i streng frost og s\u00f8rger for at barnet ikke blir overopphetet p\u00e5 varme dager. Saueull har ogs\u00e5 antiallergiske egenskaper og motvirker utvikling av midd. Den har hygieniske og selvrensende egenskaper. N\u00f8ytraliserer ubehagelig lukt og smuss.<\/p>\n<p>Sammensetning:<br \/>\nTrekkstoff: 100% polyester; innerstoff: 100% ulvefleece; polstring: 100% polyester.<\/p>","protected":false},"excerpt":{"rendered":"<p>Kos deg med barnet ditt i denne varme ullfotsvotten fra Zaffiro. Innsiden av fotsuken er laget av naturlig premiumull av h\u00f8y kvalitet og vokser med barnet ditt opp til 3 \u00e5r, takket v\u00e6re det ekstra innlegget. Fotvotten kan justeres i lengden ved \u00e5 \u00e5pne glidel\u00e5sen i den nederste delen. Takket v\u00e6re de langsg\u00e5ende belte\u00e5pningene passer den til b\u00e5de 5- og 3-punkts selesystemer samt modeller med festede stropper. Den nedre, forlengede delen har et spesielt beskyttende, vannavst\u00f8tende belegg, slik at st\u00f8rre barn med sko kan f\u00e5 plass. Denne fotsuffen i Zaffiro-ull er luksuri\u00f8s, varm og komfortabel! Det spesielle ytterlaget er vann- og vindtett, slik at barnet ditt alltid er beskyttet mot kulde. P\u00e5 innsiden er det brukt to lag ulvefleece for ekstra varme og komfort. Zaffiro ullfotsvotten kan brukes hele \u00e5ret, men kommer best til nytte om vinteren og h\u00f8sten. Du kan stole p\u00e5 at barnet ditt har det varmt og godt og sv\u00e6rt komfortabelt i denne fotsokken fra Zaffiro. Du finner mer informasjon nedenfor.<\/p>\n<p><strong>Merke: Zaffiro<\/strong><br \/>\n<strong>Produksjon: Polen<br \/>\nKeur: Oeko-Tex Standard<\/strong><\/p>\n<p><img loading=\"lazy\" decoding=\"async\" class=\"alignnone wp-image-28173 entered lazyloaded\" src=\"https:\/\/woolskins.eu\/wp-content\/uploads\/2024\/05\/csm_OEKO-TEX_Logo_2022_rgb_c1aaeb5ceb-300x300.jpg\" alt=\"\" width=\"89\" height=\"89\" data-lazy-src=\"https:\/\/woolskins.eu\/wp-content\/uploads\/2024\/05\/csm_OEKO-TEX_Logo_2022_rgb_c1aaeb5ceb-300x300.jpg\" data-ll-status=\"loaded\" srcset=\"https:\/\/woolskins.eu\/wp-content\/uploads\/2024\/05\/csm_OEKO-TEX_Logo_2022_rgb_c1aaeb5ceb-300x300.jpg 300w, https:\/\/woolskins.eu\/wp-content\/uploads\/2024\/05\/csm_OEKO-TEX_Logo_2022_rgb_c1aaeb5ceb-150x150.jpg 150w, https:\/\/woolskins.eu\/wp-content\/uploads\/2024\/05\/csm_OEKO-TEX_Logo_2022_rgb_c1aaeb5ceb-768x769.jpg 768w, https:\/\/woolskins.eu\/wp-content\/uploads\/2024\/05\/csm_OEKO-TEX_Logo_2022_rgb_c1aaeb5ceb-12x12.jpg 12w, https:\/\/woolskins.eu\/wp-content\/uploads\/2024\/05\/csm_OEKO-TEX_Logo_2022_rgb_c1aaeb5ceb-600x601.jpg 600w, https:\/\/woolskins.eu\/wp-content\/uploads\/2024\/05\/csm_OEKO-TEX_Logo_2022_rgb_c1aaeb5ceb-100x100.jpg 100w, https:\/\/woolskins.eu\/wp-content\/uploads\/2024\/05\/csm_OEKO-TEX_Logo_2022_rgb_c1aaeb5ceb-64x64.jpg 64w, https:\/\/woolskins.eu\/wp-content\/uploads\/2024\/05\/csm_OEKO-TEX_Logo_2022_rgb_c1aaeb5ceb.jpg 885w\" sizes=\"auto, (max-width: 89px) 100vw, 89px\" \/><\/p>","protected":false},"featured_media":26004,"comment_status":"closed","ping_status":"closed","template":"","meta":{"_acf_changed":false},"product_brand":[],"product_cat":[352,336,502],"product_tag":[],"class_list":{"0":"post-20275","1":"product","2":"type-product","3":"status-publish","4":"has-post-thumbnail","6":"product_cat-merken","7":"product_cat-voetenzakken","8":"product_cat-zaffiro","10":"first","11":"outofstock","12":"sale","13":"taxable","14":"shipping-taxable","15":"purchasable","16":"product-type-simple"},"acf":[],"_links":{"self":[{"href":"https:\/\/woolskins.eu\/nb\/wp-json\/wp\/v2\/product\/20275","targetHints":{"allow":["GET"]}}],"collection":[{"href":"https:\/\/woolskins.eu\/nb\/wp-json\/wp\/v2\/product"}],"about":[{"href":"https:\/\/woolskins.eu\/nb\/wp-json\/wp\/v2\/types\/product"}],"replies":[{"embeddable":true,"href":"https:\/\/woolskins.eu\/nb\/wp-json\/wp\/v2\/comments?post=20275"}],"wp:featuredmedia":[{"embeddable":true,"href":"https:\/\/woolskins.eu\/nb\/wp-json\/wp\/v2\/media\/26004"}],"wp:attachment":[{"href":"https:\/\/woolskins.eu\/nb\/wp-json\/wp\/v2\/media?parent=20275"}],"wp:term":[{"taxonomy":"product_brand","embeddable":true,"href":"https:\/\/woolskins.eu\/nb\/wp-json\/wp\/v2\/product_brand?post=20275"},{"taxonomy":"product_cat","embeddable":true,"href":"https:\/\/woolskins.eu\/nb\/wp-json\/wp\/v2\/product_cat?post=20275"},{"taxonomy":"product_tag","embeddable":true,"href":"https:\/\/woolskins.eu\/nb\/wp-json\/wp\/v2\/product_tag?post=20275"}],"curies":[{"name":"wp","href":"https:\/\/api.w.org\/{rel}","templated":true}]}}