{"id":20157,"date":"2024-05-30T09:57:45","date_gmt":"2024-05-30T09:57:45","guid":{"rendered":"https:\/\/woolskins.eu\/?post_type=product&#038;p=20157"},"modified":"2026-02-10T14:02:30","modified_gmt":"2026-02-10T14:02:30","slug":"ullinnsats-barnevogn-zaffiro-tovet-beige","status":"publish","type":"product","link":"https:\/\/woolskins.eu\/nb\/wollen-inleg-kinderwagen-zaffiro-felted-beige\/","title":{"rendered":"Barnevogn med ullinnlegg - Zaffiro | tovet beige"},"content":{"rendered":"<h5>Barnevogn med ullinnlegg - Zaffiro<\/h5>\n<p data-sourcepos=\"5:1-5:57\">Dette ullinnlegget til barnevognen er laget av 100% premiumull og gir barnet ditt optimal komfort \u00e5ret rundt. Den myke, tovede ullen puster og er fuktregulerende, slik at barnet holder seg behagelig t\u00f8rt hele tiden. I tillegg er baksiden av innlegget utstyrt med AIR-Mash, slik at luften kan sirkulere fritt. Den nederste delen av innlegget er laget av vanntett og smussavvisende stoff, noe som gj\u00f8r det enkelt \u00e5 holde rent. Innlegget er tykt og mykt, og gir ekstra st\u00f8tte til barnets rygg og nakke.<\/p>\n<p data-sourcepos=\"5:1-5:57\">- M\u00e5l: 85 x 35,5\/40,5 cm.<br \/>\n- Myk og behagelig \u00e5 ta p\u00e5 f\u00f8rsteklasses ull.<br \/>\n- Den nedre delen har et vanntett og smussavvisende stoff.<br \/>\n- Beskytter mot svette, \u201cgnags\u00e5r\u201d og de negative effektene barnevognens plast har p\u00e5 barnets hud.<br \/>\n- Forbedrer kj\u00f8rekomforten n\u00e5r du kj\u00f8rer barnevognen p\u00e5 ujevnt underlag.<br \/>\n- Beskytter setetrekket mot smuss.<br \/>\n- Enkel og rask montering av innsatsen.<\/p>\n<h5>Zaffiro<\/h5>\n<p>Selskapet Zaffiro er en polsk familiedrevet bedrift. Siden starten i 1989 har vi spesialisert oss p\u00e5 produksjon av baby- og barneprodukter, og det meste av det vi produserer eksporteres til mer enn 40 land. Vi skapte varemerket Zaffiro for \u00e5 fremme produkter som st\u00f8tter foreldre som er bevisste p\u00e5 viktigheten av n\u00e6rhet og tilknytning til barnet sitt fra de f\u00f8rste timene etter f\u00f8dselen. Vi fremmer konseptet \u2018hjerte til hjerte\u2019 ved \u00e5 b\u00e6re barn i b\u00e6reseler og b\u00e6reseler, og gjeninnf\u00f8rer den kloke tradisjonen fra tidligere generasjoner, gjenoppdaget og utviklet med hensyn til moderne psykologisk forskning.<\/p>","protected":false},"excerpt":{"rendered":"<p class=\"product_title entry-title\">Kos deg med \u00e5 ta barnet ditt med p\u00e5 tur i dette varme Zaffiro barnevogninnlegget til barnevognen. Denne fotsuffen er laget av 100% premium ull (tovet) og tilpasser seg barnets temperatur umiddelbart. Den holder godt p\u00e5 varmen uten at barnet blir svett, fordi ull puster. Takket v\u00e6re ullens unike egenskaper vil barnet ditt ha det varmt og komfortabelt. Takket v\u00e6re de praktiske belte\u00e5pningene kan du raskt montere denne ullfotsvotten i barnevognen. Du kan trekke i snoren i kragen for \u00e5 beskytte barnets hode mot v\u00e6r og vind. Denne fotsuffen fra Zaffiro kan brukes hele \u00e5ret, men kommer godt med b\u00e5de v\u00e5r, vinter og h\u00f8st.<\/p>\n<div class=\"woocommerce-product-details__short-description\">\n<p><strong>Merke: Zaffiro<\/strong><br \/>\n<strong>Produksjon: Polen<br \/>\nKeur: Oeko-Tex Standard<\/strong><\/p>\n<p><img loading=\"lazy\" decoding=\"async\" class=\"alignnone wp-image-28173 entered lazyloaded\" src=\"https:\/\/woolskins.eu\/wp-content\/uploads\/2024\/05\/csm_OEKO-TEX_Logo_2022_rgb_c1aaeb5ceb-300x300.jpg\" alt=\"\" width=\"89\" height=\"89\" data-lazy-src=\"https:\/\/woolskins.eu\/wp-content\/uploads\/2024\/05\/csm_OEKO-TEX_Logo_2022_rgb_c1aaeb5ceb-300x300.jpg\" data-ll-status=\"loaded\" srcset=\"https:\/\/woolskins.eu\/wp-content\/uploads\/2024\/05\/csm_OEKO-TEX_Logo_2022_rgb_c1aaeb5ceb-300x300.jpg 300w, https:\/\/woolskins.eu\/wp-content\/uploads\/2024\/05\/csm_OEKO-TEX_Logo_2022_rgb_c1aaeb5ceb-150x150.jpg 150w, https:\/\/woolskins.eu\/wp-content\/uploads\/2024\/05\/csm_OEKO-TEX_Logo_2022_rgb_c1aaeb5ceb-768x769.jpg 768w, https:\/\/woolskins.eu\/wp-content\/uploads\/2024\/05\/csm_OEKO-TEX_Logo_2022_rgb_c1aaeb5ceb-12x12.jpg 12w, https:\/\/woolskins.eu\/wp-content\/uploads\/2024\/05\/csm_OEKO-TEX_Logo_2022_rgb_c1aaeb5ceb-600x601.jpg 600w, https:\/\/woolskins.eu\/wp-content\/uploads\/2024\/05\/csm_OEKO-TEX_Logo_2022_rgb_c1aaeb5ceb-100x100.jpg 100w, https:\/\/woolskins.eu\/wp-content\/uploads\/2024\/05\/csm_OEKO-TEX_Logo_2022_rgb_c1aaeb5ceb-64x64.jpg 64w, https:\/\/woolskins.eu\/wp-content\/uploads\/2024\/05\/csm_OEKO-TEX_Logo_2022_rgb_c1aaeb5ceb.jpg 885w\" sizes=\"auto, (max-width: 89px) 100vw, 89px\" \/><\/p>\n<p>&nbsp;<\/p>\n<\/div>","protected":false},"featured_media":20161,"comment_status":"open","ping_status":"closed","template":"","meta":{"_acf_changed":false},"product_brand":[],"product_cat":[502,336],"product_tag":[],"class_list":{"0":"post-20157","1":"product","2":"type-product","3":"status-publish","4":"has-post-thumbnail","6":"product_cat-zaffiro","7":"product_cat-voetenzakken","9":"first","10":"outofstock","11":"sale","12":"taxable","13":"shipping-taxable","14":"purchasable","15":"product-type-simple"},"acf":[],"_links":{"self":[{"href":"https:\/\/woolskins.eu\/nb\/wp-json\/wp\/v2\/product\/20157","targetHints":{"allow":["GET"]}}],"collection":[{"href":"https:\/\/woolskins.eu\/nb\/wp-json\/wp\/v2\/product"}],"about":[{"href":"https:\/\/woolskins.eu\/nb\/wp-json\/wp\/v2\/types\/product"}],"replies":[{"embeddable":true,"href":"https:\/\/woolskins.eu\/nb\/wp-json\/wp\/v2\/comments?post=20157"}],"wp:featuredmedia":[{"embeddable":true,"href":"https:\/\/woolskins.eu\/nb\/wp-json\/wp\/v2\/media\/20161"}],"wp:attachment":[{"href":"https:\/\/woolskins.eu\/nb\/wp-json\/wp\/v2\/media?parent=20157"}],"wp:term":[{"taxonomy":"product_brand","embeddable":true,"href":"https:\/\/woolskins.eu\/nb\/wp-json\/wp\/v2\/product_brand?post=20157"},{"taxonomy":"product_cat","embeddable":true,"href":"https:\/\/woolskins.eu\/nb\/wp-json\/wp\/v2\/product_cat?post=20157"},{"taxonomy":"product_tag","embeddable":true,"href":"https:\/\/woolskins.eu\/nb\/wp-json\/wp\/v2\/product_tag?post=20157"}],"curies":[{"name":"wp","href":"https:\/\/api.w.org\/{rel}","templated":true}]}}