{"id":19410,"date":"2024-02-29T13:30:42","date_gmt":"2024-02-29T13:30:42","guid":{"rendered":"https:\/\/woolskins.eu\/?post_type=product&#038;p=19410"},"modified":"2026-05-12T11:28:12","modified_gmt":"2026-05-12T11:28:12","slug":"saueskinnsmadrass-til-liggedel-og-liggedel","status":"publish","type":"product","link":"https:\/\/woolskins.eu\/nb\/schapenvacht-matrasje-voor-reiswieg-en-co-sleeper\/","title":{"rendered":"Saueskinnsmadrass til reiseseng og sovesofa"},"content":{"rendered":"<p>Woolskins Baby-Care saueskinnsmadrasser har en kortere pels som gj\u00f8r dem babysikre. De egner seg fra f\u00f8dselen av, og fordi behandlingen tar hensyn til milj\u00f8et, sk\u00e5ner de b\u00e5de de sm\u00e5 og planeten. Hjemme eller ute skaper du et komfortabelt milj\u00f8 der den lille f\u00f8ler seg glad og avslappet. Visste du at saueskinn ogs\u00e5 er sunt for barnet ditt?<\/p>\n<p>- Lengde 40-90 cm eller 50\u00d790 cm \/ pels 3 cm.<br \/>\n- Medisinsk garvet.<br \/>\n- Praktiske elastiske b\u00e5nd som g\u00e5r rundt madrassen.<br \/>\n- Myk og kompakt pels.<br \/>\n- Kan vaskes og t\u00f8rkes i maskin.<br \/>\n- Lett \u00e5 vedlikeholde.<\/p>\n<p>Bestill en vedlikeholdsb\u00f8rste med for \u00e5 holde pelsen vakker lenge og\/eller f\u00e5 pelsen personalisert med ditt\/deres barns f\u00f8dselsgaver. En vakker og unik gave, eksklusivt tilgjengelig fra Woolskins.<\/p>\n<h5 class=\"_2tV5m fggS- cell\">Kjennetegn Essensiell pels<\/h5>\n<div class=\"rah-static rah-static--height-auto\" aria-hidden=\"false\">\n<div>\n<div class=\"_1yvxJ fggS- cell\">\n<div class=\"WncCi NTPd3\" data-hook=\"info-section-description\">\n<p>Dette saueskinnet fra Baby-Care kommer fra den engelske sauen. Det er et veldig mykt og kompakt skinn og v\u00e5r TIP! Som alle v\u00e5re andre ullfeller puster ullfibrene. Dette hjelper babyen din med \u00e5 opprettholde en stabil temperatur og holder babyen t\u00f8rr og komfortabel. Kj\u00f8lig om sommeren og varm om vinteren.<\/p>\n<\/div>\n<\/div>\n<\/div>\n<\/div>\n<h5 class=\"Text4179662635__root Text4179662635---typography-11-runningText Text4179662635---priority-7-primary s8gg2 _2UIKs InfoSectionTitle3095652555__root\" aria-hidden=\"false\" data-hook=\"info-section-title\">Milj\u00f8vennlig<\/h5>\n<div class=\"rah-static rah-static--height-auto\" aria-hidden=\"false\">\n<div class=\"_1yvxJ fggS- cell\">\n<div class=\"WncCi NTPd3\" data-hook=\"info-section-description\">\n<p>Alle midler som brukes i garving og etterbehandling, er i samsvar med viktige EU-direktiver om bevaring og beskyttelse av milj\u00f8et.<\/p>\n<p>Frakkene v\u00e5re garves i henhold til REACH-regelverket, som er vedtatt for \u00e5 forbedre beskyttelsen av menneskers helse og milj\u00f8et mot risikoen som kjemikalier kan utgj\u00f8re, og samtidig \u00f8ke konkurranseevnen til EUs kjemiske industri. Ingen AZO-fargestoffer brukes i produksjonen.<\/p>\n<p>\u00d8KO-PRODUKTER - skinnene er milj\u00f8vennlige skinn, og behandlingen og behandlingen er trygg for voksne og barn. Skinnene er biologisk nedbrytbare og \u00f8kologiske.<\/p>\n<p>Woolskins selger ikke ull fra sauer som har blitt Mulesed! Mulesing brukes ikke p\u00e5 europeiske sauer fordi parasitten som gj\u00f8r at b\u00f8ndene bruker Mulesing, ikke finnes i Europa.<\/p>\n<h5 class=\"Text4179662635__root Text4179662635---typography-11-runningText Text4179662635---priority-7-primary s8gg2 _2UIKs InfoSectionTitle3095652555__root\" aria-hidden=\"false\" data-hook=\"info-section-title\">Magesovere ... v\u00e6r oppmerksom!<\/h5>\n<div class=\"rah-static rah-static--height-auto\" aria-hidden=\"false\">\n<div class=\"_1yvxJ fggS- cell\">\n<div class=\"WncCi NTPd3\" data-hook=\"info-section-description\">\n<p>Sm\u00e5 barn som sover p\u00e5 magen de f\u00f8rste 12 m\u00e5nedene, b\u00f8r av sikkerhetsmessige \u00e5rsaker ikke sove p\u00e5 noe mykt, da dette kan v\u00e6re farlig. Vi anbefaler derfor \u00e5 bruke Woolskins-pelsen med omhu! V\u00e6r alltid oppmerksom n\u00e5r barnet ditt ligger eller sover p\u00e5 magen, og s\u00f8rg for at barnet er under oppsyn hele tiden.<\/p>\n<\/div>\n<\/div>\n<\/div>\n<\/div>\n<\/div>\n<\/div>","protected":false},"excerpt":{"rendered":"<p>Denne saueskinnsfleecen fra Woolskins kan brukes i alle \u00e5rstider. Fellen er laget av myk, medisinsk garvet lammeull med en ullh\u00f8yde p\u00e5 3 cm. Det er veldig beroligende \u00e5 sove p\u00e5 et saueskinn, og takket v\u00e6re ullens hule fibre svetter ikke barnet ditt s\u00e5 lett og vil derfor v\u00e6re sv\u00e6rt komfortabelt. Denne madrassen kan brukes \u00e5ret rundt og hjelper barnet ditt med \u00e5 holde en stabil temperatur. Den gj\u00f8r dette \u2018dynamisk\u2019, noe som betyr at den gj\u00f8r det n\u00e5r det er behov for det, og ikke n\u00e5r det ikke er det. Varm om vinteren og kj\u00f8lig om sommeren. Takket v\u00e6re de to elastiske b\u00e5ndene holder madrassen seg godt p\u00e5 plass.<\/p>","protected":false},"featured_media":19417,"comment_status":"open","ping_status":"closed","template":"","meta":{"_acf_changed":false},"product_brand":[],"product_cat":[354,216,222],"product_tag":[],"class_list":{"0":"post-19410","1":"product","2":"type-product","3":"status-publish","4":"has-post-thumbnail","6":"product_cat-woolskins","7":"product_cat-schapenvacht-voor-baby","8":"product_cat-buggy-schapenvachtjes","10":"first","11":"instock","12":"taxable","13":"shipping-taxable","14":"purchasable","15":"product-type-variable"},"acf":[],"_links":{"self":[{"href":"https:\/\/woolskins.eu\/nb\/wp-json\/wp\/v2\/product\/19410","targetHints":{"allow":["GET"]}}],"collection":[{"href":"https:\/\/woolskins.eu\/nb\/wp-json\/wp\/v2\/product"}],"about":[{"href":"https:\/\/woolskins.eu\/nb\/wp-json\/wp\/v2\/types\/product"}],"replies":[{"embeddable":true,"href":"https:\/\/woolskins.eu\/nb\/wp-json\/wp\/v2\/comments?post=19410"}],"wp:featuredmedia":[{"embeddable":true,"href":"https:\/\/woolskins.eu\/nb\/wp-json\/wp\/v2\/media\/19417"}],"wp:attachment":[{"href":"https:\/\/woolskins.eu\/nb\/wp-json\/wp\/v2\/media?parent=19410"}],"wp:term":[{"taxonomy":"product_brand","embeddable":true,"href":"https:\/\/woolskins.eu\/nb\/wp-json\/wp\/v2\/product_brand?post=19410"},{"taxonomy":"product_cat","embeddable":true,"href":"https:\/\/woolskins.eu\/nb\/wp-json\/wp\/v2\/product_cat?post=19410"},{"taxonomy":"product_tag","embeddable":true,"href":"https:\/\/woolskins.eu\/nb\/wp-json\/wp\/v2\/product_tag?post=19410"}],"curies":[{"name":"wp","href":"https:\/\/api.w.org\/{rel}","templated":true}]}}