{"id":18837,"date":"2024-01-12T13:28:18","date_gmt":"2024-01-12T13:28:18","guid":{"rendered":"https:\/\/woolskins.eu\/?post_type=product&#038;p=18837"},"modified":"2026-02-07T13:37:22","modified_gmt":"2026-02-07T13:37:22","slug":"en-basic-ullvest-fra-merket-adult-beige","status":"publish","type":"product","link":"https:\/\/woolskins.eu\/nb\/a-basic-brand-wollen-bodywarmer-adult-beige\/","title":{"rendered":"A Basic Brand - Bodywarmer i ull for voksne | beige"},"content":{"rendered":"<h6><strong>Et babymerke<\/strong><\/h6>\n<p>Bodywarmer 100% i ull. Herlig varm og behagelig, helt naturlig, pustende og super hip. Vesten har sm\u00e5 lommer og lukkes med glidel\u00e5s. Bruk den over en genser p\u00e5 en vindfull dag eller under en jakke n\u00e5r det er skikkelig kaldt. Denne kofta er ogs\u00e5 tilgjengelig for mammaer.<\/p>\n<p>Sammensetning<br \/>\n100% ull.<\/p>\n<p>St\u00f8rrelser:<\/p>\n<div class=\"item-bottom__text _active\">\n<p>lengde cm \/ bredde cm \/ omkrets cm<\/p>\n<p>S: 60 \/ 50 \/ 100<\/p>\n<p>M: 60 \/ 55 \/ 110<\/p>\n<p>L : 60 \/ 60 \/ 120<\/p>\n<\/div>\n<p>Vaskeanvisning:<\/p>\n<p>Vi anbefaler at du vasker produktene v\u00e5re for h\u00e5nd i varmt vann og bruker et lanolinvaskemiddel.<\/p>","protected":false},"excerpt":{"rendered":"<h6><strong>Et babymerke<\/strong><\/h6>\n<p>Supervarm og behagelig, men ogs\u00e5 helt naturlig og pustende. Vesten har gode lommer og lukkes med glidel\u00e5s. Vi anbefaler h\u00e5ndvask i varmt vann og bruk av lanolinvaskemiddel. Modellen p\u00e5 bildet bruker st\u00f8rrelse M.<\/p>\n<p><strong>Merkevare: A Basic Brand<\/strong><br \/>\n<strong>Produksjon: Polen<\/strong><\/p>","protected":false},"featured_media":18847,"comment_status":"open","ping_status":"closed","template":"","meta":{"_acf_changed":false},"product_brand":[],"product_cat":[335,360,364,350,31],"product_tag":[423,424,420,421,422,425],"class_list":{"0":"post-18837","1":"product","2":"type-product","3":"status-publish","4":"has-post-thumbnail","6":"product_cat-a_baby_brand","7":"product_cat-cadeautips","8":"product_cat-cadeaus-vanaf-e50","9":"product_cat-fashion","10":"product_cat-yogamat-wol","11":"product_tag-a-baby-brand","12":"product_tag-alwero-bodywarmer","13":"product_tag-bodywarmer-wol","14":"product_tag-wollen-bodywarmer","15":"product_tag-wool-vest","16":"product_tag-woolskins","17":"pa_maat-adult-size-l","18":"pa_maat-adult-size-m","19":"pa_maat-adult-size-s","21":"first","22":"instock","23":"taxable","24":"shipping-taxable","25":"purchasable","26":"product-type-variable"},"acf":[],"_links":{"self":[{"href":"https:\/\/woolskins.eu\/nb\/wp-json\/wp\/v2\/product\/18837","targetHints":{"allow":["GET"]}}],"collection":[{"href":"https:\/\/woolskins.eu\/nb\/wp-json\/wp\/v2\/product"}],"about":[{"href":"https:\/\/woolskins.eu\/nb\/wp-json\/wp\/v2\/types\/product"}],"replies":[{"embeddable":true,"href":"https:\/\/woolskins.eu\/nb\/wp-json\/wp\/v2\/comments?post=18837"}],"wp:featuredmedia":[{"embeddable":true,"href":"https:\/\/woolskins.eu\/nb\/wp-json\/wp\/v2\/media\/18847"}],"wp:attachment":[{"href":"https:\/\/woolskins.eu\/nb\/wp-json\/wp\/v2\/media?parent=18837"}],"wp:term":[{"taxonomy":"product_brand","embeddable":true,"href":"https:\/\/woolskins.eu\/nb\/wp-json\/wp\/v2\/product_brand?post=18837"},{"taxonomy":"product_cat","embeddable":true,"href":"https:\/\/woolskins.eu\/nb\/wp-json\/wp\/v2\/product_cat?post=18837"},{"taxonomy":"product_tag","embeddable":true,"href":"https:\/\/woolskins.eu\/nb\/wp-json\/wp\/v2\/product_tag?post=18837"}],"curies":[{"name":"wp","href":"https:\/\/api.w.org\/{rel}","templated":true}]}}