{"id":18295,"date":"2023-12-07T14:05:52","date_gmt":"2023-12-07T14:05:52","guid":{"rendered":"https:\/\/woolskins.eu\/?post_type=product&#038;p=18295"},"modified":"2026-03-10T10:58:18","modified_gmt":"2026-03-10T10:58:18","slug":"saueskinnsinnlegg-for-maxi-cosi-bilsete-comfort-warm-grey","status":"publish","type":"product","link":"https:\/\/woolskins.eu\/nb\/schapenvacht-inlegkussen-voor-maxi-cosi-autostoel-comfort-warm-grey\/","title":{"rendered":"Saueskinnspute til Maxi Cosi &amp; bilbarnestol - Comfort (varm gr\u00e5)"},"content":{"rendered":"<p>Veldig behagelig p\u00e5 veien og hjemme. Ideell for lange ferieturer til kalde og varme land. Den er ekstremt behagelig fordi den puster og absorberer svette umiddelbart uten at babyen f\u00f8ler seg v\u00e5t\/klam.<\/p>\n<p>- St\u00f8rrelse 70 x 33-22-29 cm (lengde x topp-sentrum-bunn), pels 3 cm.<br \/>\n- Hakk for sikkerhetsstropper 3 og 5 punkt.<br \/>\n- Medisinsk garvet.<br \/>\n- Myk og kompakt pels.<br \/>\n- Kan vaskes og t\u00f8rkes i maskin.<br \/>\n- Lett \u00e5 vedlikeholde.<\/p>\n<h5 class=\"Text1234883549__root Text1234883549---typography-11-runningText Text1234883549---priority-7-primary s8gg2 _2UIKs InfoSectionTitle3095652555__root\" aria-hidden=\"false\" data-hook=\"info-section-title\">Komfortabel reise<\/h5>\n<div class=\"rah-static rah-static--height-auto\" aria-hidden=\"false\">\n<div>\n<div class=\"_1yvxJ fggS- cell\">\n<div class=\"WncCi NTPd3\" data-hook=\"info-section-description\">\n<p>Ullfibre puster og har evnen til \u00e5 fungere som en naturlig termostat som regulerer kroppstemperaturen? Dette hjelper babyen din med \u00e5 opprettholde en stabil temperatur og holder babyen t\u00f8rr og komfortabel. Dette skjer \u2018dynamisk\u2019, det vil si n\u00e5r det er behov for det, og ikke n\u00e5r det ikke er behov for det. Varm om vinteren og kj\u00f8lig om sommeren.<\/p>\n<\/div>\n<\/div>\n<\/div>\n<\/div>\n<p>Woolskins Baby-Care-frakker har en kortere pels som gj\u00f8r dem babysikre. De egner seg fra f\u00f8dselen av, og fordi de er behandlet p\u00e5 en milj\u00f8vennlig m\u00e5te, sk\u00e5ner de b\u00e5de de sm\u00e5 og planeten. Hjemme eller p\u00e5 farten skaper du et komfortabelt milj\u00f8 der den lille f\u00f8ler seg glad og avslappet. Pakket \u2018gaveklar\u2019 med personlig hilsen som standard.<\/p>\n<h5><strong>Utstyrt med islandsk saueskinn<\/strong><\/h5>\n<p>Islandsk sau er mest kjent for sin langh\u00e5rede pels. Vi har klippet disse til en kort lengde spesielt for babyer, slik at det isolerende \u2018underlaget\u2019 av ull kommer frem. Denne pelsen kjennetegnes spesielt av den smidige skinnsiden og faller som et teppe. Som alle v\u00e5re andre plagg puster ullfibrene. Dette hjelper babyen din med \u00e5 holde en stabil temperatur og holder babyen t\u00f8rr og komfortabel. Kj\u00f8lig om sommeren og varm om vinteren.<\/p>\n<h5><b>Milj\u00f8vennlig<\/b><\/h5>\n<p><span style=\"font-weight: 400;\">Alle midler som brukes i garving og etterbehandling, er i samsvar med viktige EU-direktiver om bevaring og beskyttelse av milj\u00f8et.<\/span><\/p>\n<p><span style=\"font-weight: 400;\">Frakkene v\u00e5re garves i henhold til REACH-regelverket, som er vedtatt for \u00e5 forbedre beskyttelsen av menneskers helse og milj\u00f8et mot risikoen som kjemikalier kan utgj\u00f8re, og samtidig \u00f8ke konkurranseevnen til EUs kjemiske industri. Ingen AZO-fargestoffer brukes i produksjonen.<\/span><\/p>\n<p><span style=\"font-weight: 400;\">\u00d8KO-PRODUKTER - skinnene er milj\u00f8vennlige skinn, og behandlingen og behandlingen er trygg for voksne og barn. Skinnene er biologisk nedbrytbare og \u00f8kologiske.<\/span><\/p>\n<p><span style=\"font-weight: 400;\">Woolskins selger ikke ull fra sauer som har blitt Mulesed! Mulesing brukes ikke p\u00e5 europeiske sauer fordi parasitten som gj\u00f8r at b\u00f8ndene bruker Mulesing, ikke finnes i Europa.<\/span><\/p>\n<h5><b>Magesovere ... v\u00e6r oppmerksom!<\/b><\/h5>\n<p><span style=\"font-weight: 400;\">Sm\u00e5 barn som sover p\u00e5 magen de f\u00f8rste 12 m\u00e5nedene, b\u00f8r av sikkerhetsmessige \u00e5rsaker ikke sove p\u00e5 noe mykt, da dette kan v\u00e6re farlig. Vi anbefaler derfor \u00e5 bruke Woolskins-pelsen med omhu! V\u00e6r alltid oppmerksom n\u00e5r barnet ditt ligger eller sover p\u00e5 magen, og s\u00f8rg for at barnet er under oppsyn hele tiden.<\/span><\/p>\n<p>&nbsp;<\/p>","protected":false},"excerpt":{"rendered":"<p>Denne herlige innsatsputen til maxi cosi er laget av saueskinn og er et komfortabelt og naturlig produkt som vil holde babyen varm og koselig p\u00e5 farten og p\u00e5 lange turer. En innsatspute i saueskinn har flere fordeler, for eksempel<\/p>\n<ul>\n<li>Den er laget av 100% ekte saueskinn, som er mykt, pustende og fuktregulerende. Saueskinn er ogs\u00e5 allergivennlig og antibakterielt, noe som gj\u00f8r det egnet for babyer med sensitiv hud eller allergier.<\/li>\n<li>Det passer til de fleste maxi-cosi-modeller, takket v\u00e6re den runde formen og stropp\u00e5pningene. Du kan enkelt feste og fjerne puten, men dette innlegget er ikke vaskbart som Medicinal-innsatsen.<\/li>\n<li>Den s\u00f8rger for en optimal temperatur for babyen din b\u00e5de sommer og vinter. Om sommeren f\u00f8les puten kj\u00f8lig og absorberer svette, mens den er varm og behagelig om vinteren. Puten bidrar ogs\u00e5 til \u00e5 forbedre barnets blodsirkulasjon og muskeltonus.<\/li>\n<\/ul>\n<p>En innsatspute i saueskinn til maxi cosi er derfor et ideelt produkt for foreldre som \u00f8nsker \u00e5 gi barnet sitt det beste. Det er et slitesterkt og milj\u00f8vennlig produkt, laget av naturlige materialer og fritt for skadelige stoffer. Med en innsatspute i saueskinn til maxi cosi kan du gj\u00f8re hver eneste reise med babyen din behagelig og koselig.<\/p>","protected":false},"featured_media":18300,"comment_status":"closed","ping_status":"closed","template":"","meta":{"_acf_changed":false},"product_brand":[],"product_cat":[364,498,216,354],"product_tag":[],"class_list":{"0":"post-18295","1":"product","2":"type-product","3":"status-publish","4":"has-post-thumbnail","6":"product_cat-cadeaus-vanaf-e50","7":"product_cat-inlegkussenmaxicosi","8":"product_cat-schapenvacht-voor-baby","9":"product_cat-woolskins","11":"first","12":"instock","13":"taxable","14":"shipping-taxable","15":"purchasable","16":"product-type-variable","17":"has-default-attributes"},"acf":[],"_links":{"self":[{"href":"https:\/\/woolskins.eu\/nb\/wp-json\/wp\/v2\/product\/18295","targetHints":{"allow":["GET"]}}],"collection":[{"href":"https:\/\/woolskins.eu\/nb\/wp-json\/wp\/v2\/product"}],"about":[{"href":"https:\/\/woolskins.eu\/nb\/wp-json\/wp\/v2\/types\/product"}],"replies":[{"embeddable":true,"href":"https:\/\/woolskins.eu\/nb\/wp-json\/wp\/v2\/comments?post=18295"}],"wp:featuredmedia":[{"embeddable":true,"href":"https:\/\/woolskins.eu\/nb\/wp-json\/wp\/v2\/media\/18300"}],"wp:attachment":[{"href":"https:\/\/woolskins.eu\/nb\/wp-json\/wp\/v2\/media?parent=18295"}],"wp:term":[{"taxonomy":"product_brand","embeddable":true,"href":"https:\/\/woolskins.eu\/nb\/wp-json\/wp\/v2\/product_brand?post=18295"},{"taxonomy":"product_cat","embeddable":true,"href":"https:\/\/woolskins.eu\/nb\/wp-json\/wp\/v2\/product_cat?post=18295"},{"taxonomy":"product_tag","embeddable":true,"href":"https:\/\/woolskins.eu\/nb\/wp-json\/wp\/v2\/product_tag?post=18295"}],"curies":[{"name":"wp","href":"https:\/\/api.w.org\/{rel}","templated":true}]}}