{"id":17847,"date":"2023-11-17T13:12:33","date_gmt":"2023-11-17T13:12:33","guid":{"rendered":"https:\/\/woolskins.eu\/?post_type=product&#038;p=17847"},"modified":"2025-09-01T01:07:51","modified_gmt":"2025-09-01T01:07:51","slug":"utendors-lekematte-til-babyrommet","status":"publish","type":"product","link":"https:\/\/woolskins.eu\/nb\/speelkleed-voor-babykamer-buiten\/","title":{"rendered":"Lekematte for barnehage og utend\u00f8rs | M\u00f8rkegr\u00e5"},"content":{"rendered":"","protected":false},"excerpt":{"rendered":"<p>V\u00e5re ulltepper er perfekte for lek, babygym eller til \u00e5 ta med ut. Det er herlig varmt, slitesterkt og isolerer godt mot en kald overflate. Dette runde leketeppet er laget av naturlig ull, har et mykt mellomlag med en underside av ecoleather. er perfekte for innend\u00f8rs bruk, men du kan ogs\u00e5 enkelt ta dem med ut. De passer ogs\u00e5 perfekt p\u00e5 Wobbel 360.<\/p>\n<ul>\n<li>Dimensjoner \u00f8 70 cm.<\/li>\n<\/ul>\n<p><strong>Merke: Woolskins<br \/>\nProduksjon: Polen<\/strong><\/p>","protected":false},"featured_media":17853,"comment_status":"open","ping_status":"closed","template":"","meta":{"_acf_changed":false},"product_brand":[],"product_cat":[348,363],"product_tag":[],"class_list":{"0":"post-17847","1":"product","2":"type-product","3":"status-publish","4":"has-post-thumbnail","6":"product_cat-kussens","7":"product_cat-cadeaus-e25-e50","9":"first","10":"outofstock","11":"taxable","12":"shipping-taxable","13":"purchasable","14":"product-type-simple"},"acf":[],"_links":{"self":[{"href":"https:\/\/woolskins.eu\/nb\/wp-json\/wp\/v2\/product\/17847","targetHints":{"allow":["GET"]}}],"collection":[{"href":"https:\/\/woolskins.eu\/nb\/wp-json\/wp\/v2\/product"}],"about":[{"href":"https:\/\/woolskins.eu\/nb\/wp-json\/wp\/v2\/types\/product"}],"replies":[{"embeddable":true,"href":"https:\/\/woolskins.eu\/nb\/wp-json\/wp\/v2\/comments?post=17847"}],"wp:featuredmedia":[{"embeddable":true,"href":"https:\/\/woolskins.eu\/nb\/wp-json\/wp\/v2\/media\/17853"}],"wp:attachment":[{"href":"https:\/\/woolskins.eu\/nb\/wp-json\/wp\/v2\/media?parent=17847"}],"wp:term":[{"taxonomy":"product_brand","embeddable":true,"href":"https:\/\/woolskins.eu\/nb\/wp-json\/wp\/v2\/product_brand?post=17847"},{"taxonomy":"product_cat","embeddable":true,"href":"https:\/\/woolskins.eu\/nb\/wp-json\/wp\/v2\/product_cat?post=17847"},{"taxonomy":"product_tag","embeddable":true,"href":"https:\/\/woolskins.eu\/nb\/wp-json\/wp\/v2\/product_tag?post=17847"}],"curies":[{"name":"wp","href":"https:\/\/api.w.org\/{rel}","templated":true}]}}